{"id":741,"date":"2021-04-16T12:50:30","date_gmt":"2021-04-16T10:50:30","guid":{"rendered":"https:\/\/lr-revision.se\/lr-vingaker\/anpassade-tjanster\/hjalp-med-lopande-ekonomi-copy\/"},"modified":"2022-03-11T17:30:38","modified_gmt":"2022-03-11T16:30:38","slug":"hjalp-med-revision","status":"publish","type":"page","link":"https:\/\/lr-revision.se\/vingaker\/anpassade-tjanster\/hjalp-med-revision\/","title":{"rendered":"Hj\u00e4lp med revision"},"content":{"rendered":"\n<div class=\"wp-block-columns is-layout-flex wp-container-core-columns-is-layout-9d6595d7 wp-block-columns-is-layout-flex\">\n<div class=\"wp-block-column is-layout-flow wp-block-column-is-layout-flow\" style=\"flex-basis:66.66%\"><div id=\"template-posts-block_605b6b895c99a\" class=\"acf-block template-posts\">\n    <div class=\"block__content\">\n        <!-- wp:heading {\"level\":1} -->\n<h1 class=\"title title--primary\"><strong>Revision som l\u00f6nar sig<\/strong><\/h1>\n<!-- \/wp:heading -->\n\n<!-- wp:paragraph -->\n<p>Revision handlar om att i steg f\u00f6r steg s\u00e4kerst\u00e4lla f\u00f6retagets ekonomiska trov\u00e4rdighet. D\u00e4r \u00e4r vi p\u00e5 LR Revision och Redovisning Ving\u00e5ker i Ving\u00e5ker en trygg partner, och med oss f\u00e5r du en personlig kontakt som f\u00f6ljer ditt f\u00f6retag under l\u00e5ng tid.<\/p>\n<!-- \/wp:paragraph -->\n\n<!-- wp:paragraph -->\n<p>Reviderade \u00e5rsredovisningar inneb\u00e4r m\u00e5nga f\u00f6rdelar. Leverant\u00f6rer, kunder, banker och andra intressenter ska kunna lita p\u00e5 \u00e5rsredovisningar och att det \u00e4r god ordning i f\u00f6retaget.<\/p>\n<!-- \/wp:paragraph -->\n\n<!-- wp:paragraph -->\n<p>Revisionsber\u00e4ttelsen talar om hur f\u00f6retaget sk\u00f6ter sig och g\u00f6r att intressenterna kan lita p\u00e5 \u00e5rsredovisningen. Det kan i sin tur kan ge fler aff\u00e4rer och b\u00e4ttre villkor. En studie fr\u00e5n Ume\u00e5 Universitet visar till exempel att f\u00f6retag som revideras i regel f\u00e5r l\u00e4gre r\u00e4ntor n\u00e4r de l\u00e5nar pengar \u00e4n f\u00f6retag som inte revideras.<\/p>\n<!-- \/wp:paragraph -->\n\n<!-- wp:paragraph -->\n<p>\u00c4garna och ledningen f\u00e5r ocks\u00e5 ett kvitto p\u00e5 att redovisning och f\u00f6rvaltning \u00e4r i ordning, och tips p\u00e5 f\u00f6rb\u00e4ttringar och effektiviseringar \u2013&nbsp;och d\u00e4rmed en tryggare tillvaro.<\/p>\n<!-- \/wp:paragraph -->\n\n<!-- wp:paragraph -->\n<p>Aktiebolag med revison v\u00e4xer snabbare i nettooms\u00e4ttning \u00e4n de som valt bort revison. Det visar en rapport fr\u00e5n <a href=\"https:\/\/www.riksrevisionen.se\/rapporter\/granskningsrapporter\/2017\/avskaffandet-av-revisionsplikten-for-sma-aktiebolag---en-reform-som-kostar-mer-an-den-smakar.html\" target=\"_blank\" rel=\"noreferrer noopener\">Riksrevisionen. <\/a><\/p>\n<!-- \/wp:paragraph -->\n\n<!-- wp:paragraph -->\n<p>    <a href=\"https:\/\/lr-revision.se\/vingaker\/kontakt\" class='inline-block my-2'>Kontakta oss s\u00e5 hj\u00e4lper vi dig vidare!<\/a>\n<\/p>\n<!-- \/wp:paragraph -->    <\/div>\n<\/div>\n<\/div>\n\n\n\n<div class=\"wp-block-column is-layout-flow wp-block-column-is-layout-flow\" style=\"flex-basis:33.33%\"><div id=\"template-posts-block_605dedef5157c\" class=\"acf-block template-posts\">\n    <div class=\"block__content\">\n        <!-- wp:heading {\"level\":1} -->\n<h1 class=\"title title--primary\"><strong>Revision som l\u00f6nar sig<\/strong><\/h1>\n<!-- \/wp:heading -->\n\n<!-- wp:paragraph -->\n<p>Revision handlar om att i steg f\u00f6r steg s\u00e4kerst\u00e4lla f\u00f6retagets ekonomiska trov\u00e4rdighet. D\u00e4r \u00e4r vi p\u00e5 LR Revision och Redovisning Ving\u00e5ker i Ving\u00e5ker en trygg partner, och med oss f\u00e5r du en personlig kontakt som f\u00f6ljer ditt f\u00f6retag under l\u00e5ng tid.<\/p>\n<!-- \/wp:paragraph -->\n\n<!-- wp:paragraph -->\n<p>Reviderade \u00e5rsredovisningar inneb\u00e4r m\u00e5nga f\u00f6rdelar. Leverant\u00f6rer, kunder, banker och andra intressenter ska kunna lita p\u00e5 \u00e5rsredovisningar och att det \u00e4r god ordning i f\u00f6retaget.<\/p>\n<!-- \/wp:paragraph -->\n\n<!-- wp:paragraph -->\n<p>Revisionsber\u00e4ttelsen talar om hur f\u00f6retaget sk\u00f6ter sig och g\u00f6r att intressenterna kan lita p\u00e5 \u00e5rsredovisningen. Det kan i sin tur kan ge fler aff\u00e4rer och b\u00e4ttre villkor. En studie fr\u00e5n Ume\u00e5 Universitet visar till exempel att f\u00f6retag som revideras i regel f\u00e5r l\u00e4gre r\u00e4ntor n\u00e4r de l\u00e5nar pengar \u00e4n f\u00f6retag som inte revideras.<\/p>\n<!-- \/wp:paragraph -->\n\n<!-- wp:paragraph -->\n<p>\u00c4garna och ledningen f\u00e5r ocks\u00e5 ett kvitto p\u00e5 att redovisning och f\u00f6rvaltning \u00e4r i ordning, och tips p\u00e5 f\u00f6rb\u00e4ttringar och effektiviseringar \u2013&nbsp;och d\u00e4rmed en tryggare tillvaro.<\/p>\n<!-- \/wp:paragraph -->\n\n<!-- wp:paragraph -->\n<p>Aktiebolag med revison v\u00e4xer snabbare i nettooms\u00e4ttning \u00e4n de som valt bort revison. Det visar en rapport fr\u00e5n <a href=\"https:\/\/www.riksrevisionen.se\/rapporter\/granskningsrapporter\/2017\/avskaffandet-av-revisionsplikten-for-sma-aktiebolag---en-reform-som-kostar-mer-an-den-smakar.html\" target=\"_blank\" rel=\"noreferrer noopener\">Riksrevisionen. <\/a><\/p>\n<!-- \/wp:paragraph -->\n\n<!-- wp:paragraph -->\n<p>    <a href=\"https:\/\/lr-revision.se\/vingaker\/kontakt\" class='inline-block my-2'>Kontakta oss s\u00e5 hj\u00e4lper vi dig vidare!<\/a>\n<\/p>\n<!-- \/wp:paragraph -->    <\/div>\n<\/div>\n\n\n\n<div style=\"height:10px\" aria-hidden=\"true\" class=\"wp-block-spacer\"><\/div>\n\n\n\n<h3 class=\"title title--primary has-green-color has-text-color wp-block-heading\" id=\"kontakta-mig-sa-hjalper-jag-dig-vidare\">Kontakta mig s\u00e5 hj\u00e4lper jag dig vidare<\/h3>\n\n\n<div id=\"employees-block_60785f546654f\" class=\"acf-block spacing-block employees\">\n    <div class=\"block__content\">\n                    <div class=\"typography text-max-width text-center mb-6\"><p>&nbsp;<\/p>\n<p>&nbsp;<\/p>\n<\/div>\n                <div class=\"space-y-6 sm:space-y-0 grid-cols-1\">\n            \n<div class=\"card card--primary card--vertical card--contact hover:shadow-md transition-all duration-500 border-t-8 border-primary max-w-md mx-auto \">\n        <header class=\"card__image card--vertical__image card--contact__image overflow-hidden\">\n        <img loading=\"lazy\" decoding=\"async\" width=\"500\" height=\"375\" src=\"https:\/\/lr-revision.se\/app\/uploads\/sites\/75\/2022\/04\/linda-webb-500x375-1.jpg\" class=\"h-full w-full object-contain\" alt=\"\" \/>    <\/header>\n        <div class=\"card__content card--secondary card--vertical__content card--contact__content\">\n        <div class=\"card__body\">\n                            <h2 class=\"card__title title title--primary text-xl my-0\">Linda S\u00f6derling<\/h2>\n                                            <div class=\"flex flex-col mb-3\">\n                                                    <div class=\"card__work-title font-bold text-sm leading-5\">Auktoriserad revisor<\/div>\n                                                    <div class=\"card__work-title font-bold text-sm leading-5\">Auktoriserad redovisningskonsult<\/div>\n                                            <\/div>\n                                                        <div class=\"phone flex items-start mb-1\">\n                    <i class=\"fas fa-phone-alt mr-4 mt-1\" style=\"width:1.1rem; height: 1.1rem;\"><\/i>\n                                            <div class=\"flex flex-col\">\n                                                            <a class=\"phone link leading-6\" href=\"tel:0703345540\">\n                                    070-334 55 40                                <\/a>\n                                                    <\/div>\n                                    <\/div>\n                                        <div class=\"card__email card--vertical__email card--contact__email flex justify-start items-center mb-1\">\n                    <i class=\"fas fa-envelope mr-4\" style=\"width:1.1rem; height: 1.1rem;\"><\/i>\n                    <a class=\"link link--default link--no-padding\" href=\"mailto:linda.soderling@lr-revision.se\">\n                        linda.soderling@lr-revision.se                    <\/a>\n                <\/div>\n                                                        <\/div>\n    <\/div>\n<\/div>\n        <\/div>\n    <\/div>\n<\/div>\n\n\n<div id=\"share-block_6034c63d298cd\" class=\"acf-block share my-2\">\n    <div class=\"block__content\">\n        <div class=\"font-bold text-dark\">\n            Dela eller skriv ut        <\/div>\n        <div class=\"icons flex space-x-2 mt-1\">\n            <span class=\"link link--primary-icon\" style=\"height: 1.5rem;\">\n                <a class=\"flex items-end justify-center off\" href='https:\/\/www.linkedin.com\/sharing\/share-offsite\/?url=https:\/\/lr-revision.se\/vingaker\/anpassade-tjanster\/hjalp-med-revision\/' target='_blank' rel='noreferrer noopener' style=\"width: 1.5rem; height: 1.5rem;\">\n                    <i class=\"fab fa-linkedin\"><\/i>\n                <\/a>\n            <\/span>\n            <span class=\"link link--primary-icon\" style=\"height: 1.5rem;\">\n                <a class=\"flex items-end justify-center off\" href='https:\/\/www.facebook.com\/sharer\/sharer.php?u=https:\/\/lr-revision.se\/vingaker\/anpassade-tjanster\/hjalp-med-revision\/' target='_blank' rel='noreferrer noopener' style=\"width: 1.5rem; height: 1.5rem;\">\n                    <i class=\"fab fa-facebook-f\"><\/i>\n                <\/a>\n            <\/span>\n            <span class=\"link link--primary-icon\" style=\"height: 1.5rem;\">\n                <a class=\"flex items-end justify-center\" href='mailto:vingaker@lr-revision.se?body=https%3A%2F%2Flr-revision.se%2Fvingaker%2Fanpassade-tjanster%2Fhjalp-med-revision%2F' target='_blank' rel='noreferrer noopener' style=\"width: 1.5rem; height: 1.5rem;\">\n                    <i class=\"fas fa-envelope\"><\/i>\n                <\/a>\n            <\/span>\n            <span class=\"link link--primary-icon\" style=\"height: 1.5rem;\">\n                <a class=\"flex items-end justify-center\" href='javascript:;' onclick=\"window.print();return false;\" target='_blank' rel='noreferrer noopener' style=\"width: 1.5rem; height: 1.5rem;\">\n                    <i class=\"fas fa-print\"><\/i>\n                <\/a>\n            <\/span>\n        <\/div>\n    <\/div>\n<\/div>\n<\/div>\n<\/div>\n\n\n<div id=\"template-posts-block_605b6ba55c99b\" class=\"acf-block template-posts spacing-block-reset-bottom\">\n    <div class=\"block__content\">\n        <!-- wp:media-text {\"mediaId\":788,\"mediaLink\":\"https:\/\/lr-revision.se\/business-executives-consulting-negotiation-meeting-in-office\/\",\"mediaType\":\"image\",\"mediaWidth\":27,\"backgroundColor\":\"white\"} -->\n<div class=\"wp-block-media-text is-stacked-on-mobile has-white-background-color has-background\" style=\"grid-template-columns:27% auto\"><figure class=\"wp-block-media-text__media\"><img decoding=\"async\" src=\"https:\/\/lr-revision.se\/app\/uploads\/2021\/03\/istock-1127489700-850x560.jpg\" alt=\"\" class=\"wp-image-788 size-full\" \/><\/figure><div class=\"wp-block-media-text__content\"><!-- wp:heading -->\n<h2 class=\"title title--primary\"><strong><strong>Auktoriserade och godk\u00e4nda revisorer: trygg kompetens f\u00f6r dig<\/strong><\/strong><\/h2>\n<!-- \/wp:heading -->\n\n<!-- wp:paragraph -->\n<p>Det \u00e4r skillnad p\u00e5 att kunna och kunna. Det finns mycket som du kan g\u00f6ra sj\u00e4lv och som n\u00e5gon med viss ekonomisk kompetens kan hj\u00e4lpa dig med. Sedan finns det andra omr\u00e5den d\u00e4r det kr\u00e4vs auktoriserad eller godk\u00e4nd kompetens. Revisorsomr\u00e5det \u00e4r ett s\u00e5dant.<\/p>\n<!-- \/wp:paragraph -->\n\n<!-- wp:paragraph -->\n<p>En auktoriserad och godk\u00e4nd revisor uppfyller kraven i revisorslagen vad g\u00e4ller utbildning, erfarenhet och redbarhet. Att arbetet g\u00f6rs \u201denligt god revisionssed\u201d betyder att det f\u00f6ljer en r\u00e4ttslig standard som st\u00e4ller krav p\u00e5 planering, bemanning och genomf\u00f6rande av de uppdrag vi f\u00e5r fr\u00e5n dig.<br><br>Allt handlar om trygghet och s\u00e4kerhet f\u00f6r dig och ditt f\u00f6retag. N\u00e4r du anlitar oss p\u00e5 LR Revision och Redovisning Ving\u00e5ker i Ving\u00e5ker\u00a0kan du vara s\u00e4ker p\u00e5 att du f\u00e5r kvalitetss\u00e4krad hj\u00e4lp av auktoriserade eller godk\u00e4nda revisorer.<\/p>\n<!-- \/wp:paragraph --><\/div><\/div>\n<!-- \/wp:media-text -->    <\/div>\n<\/div>\n\n\n<div id=\"block-cards-block_605b6bad5c99c\" class=\"acf-block spacing-block block-cards end-equalizer spacing-block-reset-top\">\n    <div class=\"block__content xl:grid xl:grid-cols-2 md:full-width\">\n                    <div class=\"card-even-odd\">\n                <div class=\"block-cards__img\">\n        <picture>\n                    <source media=\"(min-width: 1200px)\" srcset=\"https:\/\/lr-revision.se\/app\/uploads\/2021\/03\/istock-1132448417-1500x650.jpg\">\n                    <source media=\"(max-width: 500px)\" srcset=\"https:\/\/lr-revision.se\/app\/uploads\/2021\/03\/istock-1132448417-500x300.jpg\">\n                <img decoding=\"async\" class=\"w-full h-full object-cover\" src=\"https:\/\/lr-revision.se\/app\/uploads\/2021\/03\/istock-1132448417-1500x650.jpg\" alt=\"\" loading=\"lazy\">\n    <\/picture>\n<\/div>\n            <\/div>\n                    <div class=\"card-even-odd\">\n                <div class=\"card card--primary card--blocks card--max-width items-start py-20\">\n    <div class=\"card__content w-full\">\n        <div class=\"typography mb-6\">\n            <h2 class=\"title title--neutral\">Kontakta oss<\/h2>\n        <\/div>\n        <div class=\"form\">\n    <div class=\"form__alerts mt-0 left-0 w-full z-10\">\n            <div class=\"alert alert--danger alert--inactive\" role=\"alert\">\n                    <i class=\"far fa-times\" title=\"Ett fel uppstod\"><\/i>\n        Meddelandet har inte skickats. V\u00e4nligen kontrollera f\u00e4lten.    <\/div>\n        <div class=\"alert alert--success alert--inactive\" role=\"alert\">\n                    <i class=\"far fa-check\" title=\"Succ\u00e9\"><\/i>\n        Meddelandet har skickats.    <\/div>\n        <\/div>\n    <form id=\"contact-form-block_605b6bad5c99c-2\" class=\"form contact-form mt-6\" class=\"w-full\" method=\"POST\">\n        <div class=\"form__row\">\n            <label class=\"sr-only\" for=\"name\">Namn<\/label>\n            <input class=\"form__cell--full\" type=\"text\" name=\"name\" id=\"name\" placeholder=\"Namn\" required>\n        <\/div>\n        <div class=\"form__row\">\n            <label class=\"sr-only\" for=\"email\">E-post<\/label>\n            <input class=\"form__cell--full\" type=\"email\" name=\"email\" id=\"email\" placeholder=\"E-post\" required>\n        <\/div>\n        <div class=\"form__row\">\n            <label class=\"sr-only\" for=\"message\">Meddelande<\/label>\n            <textarea class=\"form__cell--full\" type=\"text\" name=\"message\" id=\"message\" placeholder=\"Meddelande\" required><\/textarea>\n        <\/div>\n        <footer class=\"form-footer mt-6\">\n            <!-- GDPR -->\n<div class=\"form__row form__row--no-wrap\">\n    <input type=\"checkbox\" name=\"gdpr_consent\" id=\"nobox_gdpr_consent\" required>\n    <label for=\"nobox_gdpr_consent\">\n        Vi behandlar dina personuppgifter enligt v\u00e5r integritetspolicy. L\u00e4s v\u00e5r policy <a class='link link--neutral' href='https:\/\/lr-revision.se\/vingaker\/integritetspolicy\/' target='_blank' rel='noreferrer noopener'>h\u00e4r<\/a>.    <\/label>\n<\/div>\n            <input type=\"hidden\" id=\"_wpnonce\" name=\"_wpnonce\" value=\"d872cf1e92\" \/><input type=\"hidden\" name=\"_wp_http_referer\" value=\"\/vingaker\/wp-json\/wp\/v2\/pages\/741\" \/>            <input id=\"url\" name=\"url\" type=\"hidden\" value=\"https:\/\/lr-revision.se\/vingaker\" \/>\n            <input class=\"button button--neutral uppercase disabled\" type=\"submit\" value=\"Skicka\">\n        <\/footer>\n    <\/form>\n<\/div>\n<script async defer src=\"https:\/\/www.google.com\/recaptcha\/api.js?render=6LfpvUwsAAAAAN9HlkBwrsP6no6IAiT58NSMuEkK\"><\/script>\n    <\/div>\n<\/div>\n            <\/div>\n            <\/div>\n<\/div>\n","protected":false},"excerpt":{"rendered":"<p>Kontakta mig s\u00e5 hj\u00e4lper jag dig vidare<\/p>\n","protected":false},"author":1,"featured_media":1000001518,"parent":178,"menu_order":0,"comment_status":"closed","ping_status":"closed","template":"","meta":{"_acf_changed":false,"inline_featured_image":false,"footnotes":""},"page-category":[],"class_list":["post-741","page","type-page","status-publish","has-post-thumbnail","hentry"],"acf":[],"publishpress_future_action":{"enabled":false,"date":"2026-05-12 11:44:51","action":"change-status","newStatus":"draft","terms":[],"taxonomy":"page-category","extraData":[]},"publishpress_future_workflow_manual_trigger":{"enabledWorkflows":[]},"_links":{"self":[{"href":"https:\/\/lr-revision.se\/vingaker\/wp-json\/wp\/v2\/pages\/741","targetHints":{"allow":["GET"]}}],"collection":[{"href":"https:\/\/lr-revision.se\/vingaker\/wp-json\/wp\/v2\/pages"}],"about":[{"href":"https:\/\/lr-revision.se\/vingaker\/wp-json\/wp\/v2\/types\/page"}],"author":[{"embeddable":true,"href":"https:\/\/lr-revision.se\/vingaker\/wp-json\/wp\/v2\/users\/1"}],"replies":[{"embeddable":true,"href":"https:\/\/lr-revision.se\/vingaker\/wp-json\/wp\/v2\/comments?post=741"}],"version-history":[{"count":2,"href":"https:\/\/lr-revision.se\/vingaker\/wp-json\/wp\/v2\/pages\/741\/revisions"}],"predecessor-version":[{"id":1606,"href":"https:\/\/lr-revision.se\/vingaker\/wp-json\/wp\/v2\/pages\/741\/revisions\/1606"}],"up":[{"embeddable":true,"href":"https:\/\/lr-revision.se\/vingaker\/wp-json\/wp\/v2\/pages\/178"}],"wp:featuredmedia":[{"embeddable":true,"href":"https:\/\/lr-revision.se\/vingaker\/wp-json\/"}],"wp:attachment":[{"href":"https:\/\/lr-revision.se\/vingaker\/wp-json\/wp\/v2\/media?parent=741"}],"wp:term":[{"taxonomy":"page-category","embeddable":true,"href":"https:\/\/lr-revision.se\/vingaker\/wp-json\/wp\/v2\/page-category?post=741"}],"curies":[{"name":"wp","href":"https:\/\/api.w.org\/{rel}","templated":true}]}}