{"id":30,"date":"2021-03-05T16:10:54","date_gmt":"2021-03-05T15:10:54","guid":{"rendered":"https:\/\/lr-revision.se\/skogsberg\/?page_id=30"},"modified":"2025-09-10T09:41:13","modified_gmt":"2025-09-10T07:41:13","slug":"kontakt","status":"publish","type":"page","link":"https:\/\/lr-revision.se\/skogsberg\/kontakt\/","title":{"rendered":"Kontakt"},"content":{"rendered":"<div id=\"template-posts-block_60b6300903ce8\" class=\"acf-block template-posts\">\n    <div class=\"block__content\">\n        <!-- wp:heading {\"textAlign\":\"center\"} -->\n<h2 class=\"title title--primary has-text-align-center\">Du har alltid n\u00e4ra till r\u00e5den du beh\u00f6ver i Mariestad<\/h2>\n<!-- \/wp:heading -->    <\/div>\n<\/div>\n\n\n<div id=\"employees-block_604249044ea11\" class=\"acf-block spacing-block employees\">\n    <div class=\"block__content\">\n                <div class=\"space-y-6 sm:space-y-0 item-grid item-grid--secondary\">\n            \n<div class=\"card card--primary card--vertical card--contact hover:shadow-md transition-all duration-500 border-t-8 border-primary max-w-md mx-auto \">\n        <header class=\"card__image card--vertical__image card--contact__image overflow-hidden\">\n        <img loading=\"lazy\" decoding=\"async\" width=\"500\" height=\"375\" src=\"https:\/\/lr-revision.se\/app\/uploads\/sites\/113\/2021\/03\/silhouette-medarbetare-man.jpg\" class=\"h-full w-full object-contain\" alt=\"\" \/>    <\/header>\n        <div class=\"card__content card--secondary card--vertical__content card--contact__content\">\n        <div class=\"card__body\">\n                            <h2 class=\"card__title title title--primary text-xl my-0\">Lars Skogsberg<\/h2>\n                                            <div class=\"flex flex-col mb-3\">\n                                                    <div class=\"card__work-title font-bold text-sm leading-5\">Auktoriserad revisor<\/div>\n                                            <\/div>\n                                                        <div class=\"phone flex items-start mb-1\">\n                    <i class=\"fas fa-phone-alt mr-4 mt-1\" style=\"width:1.1rem; height: 1.1rem;\"><\/i>\n                                            <div class=\"flex flex-col\">\n                                                            <a class=\"phone link leading-6\" href=\"tel:0706321581\">\n                                    0706-32 15 81                                <\/a>\n                                                    <\/div>\n                                    <\/div>\n                                        <div class=\"card__email card--vertical__email card--contact__email flex justify-start items-center mb-1\">\n                    <i class=\"fas fa-envelope mr-4\" style=\"width:1.1rem; height: 1.1rem;\"><\/i>\n                    <a class=\"link link--default link--no-padding\" href=\"mailto:lars@skogsberg.com\">\n                        lars@skogsberg.com                    <\/a>\n                <\/div>\n                                                        <\/div>\n    <\/div>\n<\/div>\n\n<div class=\"card card--primary card--vertical card--contact hover:shadow-md transition-all duration-500 border-t-8 border-primary max-w-md mx-auto \">\n        <header class=\"card__image card--vertical__image card--contact__image overflow-hidden\">\n        <img loading=\"lazy\" decoding=\"async\" width=\"500\" height=\"375\" src=\"https:\/\/lr-revision.se\/app\/uploads\/sites\/113\/2021\/03\/silhouette-medarbetare-man.jpg\" class=\"h-full w-full object-contain\" alt=\"\" \/>    <\/header>\n        <div class=\"card__content card--secondary card--vertical__content card--contact__content\">\n        <div class=\"card__body\">\n                            <h2 class=\"card__title title title--primary text-xl my-0\">Carl-Johan Carlsson<\/h2>\n                                            <div class=\"flex flex-col mb-3\">\n                                                    <div class=\"card__work-title font-bold text-sm leading-5\">Auktoriserad revisor<\/div>\n                                            <\/div>\n                                                        <div class=\"phone flex items-start mb-1\">\n                    <i class=\"fas fa-phone-alt mr-4 mt-1\" style=\"width:1.1rem; height: 1.1rem;\"><\/i>\n                                            <div class=\"flex flex-col\">\n                                                            <a class=\"phone link leading-6\" href=\"tel:0720630468\">\n                                    0720-63 04 68                                <\/a>\n                                                    <\/div>\n                                    <\/div>\n                                        <div class=\"card__email card--vertical__email card--contact__email flex justify-start items-center mb-1\">\n                    <i class=\"fas fa-envelope mr-4\" style=\"width:1.1rem; height: 1.1rem;\"><\/i>\n                    <a class=\"link link--default link--no-padding\" href=\"mailto:carl-johan@skogsberg.com\">\n                        carl-johan@skogsberg.com                    <\/a>\n                <\/div>\n                                                        <\/div>\n    <\/div>\n<\/div>\n\n<div class=\"card card--primary card--vertical card--contact hover:shadow-md transition-all duration-500 border-t-8 border-primary max-w-md mx-auto \">\n        <header class=\"card__image card--vertical__image card--contact__image overflow-hidden\">\n        <img loading=\"lazy\" decoding=\"async\" width=\"500\" height=\"375\" src=\"https:\/\/lr-revision.se\/app\/uploads\/sites\/113\/2021\/03\/silhouette-medarbetare-man.jpg\" class=\"h-full w-full object-contain\" alt=\"\" \/>    <\/header>\n        <div class=\"card__content card--secondary card--vertical__content card--contact__content\">\n        <div class=\"card__body\">\n                            <h2 class=\"card__title title title--primary text-xl my-0\">Marcus Johnson<\/h2>\n                                            <div class=\"flex flex-col mb-3\">\n                                                    <div class=\"card__work-title font-bold text-sm leading-5\">Redovisningskonsult<\/div>\n                                            <\/div>\n                                                        <div class=\"phone flex items-start mb-1\">\n                    <i class=\"fas fa-phone-alt mr-4 mt-1\" style=\"width:1.1rem; height: 1.1rem;\"><\/i>\n                                            <div class=\"flex flex-col\">\n                                                            <a class=\"phone link leading-6\" href=\"tel:0707995296\">\n                                    0707-99 52 96                                <\/a>\n                                                    <\/div>\n                                    <\/div>\n                                        <div class=\"card__email card--vertical__email card--contact__email flex justify-start items-center mb-1\">\n                    <i class=\"fas fa-envelope mr-4\" style=\"width:1.1rem; height: 1.1rem;\"><\/i>\n                    <a class=\"link link--default link--no-padding\" href=\"mailto:marcus@skogsberg.com\">\n                        marcus@skogsberg.com                    <\/a>\n                <\/div>\n                                                        <\/div>\n    <\/div>\n<\/div>\n\n<div class=\"card card--primary card--vertical card--contact hover:shadow-md transition-all duration-500 border-t-8 border-primary max-w-md mx-auto \">\n        <header class=\"card__image card--vertical__image card--contact__image overflow-hidden\">\n        <img loading=\"lazy\" decoding=\"async\" width=\"500\" height=\"375\" src=\"https:\/\/lr-revision.se\/app\/uploads\/sites\/113\/2021\/03\/silhouette-medarbetare-man.jpg\" class=\"h-full w-full object-contain\" alt=\"\" \/>    <\/header>\n        <div class=\"card__content card--secondary card--vertical__content card--contact__content\">\n        <div class=\"card__body\">\n                            <h2 class=\"card__title title title--primary text-xl my-0\">Jens Carlsson<\/h2>\n                                            <div class=\"flex flex-col mb-3\">\n                                                    <div class=\"card__work-title font-bold text-sm leading-5\">Redovisningskonsult<\/div>\n                                            <\/div>\n                                                        <div class=\"phone flex items-start mb-1\">\n                    <i class=\"fas fa-phone-alt mr-4 mt-1\" style=\"width:1.1rem; height: 1.1rem;\"><\/i>\n                                            <div class=\"flex flex-col\">\n                                                            <a class=\"phone link leading-6\" href=\"tel:0705405140\">\n                                    0705-40 51 40                                <\/a>\n                                                    <\/div>\n                                    <\/div>\n                                        <div class=\"card__email card--vertical__email card--contact__email flex justify-start items-center mb-1\">\n                    <i class=\"fas fa-envelope mr-4\" style=\"width:1.1rem; height: 1.1rem;\"><\/i>\n                    <a class=\"link link--default link--no-padding\" href=\"mailto:jens@skogsberg.com\">\n                        jens@skogsberg.com                    <\/a>\n                <\/div>\n                                                        <\/div>\n    <\/div>\n<\/div>\n\n<div class=\"card card--primary card--vertical card--contact hover:shadow-md transition-all duration-500 border-t-8 border-primary max-w-md mx-auto \">\n        <header class=\"card__image card--vertical__image card--contact__image overflow-hidden\">\n        <img loading=\"lazy\" decoding=\"async\" width=\"500\" height=\"375\" src=\"https:\/\/lr-revision.se\/app\/uploads\/sites\/113\/2021\/03\/silhouette-medarbetare-kvinna.jpg\" class=\"h-full w-full object-contain\" alt=\"\" \/>    <\/header>\n        <div class=\"card__content card--secondary card--vertical__content card--contact__content\">\n        <div class=\"card__body\">\n                            <h2 class=\"card__title title title--primary text-xl my-0\">Elisabeth Karlsson<\/h2>\n                                            <div class=\"flex flex-col mb-3\">\n                                                    <div class=\"card__work-title font-bold text-sm leading-5\">Assistent<\/div>\n                                            <\/div>\n                                                        <div class=\"phone flex items-start mb-1\">\n                    <i class=\"fas fa-phone-alt mr-4 mt-1\" style=\"width:1.1rem; height: 1.1rem;\"><\/i>\n                                            <div class=\"flex flex-col\">\n                                                            <a class=\"phone link leading-6\" href=\"tel:0768353909\">\n                                    0768-35 39 09                                <\/a>\n                                                    <\/div>\n                                    <\/div>\n                                        <div class=\"card__email card--vertical__email card--contact__email flex justify-start items-center mb-1\">\n                    <i class=\"fas fa-envelope mr-4\" style=\"width:1.1rem; height: 1.1rem;\"><\/i>\n                    <a class=\"link link--default link--no-padding\" href=\"mailto:elisabeth@skogsberg.com\">\n                        elisabeth@skogsberg.com                    <\/a>\n                <\/div>\n                                                        <\/div>\n    <\/div>\n<\/div>\n        <\/div>\n    <\/div>\n<\/div>\n\n\n<div id=\"map-block_6045d1e31abd8\" class=\"acf-block spacing-block map end-equalizer\">\n    <div class=\"block__content margin-fix\">\n                    <div class=\"typography text-max-width text-center mb-8\">\n                <h2 style=\"text-align: center\" class=\"title title--primary\">Hitta hit<\/h2>\n            <\/div>\n                <div class=\"members-map relative\">\n            <div class=\"members-map__map google-map\">\n                <div\n    class=\"marker\"\n    data-lat=\"58.7099823\"\n    data-lng=\"13.8199868\"\n>\n    <div class=\"marker__body\">\n        <h3 class=\"marker__title title title--primary title--hyphenate mt-0\">\n            Skogsbergs Revision        <\/h3>\n        <div class=\"marker__content text-sm font-light\">\n                    <\/div>\n        <p class=\"address\">\n            Hamngatan 10, 542 30 Mariestad, Sverige        <\/p>\n    <\/div>\n<\/div>\n            <\/div>\n        <\/div>\n    <\/div>\n<\/div>\n","protected":false},"excerpt":{"rendered":"","protected":false},"author":1,"featured_media":0,"parent":0,"menu_order":0,"comment_status":"closed","ping_status":"closed","template":"","meta":{"_acf_changed":false,"inline_featured_image":false,"footnotes":""},"page-category":[],"class_list":["post-30","page","type-page","status-publish","hentry"],"acf":[],"publishpress_future_action":{"enabled":false,"date":"2026-05-12 11:41:59","action":"change-status","newStatus":"draft","terms":[],"taxonomy":"page-category","extraData":[]},"publishpress_future_workflow_manual_trigger":{"enabledWorkflows":[]},"_links":{"self":[{"href":"https:\/\/lr-revision.se\/skogsberg\/wp-json\/wp\/v2\/pages\/30","targetHints":{"allow":["GET"]}}],"collection":[{"href":"https:\/\/lr-revision.se\/skogsberg\/wp-json\/wp\/v2\/pages"}],"about":[{"href":"https:\/\/lr-revision.se\/skogsberg\/wp-json\/wp\/v2\/types\/page"}],"author":[{"embeddable":true,"href":"https:\/\/lr-revision.se\/skogsberg\/wp-json\/wp\/v2\/users\/1"}],"replies":[{"embeddable":true,"href":"https:\/\/lr-revision.se\/skogsberg\/wp-json\/wp\/v2\/comments?post=30"}],"version-history":[{"count":2,"href":"https:\/\/lr-revision.se\/skogsberg\/wp-json\/wp\/v2\/pages\/30\/revisions"}],"predecessor-version":[{"id":1188,"href":"https:\/\/lr-revision.se\/skogsberg\/wp-json\/wp\/v2\/pages\/30\/revisions\/1188"}],"wp:attachment":[{"href":"https:\/\/lr-revision.se\/skogsberg\/wp-json\/wp\/v2\/media?parent=30"}],"wp:term":[{"taxonomy":"page-category","embeddable":true,"href":"https:\/\/lr-revision.se\/skogsberg\/wp-json\/wp\/v2\/page-category?post=30"}],"curies":[{"name":"wp","href":"https:\/\/api.w.org\/{rel}","templated":true}]}}