{"id":1300,"date":"2025-11-12T12:45:33","date_gmt":"2025-11-12T11:45:33","guid":{"rendered":"https:\/\/lr-revision.se\/skogsberg\/?page_id=1300"},"modified":"2025-11-12T13:17:28","modified_gmt":"2025-11-12T12:17:28","slug":"policyer-och-riktlinjer","status":"publish","type":"page","link":"https:\/\/lr-revision.se\/skogsberg\/om-oss\/policyer-och-riktlinjer\/","title":{"rendered":"Policyer och riktlinjer"},"content":{"rendered":"\n<div class=\"wp-block-columns is-layout-flex wp-container-core-columns-is-layout-9d6595d7 wp-block-columns-is-layout-flex\">\n<div class=\"wp-block-column is-layout-flow wp-block-column-is-layout-flow\" style=\"flex-basis:70%\">\n<h1 class=\"wp-block-heading title title--primary\">Policyer och riktlinjer<\/h1>\n\n\n\n<p>F\u00f6r oss \u00e4r skyddet av personlig integritet viktigt. N\u00e4r v\u00e5r byr\u00e5 hj\u00e4lper v\u00e5ra kundf\u00f6retag med t.ex. l\u00f6ner, redovisning, skattefr\u00e5gor och annan r\u00e5dgivning hanterar vi personuppgifter f\u00f6r kundf\u00f6retagets r\u00e4kning. <\/p>\n\n\n\n<p>H\u00e4r hittar du v\u00e5ra policyer och riktlinjer f\u00f6r skydd och integritet vid behandling av personuppgifter, information om underbitr\u00e4den och andra som kan anlitas f\u00f6r behandling av personuppgifter samt klagom\u00e5lshantering.<\/p>\n<\/div>\n\n\n\n<div class=\"wp-block-column is-layout-flow wp-block-column-is-layout-flow\" style=\"flex-basis:20%\"><div id=\"share-block_37fb872896e20ca814a5acaf486fd8a3\" class=\"acf-block share my-2\">\n    <div class=\"block__content\">\n        <div class=\"font-bold text-dark\">\n            Dela eller skriv ut        <\/div>\n        <div class=\"icons flex space-x-2 mt-1\">\n            <span class=\"link link--primary-icon\" style=\"height: 1.5rem;\">\n                <a class=\"flex items-end justify-center off\" href='https:\/\/www.linkedin.com\/sharing\/share-offsite\/?url=https:\/\/lr-revision.se\/skogsberg\/om-oss\/policyer-och-riktlinjer\/' target='_blank' rel='noreferrer noopener' style=\"width: 1.5rem; height: 1.5rem;\">\n                    <i class=\"fab fa-linkedin\"><\/i>\n                <\/a>\n            <\/span>\n            <span class=\"link link--primary-icon\" style=\"height: 1.5rem;\">\n                <a class=\"flex items-end justify-center off\" href='https:\/\/www.facebook.com\/sharer\/sharer.php?u=https:\/\/lr-revision.se\/skogsberg\/om-oss\/policyer-och-riktlinjer\/' target='_blank' rel='noreferrer noopener' style=\"width: 1.5rem; height: 1.5rem;\">\n                    <i class=\"fab fa-facebook-f\"><\/i>\n                <\/a>\n            <\/span>\n            <span class=\"link link--primary-icon\" style=\"height: 1.5rem;\">\n                <a class=\"flex items-end justify-center\" href='mailto:lars@skogsberg.com?body=https%3A%2F%2Flr-revision.se%2Fskogsberg%2Fom-oss%2Fpolicyer-och-riktlinjer%2F' target='_blank' rel='noreferrer noopener' style=\"width: 1.5rem; height: 1.5rem;\">\n                    <i class=\"fas fa-envelope\"><\/i>\n                <\/a>\n            <\/span>\n            <span class=\"link link--primary-icon\" style=\"height: 1.5rem;\">\n                <a class=\"flex items-end justify-center\" href='javascript:;' onclick=\"window.print();return false;\" target='_blank' rel='noreferrer noopener' style=\"width: 1.5rem; height: 1.5rem;\">\n                    <i class=\"fas fa-print\"><\/i>\n                <\/a>\n            <\/span>\n        <\/div>\n    <\/div>\n<\/div>\n<\/div>\n<\/div>\n\n\n\n<div class=\"wp-block-columns is-layout-flex wp-container-core-columns-is-layout-9d6595d7 wp-block-columns-is-layout-flex\">\n<div class=\"wp-block-column is-layout-flow wp-block-column-is-layout-flow\" style=\"flex-basis:80%\">\n<div class=\"wp-block-columns is-layout-flex wp-container-core-columns-is-layout-9d6595d7 wp-block-columns-is-layout-flex\">\n<div class=\"wp-block-column is-layout-flow wp-block-column-is-layout-flow\">\n<div class=\"wp-block-media-text is-stacked-on-mobile\" style=\"grid-template-columns:30% auto\"><figure class=\"wp-block-media-text__media\"><a href=\"https:\/\/lr-revision.se\/app\/uploads\/sites\/113\/2025\/11\/skydd-integritet-behandling-personuppgifter.pdf\" target=\"_blank\" rel=\" noreferrer noopener\"><img loading=\"lazy\" decoding=\"async\" width=\"83\" height=\"63\" src=\"https:\/\/lr-revision.se\/app\/uploads\/sites\/113\/2025\/11\/pdf-ikon-vit.png\" alt=\"\" class=\"wp-image-1323 size-full\"\/><\/a><\/figure><div class=\"wp-block-media-text__content\">\n<h6 class=\"wp-block-heading title title--primary\">Integritetspolicy<\/h6>\n\n\n\n<p><a href=\"https:\/\/lr-revision.se\/app\/uploads\/sites\/113\/2025\/11\/skydd-integritet-behandling-personuppgifter.pdf\" target=\"_blank\" rel=\"noreferrer noopener\">L\u00e4s mer<\/a><\/p>\n<\/div><\/div>\n<\/div>\n\n\n\n<div class=\"wp-block-column is-layout-flow wp-block-column-is-layout-flow\">\n<div class=\"wp-block-media-text is-stacked-on-mobile\" style=\"grid-template-columns:30% auto\"><figure class=\"wp-block-media-text__media\"><img loading=\"lazy\" decoding=\"async\" width=\"83\" height=\"63\" src=\"https:\/\/lr-revision.se\/app\/uploads\/sites\/113\/2025\/11\/pdf-ikon-vit.png\" alt=\"\" class=\"wp-image-1323 size-full\"\/><\/figure><div class=\"wp-block-media-text__content\">\n<h6 class=\"wp-block-heading title title--primary\">Underbitr\u00e4den<\/h6>\n\n\n\n<p><a href=\"https:\/\/lr-revision.se\/app\/uploads\/sites\/113\/2025\/11\/Lista-Underbitraden_251010.pdf\" target=\"_blank\" rel=\"noreferrer noopener\">L\u00e4s mer<\/a><\/p>\n<\/div><\/div>\n<\/div>\n\n\n\n<div class=\"wp-block-column is-layout-flow wp-block-column-is-layout-flow\">\n<div class=\"wp-block-media-text is-stacked-on-mobile\" style=\"grid-template-columns:30% auto\"><figure class=\"wp-block-media-text__media\"><a href=\"https:\/\/lr-revision.se\/app\/uploads\/2022\/12\/LR-_Klagomalshantering.pdf\" target=\"_blank\" rel=\" noreferrer noopener\"><img loading=\"lazy\" decoding=\"async\" width=\"83\" height=\"63\" src=\"https:\/\/lr-revision.se\/app\/uploads\/sites\/113\/2025\/11\/pdf-ikon-vit.png\" alt=\"\" class=\"wp-image-1323 size-full\"\/><\/a><\/figure><div class=\"wp-block-media-text__content\">\n<h6 class=\"wp-block-heading title title--primary\">Klagom\u00e5lshantering<\/h6>\n\n\n\n<p><a href=\"https:\/\/lr-revision.se\/app\/uploads\/2022\/12\/LR-_Klagomalshantering.pdf\" target=\"_blank\" rel=\"noreferrer noopener\">L\u00e4s mer<\/a><\/p>\n<\/div><\/div>\n<\/div>\n<\/div>\n<\/div>\n\n\n\n<div class=\"wp-block-column is-layout-flow wp-block-column-is-layout-flow\" style=\"flex-basis:20%\"><\/div>\n<\/div>\n\n\n\n<p><\/p>\n","protected":false},"excerpt":{"rendered":"<p>Policyer och riktlinjer F\u00f6r oss \u00e4r skyddet av personlig integritet viktigt. N\u00e4r v\u00e5r byr\u00e5 hj\u00e4lper v\u00e5ra kundf\u00f6retag med t.ex. l\u00f6ner, redovisning, skattefr\u00e5gor och annan r\u00e5dgivning&#8230;<\/p>\n","protected":false},"author":11,"featured_media":1000001158,"parent":84,"menu_order":0,"comment_status":"closed","ping_status":"closed","template":"","meta":{"_acf_changed":false,"inline_featured_image":false,"footnotes":""},"page-category":[],"class_list":["post-1300","page","type-page","status-publish","has-post-thumbnail","hentry"],"acf":[],"publishpress_future_action":{"enabled":false,"date":"2026-05-12 15:33:30","action":"change-status","newStatus":"draft","terms":[],"taxonomy":"page-category","extraData":[]},"publishpress_future_workflow_manual_trigger":{"enabledWorkflows":[]},"_links":{"self":[{"href":"https:\/\/lr-revision.se\/skogsberg\/wp-json\/wp\/v2\/pages\/1300","targetHints":{"allow":["GET"]}}],"collection":[{"href":"https:\/\/lr-revision.se\/skogsberg\/wp-json\/wp\/v2\/pages"}],"about":[{"href":"https:\/\/lr-revision.se\/skogsberg\/wp-json\/wp\/v2\/types\/page"}],"author":[{"embeddable":true,"href":"https:\/\/lr-revision.se\/skogsberg\/wp-json\/wp\/v2\/users\/11"}],"replies":[{"embeddable":true,"href":"https:\/\/lr-revision.se\/skogsberg\/wp-json\/wp\/v2\/comments?post=1300"}],"version-history":[{"count":2,"href":"https:\/\/lr-revision.se\/skogsberg\/wp-json\/wp\/v2\/pages\/1300\/revisions"}],"predecessor-version":[{"id":1328,"href":"https:\/\/lr-revision.se\/skogsberg\/wp-json\/wp\/v2\/pages\/1300\/revisions\/1328"}],"up":[{"embeddable":true,"href":"https:\/\/lr-revision.se\/skogsberg\/wp-json\/wp\/v2\/pages\/84"}],"wp:featuredmedia":[{"embeddable":true,"href":"https:\/\/lr-revision.se\/skogsberg\/wp-json\/"}],"wp:attachment":[{"href":"https:\/\/lr-revision.se\/skogsberg\/wp-json\/wp\/v2\/media?parent=1300"}],"wp:term":[{"taxonomy":"page-category","embeddable":true,"href":"https:\/\/lr-revision.se\/skogsberg\/wp-json\/wp\/v2\/page-category?post=1300"}],"curies":[{"name":"wp","href":"https:\/\/api.w.org\/{rel}","templated":true}]}}