{"id":1247,"date":"2021-03-19T14:13:12","date_gmt":"2021-03-19T12:13:12","guid":{"rendered":"https:\/\/lr-revision.se\/revisionredovisninggotland\/prenumeration\/"},"modified":"2021-09-17T17:21:29","modified_gmt":"2021-09-17T15:21:29","slug":"prenumeration","status":"publish","type":"page","link":"https:\/\/lr-revision.se\/revisionredovisninggotland\/prenumeration\/","title":{"rendered":"Prenumeration"},"content":{"rendered":"\n<h2 class=\"title title--primary wp-block-heading\">Prenumerera p\u00e5 v\u00e5rt nyhetsbrev<\/h2>\n\n\n\n<div class=\"wp-block-columns is-layout-flex wp-container-core-columns-is-layout-9d6595d7 wp-block-columns-is-layout-flex\">\n<div class=\"wp-block-column is-layout-flow wp-block-column-is-layout-flow\" style=\"flex-basis:33.33%\">    <div class=\"alert alert--danger alert--inactive\" role=\"alert\">\n                    <i class=\"far fa-times\" title=\"Ett fel uppstod\"><\/i>\n        N\u00e5got gick fel. F\u00f6rs\u00f6k igen senare.    <\/div>\n        <div class=\"alert alert--success alert--inactive\" role=\"alert\">\n                    <i class=\"far fa-check\" title=\"Succ\u00e9\"><\/i>\n        Kontrollera din inkorg eller skr\u00e4ppostmapp f\u00f6r att bekr\u00e4fta din prenumeration.    <\/div>\n    \n    <form class=\"form newsletter-form mt-6\" action=\"https:\/\/lr-revision.se\/revisionredovisninggotland\/wp-admin\/admin_post.php\" medtod=\"POST\">\n        <div class=\"form__row\">\n            <label class=\"sr-only\" for=\"email\">E-post<\/label>\n            <input class=\"form__cell--full\" type=\"email\" name=\"email\" id=\"email\" placeholder=\"E-post\" required>\n        <\/div>\n        <footer class=\"form-footer mt-6\">\n            <!-- GDPR -->\n            <div class=\"form__row form__row--no-wrap\">\n                <input type=\"checkbox\" name=\"cf_1\" id=\"nobox_gdpr_consent\" required>\n                <label for=\"nobox_gdpr_consent\">\n                    Vi behandlar dina personuppgifter enligt v\u00e5r integritetspolicy. L\u00e4s v\u00e5r policy <a class='link link--primary' href='https:\/\/lr-revision.se\/revisionredovisninggotland\/integritetspolicy\/' target='_blank' rel='noreferrer noopener'>h\u00e4r<\/a>.                <\/label>\n            <\/div>\n            <input type=\"hidden\" id=\"_wpnonce\" name=\"_wpnonce\" value=\"706b27b3fa\" \/><input type=\"hidden\" name=\"_wp_http_referer\" value=\"\/revisionredovisninggotland\/wp-json\/wp\/v2\/pages\/1247\" \/>            <input id=\"url\" name=\"url\" type=\"hidden\" value=\"https:\/\/lr-revision.se\/revisionredovisninggotland\" \/>\n            <input class=\"button button--primary uppercase disabled\" type=\"submit\" value=\"Prenumerera!\">\n        <\/footer>\n        <script async defer src=\"https:\/\/www.google.com\/recaptcha\/api.js?render=6LfpvUwsAAAAAN9HlkBwrsP6no6IAiT58NSMuEkK\"><\/script>\n    <\/form>\n\n\n<\/div>\n\n\n\n<div class=\"wp-block-column is-layout-flow wp-block-column-is-layout-flow\" style=\"flex-basis:66.66%\"><\/div>\n<\/div>\n","protected":false},"excerpt":{"rendered":"<p>Prenumerera p\u00e5 v\u00e5rt nyhetsbrev<\/p>\n","protected":false},"author":1,"featured_media":0,"parent":0,"menu_order":0,"comment_status":"closed","ping_status":"closed","template":"","meta":{"_acf_changed":false,"inline_featured_image":false,"footnotes":""},"page-category":[],"class_list":["post-1247","page","type-page","status-publish","hentry"],"acf":[],"publishpress_future_action":{"enabled":false,"date":"2026-04-12 18:42:58","action":"change-status","newStatus":"draft","terms":[],"taxonomy":"page-category","extraData":[]},"publishpress_future_workflow_manual_trigger":{"enabledWorkflows":[]},"_links":{"self":[{"href":"https:\/\/lr-revision.se\/revisionredovisninggotland\/wp-json\/wp\/v2\/pages\/1247","targetHints":{"allow":["GET"]}}],"collection":[{"href":"https:\/\/lr-revision.se\/revisionredovisninggotland\/wp-json\/wp\/v2\/pages"}],"about":[{"href":"https:\/\/lr-revision.se\/revisionredovisninggotland\/wp-json\/wp\/v2\/types\/page"}],"author":[{"embeddable":true,"href":"https:\/\/lr-revision.se\/revisionredovisninggotland\/wp-json\/wp\/v2\/users\/1"}],"replies":[{"embeddable":true,"href":"https:\/\/lr-revision.se\/revisionredovisninggotland\/wp-json\/wp\/v2\/comments?post=1247"}],"version-history":[{"count":0,"href":"https:\/\/lr-revision.se\/revisionredovisninggotland\/wp-json\/wp\/v2\/pages\/1247\/revisions"}],"wp:attachment":[{"href":"https:\/\/lr-revision.se\/revisionredovisninggotland\/wp-json\/wp\/v2\/media?parent=1247"}],"wp:term":[{"taxonomy":"page-category","embeddable":true,"href":"https:\/\/lr-revision.se\/revisionredovisninggotland\/wp-json\/wp\/v2\/page-category?post=1247"}],"curies":[{"name":"wp","href":"https:\/\/api.w.org\/{rel}","templated":true}]}}