{"id":41,"date":"2021-03-05T16:16:08","date_gmt":"2021-03-05T15:16:08","guid":{"rendered":"https:\/\/lr-revision.se\/recenseo\/?page_id=41"},"modified":"2023-05-05T11:30:51","modified_gmt":"2023-05-05T09:30:51","slug":"vara-tjanster","status":"publish","type":"page","link":"https:\/\/lr-revision.se\/recenseo\/vara-tjanster\/","title":{"rendered":"V\u00e5ra tj\u00e4nster"},"content":{"rendered":"<div id=\"cards-block_60424a901728b\" class=\"acf-block spacing-block cards\">\n    <div class=\"block__content\">\n                <div class=\"space-y-6 md:space-y-0 item-grid md:gap-4 md:grid md:grid-cols-4\">\n            \n<div class=\"card card--primary card--vertical border-t-8 border-primary hover:shadow-md transition-all duration-500\">\n            <header class=\"card__image card--vertical__image overflow-hidden\">\n            <img loading=\"lazy\" decoding=\"async\" width=\"850\" height=\"560\" src=\"https:\/\/lr-revision.se\/app\/uploads\/2021\/04\/ima198118-header-850x560.jpg\" class=\"h-full w-full object-cover\" alt=\"\" \/>        <\/header>\n        <div class=\"card__content card--secondary card--vertical__content\">\n        <div class=\"card__body\">\n            <div class=\"font-bold uppercase\">\n                            <\/div>\n            <h2 class=\"card__title title title--primary text-lg mt-0 line-clamp overflow-hidden overflow-ellipsis\">Revision som l\u00f6nar sig<\/h2>\n            <p>Reviderade \u00e5rsredovisningar inneb\u00e4r m\u00e5nga f\u00f6rdelar. Leverant\u00f6rer, kunder, banker och andra intressenter ska kunna lita p\u00e5 \u00e5rsredovisningar och att det \u00e4r god ordning i f\u00f6retaget.<\/p>\n        <\/div>\n        <div class=\"mt-auto\">\n                    <a class=\"link link--secondary inline-block pt-2\" href=\"https:\/\/lr-revision.se\/kontor\/vara-tjanster\/revision\/\" title=\"L\u00e4s mer\" >\n            L\u00e4s mer        <\/a>\n            <\/div>\n    <\/div>\n<\/div>\n\n<div class=\"card card--primary card--vertical border-t-8 border-primary hover:shadow-md transition-all duration-500\">\n            <header class=\"card__image card--vertical__image overflow-hidden\">\n            <img loading=\"lazy\" decoding=\"async\" width=\"850\" height=\"560\" src=\"https:\/\/lr-revision.se\/app\/uploads\/2021\/04\/ima198104-850x560.jpg\" class=\"h-full w-full object-cover\" alt=\"\" \/>        <\/header>\n        <div class=\"card__content card--secondary card--vertical__content\">\n        <div class=\"card__body\">\n            <div class=\"font-bold uppercase\">\n                            <\/div>\n            <h2 class=\"card__title title title--primary text-lg mt-0 line-clamp overflow-hidden overflow-ellipsis\">Oberoende revision<\/h2>\n            <p>Ett viktigt syfte med revision \u00e4r att identifiera risker och uppt\u00e4cka fel och brister i ett tidigt skede s\u00e5 att de kan r\u00e4ttas innan \u00e5rsredovisningen \u00e4r klar.<\/p>\n        <\/div>\n        <div class=\"mt-auto\">\n                    <a class=\"link link--secondary inline-block pt-2\" href=\"https:\/\/lr-revision.se\/recenseo\/vara-tjanster\/revision\/oberoende-revision\/\" title=\"L\u00e4s mer\" >\n            L\u00e4s mer        <\/a>\n            <\/div>\n    <\/div>\n<\/div>\n\n<div class=\"card card--primary card--vertical border-t-8 border-primary hover:shadow-md transition-all duration-500\">\n            <header class=\"card__image card--vertical__image overflow-hidden\">\n            <img loading=\"lazy\" decoding=\"async\" width=\"850\" height=\"560\" src=\"https:\/\/lr-revision.se\/app\/uploads\/2021\/04\/ima165247-header-850x560.jpg\" class=\"h-full w-full object-cover\" alt=\"\" \/>        <\/header>\n        <div class=\"card__content card--secondary card--vertical__content\">\n        <div class=\"card__body\">\n            <div class=\"font-bold uppercase\">\n                            <\/div>\n            <h2 class=\"card__title title title--primary text-lg mt-0 line-clamp overflow-hidden overflow-ellipsis\">Garantier f\u00f6r aff\u00e4rspartners<\/h2>\n            <p>Intyg av varierande typ efterfr\u00e5gas i olika sammanhang av banker, myndigheter och leverant\u00f6rer. Vi p\u00e5 LR Revision &#038; Redovisning har kompetensen som kr\u00e4vs.<\/p>\n        <\/div>\n        <div class=\"mt-auto\">\n                    <a class=\"link link--secondary inline-block pt-2\" href=\"https:\/\/lr-revision.se\/recenseo\/vara-tjanster\/revision\/revisorsintyg\/\" title=\"L\u00e4s mer\" >\n            L\u00e4s mer        <\/a>\n            <\/div>\n    <\/div>\n<\/div>\n\n<div class=\"card card--primary card--vertical border-t-8 border-primary hover:shadow-md transition-all duration-500\">\n            <header class=\"card__image card--vertical__image overflow-hidden\">\n            <img loading=\"lazy\" decoding=\"async\" width=\"850\" height=\"560\" src=\"https:\/\/lr-revision.se\/app\/uploads\/2021\/04\/ima198256-header-850x560.jpg\" class=\"h-full w-full object-cover\" alt=\"\" \/>        <\/header>\n        <div class=\"card__content card--secondary card--vertical__content\">\n        <div class=\"card__body\">\n            <div class=\"font-bold uppercase\">\n                            <\/div>\n            <h2 class=\"card__title title title--primary text-lg mt-0 line-clamp overflow-hidden overflow-ellipsis\">Hitta svagheter och f\u00f6rb\u00e4ttringsm\u00f6jligheter<\/h2>\n            <p>Nya \u00f6gon, professionell bed\u00f6mning och ett utifr\u00e5n-och-in-perspektiv kan hitta fel och f\u00f6rb\u00e4ttringsm\u00f6jligheter av olika slag som inte uppt\u00e4ckts i det interna arbetet.<\/p>\n        <\/div>\n        <div class=\"mt-auto\">\n                    <a class=\"link link--secondary inline-block pt-2\" href=\"https:\/\/lr-revision.se\/kontor\/vara-tjanster\/radgivning\/\" title=\"L\u00e4s mer\" >\n            L\u00e4s mer        <\/a>\n            <\/div>\n    <\/div>\n<\/div>\n        <\/div>\n    <\/div>\n<\/div>\n","protected":false},"excerpt":{"rendered":"","protected":false},"author":1,"featured_media":0,"parent":0,"menu_order":0,"comment_status":"closed","ping_status":"closed","template":"","meta":{"_acf_changed":false,"inline_featured_image":false,"footnotes":""},"page-category":[],"class_list":["post-41","page","type-page","status-publish","hentry"],"acf":[],"publishpress_future_action":{"enabled":false,"date":"2026-05-13 12:22:13","action":"change-status","newStatus":"draft","terms":[],"taxonomy":"page-category","extraData":[]},"publishpress_future_workflow_manual_trigger":{"enabledWorkflows":[]},"_links":{"self":[{"href":"https:\/\/lr-revision.se\/recenseo\/wp-json\/wp\/v2\/pages\/41","targetHints":{"allow":["GET"]}}],"collection":[{"href":"https:\/\/lr-revision.se\/recenseo\/wp-json\/wp\/v2\/pages"}],"about":[{"href":"https:\/\/lr-revision.se\/recenseo\/wp-json\/wp\/v2\/types\/page"}],"author":[{"embeddable":true,"href":"https:\/\/lr-revision.se\/recenseo\/wp-json\/wp\/v2\/users\/1"}],"replies":[{"embeddable":true,"href":"https:\/\/lr-revision.se\/recenseo\/wp-json\/wp\/v2\/comments?post=41"}],"version-history":[{"count":2,"href":"https:\/\/lr-revision.se\/recenseo\/wp-json\/wp\/v2\/pages\/41\/revisions"}],"predecessor-version":[{"id":1284,"href":"https:\/\/lr-revision.se\/recenseo\/wp-json\/wp\/v2\/pages\/41\/revisions\/1284"}],"wp:attachment":[{"href":"https:\/\/lr-revision.se\/recenseo\/wp-json\/wp\/v2\/media?parent=41"}],"wp:term":[{"taxonomy":"page-category","embeddable":true,"href":"https:\/\/lr-revision.se\/recenseo\/wp-json\/wp\/v2\/page-category?post=41"}],"curies":[{"name":"wp","href":"https:\/\/api.w.org\/{rel}","templated":true}]}}