{"id":30,"date":"2021-03-05T16:10:54","date_gmt":"2021-03-05T15:10:54","guid":{"rendered":"https:\/\/lr-revision.se\/ostergyllen-borensberg\/?page_id=30"},"modified":"2025-10-13T13:46:51","modified_gmt":"2025-10-13T11:46:51","slug":"kontakt","status":"publish","type":"page","link":"https:\/\/lr-revision.se\/ostergyllen-borensberg\/kontakt\/","title":{"rendered":"Kontakt"},"content":{"rendered":"<div id=\"template-posts-block_d69cf4d878bf95685560a7339cc62614\" class=\"acf-block template-posts\">\n    <div class=\"block__content\">\n        <!-- wp:heading {\"textAlign\":\"center\"} -->\n<h2 class=\"title title--primary has-text-align-center\">Du har alltid n\u00e4ra till r\u00e5den du beh\u00f6ver i Borensberg<\/h2>\n<!-- \/wp:heading -->    <\/div>\n<\/div>\n\n\n<div id=\"employees-block_d526bfb325e4421e356c00f4bd5b92fa\" class=\"acf-block spacing-block employees\">\n    <div class=\"block__content\">\n                <div class=\"space-y-6 sm:space-y-0 item-grid item-grid--secondary\">\n            <div class=\"card card--primary max-w-md mx-auto p-10 w-full h-full items-center justify-center text-neutral text-lg hover:shadow-md transition-all duration-500 min-h-card\">\n    <div class=\"typography typography--wysiwyg\">\n        <h3><strong>Vi finns \u00e4ven i <\/strong><\/h3>\n<ul>\n<li><a class='link link--neutral' href=\"https:\/\/lr-revision.se\/ostergyllen-motala\/\">Motala<\/a><\/li>\n<li><a class='link link--neutral' href=\"https:\/\/lr-revision.se\/ostergyllen-linkoping\/\">Link\u00f6ping<\/a><\/li>\n<\/ul>\n    <\/div>\n<\/div>\n\n<div class=\"card card--primary card--vertical card--contact hover:shadow-md transition-all duration-500 border-t-8 border-primary max-w-md mx-auto \">\n        <header class=\"card__image card--vertical__image card--contact__image overflow-hidden\">\n        <img loading=\"lazy\" decoding=\"async\" width=\"400\" height=\"300\" src=\"https:\/\/lr-revision.se\/app\/uploads\/sites\/9\/2021\/03\/jan-andersson1-400x300.jpg\" class=\"h-full w-full object-contain\" alt=\"\" srcset=\"https:\/\/lr-revision.se\/app\/uploads\/sites\/9\/2021\/03\/jan-andersson1-400x300.jpg 400w, https:\/\/lr-revision.se\/app\/uploads\/sites\/9\/2021\/03\/jan-andersson1-768x576.jpg 768w, https:\/\/lr-revision.se\/app\/uploads\/sites\/9\/2021\/03\/jan-andersson1-1536x1152.jpg 1536w, https:\/\/lr-revision.se\/app\/uploads\/sites\/9\/2021\/03\/jan-andersson1-2048x1536.jpg 2048w\" sizes=\"auto, (max-width: 400px) 100vw, 400px\" \/>    <\/header>\n        <div class=\"card__content card--secondary card--vertical__content card--contact__content\">\n        <div class=\"card__body\">\n                            <h2 class=\"card__title title title--primary text-xl my-0\">Jan Andersson<\/h2>\n                                            <div class=\"flex flex-col mb-3\">\n                                                    <div class=\"card__work-title font-bold text-sm leading-5\">Auktoriserad revisor FAR<\/div>\n                                            <\/div>\n                                                        <div class=\"phone flex items-start mb-1\">\n                    <i class=\"fas fa-phone-alt mr-4 mt-1\" style=\"width:1.1rem; height: 1.1rem;\"><\/i>\n                                            <div class=\"flex flex-col\">\n                                                            <a class=\"phone link leading-6\" href=\"tel:013316085\">\n                                    013-31 60 85                                <\/a>\n                                                    <\/div>\n                                    <\/div>\n                                        <div class=\"card__email card--vertical__email card--contact__email flex justify-start items-center mb-1\">\n                    <i class=\"fas fa-envelope mr-4\" style=\"width:1.1rem; height: 1.1rem;\"><\/i>\n                    <a class=\"link link--default link--no-padding\" href=\"mailto:jan.andersson@lr-revision.se\">\n                        jan.andersson@lr-revision.se                    <\/a>\n                <\/div>\n                                                        <\/div>\n    <\/div>\n<\/div>\n\n<div class=\"card card--primary card--vertical card--contact hover:shadow-md transition-all duration-500 border-t-8 border-primary max-w-md mx-auto \">\n        <header class=\"card__image card--vertical__image card--contact__image overflow-hidden\">\n        <img loading=\"lazy\" decoding=\"async\" width=\"400\" height=\"300\" src=\"https:\/\/lr-revision.se\/app\/uploads\/sites\/9\/2021\/08\/carina-ostring-1-400x300.jpg\" class=\"h-full w-full object-contain\" alt=\"\" srcset=\"https:\/\/lr-revision.se\/app\/uploads\/sites\/9\/2021\/08\/carina-ostring-1-400x300.jpg 400w, https:\/\/lr-revision.se\/app\/uploads\/sites\/9\/2021\/08\/carina-ostring-1-768x576.jpg 768w, https:\/\/lr-revision.se\/app\/uploads\/sites\/9\/2021\/08\/carina-ostring-1-1536x1152.jpg 1536w, https:\/\/lr-revision.se\/app\/uploads\/sites\/9\/2021\/08\/carina-ostring-1-2048x1536.jpg 2048w\" sizes=\"auto, (max-width: 400px) 100vw, 400px\" \/>    <\/header>\n        <div class=\"card__content card--secondary card--vertical__content card--contact__content\">\n        <div class=\"card__body\">\n                            <h2 class=\"card__title title title--primary text-xl my-0\">Carina \u00d6string<\/h2>\n                                            <div class=\"flex flex-col mb-3\">\n                                                    <div class=\"card__work-title font-bold text-sm leading-5\">Redovisningskonsult<\/div>\n                                            <\/div>\n                                                        <div class=\"phone flex items-start mb-1\">\n                    <i class=\"fas fa-phone-alt mr-4 mt-1\" style=\"width:1.1rem; height: 1.1rem;\"><\/i>\n                                            <div class=\"flex flex-col\">\n                                                            <a class=\"phone link leading-6\" href=\"tel:0141472114\">\n                                    0141-47 21 14                                <\/a>\n                                                    <\/div>\n                                    <\/div>\n                                        <div class=\"card__email card--vertical__email card--contact__email flex justify-start items-center mb-1\">\n                    <i class=\"fas fa-envelope mr-4\" style=\"width:1.1rem; height: 1.1rem;\"><\/i>\n                    <a class=\"link link--default link--no-padding\" href=\"mailto:carina.ostring@lr-revision.se\">\n                        carina.ostring@lr-revision.se                    <\/a>\n                <\/div>\n                                                        <\/div>\n    <\/div>\n<\/div>\n\n<div class=\"card card--primary card--vertical card--contact hover:shadow-md transition-all duration-500 border-t-8 border-primary max-w-md mx-auto \">\n        <header class=\"card__image card--vertical__image card--contact__image overflow-hidden\">\n        <img loading=\"lazy\" decoding=\"async\" width=\"400\" height=\"300\" src=\"https:\/\/lr-revision.se\/app\/uploads\/sites\/9\/2021\/08\/daniel-ingemarsson-1-400x300.jpg\" class=\"h-full w-full object-contain\" alt=\"\" srcset=\"https:\/\/lr-revision.se\/app\/uploads\/sites\/9\/2021\/08\/daniel-ingemarsson-1-400x300.jpg 400w, https:\/\/lr-revision.se\/app\/uploads\/sites\/9\/2021\/08\/daniel-ingemarsson-1-768x576.jpg 768w, https:\/\/lr-revision.se\/app\/uploads\/sites\/9\/2021\/08\/daniel-ingemarsson-1-1536x1152.jpg 1536w, https:\/\/lr-revision.se\/app\/uploads\/sites\/9\/2021\/08\/daniel-ingemarsson-1-2048x1536.jpg 2048w\" sizes=\"auto, (max-width: 400px) 100vw, 400px\" \/>    <\/header>\n        <div class=\"card__content card--secondary card--vertical__content card--contact__content\">\n        <div class=\"card__body\">\n                            <h2 class=\"card__title title title--primary text-xl my-0\">Daniel Ingemarsson<\/h2>\n                                            <div class=\"flex flex-col mb-3\">\n                                                    <div class=\"card__work-title font-bold text-sm leading-5\">Auktoriserad redovisningskonsult Far<\/div>\n                                            <\/div>\n                                                        <div class=\"phone flex items-start mb-1\">\n                    <i class=\"fas fa-phone-alt mr-4 mt-1\" style=\"width:1.1rem; height: 1.1rem;\"><\/i>\n                                            <div class=\"flex flex-col\">\n                                                            <a class=\"phone link leading-6\" href=\"tel:0141472112\">\n                                    0141-47 21 12                                <\/a>\n                                                    <\/div>\n                                    <\/div>\n                                        <div class=\"card__email card--vertical__email card--contact__email flex justify-start items-center mb-1\">\n                    <i class=\"fas fa-envelope mr-4\" style=\"width:1.1rem; height: 1.1rem;\"><\/i>\n                    <a class=\"link link--default link--no-padding\" href=\"mailto:d.ingemarsson@lr-revision.se\">\n                        d.ingemarsson@lr-revision.se                    <\/a>\n                <\/div>\n                                                        <\/div>\n    <\/div>\n<\/div>\n\n<div class=\"card card--primary card--vertical card--contact hover:shadow-md transition-all duration-500 border-t-8 border-primary max-w-md mx-auto \">\n        <header class=\"card__image card--vertical__image card--contact__image overflow-hidden\">\n        <img loading=\"lazy\" decoding=\"async\" width=\"400\" height=\"300\" src=\"https:\/\/lr-revision.se\/app\/uploads\/sites\/9\/2021\/08\/torbjorn-rogsberg1-400x300.jpg\" class=\"h-full w-full object-contain\" alt=\"\" srcset=\"https:\/\/lr-revision.se\/app\/uploads\/sites\/9\/2021\/08\/torbjorn-rogsberg1-400x300.jpg 400w, https:\/\/lr-revision.se\/app\/uploads\/sites\/9\/2021\/08\/torbjorn-rogsberg1-768x576.jpg 768w, https:\/\/lr-revision.se\/app\/uploads\/sites\/9\/2021\/08\/torbjorn-rogsberg1-1536x1152.jpg 1536w, https:\/\/lr-revision.se\/app\/uploads\/sites\/9\/2021\/08\/torbjorn-rogsberg1-2048x1536.jpg 2048w\" sizes=\"auto, (max-width: 400px) 100vw, 400px\" \/>    <\/header>\n        <div class=\"card__content card--secondary card--vertical__content card--contact__content\">\n        <div class=\"card__body\">\n                            <h2 class=\"card__title title title--primary text-xl my-0\">Torbj\u00f6rn Rogsberg<\/h2>\n                                            <div class=\"flex flex-col mb-3\">\n                                                    <div class=\"card__work-title font-bold text-sm leading-5\">Auktoriserad redovisningskonsult FAR<\/div>\n                                            <\/div>\n                                                        <div class=\"phone flex items-start mb-1\">\n                    <i class=\"fas fa-phone-alt mr-4 mt-1\" style=\"width:1.1rem; height: 1.1rem;\"><\/i>\n                                            <div class=\"flex flex-col\">\n                                                            <a class=\"phone link leading-6\" href=\"tel:0141472113\">\n                                    0141-47 21 13                                <\/a>\n                                                    <\/div>\n                                    <\/div>\n                                        <div class=\"card__email card--vertical__email card--contact__email flex justify-start items-center mb-1\">\n                    <i class=\"fas fa-envelope mr-4\" style=\"width:1.1rem; height: 1.1rem;\"><\/i>\n                    <a class=\"link link--default link--no-padding\" href=\"mailto:t.rogsberg@lr-revision.se\">\n                        t.rogsberg@lr-revision.se                    <\/a>\n                <\/div>\n                                                        <\/div>\n    <\/div>\n<\/div>\n\n<div class=\"card card--primary card--vertical card--contact hover:shadow-md transition-all duration-500 border-t-8 border-primary max-w-md mx-auto \">\n        <header class=\"card__image card--vertical__image card--contact__image overflow-hidden\">\n        <img loading=\"lazy\" decoding=\"async\" width=\"560\" height=\"420\" src=\"https:\/\/lr-revision.se\/app\/uploads\/sites\/9\/2025\/04\/emelie-2-560x420.jpeg\" class=\"h-full w-full object-contain\" alt=\"\" \/>    <\/header>\n        <div class=\"card__content card--secondary card--vertical__content card--contact__content\">\n        <div class=\"card__body\">\n                            <h2 class=\"card__title title title--primary text-xl my-0\">Emelie Karlsson<\/h2>\n                                            <div class=\"flex flex-col mb-3\">\n                                                    <div class=\"card__work-title font-bold text-sm leading-5\">Redovisningskonsult<\/div>\n                                            <\/div>\n                                                        <div class=\"phone flex items-start mb-1\">\n                    <i class=\"fas fa-phone-alt mr-4 mt-1\" style=\"width:1.1rem; height: 1.1rem;\"><\/i>\n                                            <div class=\"flex flex-col\">\n                                                            <a class=\"phone link leading-6\" href=\"tel:0141472111\">\n                                    0141-47 21 11                                <\/a>\n                                                    <\/div>\n                                    <\/div>\n                                        <div class=\"card__email card--vertical__email card--contact__email flex justify-start items-center mb-1\">\n                    <i class=\"fas fa-envelope mr-4\" style=\"width:1.1rem; height: 1.1rem;\"><\/i>\n                    <a class=\"link link--default link--no-padding\" href=\"mailto:emelie.karlsson@lr-revision.se\">\n                        emelie.karlsson@lr-revision.se                    <\/a>\n                <\/div>\n                                            <div class=\"card__social-link card--vertical__social-link card--contact__social-link flex justify-start items-center mb-2\">\n                        <span class=\"mr-4 flex items-center text-md\" style=\"width: 1.1rem; height: 1.1rem;\">\n                            <i class=\"fab fa-facebook-f\"><\/i>                        <\/span>\n                                            <\/div>\n                                            <\/div>\n    <\/div>\n<\/div>\n\n<div class=\"card card--primary card--vertical card--contact hover:shadow-md transition-all duration-500 border-t-8 border-primary max-w-md mx-auto \">\n        <header class=\"card__image card--vertical__image card--contact__image overflow-hidden\">\n        <img loading=\"lazy\" decoding=\"async\" width=\"560\" height=\"420\" src=\"https:\/\/lr-revision.se\/app\/uploads\/sites\/9\/2025\/04\/skarlet-7-560x420.jpeg\" class=\"h-full w-full object-contain\" alt=\"\" \/>    <\/header>\n        <div class=\"card__content card--secondary card--vertical__content card--contact__content\">\n        <div class=\"card__body\">\n                            <h2 class=\"card__title title title--primary text-xl my-0\">Skarlet Amseeh<\/h2>\n                                            <div class=\"flex flex-col mb-3\">\n                                                    <div class=\"card__work-title font-bold text-sm leading-5\">Redovisnings-\/Revisorsassistent<\/div>\n                                            <\/div>\n                                                                    <div class=\"card__email card--vertical__email card--contact__email flex justify-start items-center mb-1\">\n                    <i class=\"fas fa-envelope mr-4\" style=\"width:1.1rem; height: 1.1rem;\"><\/i>\n                    <a class=\"link link--default link--no-padding\" href=\"mailto:skarlet.amseeh@lr-revision.se\">\n                        skarlet.amseeh@lr-revision.se                    <\/a>\n                <\/div>\n                                            <div class=\"card__social-link card--vertical__social-link card--contact__social-link flex justify-start items-center mb-2\">\n                        <span class=\"mr-4 flex items-center text-md\" style=\"width: 1.1rem; height: 1.1rem;\">\n                            <i class=\"fab fa-facebook-f\"><\/i>                        <\/span>\n                                            <\/div>\n                                            <\/div>\n    <\/div>\n<\/div>\n\n<div class=\"card card--primary card--vertical card--contact hover:shadow-md transition-all duration-500 border-t-8 border-primary max-w-md mx-auto \">\n        <header class=\"card__image card--vertical__image card--contact__image overflow-hidden\">\n        <img loading=\"lazy\" decoding=\"async\" width=\"560\" height=\"420\" src=\"https:\/\/lr-revision.se\/app\/uploads\/sites\/9\/2025\/10\/alketa-sadiku-2-560x420.jpg\" class=\"h-full w-full object-contain\" alt=\"\" \/>    <\/header>\n        <div class=\"card__content card--secondary card--vertical__content card--contact__content\">\n        <div class=\"card__body\">\n                            <h2 class=\"card__title title title--primary text-xl my-0\">Alketa Sadiku<\/h2>\n                                            <div class=\"flex flex-col mb-3\">\n                                                    <div class=\"card__work-title font-bold text-sm leading-5\">Redovisnings-\/Revisorsassistent<\/div>\n                                            <\/div>\n                                                                    <div class=\"card__email card--vertical__email card--contact__email flex justify-start items-center mb-1\">\n                    <i class=\"fas fa-envelope mr-4\" style=\"width:1.1rem; height: 1.1rem;\"><\/i>\n                    <a class=\"link link--default link--no-padding\" href=\"mailto:alketa.sadiku@lr-revision.se\">\n                        alketa.sadiku@lr-revision.se                    <\/a>\n                <\/div>\n                                            <div class=\"card__social-link card--vertical__social-link card--contact__social-link flex justify-start items-center mb-2\">\n                        <span class=\"mr-4 flex items-center text-md\" style=\"width: 1.1rem; height: 1.1rem;\">\n                            <i class=\"fab fa-facebook-f\"><\/i>                        <\/span>\n                                            <\/div>\n                                            <\/div>\n    <\/div>\n<\/div>\n<div class=\"card card--tertiary max-w-md mx-auto p-10 w-full h-full justify-center text-xl text-neutral hover:shadow-md transition-all duration-500 min-h-card\">\n    <div class=\"font-bold text-center\">\n        F\u00f6lj oss p\u00e5 sociala medier        <div class=\"flex justify-center mt-6\">\n                    <span\n            class=\"link link--tertiary hover:bg-dark hover:bg-opacity-25 rounded-full p-2 transition-all duration-500 ease-in-out\"\n            style=\"height: 2.5rem; width:2.5rem;\"\n        >\n            <a\n                class=\"flex items-center justify-center off\"\n                href='https:\/\/www.facebook.com\/LR-Revision-Redovisning-%C3%96stergyllen-AB-1328437203873151'\n                target='_blank' rel='noreferrer noopener'\n                style=\"width: 1.5rem; height: 1.5rem;\"\n            >\n                <i class=\"fab fa-facebook-f\"><\/i>            <\/a>\n        <\/span>\n            <span\n            class=\"link link--tertiary hover:bg-dark hover:bg-opacity-25 rounded-full p-2 transition-all duration-500 ease-in-out\"\n            style=\"height: 2.5rem; width:2.5rem;\"\n        >\n            <a\n                class=\"flex items-center justify-center off\"\n                href='https:\/\/www.linkedin.com\/company\/lr-ostergyllen'\n                target='_blank' rel='noreferrer noopener'\n                style=\"width: 1.5rem; height: 1.5rem;\"\n            >\n                <i class=\"fab fa-linkedin\"><\/i>            <\/a>\n        <\/span>\n            <\/div>\n    <\/div>\n<\/div>\n        <\/div>\n    <\/div>\n<\/div>\n\n\n<div id=\"map-block_7f78f43625ffb14b634d056d26d427bc\" class=\"acf-block spacing-block map end-equalizer\">\n    <div class=\"block__content margin-fix\">\n                    <div class=\"typography text-max-width text-center mb-8\">\n                <h2 style=\"text-align: center\" class=\"title title--primary\">Hitta hit<\/h2>\n            <\/div>\n                <div class=\"members-map relative\">\n            <div class=\"members-map__map google-map\">\n                <div\n    class=\"marker\"\n    data-lat=\"58.5617492\"\n    data-lng=\"15.2821128\"\n>\n    <div class=\"marker__body\">\n        <h3 class=\"marker__title title title--primary title--hyphenate mt-0\">\n            LR Revision &amp; Redovisning \u00d6stergyllen Borensberg        <\/h3>\n        <div class=\"marker__content text-sm font-light\">\n                    <\/div>\n        <p class=\"address\">\n            Hamnv\u00e4gen 7, Borensberg, Sverige        <\/p>\n    <\/div>\n<\/div>\n            <\/div>\n        <\/div>\n    <\/div>\n<\/div>\n\n\n\n<p><\/p>\n","protected":false},"excerpt":{"rendered":"","protected":false},"author":1,"featured_media":0,"parent":0,"menu_order":0,"comment_status":"closed","ping_status":"closed","template":"","meta":{"_acf_changed":false,"inline_featured_image":false,"footnotes":""},"page-category":[],"class_list":["post-30","page","type-page","status-publish","hentry"],"acf":[],"publishpress_future_action":{"enabled":false,"date":"2026-05-19 23:11:41","action":"change-status","newStatus":"draft","terms":[],"taxonomy":"page-category","extraData":[]},"publishpress_future_workflow_manual_trigger":{"enabledWorkflows":[]},"_links":{"self":[{"href":"https:\/\/lr-revision.se\/ostergyllen-borensberg\/wp-json\/wp\/v2\/pages\/30","targetHints":{"allow":["GET"]}}],"collection":[{"href":"https:\/\/lr-revision.se\/ostergyllen-borensberg\/wp-json\/wp\/v2\/pages"}],"about":[{"href":"https:\/\/lr-revision.se\/ostergyllen-borensberg\/wp-json\/wp\/v2\/types\/page"}],"author":[{"embeddable":true,"href":"https:\/\/lr-revision.se\/ostergyllen-borensberg\/wp-json\/wp\/v2\/users\/1"}],"replies":[{"embeddable":true,"href":"https:\/\/lr-revision.se\/ostergyllen-borensberg\/wp-json\/wp\/v2\/comments?post=30"}],"version-history":[{"count":2,"href":"https:\/\/lr-revision.se\/ostergyllen-borensberg\/wp-json\/wp\/v2\/pages\/30\/revisions"}],"predecessor-version":[{"id":2123,"href":"https:\/\/lr-revision.se\/ostergyllen-borensberg\/wp-json\/wp\/v2\/pages\/30\/revisions\/2123"}],"wp:attachment":[{"href":"https:\/\/lr-revision.se\/ostergyllen-borensberg\/wp-json\/wp\/v2\/media?parent=30"}],"wp:term":[{"taxonomy":"page-category","embeddable":true,"href":"https:\/\/lr-revision.se\/ostergyllen-borensberg\/wp-json\/wp\/v2\/page-category?post=30"}],"curies":[{"name":"wp","href":"https:\/\/api.w.org\/{rel}","templated":true}]}}