{"id":178,"date":"2021-03-10T16:54:27","date_gmt":"2021-03-10T15:54:27","guid":{"rendered":"https:\/\/lr-revision.se\/ostergyllen-borensberg\/?page_id=178"},"modified":"2021-09-29T16:11:31","modified_gmt":"2021-09-29T14:11:31","slug":"anpassade-tjanster","status":"publish","type":"page","link":"https:\/\/lr-revision.se\/ostergyllen-borensberg\/anpassade-tjanster\/","title":{"rendered":"Anpassade tj\u00e4nster"},"content":{"rendered":"<div id=\"cards-block_60424a901728b\" class=\"acf-block spacing-block cards\">\n    <div class=\"block__content\">\n                <div class=\"space-y-6 md:space-y-0 item-grid md:gap-4 md:grid md:grid-cols-3\">\n            \n<div class=\"card card--primary card--vertical border-t-8 border-primary hover:shadow-md transition-all duration-500\">\n            <header class=\"card__image card--vertical__image overflow-hidden\">\n            <img loading=\"lazy\" decoding=\"async\" width=\"850\" height=\"560\" src=\"https:\/\/lr-revision.se\/app\/uploads\/2021\/03\/ima199978-850x560.jpg\" class=\"h-full w-full object-cover\" alt=\"\" \/>        <\/header>\n        <div class=\"card__content card--secondary card--vertical__content\">\n        <div class=\"card__body\">\n            <div class=\"font-bold uppercase\">\n                            <\/div>\n            <h2 class=\"card__title title title--primary text-lg mt-0 line-clamp overflow-hidden overflow-ellipsis\">\u201dJord- och skogsbruk \u2013 kan ni den ekonomin?\u201d<\/h2>\n            <p>\u00c4r du skogs\u00e4gare? \u00c4ger du en n\u00e4ringsfastighet? Driver du jordbruk eller skogsbruk? D\u00e5 finns olika ekonomiska problem och m\u00f6jligheter ..<\/p>\n        <\/div>\n        <div class=\"mt-auto\">\n                    <a class=\"link link--secondary inline-block pt-2\" href=\"https:\/\/lr-revision.se\/ostergyllen-borensberg\/anpassade-tjanster\/jord-skogsbruk\/\" title=\"Vi hj\u00e4lper dig\" >\n            Vi hj\u00e4lper dig        <\/a>\n            <\/div>\n    <\/div>\n<\/div>\n        <\/div>\n    <\/div>\n<\/div>\n","protected":false},"excerpt":{"rendered":"","protected":false},"author":1,"featured_media":0,"parent":0,"menu_order":0,"comment_status":"closed","ping_status":"closed","template":"","meta":{"_acf_changed":false,"inline_featured_image":false,"footnotes":""},"page-category":[],"class_list":["post-178","page","type-page","status-publish","hentry"],"acf":[],"publishpress_future_action":{"enabled":false,"date":"2026-05-11 10:18:46","action":"change-status","newStatus":"draft","terms":[],"taxonomy":"page-category","extraData":[]},"publishpress_future_workflow_manual_trigger":{"enabledWorkflows":[]},"_links":{"self":[{"href":"https:\/\/lr-revision.se\/ostergyllen-borensberg\/wp-json\/wp\/v2\/pages\/178","targetHints":{"allow":["GET"]}}],"collection":[{"href":"https:\/\/lr-revision.se\/ostergyllen-borensberg\/wp-json\/wp\/v2\/pages"}],"about":[{"href":"https:\/\/lr-revision.se\/ostergyllen-borensberg\/wp-json\/wp\/v2\/types\/page"}],"author":[{"embeddable":true,"href":"https:\/\/lr-revision.se\/ostergyllen-borensberg\/wp-json\/wp\/v2\/users\/1"}],"replies":[{"embeddable":true,"href":"https:\/\/lr-revision.se\/ostergyllen-borensberg\/wp-json\/wp\/v2\/comments?post=178"}],"version-history":[{"count":2,"href":"https:\/\/lr-revision.se\/ostergyllen-borensberg\/wp-json\/wp\/v2\/pages\/178\/revisions"}],"predecessor-version":[{"id":1208,"href":"https:\/\/lr-revision.se\/ostergyllen-borensberg\/wp-json\/wp\/v2\/pages\/178\/revisions\/1208"}],"wp:attachment":[{"href":"https:\/\/lr-revision.se\/ostergyllen-borensberg\/wp-json\/wp\/v2\/media?parent=178"}],"wp:term":[{"taxonomy":"page-category","embeddable":true,"href":"https:\/\/lr-revision.se\/ostergyllen-borensberg\/wp-json\/wp\/v2\/page-category?post=178"}],"curies":[{"name":"wp","href":"https:\/\/api.w.org\/{rel}","templated":true}]}}