{"id":30,"date":"2021-03-05T16:10:54","date_gmt":"2021-03-05T15:10:54","guid":{"rendered":"https:\/\/lr-revision.se\/lr-strangnas\/?page_id=30"},"modified":"2025-09-18T15:28:18","modified_gmt":"2025-09-18T13:28:18","slug":"kontakt","status":"publish","type":"page","link":"https:\/\/lr-revision.se\/lr-strangnas\/kontakt\/","title":{"rendered":"Kontakt"},"content":{"rendered":"<div id=\"template-posts-block_d69cf4d878bf95685560a7339cc62614\" class=\"acf-block template-posts\">\n    <div class=\"block__content\">\n        <!-- wp:heading {\"textAlign\":\"center\"} -->\n<h2 class=\"title title--primary has-text-align-center\">Du har alltid n\u00e4ra till r\u00e5den du beh\u00f6ver i Str\u00e4ngn\u00e4s<\/h2>\n<!-- \/wp:heading -->    <\/div>\n<\/div>\n\n\n<div id=\"employees-block_eaeba63fe87d279701c32fb7b24632ba\" class=\"acf-block spacing-block employees\">\n    <div class=\"block__content\">\n                <div class=\"space-y-6 sm:space-y-0 item-grid item-grid--secondary\">\n            \n<div class=\"card card--primary card--vertical card--contact hover:shadow-md transition-all duration-500 border-t-8 border-primary max-w-md mx-auto \">\n        <header class=\"card__image card--vertical__image card--contact__image overflow-hidden\">\n        <img loading=\"lazy\" decoding=\"async\" width=\"500\" height=\"375\" src=\"https:\/\/lr-revision.se\/app\/uploads\/sites\/103\/2021\/03\/jonas-ekman-lr-strangnas-500.jpg\" class=\"h-full w-full object-contain\" alt=\"\" \/>    <\/header>\n        <div class=\"card__content card--secondary card--vertical__content card--contact__content\">\n        <div class=\"card__body\">\n                            <h2 class=\"card__title title title--primary text-xl my-0\">Jonas Ekman<\/h2>\n                                            <div class=\"flex flex-col mb-3\">\n                                                    <div class=\"card__work-title font-bold text-sm leading-5\">Auktoriserad revisor<\/div>\n                                            <\/div>\n                                                        <div class=\"phone flex items-start mb-1\">\n                    <i class=\"fas fa-phone-alt mr-4 mt-1\" style=\"width:1.1rem; height: 1.1rem;\"><\/i>\n                                            <div class=\"flex flex-col\">\n                                                            <a class=\"phone link leading-6\" href=\"tel:0706258449\">\n                                    070-625 84 49                                <\/a>\n                                                    <\/div>\n                                    <\/div>\n                                        <div class=\"card__email card--vertical__email card--contact__email flex justify-start items-center mb-1\">\n                    <i class=\"fas fa-envelope mr-4\" style=\"width:1.1rem; height: 1.1rem;\"><\/i>\n                    <a class=\"link link--default link--no-padding\" href=\"mailto:jona&#115;&#046;&#101;&#107;&#109;&#097;&#110;&#x40;&#x6c;&#x72;&#x2d;&#x72;&#x65;&#x76;&#x69;&#x73;ion&#046;&#115;&#101;\">\n                        jona&#115;&#046;&#101;&#107;&#109;&#097;&#110;&#x40;&#x6c;&#x72;&#x2d;&#x72;&#x65;&#x76;&#x69;&#x73;ion&#046;&#115;&#101;                    <\/a>\n                <\/div>\n                                                        <\/div>\n    <\/div>\n<\/div>\n\n<div class=\"card card--primary card--vertical card--contact hover:shadow-md transition-all duration-500 border-t-8 border-primary max-w-md mx-auto \">\n        <header class=\"card__image card--vertical__image card--contact__image overflow-hidden\">\n        <img loading=\"lazy\" decoding=\"async\" width=\"500\" height=\"375\" src=\"https:\/\/lr-revision.se\/app\/uploads\/sites\/103\/2024\/03\/anne-ericsson-lr-strangnas-500-2.jpg\" class=\"h-full w-full object-contain\" alt=\"\" \/>    <\/header>\n        <div class=\"card__content card--secondary card--vertical__content card--contact__content\">\n        <div class=\"card__body\">\n                            <h2 class=\"card__title title title--primary text-xl my-0\">Anne Eriksson<\/h2>\n                                            <div class=\"flex flex-col mb-3\">\n                                                    <div class=\"card__work-title font-bold text-sm leading-5\">Auktoriserad revisor<\/div>\n                                            <\/div>\n                                                        <div class=\"phone flex items-start mb-1\">\n                    <i class=\"fas fa-phone-alt mr-4 mt-1\" style=\"width:1.1rem; height: 1.1rem;\"><\/i>\n                                            <div class=\"flex flex-col\">\n                                                            <a class=\"phone link leading-6\" href=\"tel:0702241562\">\n                                    070-224 15 62                                <\/a>\n                                                    <\/div>\n                                    <\/div>\n                                        <div class=\"card__email card--vertical__email card--contact__email flex justify-start items-center mb-1\">\n                    <i class=\"fas fa-envelope mr-4\" style=\"width:1.1rem; height: 1.1rem;\"><\/i>\n                    <a class=\"link link--default link--no-padding\" href=\"mailto:&#097;n&#110;e&#046;e&#x72;i&#x6b;s&#x73;o&#x6e;&#064;&#x6c;r&#x2d;r&#x65;v&#x69;s&#x69;o&#x6e;&#046;&#x73;&#101;\">\n                        &#097;n&#110;e&#046;e&#x72;i&#x6b;s&#x73;o&#x6e;&#064;&#x6c;r&#x2d;r&#x65;v&#x69;s&#x69;o&#x6e;&#046;&#x73;&#101;                    <\/a>\n                <\/div>\n                                                        <\/div>\n    <\/div>\n<\/div>\n\n<div class=\"card card--primary card--vertical card--contact hover:shadow-md transition-all duration-500 border-t-8 border-primary max-w-md mx-auto \">\n        <header class=\"card__image card--vertical__image card--contact__image overflow-hidden\">\n        <img loading=\"lazy\" decoding=\"async\" width=\"500\" height=\"375\" src=\"https:\/\/lr-revision.se\/app\/uploads\/sites\/103\/2024\/03\/annica-medberg-lr-strangnas-500.jpg\" class=\"h-full w-full object-contain\" alt=\"\" \/>    <\/header>\n        <div class=\"card__content card--secondary card--vertical__content card--contact__content\">\n        <div class=\"card__body\">\n                            <h2 class=\"card__title title title--primary text-xl my-0\">Annica Medberg<\/h2>\n                                            <div class=\"flex flex-col mb-3\">\n                                                    <div class=\"card__work-title font-bold text-sm leading-5\">Revisor<\/div>\n                                            <\/div>\n                                                        <div class=\"phone flex items-start mb-1\">\n                    <i class=\"fas fa-phone-alt mr-4 mt-1\" style=\"width:1.1rem; height: 1.1rem;\"><\/i>\n                                            <div class=\"flex flex-col\">\n                                                            <a class=\"phone link leading-6\" href=\"tel:0766959958\">\n                                    076-695 99 58                                <\/a>\n                                                    <\/div>\n                                    <\/div>\n                                        <div class=\"card__email card--vertical__email card--contact__email flex justify-start items-center mb-1\">\n                    <i class=\"fas fa-envelope mr-4\" style=\"width:1.1rem; height: 1.1rem;\"><\/i>\n                    <a class=\"link link--default link--no-padding\" href=\"mailto:&#097;&#x6e;&#110;&#x69;&#099;&#x61;&#046;&#x6d;&#101;&#x64;&#098;&#x65;r&#x67;&#064;&#x6c;r&#x2d;r&#x65;v&#x69;s&#105;&#x6f;&#110;&#x2e;&#115;&#x65;\">\n                        &#097;&#x6e;&#110;&#x69;&#099;&#x61;&#046;&#x6d;&#101;&#x64;&#098;&#x65;r&#x67;&#064;&#x6c;r&#x2d;r&#x65;v&#x69;s&#105;&#x6f;&#110;&#x2e;&#115;&#x65;                    <\/a>\n                <\/div>\n                                                        <\/div>\n    <\/div>\n<\/div>\n\n<div class=\"card card--primary card--vertical card--contact hover:shadow-md transition-all duration-500 border-t-8 border-primary max-w-md mx-auto \">\n        <header class=\"card__image card--vertical__image card--contact__image overflow-hidden\">\n        <img loading=\"lazy\" decoding=\"async\" width=\"500\" height=\"375\" src=\"https:\/\/lr-revision.se\/app\/uploads\/sites\/103\/2024\/03\/jenny-thermaenius-lr-strangnas-500.jpg\" class=\"h-full w-full object-contain\" alt=\"\" \/>    <\/header>\n        <div class=\"card__content card--secondary card--vertical__content card--contact__content\">\n        <div class=\"card__body\">\n                            <h2 class=\"card__title title title--primary text-xl my-0\">Jenny Thermaenius<\/h2>\n                                            <div class=\"flex flex-col mb-3\">\n                                                    <div class=\"card__work-title font-bold text-sm leading-5\">Revisor<\/div>\n                                            <\/div>\n                                                        <div class=\"phone flex items-start mb-1\">\n                    <i class=\"fas fa-phone-alt mr-4 mt-1\" style=\"width:1.1rem; height: 1.1rem;\"><\/i>\n                                            <div class=\"flex flex-col\">\n                                                            <a class=\"phone link leading-6\" href=\"tel:0766960008\">\n                                    076-696 00 08                                <\/a>\n                                                    <\/div>\n                                    <\/div>\n                                        <div class=\"card__email card--vertical__email card--contact__email flex justify-start items-center mb-1\">\n                    <i class=\"fas fa-envelope mr-4\" style=\"width:1.1rem; height: 1.1rem;\"><\/i>\n                    <a class=\"link link--default link--no-padding\" href=\"mailto:&#x6a;e&#x6e;n&#x79;&#046;&#x74;&#104;e&#x72;m&#x61;&#101;&#x6e;&#105;&#x75;&#115;&#064;&#x6c;r&#x2d;&#114;&#x65;&#118;&#x69;&#x73;i&#x6f;n&#x2e;&#115;&#x65;\">\n                        &#x6a;e&#x6e;n&#x79;&#046;&#x74;&#104;e&#x72;m&#x61;&#101;&#x6e;&#105;&#x75;&#115;&#064;&#x6c;r&#x2d;&#114;&#x65;&#118;&#x69;&#x73;i&#x6f;n&#x2e;&#115;&#x65;                    <\/a>\n                <\/div>\n                                                        <\/div>\n    <\/div>\n<\/div>\n\n<div class=\"card card--primary card--vertical card--contact hover:shadow-md transition-all duration-500 border-t-8 border-primary max-w-md mx-auto \">\n        <header class=\"card__image card--vertical__image card--contact__image overflow-hidden\">\n        <img loading=\"lazy\" decoding=\"async\" width=\"500\" height=\"375\" src=\"https:\/\/lr-revision.se\/app\/uploads\/sites\/103\/2024\/03\/johan-zetterlund-lr-strangnas-500.jpg\" class=\"h-full w-full object-contain\" alt=\"\" \/>    <\/header>\n        <div class=\"card__content card--secondary card--vertical__content card--contact__content\">\n        <div class=\"card__body\">\n                            <h2 class=\"card__title title title--primary text-xl my-0\">Johan Zetterlund<\/h2>\n                                            <div class=\"flex flex-col mb-3\">\n                                                    <div class=\"card__work-title font-bold text-sm leading-5\">Revisor<\/div>\n                                            <\/div>\n                                                        <div class=\"phone flex items-start mb-1\">\n                    <i class=\"fas fa-phone-alt mr-4 mt-1\" style=\"width:1.1rem; height: 1.1rem;\"><\/i>\n                                            <div class=\"flex flex-col\">\n                                                            <a class=\"phone link leading-6\" href=\"tel:0736791583\">\n                                    073-679 15 83                                <\/a>\n                                                    <\/div>\n                                    <\/div>\n                                        <div class=\"card__email card--vertical__email card--contact__email flex justify-start items-center mb-1\">\n                    <i class=\"fas fa-envelope mr-4\" style=\"width:1.1rem; height: 1.1rem;\"><\/i>\n                    <a class=\"link link--default link--no-padding\" href=\"mailto:joh&#097;&#110;&#046;&#x7a;&#x65;&#x74;&#x74;&#x65;&#x72;lun&#100;&#064;&#108;&#114;&#x2d;&#x72;&#x65;&#x76;&#x69;&#x73;ion&#046;&#115;&#101;\">\n                        joh&#097;&#110;&#046;&#x7a;&#x65;&#x74;&#x74;&#x65;&#x72;lun&#100;&#064;&#108;&#114;&#x2d;&#x72;&#x65;&#x76;&#x69;&#x73;ion&#046;&#115;&#101;                    <\/a>\n                <\/div>\n                                                        <\/div>\n    <\/div>\n<\/div>\n\n<div class=\"card card--primary card--vertical card--contact hover:shadow-md transition-all duration-500 border-t-8 border-primary max-w-md mx-auto \">\n        <header class=\"card__image card--vertical__image card--contact__image overflow-hidden\">\n        <img loading=\"lazy\" decoding=\"async\" width=\"500\" height=\"375\" src=\"https:\/\/lr-revision.se\/app\/uploads\/sites\/103\/2024\/03\/marcus-von-rosen-lr-strangnas-500.jpg\" class=\"h-full w-full object-contain\" alt=\"\" \/>    <\/header>\n        <div class=\"card__content card--secondary card--vertical__content card--contact__content\">\n        <div class=\"card__body\">\n                            <h2 class=\"card__title title title--primary text-xl my-0\">Marcus von Ros\u00e9n<\/h2>\n                                            <div class=\"flex flex-col mb-3\">\n                                                    <div class=\"card__work-title font-bold text-sm leading-5\">Revisor<\/div>\n                                            <\/div>\n                                                        <div class=\"phone flex items-start mb-1\">\n                    <i class=\"fas fa-phone-alt mr-4 mt-1\" style=\"width:1.1rem; height: 1.1rem;\"><\/i>\n                                            <div class=\"flex flex-col\">\n                                                            <a class=\"phone link leading-6\" href=\"tel:0702140365\">\n                                    070-214 03 65                                <\/a>\n                                                    <\/div>\n                                    <\/div>\n                                        <div class=\"card__email card--vertical__email card--contact__email flex justify-start items-center mb-1\">\n                    <i class=\"fas fa-envelope mr-4\" style=\"width:1.1rem; height: 1.1rem;\"><\/i>\n                    <a class=\"link link--default link--no-padding\" href=\"mailto:&#x6d;&#x61;&#x72;&#x63;&#x75;&#x73;&#046;&#118;&#111;&#110;&#046;ros&#x65;&#x6e;&#x40;&#x6c;&#x72;&#x2d;&#114;&#101;&#118;&#105;&#115;ion&#x2e;&#x73;&#x65;\">\n                        &#x6d;&#x61;&#x72;&#x63;&#x75;&#x73;&#046;&#118;&#111;&#110;&#046;ros&#x65;&#x6e;&#x40;&#x6c;&#x72;&#x2d;&#114;&#101;&#118;&#105;&#115;ion&#x2e;&#x73;&#x65;                    <\/a>\n                <\/div>\n                                                        <\/div>\n    <\/div>\n<\/div>\n\n<div class=\"card card--primary card--vertical card--contact hover:shadow-md transition-all duration-500 border-t-8 border-primary max-w-md mx-auto \">\n        <header class=\"card__image card--vertical__image card--contact__image overflow-hidden\">\n        <img loading=\"lazy\" decoding=\"async\" width=\"500\" height=\"375\" src=\"https:\/\/lr-revision.se\/app\/uploads\/sites\/103\/2025\/09\/amanda-fallqvist.jpg\" class=\"h-full w-full object-contain\" alt=\"\" \/>    <\/header>\n        <div class=\"card__content card--secondary card--vertical__content card--contact__content\">\n        <div class=\"card__body\">\n                            <h2 class=\"card__title title title--primary text-xl my-0\">Amanda Fallqvist<\/h2>\n                                            <div class=\"flex flex-col mb-3\">\n                                                    <div class=\"card__work-title font-bold text-sm leading-5\">Auktoriserad revisor<\/div>\n                                            <\/div>\n                                                        <div class=\"phone flex items-start mb-1\">\n                    <i class=\"fas fa-phone-alt mr-4 mt-1\" style=\"width:1.1rem; height: 1.1rem;\"><\/i>\n                                            <div class=\"flex flex-col\">\n                                                            <a class=\"phone link leading-6\" href=\"tel:0736314074\">\n                                    073-631 40 74                                <\/a>\n                                                    <\/div>\n                                    <\/div>\n                                        <div class=\"card__email card--vertical__email card--contact__email flex justify-start items-center mb-1\">\n                    <i class=\"fas fa-envelope mr-4\" style=\"width:1.1rem; height: 1.1rem;\"><\/i>\n                    <a class=\"link link--default link--no-padding\" href=\"mailto:&#097;&#x6d;a&#110;&#x64;&#097;&#x2e;f&#097;&#x6c;l&#x71;&#x76;&#105;&#x73;t&#064;&#x6c;r&#x2d;&#x72;&#101;&#x76;i&#115;&#x69;&#111;&#x6e;&#046;&#115;&#x65;\">\n                        &#097;&#x6d;a&#110;&#x64;&#097;&#x2e;f&#097;&#x6c;l&#x71;&#x76;&#105;&#x73;t&#064;&#x6c;r&#x2d;&#x72;&#101;&#x76;i&#115;&#x69;&#111;&#x6e;&#046;&#115;&#x65;                    <\/a>\n                <\/div>\n                                                        <\/div>\n    <\/div>\n<\/div>\n        <\/div>\n    <\/div>\n<\/div>\n\n\n<div id=\"map-block_7f78f43625ffb14b634d056d26d427bc\" class=\"acf-block spacing-block map end-equalizer\">\n    <div class=\"block__content margin-fix\">\n                    <div class=\"typography text-max-width text-center mb-8\">\n                <h2 style=\"text-align: center\" class=\"title title--primary\">Hitta hit<\/h2>\n            <\/div>\n                <div class=\"members-map relative\">\n            <div class=\"members-map__map google-map\">\n                <div\n    class=\"marker\"\n    data-lat=\"59.3669099\"\n    data-lng=\"17.021055\"\n>\n    <div class=\"marker__body\">\n        <h3 class=\"marker__title title title--primary title--hyphenate mt-0\">\n            LR Revision Str\u00e4ngn\u00e4s AB        <\/h3>\n        <div class=\"marker__content text-sm font-light\">\n                    <\/div>\n        <p class=\"address\">\n            Mark\u00f6rv\u00e4gen 4, 645 42 Str\u00e4ngn\u00e4s, Sverige        <\/p>\n    <\/div>\n<\/div>\n            <\/div>\n        <\/div>\n    <\/div>\n<\/div>\n","protected":false},"excerpt":{"rendered":"","protected":false},"author":1,"featured_media":0,"parent":0,"menu_order":0,"comment_status":"closed","ping_status":"closed","template":"","meta":{"_acf_changed":false,"inline_featured_image":false,"footnotes":""},"page-category":[],"class_list":["post-30","page","type-page","status-publish","hentry"],"acf":[],"publishpress_future_action":{"enabled":false,"date":"2026-04-18 15:32:30","action":"change-status","newStatus":"draft","terms":[],"taxonomy":"page-category","extraData":[]},"publishpress_future_workflow_manual_trigger":{"enabledWorkflows":[]},"_links":{"self":[{"href":"https:\/\/lr-revision.se\/lr-strangnas\/wp-json\/wp\/v2\/pages\/30","targetHints":{"allow":["GET"]}}],"collection":[{"href":"https:\/\/lr-revision.se\/lr-strangnas\/wp-json\/wp\/v2\/pages"}],"about":[{"href":"https:\/\/lr-revision.se\/lr-strangnas\/wp-json\/wp\/v2\/types\/page"}],"author":[{"embeddable":true,"href":"https:\/\/lr-revision.se\/lr-strangnas\/wp-json\/wp\/v2\/users\/1"}],"replies":[{"embeddable":true,"href":"https:\/\/lr-revision.se\/lr-strangnas\/wp-json\/wp\/v2\/comments?post=30"}],"version-history":[{"count":2,"href":"https:\/\/lr-revision.se\/lr-strangnas\/wp-json\/wp\/v2\/pages\/30\/revisions"}],"predecessor-version":[{"id":1682,"href":"https:\/\/lr-revision.se\/lr-strangnas\/wp-json\/wp\/v2\/pages\/30\/revisions\/1682"}],"wp:attachment":[{"href":"https:\/\/lr-revision.se\/lr-strangnas\/wp-json\/wp\/v2\/media?parent=30"}],"wp:term":[{"taxonomy":"page-category","embeddable":true,"href":"https:\/\/lr-revision.se\/lr-strangnas\/wp-json\/wp\/v2\/page-category?post=30"}],"curies":[{"name":"wp","href":"https:\/\/api.w.org\/{rel}","templated":true}]}}