{"id":749,"date":"2021-04-16T13:03:55","date_gmt":"2021-04-16T11:03:55","guid":{"rendered":"https:\/\/lr-revision.se\/lr-revision-falkenberg\/anpassade-tjanster\/hjalp-med-lopande-ekonomi-copy\/"},"modified":"2022-11-28T16:44:34","modified_gmt":"2022-11-28T15:44:34","slug":"optimera-deklaration-och-arsredovisning","status":"publish","type":"page","link":"https:\/\/lr-revision.se\/lr-revision-falkenberg\/anpassade-tjanster\/optimera-deklaration-och-arsredovisning\/","title":{"rendered":"Optimera deklaration och \u00e5rsredovisning"},"content":{"rendered":"\n<div class=\"wp-block-columns is-layout-flex wp-container-core-columns-is-layout-9d6595d7 wp-block-columns-is-layout-flex\">\n<div class=\"wp-block-column is-layout-flow wp-block-column-is-layout-flow\" style=\"flex-basis:66.66%\"><div id=\"template-posts-block_605b6b895c99a\" class=\"acf-block template-posts\">\n    <div class=\"block__content\">\n        <!-- wp:heading {\"level\":1} -->\n<h1 class=\"title title--primary\"><strong>\u201dKan ni optimera v\u00e5r\u00a0deklaration och \u00e5rsredovisning?\u201d<\/strong><\/h1>\n<!-- \/wp:heading -->\n\n<!-- wp:paragraph -->\n<p>\u00c4r din \u00e5rsredovisning en f\u00f6rdel som underlag vid upphandlingar? Det \u00e4r bara en god anledning att f\u00e5 v\u00e5ra professionella r\u00e5d kring r\u00e4kenskaps\u00e5rets tunga dokument, deklaration, bokslut och \u00e5rsredovisning.\u00a0<\/p>\n<!-- \/wp:paragraph -->\n\n<!-- wp:paragraph -->\n<p>Vi \u00e4r st\u00e4ndigt uppdaterade kring regler och former kring avdrag och annat, vilket g\u00f6r din deklaration effektiv, smart och korrekt. Bokslutet kan vara en god grund f\u00f6r aff\u00e4rsbeslut, och d\u00e4r kan vi ocks\u00e5 bidra.&nbsp;<\/p>\n<!-- \/wp:paragraph -->\n\n<!-- wp:paragraph -->\n<p>F\u00f6r \u00e5rsredovisningen finns lagstadgade krav \u2013&nbsp;men ocks\u00e5 fler aff\u00e4rsf\u00f6rdelar om den utformas r\u00e4tt. \u00c5rsredovisningen \u00e4r viktig och anv\u00e4nds som underlag vid upphandlingar eller kreditbeslut m.m.&nbsp;&nbsp;<\/p>\n<!-- \/wp:paragraph -->\n\n<!-- wp:paragraph -->\n<p>    <a href=\"https:\/\/lr-revision.se\/lr-revision-falkenberg\/kontakt\" class='inline-block my-2'>Kontakta oss s\u00e5 hj\u00e4lper vi dig vidare!<\/a>\n<\/p>\n<!-- \/wp:paragraph -->    <\/div>\n<\/div>\n\n\n\n<h2 class=\"title title--primary wp-block-heading\"><strong>Auktoriserade och godk\u00e4nda revisorer: trygg kompetens f\u00f6r dig<\/strong><\/h2>\n\n\n\n<p>Det \u00e4r skillnad p\u00e5 att kunna och kunna. Det finns mycket som du kan g\u00f6ra sj\u00e4lv och som n\u00e5gon med viss ekonomisk kompetens kan hj\u00e4lpa dig med. Sedan finns det andra omr\u00e5den d\u00e4r det kr\u00e4vs auktoriserad eller godk\u00e4nd kompetens. Revisorsomr\u00e5det \u00e4r ett s\u00e5dant.<\/p>\n\n\n\n<p>En auktoriserad och godk\u00e4nd revisor uppfyller kraven i revisorslagen vad g\u00e4ller utbildning, erfarenhet och redbarhet. Att arbetet g\u00f6rs \u201denligt god revisionssed\u201d betyder att det f\u00f6ljer en r\u00e4ttslig standard som st\u00e4ller krav p\u00e5 planering, bemanning och genomf\u00f6rande av de uppdrag vi f\u00e5r fr\u00e5n dig.<br><br>Allt handlar om trygghet och s\u00e4kerhet f\u00f6r dig och ditt f\u00f6retag. N\u00e4r du anlitar oss p\u00e5 LR Revision Falkenberg AB i Falkenberg&nbsp;kan du vara s\u00e4ker p\u00e5 att du f\u00e5r kvalitetss\u00e4krad hj\u00e4lp av auktoriserade eller godk\u00e4nda revisorer.<\/p>\n<\/div>\n\n\n\n<div class=\"wp-block-column is-layout-flow wp-block-column-is-layout-flow\" style=\"flex-basis:33.33%\"><div id=\"template-posts-block_605dedef5157c\" class=\"acf-block template-posts\">\n    <div class=\"block__content\">\n        <!-- wp:group -->\n<div class=\"wp-block-group\"><div class=\"wp-block-group__inner-container\"><!-- wp:group {\"backgroundColor\":\"green\",\"textColor\":\"white\"} -->\n<div class=\"wp-block-group has-white-color has-green-background-color has-text-color has-background\"><div class=\"wp-block-group__inner-container\"><!-- wp:paragraph -->\n<p><strong><strong><strong>Med oss p\u00e5 LR Revision Falkenberg AB i Falkenberg f\u00e5r du:<\/strong><\/strong><\/strong><\/p>\n<!-- \/wp:paragraph -->\n\n<!-- wp:list -->\n<ul class=\"list list--default\"><li>Professionella r\u00e5d<\/li><li>Korrekta och vassa dokument<\/li><li>Ordning och reda \u2013\u00a0och aff\u00e4rf\u00f6rdelar<\/li><li>Personligt engagemang<\/li><\/ul>\n<!-- \/wp:list --><\/div><\/div>\n<!-- \/wp:group --><\/div><\/div>\n<!-- \/wp:group -->\n\n<!-- wp:paragraph -->\n<p><\/p>\n<!-- \/wp:paragraph -->    <\/div>\n<\/div>\n\n\n\n<div style=\"height:10px\" aria-hidden=\"true\" class=\"wp-block-spacer\"><\/div>\n\n\n\n<h3 class=\"title title--primary has-green-color has-text-color wp-block-heading\">Kontakta mig s\u00e5 hj\u00e4lper jag dig vidare<\/h3>\n\n\n<div id=\"employees-block_60785f546654f\" class=\"acf-block spacing-block employees\">\n    <div class=\"block__content\">\n                <div class=\"space-y-6 sm:space-y-0 grid-cols-1\">\n            \n<div class=\"card card--primary card--vertical card--contact hover:shadow-md transition-all duration-500 border-t-8 border-primary max-w-md mx-auto \">\n        <header class=\"card__image card--vertical__image card--contact__image overflow-hidden\">\n                    <div class=\"placeholder\"><\/div>\n            <\/header>\n        <div class=\"card__content card--secondary card--vertical__content card--contact__content\">\n        <div class=\"card__body\">\n                            <h2 class=\"card__title title title--primary text-xl my-0\">Jan-Ove Bengtsson<\/h2>\n                                            <div class=\"flex flex-col mb-3\">\n                                                    <div class=\"card__work-title font-bold text-sm leading-5\">Auktoriserad revisor<\/div>\n                                            <\/div>\n                                                        <div class=\"phone flex items-start mb-1\">\n                    <i class=\"fas fa-phone-alt mr-4 mt-1\" style=\"width:1.1rem; height: 1.1rem;\"><\/i>\n                                            <div class=\"flex flex-col\">\n                                                            <a class=\"phone link leading-6\" href=\"tel:0346713908\">\n                                    0346-71 39 08                                <\/a>\n                                                            <a class=\"phone link leading-6\" href=\"tel:0705290039\">\n                                    0705-29 00 39                                 <\/a>\n                                                    <\/div>\n                                    <\/div>\n                                        <div class=\"card__email card--vertical__email card--contact__email flex justify-start items-center mb-1\">\n                    <i class=\"fas fa-envelope mr-4\" style=\"width:1.1rem; height: 1.1rem;\"><\/i>\n                    <a class=\"link link--default link--no-padding\" href=\"mailto:jan-&#111;&#118;&#101;&#046;&#098;&#101;&#110;&#x67;&#x74;&#x73;&#x73;&#x6f;&#x6e;&#x40;&#x6c;&#x72;-rev&#105;&#115;&#105;&#111;&#110;&#046;&#115;&#x65;\">\n                        jan-&#111;&#118;&#101;&#046;&#098;&#101;&#110;&#x67;&#x74;&#x73;&#x73;&#x6f;&#x6e;&#x40;&#x6c;&#x72;-rev&#105;&#115;&#105;&#111;&#110;&#046;&#115;&#x65;                    <\/a>\n                <\/div>\n                                                        <\/div>\n    <\/div>\n<\/div>\n        <\/div>\n    <\/div>\n<\/div>\n<\/div>\n<\/div>\n\n\n<div id=\"block-cards-block_605b6bad5c99c\" class=\"acf-block spacing-block block-cards end-equalizer spacing-block-reset-top\">\n    <div class=\"block__content xl:grid xl:grid-cols-2 md:full-width\">\n                    <div class=\"card-even-odd\">\n                <div class=\"block-cards__img\">\n        <picture>\n                    <source media=\"(min-width: 1200px)\" srcset=\"https:\/\/lr-revision.se\/app\/uploads\/2021\/03\/istock-1132448417-1500x650.jpg\">\n                    <source media=\"(max-width: 500px)\" srcset=\"https:\/\/lr-revision.se\/app\/uploads\/2021\/03\/istock-1132448417-500x300.jpg\">\n                <img decoding=\"async\" class=\"w-full h-full object-cover\" src=\"https:\/\/lr-revision.se\/app\/uploads\/2021\/03\/istock-1132448417-1500x650.jpg\" alt=\"\" loading=\"lazy\">\n    <\/picture>\n<\/div>\n            <\/div>\n                    <div class=\"card-even-odd\">\n                <div class=\"card card--primary card--blocks card--max-width items-start py-20\">\n    <div class=\"card__content w-full\">\n        <div class=\"typography mb-6\">\n            <h2 class=\"title title--neutral\">Kontakta oss<\/h2>\n        <\/div>\n        <div class=\"form\">\n    <div class=\"form__alerts mt-0 left-0 w-full z-10\">\n            <div class=\"alert alert--danger alert--inactive\" role=\"alert\">\n                    <i class=\"far fa-times\" title=\"Ett fel uppstod\"><\/i>\n        Meddelandet har inte skickats. V\u00e4nligen kontrollera f\u00e4lten.    <\/div>\n        <div class=\"alert alert--success alert--inactive\" role=\"alert\">\n                    <i class=\"far fa-check\" title=\"Succ\u00e9\"><\/i>\n        Meddelandet har skickats.    <\/div>\n        <\/div>\n    <form id=\"contact-form-block_605b6bad5c99c-2\" class=\"form contact-form mt-6\" class=\"w-full\" method=\"POST\">\n        <div class=\"form__row\">\n            <label class=\"sr-only\" for=\"name\">Namn<\/label>\n            <input class=\"form__cell--full\" type=\"text\" name=\"name\" id=\"name\" placeholder=\"Namn\" required>\n        <\/div>\n        <div class=\"form__row\">\n            <label class=\"sr-only\" for=\"email\">E-post<\/label>\n            <input class=\"form__cell--full\" type=\"email\" name=\"email\" id=\"email\" placeholder=\"E-post\" required>\n        <\/div>\n        <div class=\"form__row\">\n            <label class=\"sr-only\" for=\"message\">Meddelande<\/label>\n            <textarea class=\"form__cell--full\" type=\"text\" name=\"message\" id=\"message\" placeholder=\"Meddelande\" required><\/textarea>\n        <\/div>\n        <footer class=\"form-footer mt-6\">\n            <!-- GDPR -->\n<div class=\"form__row form__row--no-wrap\">\n    <input type=\"checkbox\" name=\"gdpr_consent\" id=\"nobox_gdpr_consent\" required>\n    <label for=\"nobox_gdpr_consent\">\n        Vi behandlar dina personuppgifter enligt v\u00e5r integritetspolicy. L\u00e4s v\u00e5r policy <a class='link link--neutral' href='https:\/\/lr-revision.se\/lr-revision-falkenberg\/integritetspolicy-2\/' target='_blank' rel='noreferrer noopener'>h\u00e4r<\/a>.    <\/label>\n<\/div>\n            <input type=\"hidden\" id=\"_wpnonce\" name=\"_wpnonce\" value=\"07c728e261\" \/><input type=\"hidden\" name=\"_wp_http_referer\" value=\"\/lr-revision-falkenberg\/wp-json\/wp\/v2\/pages\/749\" \/>            <input id=\"url\" name=\"url\" type=\"hidden\" value=\"https:\/\/lr-revision.se\/lr-revision-falkenberg\" \/>\n            <input class=\"button button--neutral uppercase disabled\" type=\"submit\" value=\"Skicka\">\n        <\/footer>\n    <\/form>\n<\/div>\n<script async defer src=\"https:\/\/www.google.com\/recaptcha\/api.js?render=6LfpvUwsAAAAAN9HlkBwrsP6no6IAiT58NSMuEkK\"><\/script>\n    <\/div>\n<\/div>\n            <\/div>\n            <\/div>\n<\/div>\n","protected":false},"excerpt":{"rendered":"<p>Auktoriserade och godk\u00e4nda revisorer: trygg kompetens f\u00f6r dig Det \u00e4r skillnad p\u00e5 att kunna och kunna. Det finns mycket som du kan g\u00f6ra sj\u00e4lv och&#8230;<\/p>\n","protected":false},"author":1,"featured_media":1000001508,"parent":178,"menu_order":0,"comment_status":"closed","ping_status":"closed","template":"","meta":{"_acf_changed":false,"inline_featured_image":false,"footnotes":""},"page-category":[],"class_list":["post-749","page","type-page","status-publish","has-post-thumbnail","hentry"],"acf":[],"publishpress_future_action":{"enabled":false,"date":"2026-04-11 03:49:00","action":"change-status","newStatus":"draft","terms":[],"taxonomy":"page-category","extraData":[]},"publishpress_future_workflow_manual_trigger":{"enabledWorkflows":[]},"_links":{"self":[{"href":"https:\/\/lr-revision.se\/lr-revision-falkenberg\/wp-json\/wp\/v2\/pages\/749","targetHints":{"allow":["GET"]}}],"collection":[{"href":"https:\/\/lr-revision.se\/lr-revision-falkenberg\/wp-json\/wp\/v2\/pages"}],"about":[{"href":"https:\/\/lr-revision.se\/lr-revision-falkenberg\/wp-json\/wp\/v2\/types\/page"}],"author":[{"embeddable":true,"href":"https:\/\/lr-revision.se\/lr-revision-falkenberg\/wp-json\/wp\/v2\/users\/1"}],"replies":[{"embeddable":true,"href":"https:\/\/lr-revision.se\/lr-revision-falkenberg\/wp-json\/wp\/v2\/comments?post=749"}],"version-history":[{"count":2,"href":"https:\/\/lr-revision.se\/lr-revision-falkenberg\/wp-json\/wp\/v2\/pages\/749\/revisions"}],"predecessor-version":[{"id":1253,"href":"https:\/\/lr-revision.se\/lr-revision-falkenberg\/wp-json\/wp\/v2\/pages\/749\/revisions\/1253"}],"up":[{"embeddable":true,"href":"https:\/\/lr-revision.se\/lr-revision-falkenberg\/wp-json\/wp\/v2\/pages\/178"}],"wp:featuredmedia":[{"embeddable":true,"href":"https:\/\/lr-revision.se\/lr-revision-falkenberg\/wp-json\/"}],"wp:attachment":[{"href":"https:\/\/lr-revision.se\/lr-revision-falkenberg\/wp-json\/wp\/v2\/media?parent=749"}],"wp:term":[{"taxonomy":"page-category","embeddable":true,"href":"https:\/\/lr-revision.se\/lr-revision-falkenberg\/wp-json\/wp\/v2\/page-category?post=749"}],"curies":[{"name":"wp","href":"https:\/\/api.w.org\/{rel}","templated":true}]}}