{"id":637,"date":"2021-04-14T16:54:24","date_gmt":"2021-04-14T14:54:24","guid":{"rendered":"https:\/\/lr-revision.se\/lr-revision-falkenberg\/vara-tjanster\/radgivning\/internationella-affarer-copy\/"},"modified":"2025-01-09T15:18:43","modified_gmt":"2025-01-09T14:18:43","slug":"foretag-i-kris","status":"publish","type":"page","link":"https:\/\/lr-revision.se\/lr-revision-falkenberg\/vara-tjanster\/radgivning\/foretag-i-kris\/","title":{"rendered":"F\u00f6retag i kris"},"content":{"rendered":"\n<div class=\"wp-block-columns is-layout-flex wp-container-core-columns-is-layout-9d6595d7 wp-block-columns-is-layout-flex\">\n<div class=\"wp-block-column is-layout-flow wp-block-column-is-layout-flow\" style=\"flex-basis:66.66%\"><div id=\"template-posts-block_605aef5373d9d\" class=\"acf-block template-posts\">\n    <div class=\"block__content\">\n        <!-- wp:paragraph {\"className\":\"is-style-thinn\"} -->\n<p class=\"is-style-thinn\">F\u00e5 hj\u00e4lp med F\u00f6retag i kris i Falkenberg:<\/p>\n<!-- \/wp:paragraph -->\n\n<!-- wp:heading {\"level\":1} -->\n<h1 class=\"title title--primary\"><strong><strong><strong><strong><strong><strong><strong><strong><strong><strong><strong>Vi hj\u00e4lper dig ta tag i problemen!<\/strong><\/strong><\/strong><\/strong><\/strong><\/strong><\/strong><\/strong><\/strong><\/strong><\/strong><\/h1>\n<!-- \/wp:heading -->\n\n<!-- wp:paragraph -->\n<p>Om ett f\u00f6retag hamnar i ekonomisk kris \u00e4r det viktigt att agera. Det g\u00e5r ofta att v\u00e4nda en negativ utveckling \u00e4ven om det \u00e4r sv\u00e5rt. Men ju l\u00e4ngre man v\u00e4ntar med att ta tag i problemen desto sv\u00e5rare blir det att v\u00e4nda utvecklingen. V\u00e5r erfarenhet \u00e4r dessv\u00e4rre att m\u00e5nga v\u00e4ntar f\u00f6r l\u00e4nge med att ta tag i problemen.<\/p>\n<!-- \/wp:paragraph -->\n\n<!-- wp:paragraph -->\n<p>Det kr\u00e4vs h\u00e5rt arbete och planering f\u00f6r att v\u00e4nda utvecklingen. D\u00e4rf\u00f6r \u00e4r det viktigt att fundera igenom om du som f\u00f6retagare \u00e4r beredd att offra det som kr\u00e4vs. \u00c4r svaret p\u00e5 fr\u00e5gan nej m\u00e5ste man fundera p\u00e5 andra alternativ, till exempel f\u00f6rs\u00e4ljning eller nedl\u00e4ggning av f\u00f6retaget.&nbsp;<\/p>\n<!-- \/wp:paragraph -->\n\n<!-- wp:paragraph -->\n<p>\u00c4r svaret ja \u00e4r ett f\u00f6rsta steg \u00e4r att analysera varf\u00f6r den negativa utvecklingen har uppst\u00e5tt och vilka alternativ som finns. Det kan finnas alternativ och m\u00f6jligheter som du inte k\u00e4nner till. Det handlar d\u00e5 ofta b\u00e5de om akuta \u00e5tg\u00e4rder och s\u00e5dana som f\u00e5r effekt p\u00e5 l\u00e4ngre sikt.&nbsp;<\/p>\n<!-- \/wp:paragraph -->\n\n<!-- wp:heading -->\n<h2 class=\"title title--primary\">Brist p\u00e5 likviditet?<\/h2>\n<!-- \/wp:heading -->\n\n<!-- wp:paragraph -->\n<p>Exempel: Ett vanligt problem \u00e4r brist p\u00e5 likviditet. Analysera resultatr\u00e4kning och balansr\u00e4kning:<\/p>\n<!-- \/wp:paragraph -->\n\n<!-- wp:list -->\n<ul class=\"list list--default\"><li>Finns det kostnader som man kan dra ner p\u00e5 kortsiktigt eller som kan skjutas fram i tiden?<\/li><li>G\u00e5r det att minska kapitalbindning i till exempel lager genom att minska p\u00e5 lagerh\u00e5llning och s\u00e4lja fr\u00e5n lagret ist\u00e4llet f\u00f6r att k\u00f6pa in?<\/li><li>G\u00e5r det att f\u00e5 snabbare betalt fr\u00e5n kunderna, exempelvis b\u00e4ttre kravrutiner eller att bel\u00e5na kundfakturor?<\/li><li>Finns det m\u00f6jlighet att f\u00e5 nya krediter, minska amorteringar eller senarel\u00e4gga \/ dela upp utbetalningar?<\/li><\/ul>\n<!-- \/wp:list -->\n\n<!-- wp:paragraph -->\n<p>Om det finns f\u00f6ruts\u00e4ttningar att driva verksamheten vidare kan det vara m\u00f6jligt att genomf\u00f6ra en f\u00f6retagsrekonstruktion som \u00e4r ett s\u00e4tt att minska bolagets skulder genom en \u00f6verenskommelse med fordrings\u00e4garna. Gl\u00f6m dock inte bort att den del av skulderna som ska betalas ocks\u00e5 m\u00e5ste betalas, det vill s\u00e4ga p\u00e5verkar likviditeten.&nbsp;<\/p>\n<!-- \/wp:paragraph -->\n\n<!-- wp:heading -->\n<h2 class=\"title title--primary\">Stor risk f\u00f6r personliga konsekvenser<\/h2>\n<!-- \/wp:heading -->\n\n<!-- wp:paragraph -->\n<p>I dessa situationer \u00e4r det ocks\u00e5 \u00e4n viktigare att f\u00f6lja olika regler eftersom risken f\u00f6r personliga konsekvenser f\u00f6r f\u00f6retagaren sj\u00e4lv \u00e4r st\u00f6rre \u00e4n normalt. Det kan handla om personligt betalningsansvar f\u00f6r bolagets skulder om styrelsen i f\u00f6retaget inte agerar korrekt men det kan ocks\u00e5 handla om straffr\u00e4ttsligt ansvar. Det \u00e4r ocks\u00e5 fler regler att ta h\u00e4nsyn till.&nbsp;<\/p>\n<!-- \/wp:paragraph -->\n\n<!-- wp:paragraph -->\n<p>F\u00f6r att undvika personligt ansvar f\u00f6r bolagets skulder \u00e4r det viktigt att noga f\u00f6lja den ekonomiska utvecklingen. Om bolaget g\u00e5r med f\u00f6rlust m\u00e5ste man som f\u00f6retagare vara observant p\u00e5 storleken p\u00e5 det egna kapitalet. S\u00e5 fort det finns en risk att det understiger h\u00e4lften av det registrerade aktiekapitalet m\u00e5ste styrelsen uppr\u00e4tta en kontrollbalansr\u00e4kning och vidta de \u00e5tg\u00e4rder som kr\u00e4vs.&nbsp;<\/p>\n<!-- \/wp:paragraph -->\n\n<!-- wp:heading -->\n<h2 class=\"title title--primary\">Konkurs som b\u00e4sta alternativ?<\/h2>\n<!-- \/wp:heading -->\n\n<!-- wp:paragraph -->\n<p>F\u00f6ljs inte reglerna blir styrelsen och i m\u00e5nga fall \u00e4garna personligt ansvariga f\u00f6r bolagets nya skulder. Det \u00e4r ocks\u00e5 viktigt att betala skatter och avgifter i r\u00e4tt tid, eftersom f\u00f6retagaren kan bli personligt betalningsansvarig om de inte betalas i r\u00e4tt tid. Men det kan vara m\u00f6jligt att f\u00e5 anst\u00e5nd med betalning av skatter och avgifter.<\/p>\n<!-- \/wp:paragraph -->\n\n<!-- wp:paragraph -->\n<p>G\u00e5r det inte att v\u00e4nda utvecklingen \u00e5terst\u00e5r kanske inget annat alternativ \u00e4n konkurs. Konkurs inneb\u00e4r att en konkursf\u00f6rvaltare avvecklar bolagets verksamhet och dess tillg\u00e5ngar och skulder. I en konkurs utreds ocks\u00e5 att regler om bokf\u00f6ring och kontrollbalansr\u00e4kning f\u00f6ljts innan konkursen. \u00c4ven inf\u00f6r en konkurs kr\u00e4vs planering.\u00a0<\/p>\n<!-- \/wp:paragraph -->\n\n<!-- wp:paragraph -->\n<p>    <a href=\"https:\/\/lr-revision.se\/lr-revision-falkenberg\/kontakt\" class='inline-block my-2'>Kontakta oss s\u00e5 hj\u00e4lper vi dig vidare!<\/a>\n<\/p>\n<!-- \/wp:paragraph -->    <\/div>\n<\/div>\n\n\n\n<p><\/p>\n<\/div>\n\n\n\n<div class=\"wp-block-column is-layout-flow wp-block-column-is-layout-flow\" style=\"flex-basis:33.33%\"><div id=\"template-posts-block_605de6795dca9\" class=\"acf-block template-posts\">\n    <div class=\"block__content\">\n        <!-- wp:group {\"backgroundColor\":\"blue\",\"textColor\":\"white\"} -->\n<div class=\"wp-block-group has-white-color has-blue-background-color has-text-color has-background\"><div class=\"wp-block-group__inner-container\"><!-- wp:paragraph -->\n<p><strong><strong><strong>Med oss p\u00e5 LR Revision Falkenberg AB i Falkenberg f\u00e5r du:<\/strong><\/strong><\/strong><\/p>\n<!-- \/wp:paragraph -->\n\n<!-- wp:list -->\n<ul class=\"list list--default\"><li>Hj\u00e4lp med ekonomistyrning<\/li><li>Nyckeltal, analyser m m<\/li><li>Effektiva, l\u00f6nsamma verktyg<\/li><li>Personlig kontakt<\/li><\/ul>\n<!-- \/wp:list --><\/div><\/div>\n<!-- \/wp:group -->\n\n<!-- wp:paragraph -->\n<p><\/p>\n<!-- \/wp:paragraph -->    <\/div>\n<\/div>\n\n\n\n<h3 class=\"title title--primary has-green-color has-text-color wp-block-heading\">Kontakta mig s\u00e5 hj\u00e4lper jag dig vidare<\/h3>\n\n\n<div id=\"employees-block_605af05c73d9f\" class=\"acf-block spacing-block employees\">\n    <div class=\"block__content\">\n                <div class=\"space-y-6 sm:space-y-0 grid-cols-1\">\n            \n<div class=\"card card--primary card--vertical card--contact hover:shadow-md transition-all duration-500 border-t-8 border-primary max-w-md mx-auto \">\n        <header class=\"card__image card--vertical__image card--contact__image overflow-hidden\">\n                    <div class=\"placeholder\"><\/div>\n            <\/header>\n        <div class=\"card__content card--secondary card--vertical__content card--contact__content\">\n        <div class=\"card__body\">\n                            <h2 class=\"card__title title title--primary text-xl my-0\">Roger Qvarnstr\u00f6m<\/h2>\n                                            <div class=\"flex flex-col mb-3\">\n                                                    <div class=\"card__work-title font-bold text-sm leading-5\">Auktoriserad revisor<\/div>\n                                            <\/div>\n                                                        <div class=\"phone flex items-start mb-1\">\n                    <i class=\"fas fa-phone-alt mr-4 mt-1\" style=\"width:1.1rem; height: 1.1rem;\"><\/i>\n                                            <div class=\"flex flex-col\">\n                                                            <a class=\"phone link leading-6\" href=\"tel:0346713910\">\n                                    0346-71 39 10                                <\/a>\n                                                            <a class=\"phone link leading-6\" href=\"tel:0708984323\">\n                                    0708-98 43 23                                <\/a>\n                                                    <\/div>\n                                    <\/div>\n                                        <div class=\"card__email card--vertical__email card--contact__email flex justify-start items-center mb-1\">\n                    <i class=\"fas fa-envelope mr-4\" style=\"width:1.1rem; height: 1.1rem;\"><\/i>\n                    <a class=\"link link--default link--no-padding\" href=\"mailto:&#x72;&#111;g&#x65;&#114;&#046;&#x71;&#118;a&#x72;&#x6e;&#115;&#x74;&#x72;&#111;m&#x40;&#108;r&#x2d;&#114;e&#x76;&#x69;&#115;&#x69;&#x6f;&#110;&#046;&#x73;&#101;\">\n                        &#x72;&#111;g&#x65;&#114;&#046;&#x71;&#118;a&#x72;&#x6e;&#115;&#x74;&#x72;&#111;m&#x40;&#108;r&#x2d;&#114;e&#x76;&#x69;&#115;&#x69;&#x6f;&#110;&#046;&#x73;&#101;                    <\/a>\n                <\/div>\n                                                        <\/div>\n    <\/div>\n<\/div>\n        <\/div>\n    <\/div>\n<\/div>\n<\/div>\n<\/div>\n\n\n<div id=\"template-posts-block_6076f2e79a352\" class=\"acf-block template-posts\">\n    <div class=\"block__content\">\n        <!-- wp:media-text {\"mediaPosition\":\"right\",\"mediaId\":788,\"mediaLink\":\"https:\/\/lr-revision.se\/business-executives-consulting-negotiation-meeting-in-office\/\",\"mediaType\":\"image\",\"mediaWidth\":27,\"backgroundColor\":\"white\"} -->\n<div class=\"wp-block-media-text has-media-on-the-right is-stacked-on-mobile has-white-background-color has-background\" style=\"grid-template-columns:auto 27%\"><figure class=\"wp-block-media-text__media\"><img decoding=\"async\" src=\"https:\/\/lr-revision.se\/app\/uploads\/2021\/03\/istock-1127489700-850x560.jpg\" alt=\"\" class=\"wp-image-788 size-full\" \/><\/figure><div class=\"wp-block-media-text__content\"><!-- wp:heading -->\n<h2 class=\"title title--primary\"><strong><strong>Utbildade och erfarna aff\u00e4rsr\u00e5dgivare<\/strong><\/strong><\/h2>\n<!-- \/wp:heading -->\n\n<!-- wp:paragraph -->\n<p>R\u00e5dgivning ing\u00e5r som en naturlig del i rollen som redovisningskonsult eller revisor. R\u00e5dgivningen t\u00e4cker in ett stort spann fr\u00e5n enklare fr\u00e5gor kring regler och system till mer \u00f6vergripande r\u00e5dgivning kring ekonomin och aff\u00e4rerna.&nbsp;<\/p>\n<!-- \/wp:paragraph -->\n\n<!-- wp:paragraph -->\n<p>Vi p\u00e5 LR Revision Falkenberg AB i Falkenberg har best\u00e4mt oss om att ligga i framkant n\u00e4r det g\u00e4ller vidareutbildning och kompetensutveckling f\u00f6r v\u00e5ra r\u00e5dgivare. Vi deltar i interna utbildningar inom v\u00e5rt n\u00e4tverk och i externa utbildningar. <\/p>\n<!-- \/wp:paragraph -->\n\n<!-- wp:paragraph -->\n<p>Det som dessutom bidrar stort till v\u00e5r kompetens i rollen som aff\u00e4rsr\u00e5dgivare \u00e4r den ackumulerade erfarenheten som vi delar. Vi har erfarenhet fr\u00e5n m\u00e5nga branscher och verksamheter som kan benchmarkas mot din. I v\u00e5rt rikst\u00e4ckande n\u00e4tverk finns experter p\u00e5 en l\u00e5ng rad omr\u00e5den vars kunskap blir tillg\u00e4nglig \u00e4ven f\u00f6r dig.<\/p>\n<!-- \/wp:paragraph -->\n\n<!-- wp:paragraph -->\n<p>Hos oss i Falkenberg har vi dessutom aff\u00e4rsr\u00e5dgivare som \u00e4r certifierade av FAR\/SRF som en ytterligare garanti f\u00f6r att du f\u00e5r r\u00e4tt hj\u00e4lp.<\/p>\n<!-- \/wp:paragraph --><\/div><\/div>\n<!-- \/wp:media-text -->    <\/div>\n<\/div>\n\n\n<div id=\"block-cards-block_604f6cdccdd16\" class=\"acf-block spacing-block block-cards end-equalizer spacing-block-reset-top\">\n    <div class=\"block__content xl:grid xl:grid-cols-2 md:full-width\">\n                    <div class=\"card-even-odd\">\n                <div class=\"card card--primary card--blocks card--max-width items-start py-20\">\n    <div class=\"card__content w-full\">\n        <div class=\"typography mb-6\">\n            <h2 class=\"title title--neutral\">Kontakta oss<\/h2>\n        <\/div>\n        <div class=\"form\">\n    <div class=\"form__alerts mt-0 left-0 w-full z-10\">\n            <div class=\"alert alert--danger alert--inactive\" role=\"alert\">\n                    <i class=\"far fa-times\" title=\"Ett fel uppstod\"><\/i>\n        Meddelandet har inte skickats. V\u00e4nligen kontrollera f\u00e4lten.    <\/div>\n        <div class=\"alert alert--success alert--inactive\" role=\"alert\">\n                    <i class=\"far fa-check\" title=\"Succ\u00e9\"><\/i>\n        Meddelandet har skickats.    <\/div>\n        <\/div>\n    <form id=\"contact-form-block_604f6cdccdd16-1\" class=\"form contact-form mt-6\" class=\"w-full\" method=\"POST\">\n        <div class=\"form__row\">\n            <label class=\"sr-only\" for=\"name\">Namn<\/label>\n            <input class=\"form__cell--full\" type=\"text\" name=\"name\" id=\"name\" placeholder=\"Namn\" required>\n        <\/div>\n        <div class=\"form__row\">\n            <label class=\"sr-only\" for=\"email\">E-post<\/label>\n            <input class=\"form__cell--full\" type=\"email\" name=\"email\" id=\"email\" placeholder=\"E-post\" required>\n        <\/div>\n        <div class=\"form__row\">\n            <label class=\"sr-only\" for=\"message\">Meddelande<\/label>\n            <textarea class=\"form__cell--full\" type=\"text\" name=\"message\" id=\"message\" placeholder=\"Meddelande\" required><\/textarea>\n        <\/div>\n        <footer class=\"form-footer mt-6\">\n            <!-- GDPR -->\n<div class=\"form__row form__row--no-wrap\">\n    <input type=\"checkbox\" name=\"gdpr_consent\" id=\"nobox_gdpr_consent\" required>\n    <label for=\"nobox_gdpr_consent\">\n        Vi behandlar dina personuppgifter enligt v\u00e5r integritetspolicy. L\u00e4s v\u00e5r policy <a class='link link--neutral' href='https:\/\/lr-revision.se\/lr-revision-falkenberg\/integritetspolicy-2\/' target='_blank' rel='noreferrer noopener'>h\u00e4r<\/a>.    <\/label>\n<\/div>\n            <input type=\"hidden\" id=\"_wpnonce\" name=\"_wpnonce\" value=\"07c728e261\" \/><input type=\"hidden\" name=\"_wp_http_referer\" value=\"\/lr-revision-falkenberg\/wp-json\/wp\/v2\/pages\/637\" \/>            <input id=\"url\" name=\"url\" type=\"hidden\" value=\"https:\/\/lr-revision.se\/lr-revision-falkenberg\" \/>\n            <input class=\"button button--neutral uppercase disabled\" type=\"submit\" value=\"Skicka\">\n        <\/footer>\n    <\/form>\n<\/div>\n<script async defer src=\"https:\/\/www.google.com\/recaptcha\/api.js?render=6LfpvUwsAAAAAN9HlkBwrsP6no6IAiT58NSMuEkK\"><\/script>\n    <\/div>\n<\/div>\n            <\/div>\n                    <div class=\"card-even-odd\">\n                <div class=\"block-cards__img\">\n        <picture>\n                    <source media=\"(min-width: 1200px)\" srcset=\"https:\/\/lr-revision.se\/app\/uploads\/2021\/03\/istock-1132448417-1500x650.jpg\">\n                    <source media=\"(max-width: 500px)\" srcset=\"https:\/\/lr-revision.se\/app\/uploads\/2021\/03\/istock-1132448417-500x300.jpg\">\n                <img decoding=\"async\" class=\"w-full h-full object-cover\" src=\"https:\/\/lr-revision.se\/app\/uploads\/2021\/03\/istock-1132448417-1500x650.jpg\" alt=\"\" loading=\"lazy\">\n    <\/picture>\n<\/div>\n            <\/div>\n            <\/div>\n<\/div>\n","protected":false},"excerpt":{"rendered":"<p>Kontakta mig s\u00e5 hj\u00e4lper jag dig vidare<\/p>\n","protected":false},"author":1,"featured_media":1748,"parent":567,"menu_order":0,"comment_status":"closed","ping_status":"closed","template":"","meta":{"_acf_changed":false,"inline_featured_image":false,"footnotes":""},"page-category":[9],"class_list":["post-637","page","type-page","status-publish","has-post-thumbnail","hentry","page-category-radgivning"],"acf":[],"publishpress_future_action":{"enabled":false,"date":"2026-04-11 03:49:18","action":"change-status","newStatus":"draft","terms":[],"taxonomy":"page-category","extraData":[]},"publishpress_future_workflow_manual_trigger":{"enabledWorkflows":[]},"_links":{"self":[{"href":"https:\/\/lr-revision.se\/lr-revision-falkenberg\/wp-json\/wp\/v2\/pages\/637","targetHints":{"allow":["GET"]}}],"collection":[{"href":"https:\/\/lr-revision.se\/lr-revision-falkenberg\/wp-json\/wp\/v2\/pages"}],"about":[{"href":"https:\/\/lr-revision.se\/lr-revision-falkenberg\/wp-json\/wp\/v2\/types\/page"}],"author":[{"embeddable":true,"href":"https:\/\/lr-revision.se\/lr-revision-falkenberg\/wp-json\/wp\/v2\/users\/1"}],"replies":[{"embeddable":true,"href":"https:\/\/lr-revision.se\/lr-revision-falkenberg\/wp-json\/wp\/v2\/comments?post=637"}],"version-history":[{"count":2,"href":"https:\/\/lr-revision.se\/lr-revision-falkenberg\/wp-json\/wp\/v2\/pages\/637\/revisions"}],"predecessor-version":[{"id":1755,"href":"https:\/\/lr-revision.se\/lr-revision-falkenberg\/wp-json\/wp\/v2\/pages\/637\/revisions\/1755"}],"up":[{"embeddable":true,"href":"https:\/\/lr-revision.se\/lr-revision-falkenberg\/wp-json\/wp\/v2\/pages\/567"}],"wp:featuredmedia":[{"embeddable":true,"href":"https:\/\/lr-revision.se\/lr-revision-falkenberg\/wp-json\/wp\/v2\/media\/1748"}],"wp:attachment":[{"href":"https:\/\/lr-revision.se\/lr-revision-falkenberg\/wp-json\/wp\/v2\/media?parent=637"}],"wp:term":[{"taxonomy":"page-category","embeddable":true,"href":"https:\/\/lr-revision.se\/lr-revision-falkenberg\/wp-json\/wp\/v2\/page-category?post=637"}],"curies":[{"name":"wp","href":"https:\/\/api.w.org\/{rel}","templated":true}]}}