{"id":587,"date":"2021-04-14T15:47:49","date_gmt":"2021-04-14T13:47:49","guid":{"rendered":"https:\/\/lr-revision.se\/lr-revision-falkenberg\/vara-tjanster\/redovisning-copy\/"},"modified":"2021-09-01T09:05:49","modified_gmt":"2021-09-01T07:05:49","slug":"agarskifte","status":"publish","type":"page","link":"https:\/\/lr-revision.se\/lr-revision-falkenberg\/vara-tjanster\/radgivning\/agarskifte\/","title":{"rendered":"\u00c4garskifte"},"content":{"rendered":"\n<div class=\"wp-block-columns is-layout-flex wp-container-core-columns-is-layout-9d6595d7 wp-block-columns-is-layout-flex\">\n<div class=\"wp-block-column is-layout-flow wp-block-column-is-layout-flow\" style=\"flex-basis:66.66%\"><div id=\"template-posts-block_605aef5373d9d\" class=\"acf-block template-posts\">\n    <div class=\"block__content\">\n        <!-- wp:paragraph {\"className\":\"is-style-thinn\"} -->\n<p class=\"is-style-thinn\">F\u00e5 hj\u00e4lp med \u00c4garskifte i Falkenberg:<\/p>\n<!-- \/wp:paragraph -->\n\n<!-- wp:heading {\"level\":1} -->\n<h1 class=\"title title--primary\"><strong><strong>Hur s\u00e4kras b\u00e4st \u00f6nskat resultat?<\/strong><\/strong><\/h1>\n<!-- \/wp:heading -->\n\n<!-- wp:paragraph -->\n<p>F\u00f6rs\u00e4ljning, breddat \u00e4gande, generationsskifte och avveckling \u2013&nbsp;det \u00e4r fyra vanliga \u00e4garf\u00f6r\u00e4ndringar f\u00f6r f\u00f6retag. Utifr\u00e5n dina sk\u00e4l och syften s\u00e5 hj\u00e4lper vi p\u00e5 LR Revision Falkenberg AB i Falkenberg dig hitta b\u00e4sta m\u00f6jliga l\u00f6sning.<\/p>\n<!-- \/wp:paragraph -->\n\n<!-- wp:paragraph -->\n<p>Oavsett form f\u00f6r \u00e4garf\u00f6r\u00e4ndring \u00e4r planering A och O f\u00f6r ett bra resultat. Det kan handla om att hitta r\u00e4tt uppl\u00e4gg f\u00f6r att undvika on\u00f6diga skatter, titta p\u00e5 olika finansieringsalternativ och m\u00f6jligheter att genomf\u00f6ra uppl\u00e4gget. Det \u00e4r ocks\u00e5 viktigt att se p\u00e5 b\u00e5de den \u00e4ldre och nya generationens f\u00f6retagares privata situation. Hur \u00e4r det med pension, m\u00f6jlighet att ta ut l\u00f6n och utdelning? Hur ser familjesituationen ut? Ofta beh\u00f6vs testamente eller samboavtal ses \u00f6ver.<\/p>\n<!-- \/wp:paragraph -->\n\n<!-- wp:heading {\"level\":3} -->\n<h3 class=\"title title--primary\">Olika f\u00f6rdelar och nackdelar f\u00f6r parterna<\/h3>\n<!-- \/wp:heading -->\n\n<!-- wp:paragraph -->\n<p>Det \u00e4r m\u00e5nga fr\u00e5gor som m\u00e5ste l\u00f6sas. \u00c4r det f\u00f6retaget eller sj\u00e4lva verksamheten i f\u00f6retaget som ska \u00f6verl\u00e5tas?&nbsp;&nbsp;De olika alternativen inneb\u00e4r stora skillnader b\u00e5de vad g\u00e4ller skatt och f\u00f6ruts\u00e4ttningar att driva verksamheten vidare. Alternativen inneb\u00e4r olika f\u00f6rdelar och nackdelar f\u00f6r k\u00f6pare och s\u00e4ljare. Det som \u00e4r b\u00e4sta l\u00f6sningen i ett fall beh\u00f6ver inte vara r\u00e4tt i ett annat fall d\u00e4r f\u00f6ruts\u00e4ttningarna ser annorlunda ut.&nbsp;<\/p>\n<!-- \/wp:paragraph -->\n\n<!-- wp:paragraph -->\n<p>Det \u00e4r ett v\u00e4xande problem med olika oseri\u00f6sa akt\u00f6rer som vill ta \u00f6ver f\u00f6retag f\u00f6r att anv\u00e4nda bolag f\u00f6r bedr\u00e4gerier och andra brottsliga sammanhang. En del k\u00f6per bolag och lovar att avveckla dem men ist\u00e4llet s\u00e4ljs de vidare f\u00f6r att utnyttjas av brottslingar. Vi kan hj\u00e4lpa till med&nbsp;<a href=\"https:\/\/lr-revision.se\/lr-revision-falkenberg\/kontor\/vara-tjanster\/radgivning\/bakgrundskontroll\/\" data-type=\"template-posts\">bakgrundskontroller<\/a>.<\/p>\n<!-- \/wp:paragraph -->\n\n<!-- wp:paragraph -->\n<p>Generationsskifte och f\u00f6rs\u00e4ljning av f\u00f6retaget\u00a0\u00e4r en informativ och mer utf\u00f6rlig artikel fr\u00e5n ett av v\u00e5ra nyhetsbrev f\u00f6r dig som vill l\u00e4sa mer.<\/p>\n<!-- \/wp:paragraph -->\n\n<!-- wp:paragraph -->\n<p>    <a href=\"https:\/\/lr-revision.se\/lr-revision-falkenberg\/kontakt\" class='inline-block my-2'>Kontakta oss s\u00e5 hj\u00e4lper vi dig vidare!<\/a>\n<\/p>\n<!-- \/wp:paragraph -->    <\/div>\n<\/div>\n\n\n\n<p><\/p>\n<\/div>\n\n\n\n<div class=\"wp-block-column is-layout-flow wp-block-column-is-layout-flow\" style=\"flex-basis:33.33%\"><div id=\"template-posts-block_605de6795dca9\" class=\"acf-block template-posts\">\n    <div class=\"block__content\">\n        <!-- wp:group {\"backgroundColor\":\"blue\",\"textColor\":\"white\"} -->\n<div class=\"wp-block-group has-white-color has-blue-background-color has-text-color has-background\"><div class=\"wp-block-group__inner-container\"><!-- wp:paragraph -->\n<p><strong><strong><strong>Med oss p\u00e5 LR Revision Falkenberg AB i Falkenberg f\u00e5r du:<\/strong><\/strong><\/strong><\/p>\n<!-- \/wp:paragraph -->\n\n<!-- wp:list -->\n<ul class=\"list list--default\"><li>Smarta, ekonomiska uppl\u00e4gg<\/li><li>Goda r\u00e5d kring finansiering etc<\/li><li>Hj\u00e4lp med kontroll och avtal<\/li><li>Personlig kontakt<\/li><\/ul>\n<!-- \/wp:list --><\/div><\/div>\n<!-- \/wp:group -->\n\n<!-- wp:paragraph -->\n<p><\/p>\n<!-- \/wp:paragraph -->    <\/div>\n<\/div>\n\n\n\n<h3 class=\"title title--primary has-green-color has-text-color wp-block-heading\">Kontakta mig s\u00e5 hj\u00e4lper jag dig vidare<\/h3>\n\n\n<div id=\"employees-block_605af05c73d9f\" class=\"acf-block spacing-block employees\">\n    <div class=\"block__content\">\n                <div class=\"space-y-6 sm:space-y-0 grid-cols-1\">\n            \n<div class=\"card card--primary card--vertical card--contact hover:shadow-md transition-all duration-500 border-t-8 border-primary max-w-md mx-auto \">\n        <header class=\"card__image card--vertical__image card--contact__image overflow-hidden\">\n                    <div class=\"placeholder\"><\/div>\n            <\/header>\n        <div class=\"card__content card--secondary card--vertical__content card--contact__content\">\n        <div class=\"card__body\">\n                            <h2 class=\"card__title title title--primary text-xl my-0\">Roger Qvarnstr\u00f6m<\/h2>\n                                            <div class=\"flex flex-col mb-3\">\n                                                    <div class=\"card__work-title font-bold text-sm leading-5\">Auktoriserad revisor<\/div>\n                                            <\/div>\n                                                        <div class=\"phone flex items-start mb-1\">\n                    <i class=\"fas fa-phone-alt mr-4 mt-1\" style=\"width:1.1rem; height: 1.1rem;\"><\/i>\n                                            <div class=\"flex flex-col\">\n                                                            <a class=\"phone link leading-6\" href=\"tel:0346713910\">\n                                    0346-71 39 10                                <\/a>\n                                                            <a class=\"phone link leading-6\" href=\"tel:0708984323\">\n                                    0708-98 43 23                                <\/a>\n                                                    <\/div>\n                                    <\/div>\n                                        <div class=\"card__email card--vertical__email card--contact__email flex justify-start items-center mb-1\">\n                    <i class=\"fas fa-envelope mr-4\" style=\"width:1.1rem; height: 1.1rem;\"><\/i>\n                    <a class=\"link link--default link--no-padding\" href=\"mailto:&#x72;o&#x67;&#101;r&#x2e;&#113;&#x76;&#x61;r&#x6e;&#115;t&#x72;&#111;&#x6d;&#064;l&#x72;&#045;r&#x65;&#118;&#x69;&#115;i&#x6f;&#110;&#x2e;&#x73;e\">\n                        &#x72;o&#x67;&#101;r&#x2e;&#113;&#x76;&#x61;r&#x6e;&#115;t&#x72;&#111;&#x6d;&#064;l&#x72;&#045;r&#x65;&#118;&#x69;&#115;i&#x6f;&#110;&#x2e;&#x73;e                    <\/a>\n                <\/div>\n                                                        <\/div>\n    <\/div>\n<\/div>\n        <\/div>\n    <\/div>\n<\/div>\n<\/div>\n<\/div>\n\n\n<div id=\"template-posts-block_6076f2e79a352\" class=\"acf-block template-posts\">\n    <div class=\"block__content\">\n        <!-- wp:media-text {\"mediaPosition\":\"right\",\"mediaId\":788,\"mediaLink\":\"https:\/\/lr-revision.se\/business-executives-consulting-negotiation-meeting-in-office\/\",\"mediaType\":\"image\",\"mediaWidth\":27,\"backgroundColor\":\"white\"} -->\n<div class=\"wp-block-media-text has-media-on-the-right is-stacked-on-mobile has-white-background-color has-background\" style=\"grid-template-columns:auto 27%\"><figure class=\"wp-block-media-text__media\"><img decoding=\"async\" src=\"https:\/\/lr-revision.se\/app\/uploads\/2021\/03\/istock-1127489700-850x560.jpg\" alt=\"\" class=\"wp-image-788 size-full\" \/><\/figure><div class=\"wp-block-media-text__content\"><!-- wp:heading -->\n<h2 class=\"title title--primary\"><strong><strong>Utbildade och erfarna aff\u00e4rsr\u00e5dgivare<\/strong><\/strong><\/h2>\n<!-- \/wp:heading -->\n\n<!-- wp:paragraph -->\n<p>R\u00e5dgivning ing\u00e5r som en naturlig del i rollen som redovisningskonsult eller revisor. R\u00e5dgivningen t\u00e4cker in ett stort spann fr\u00e5n enklare fr\u00e5gor kring regler och system till mer \u00f6vergripande r\u00e5dgivning kring ekonomin och aff\u00e4rerna.&nbsp;<\/p>\n<!-- \/wp:paragraph -->\n\n<!-- wp:paragraph -->\n<p>Vi p\u00e5 LR Revision Falkenberg AB i Falkenberg har best\u00e4mt oss om att ligga i framkant n\u00e4r det g\u00e4ller vidareutbildning och kompetensutveckling f\u00f6r v\u00e5ra r\u00e5dgivare. Vi deltar i interna utbildningar inom v\u00e5rt n\u00e4tverk och i externa utbildningar. <\/p>\n<!-- \/wp:paragraph -->\n\n<!-- wp:paragraph -->\n<p>Det som dessutom bidrar stort till v\u00e5r kompetens i rollen som aff\u00e4rsr\u00e5dgivare \u00e4r den ackumulerade erfarenheten som vi delar. Vi har erfarenhet fr\u00e5n m\u00e5nga branscher och verksamheter som kan benchmarkas mot din. I v\u00e5rt rikst\u00e4ckande n\u00e4tverk finns experter p\u00e5 en l\u00e5ng rad omr\u00e5den vars kunskap blir tillg\u00e4nglig \u00e4ven f\u00f6r dig.<\/p>\n<!-- \/wp:paragraph -->\n\n<!-- wp:paragraph -->\n<p>Hos oss i Falkenberg har vi dessutom aff\u00e4rsr\u00e5dgivare som \u00e4r certifierade av FAR\/SRF som en ytterligare garanti f\u00f6r att du f\u00e5r r\u00e4tt hj\u00e4lp.<\/p>\n<!-- \/wp:paragraph --><\/div><\/div>\n<!-- \/wp:media-text -->    <\/div>\n<\/div>\n\n\n<div id=\"block-cards-block_604f6cdccdd16\" class=\"acf-block spacing-block block-cards end-equalizer spacing-block-reset-top\">\n    <div class=\"block__content xl:grid xl:grid-cols-2 md:full-width\">\n                    <div class=\"card-even-odd\">\n                <div class=\"card card--primary card--blocks card--max-width items-start py-20\">\n    <div class=\"card__content w-full\">\n        <div class=\"typography mb-6\">\n            <h2 class=\"title title--neutral\">Kontakta oss<\/h2>\n        <\/div>\n        <div class=\"form\">\n    <div class=\"form__alerts mt-0 left-0 w-full z-10\">\n            <div class=\"alert alert--danger alert--inactive\" role=\"alert\">\n                    <i class=\"far fa-times\" title=\"Ett fel uppstod\"><\/i>\n        Meddelandet har inte skickats. V\u00e4nligen kontrollera f\u00e4lten.    <\/div>\n        <div class=\"alert alert--success alert--inactive\" role=\"alert\">\n                    <i class=\"far fa-check\" title=\"Succ\u00e9\"><\/i>\n        Meddelandet har skickats.    <\/div>\n        <\/div>\n    <form id=\"contact-form-block_604f6cdccdd16-1\" class=\"form contact-form mt-6\" class=\"w-full\" method=\"POST\">\n        <div class=\"form__row\">\n            <label class=\"sr-only\" for=\"name\">Namn<\/label>\n            <input class=\"form__cell--full\" type=\"text\" name=\"name\" id=\"name\" placeholder=\"Namn\" required>\n        <\/div>\n        <div class=\"form__row\">\n            <label class=\"sr-only\" for=\"email\">E-post<\/label>\n            <input class=\"form__cell--full\" type=\"email\" name=\"email\" id=\"email\" placeholder=\"E-post\" required>\n        <\/div>\n        <div class=\"form__row\">\n            <label class=\"sr-only\" for=\"message\">Meddelande<\/label>\n            <textarea class=\"form__cell--full\" type=\"text\" name=\"message\" id=\"message\" placeholder=\"Meddelande\" required><\/textarea>\n        <\/div>\n        <footer class=\"form-footer mt-6\">\n            <!-- GDPR -->\n<div class=\"form__row form__row--no-wrap\">\n    <input type=\"checkbox\" name=\"gdpr_consent\" id=\"nobox_gdpr_consent\" required>\n    <label for=\"nobox_gdpr_consent\">\n        Vi behandlar dina personuppgifter enligt v\u00e5r integritetspolicy. L\u00e4s v\u00e5r policy <a class='link link--neutral' href='https:\/\/lr-revision.se\/lr-revision-falkenberg\/integritetspolicy-2\/' target='_blank' rel='noreferrer noopener'>h\u00e4r<\/a>.    <\/label>\n<\/div>\n            <input type=\"hidden\" id=\"_wpnonce\" name=\"_wpnonce\" value=\"07c728e261\" \/><input type=\"hidden\" name=\"_wp_http_referer\" value=\"\/lr-revision-falkenberg\/wp-json\/wp\/v2\/pages\/587\" \/>            <input id=\"url\" name=\"url\" type=\"hidden\" value=\"https:\/\/lr-revision.se\/lr-revision-falkenberg\" \/>\n            <input class=\"button button--neutral uppercase disabled\" type=\"submit\" value=\"Skicka\">\n        <\/footer>\n    <\/form>\n<\/div>\n<script async defer src=\"https:\/\/www.google.com\/recaptcha\/api.js?render=6LfpvUwsAAAAAN9HlkBwrsP6no6IAiT58NSMuEkK\"><\/script>\n    <\/div>\n<\/div>\n            <\/div>\n                    <div class=\"card-even-odd\">\n                <div class=\"block-cards__img\">\n        <picture>\n                    <source media=\"(min-width: 1200px)\" srcset=\"https:\/\/lr-revision.se\/app\/uploads\/2021\/03\/istock-1132448417-1500x650.jpg\">\n                    <source media=\"(max-width: 500px)\" srcset=\"https:\/\/lr-revision.se\/app\/uploads\/2021\/03\/istock-1132448417-500x300.jpg\">\n                <img decoding=\"async\" class=\"w-full h-full object-cover\" src=\"https:\/\/lr-revision.se\/app\/uploads\/2021\/03\/istock-1132448417-1500x650.jpg\" alt=\"\" loading=\"lazy\">\n    <\/picture>\n<\/div>\n            <\/div>\n            <\/div>\n<\/div>\n","protected":false},"excerpt":{"rendered":"<p>Kontakta mig s\u00e5 hj\u00e4lper jag dig vidare<\/p>\n","protected":false},"author":1,"featured_media":1000001488,"parent":567,"menu_order":0,"comment_status":"closed","ping_status":"closed","template":"","meta":{"_acf_changed":false,"inline_featured_image":false,"footnotes":""},"page-category":[9],"class_list":["post-587","page","type-page","status-publish","has-post-thumbnail","hentry","page-category-radgivning"],"acf":[],"publishpress_future_action":{"enabled":false,"date":"2026-04-11 03:47:55","action":"change-status","newStatus":"draft","terms":[],"taxonomy":"page-category","extraData":[]},"publishpress_future_workflow_manual_trigger":{"enabledWorkflows":[]},"_links":{"self":[{"href":"https:\/\/lr-revision.se\/lr-revision-falkenberg\/wp-json\/wp\/v2\/pages\/587","targetHints":{"allow":["GET"]}}],"collection":[{"href":"https:\/\/lr-revision.se\/lr-revision-falkenberg\/wp-json\/wp\/v2\/pages"}],"about":[{"href":"https:\/\/lr-revision.se\/lr-revision-falkenberg\/wp-json\/wp\/v2\/types\/page"}],"author":[{"embeddable":true,"href":"https:\/\/lr-revision.se\/lr-revision-falkenberg\/wp-json\/wp\/v2\/users\/1"}],"replies":[{"embeddable":true,"href":"https:\/\/lr-revision.se\/lr-revision-falkenberg\/wp-json\/wp\/v2\/comments?post=587"}],"version-history":[{"count":10,"href":"https:\/\/lr-revision.se\/lr-revision-falkenberg\/wp-json\/wp\/v2\/pages\/587\/revisions"}],"predecessor-version":[{"id":860,"href":"https:\/\/lr-revision.se\/lr-revision-falkenberg\/wp-json\/wp\/v2\/pages\/587\/revisions\/860"}],"up":[{"embeddable":true,"href":"https:\/\/lr-revision.se\/lr-revision-falkenberg\/wp-json\/wp\/v2\/pages\/567"}],"wp:featuredmedia":[{"embeddable":true,"href":"https:\/\/lr-revision.se\/lr-revision-falkenberg\/wp-json\/"}],"wp:attachment":[{"href":"https:\/\/lr-revision.se\/lr-revision-falkenberg\/wp-json\/wp\/v2\/media?parent=587"}],"wp:term":[{"taxonomy":"page-category","embeddable":true,"href":"https:\/\/lr-revision.se\/lr-revision-falkenberg\/wp-json\/wp\/v2\/page-category?post=587"}],"curies":[{"name":"wp","href":"https:\/\/api.w.org\/{rel}","templated":true}]}}