{"id":527,"date":"2021-04-14T14:09:26","date_gmt":"2021-04-14T12:09:26","guid":{"rendered":"https:\/\/lr-revision.se\/lr-revision-falkenberg\/vara-tjanster\/redovisning-copy\/"},"modified":"2025-01-09T15:15:22","modified_gmt":"2025-01-09T14:15:22","slug":"skatt","status":"publish","type":"page","link":"https:\/\/lr-revision.se\/lr-revision-falkenberg\/vara-tjanster\/skatt\/","title":{"rendered":"Skatt"},"content":{"rendered":"\n<div class=\"wp-block-columns is-layout-flex wp-container-core-columns-is-layout-9d6595d7 wp-block-columns-is-layout-flex\">\n<div class=\"wp-block-column is-layout-flow wp-block-column-is-layout-flow\" style=\"flex-basis:66.66%\"><div id=\"template-posts-block_605aef5373d9d\" class=\"acf-block template-posts\">\n    <div class=\"block__content\">\n        <!-- wp:paragraph {\"className\":\"is-style-thinn\"} -->\n<p class=\"is-style-thinn\">F\u00e5 hj\u00e4lp med Skatt i Falkenberg:<\/p>\n<!-- \/wp:paragraph -->\n\n<!-- wp:heading {\"level\":1} -->\n<h1 class=\"title title--primary\"><strong>Hur betalar man r\u00e4tt och lagom?<\/strong><\/h1>\n<!-- \/wp:heading -->\n\n<!-- wp:paragraph -->\n<p>Skatt \u00e4r ett sv\u00e5rt omr\u00e5de d\u00e4r det \u00e4r l\u00e4tt att g\u00e5 fel \u2013&nbsp;och det kan bli dyrt. Du ska inte betala f\u00f6r mycket men inte heller f\u00f6r lite. Vi p\u00e5 LR Revision Falkenberg AB i Falkenberg har kunskapen som beh\u00f6vs f\u00f6r att hj\u00e4lpa dig hitta r\u00e4tt.<\/p>\n<!-- \/wp:paragraph -->\n\n<!-- wp:paragraph -->\n<p>Skatteregler \u00e4r detaljerade och kr\u00e5ngliga. De \u00e4ndras ofta och tolkningen av dem utvecklas hela tiden. Det g\u00e4ller allts\u00e5 att vara uppdaterad s\u00e5 att det blir r\u00e4tt.<\/p>\n<!-- \/wp:paragraph -->\n\n<!-- wp:paragraph -->\n<p>Genom planering och med st\u00e4ndigt uppdaterade specialistkunskaper kan totalen optimeras, och ist\u00e4llet f\u00f6r kortsiktig minimering kan en l\u00e5ngsiktigt klok l\u00f6sning tas fram.<\/p>\n<!-- \/wp:paragraph -->\n\n<!-- wp:paragraph -->\n<p>    <a href=\"https:\/\/lr-revision.se\/lr-revision-falkenberg\/kontakt\" class='inline-block my-2'>Kontakta oss s\u00e5 hj\u00e4lper vi dig vidare!<\/a>\n<\/p>\n<!-- \/wp:paragraph -->    <\/div>\n<\/div>\n\n\n\n<p><\/p>\n<\/div>\n\n\n\n<div class=\"wp-block-column is-layout-flow wp-block-column-is-layout-flow\" style=\"flex-basis:33.33%\">\n<div class=\"wp-block-group has-white-color has-blue-background-color has-text-color has-background\"><div class=\"wp-block-group__inner-container is-layout-flow wp-block-group-is-layout-flow\">\n<p><strong>L\u00e4s mer om f\u00f6rdelarna med v\u00e5ra skattetj\u00e4nster:<\/strong><\/p>\n\n\n<div id=\"page-categories-list-block_60b9e9fdc3bcd\" class=\"acf-block page-categories-list\">\n    <div class=\"block__content\">\n        <ul class=\"list list--default\">\n            <li>\n    <a class=\"link link--inherit\" href=\"https:\/\/lr-revision.se\/lr-revision-falkenberg\/vara-tjanster\/skatt\/agarledda-foretag\/\">\u00c4garledda f\u00f6retag<\/a>\n<\/li>\n\n<li>\n    <a class=\"link link--inherit\" href=\"https:\/\/lr-revision.se\/lr-revision-falkenberg\/vara-tjanster\/skatt\/deklarationer\/\">Deklarationer<\/a>\n<\/li>\n\n<li>\n    <a class=\"link link--inherit\" href=\"https:\/\/lr-revision.se\/lr-revision-falkenberg\/vara-tjanster\/skatt\/foretagsbeskattning\/\">F\u00f6retagsbeskattning<\/a>\n<\/li>\n\n<li>\n    <a class=\"link link--inherit\" href=\"https:\/\/lr-revision.se\/lr-revision-falkenberg\/vara-tjanster\/skatt\/moms-punktskatt\/\">Moms &#038; Punktskatt<\/a>\n<\/li>\n\n        <\/ul>\n    <\/div>\n<\/div>\n<\/div><\/div>\n\n\n\n<h3 class=\"title title--primary has-green-color has-text-color wp-block-heading\">Kontakta mig s\u00e5 hj\u00e4lper jag dig vidare<\/h3>\n\n\n<div id=\"employees-block_605af05c73d9f\" class=\"acf-block spacing-block employees\">\n    <div class=\"block__content\">\n                <div class=\"space-y-6 sm:space-y-0 grid-cols-1\">\n            \n<div class=\"card card--primary card--vertical card--contact hover:shadow-md transition-all duration-500 border-t-8 border-primary max-w-md mx-auto \">\n        <header class=\"card__image card--vertical__image card--contact__image overflow-hidden\">\n                    <div class=\"placeholder\"><\/div>\n            <\/header>\n        <div class=\"card__content card--secondary card--vertical__content card--contact__content\">\n        <div class=\"card__body\">\n                            <h2 class=\"card__title title title--primary text-xl my-0\">Roger Qvarnstr\u00f6m<\/h2>\n                                            <div class=\"flex flex-col mb-3\">\n                                                    <div class=\"card__work-title font-bold text-sm leading-5\">Auktoriserad revisor<\/div>\n                                            <\/div>\n                                                        <div class=\"phone flex items-start mb-1\">\n                    <i class=\"fas fa-phone-alt mr-4 mt-1\" style=\"width:1.1rem; height: 1.1rem;\"><\/i>\n                                            <div class=\"flex flex-col\">\n                                                            <a class=\"phone link leading-6\" href=\"tel:0346713910\">\n                                    0346-71 39 10                                <\/a>\n                                                            <a class=\"phone link leading-6\" href=\"tel:0708984323\">\n                                    0708-98 43 23                                <\/a>\n                                                    <\/div>\n                                    <\/div>\n                                        <div class=\"card__email card--vertical__email card--contact__email flex justify-start items-center mb-1\">\n                    <i class=\"fas fa-envelope mr-4\" style=\"width:1.1rem; height: 1.1rem;\"><\/i>\n                    <a class=\"link link--default link--no-padding\" href=\"mailto:&#x72;&#x6f;&#x67;&#x65;&#114;&#046;&#113;va&#x72;&#x6e;&#x73;&#x74;&#x72;&#111;&#109;&#064;lr&#x2d;&#x72;&#x65;&#x76;&#x69;&#115;&#105;&#111;n&#046;&#x73;&#x65;\">\n                        &#x72;&#x6f;&#x67;&#x65;&#114;&#046;&#113;va&#x72;&#x6e;&#x73;&#x74;&#x72;&#111;&#109;&#064;lr&#x2d;&#x72;&#x65;&#x76;&#x69;&#115;&#105;&#111;n&#046;&#x73;&#x65;                    <\/a>\n                <\/div>\n                                                        <\/div>\n    <\/div>\n<\/div>\n        <\/div>\n    <\/div>\n<\/div>\n<\/div>\n<\/div>\n\n\n<div id=\"block-cards-block_604f6cdccdd16\" class=\"acf-block spacing-block block-cards end-equalizer\">\n    <div class=\"block__content xl:grid xl:grid-cols-2 md:full-width\">\n                    <div class=\"card-even-odd\">\n                <div class=\"card card--primary card--blocks card--max-width items-start py-20\">\n    <div class=\"card__content w-full\">\n        <div class=\"typography mb-6\">\n            <h2 class=\"title title--neutral\">Kontakta oss<\/h2>\n        <\/div>\n        <div class=\"form\">\n    <div class=\"form__alerts mt-0 left-0 w-full z-10\">\n            <div class=\"alert alert--danger alert--inactive\" role=\"alert\">\n                    <i class=\"far fa-times\" title=\"Ett fel uppstod\"><\/i>\n        Meddelandet har inte skickats. V\u00e4nligen kontrollera f\u00e4lten.    <\/div>\n        <div class=\"alert alert--success alert--inactive\" role=\"alert\">\n                    <i class=\"far fa-check\" title=\"Succ\u00e9\"><\/i>\n        Meddelandet har skickats.    <\/div>\n        <\/div>\n    <form id=\"contact-form-block_604f6cdccdd16-1\" class=\"form contact-form mt-6\" class=\"w-full\" method=\"POST\">\n        <div class=\"form__row\">\n            <label class=\"sr-only\" for=\"name\">Namn<\/label>\n            <input class=\"form__cell--full\" type=\"text\" name=\"name\" id=\"name\" placeholder=\"Namn\" required>\n        <\/div>\n        <div class=\"form__row\">\n            <label class=\"sr-only\" for=\"email\">E-post<\/label>\n            <input class=\"form__cell--full\" type=\"email\" name=\"email\" id=\"email\" placeholder=\"E-post\" required>\n        <\/div>\n        <div class=\"form__row\">\n            <label class=\"sr-only\" for=\"message\">Meddelande<\/label>\n            <textarea class=\"form__cell--full\" type=\"text\" name=\"message\" id=\"message\" placeholder=\"Meddelande\" required><\/textarea>\n        <\/div>\n        <footer class=\"form-footer mt-6\">\n            <!-- GDPR -->\n<div class=\"form__row form__row--no-wrap\">\n    <input type=\"checkbox\" name=\"gdpr_consent\" id=\"nobox_gdpr_consent\" required>\n    <label for=\"nobox_gdpr_consent\">\n        Vi behandlar dina personuppgifter enligt v\u00e5r integritetspolicy. L\u00e4s v\u00e5r policy <a class='link link--neutral' href='https:\/\/lr-revision.se\/lr-revision-falkenberg\/integritetspolicy-2\/' target='_blank' rel='noreferrer noopener'>h\u00e4r<\/a>.    <\/label>\n<\/div>\n            <input type=\"hidden\" id=\"_wpnonce\" name=\"_wpnonce\" value=\"07c728e261\" \/><input type=\"hidden\" name=\"_wp_http_referer\" value=\"\/lr-revision-falkenberg\/wp-json\/wp\/v2\/pages\/527\" \/>            <input id=\"url\" name=\"url\" type=\"hidden\" value=\"https:\/\/lr-revision.se\/lr-revision-falkenberg\" \/>\n            <input class=\"button button--neutral uppercase disabled\" type=\"submit\" value=\"Skicka\">\n        <\/footer>\n    <\/form>\n<\/div>\n<script async defer src=\"https:\/\/www.google.com\/recaptcha\/api.js?render=6LfpvUwsAAAAAN9HlkBwrsP6no6IAiT58NSMuEkK\"><\/script>\n    <\/div>\n<\/div>\n            <\/div>\n                    <div class=\"card-even-odd\">\n                <div class=\"block-cards__img\">\n        <picture>\n                    <source media=\"(min-width: 1200px)\" srcset=\"https:\/\/lr-revision.se\/app\/uploads\/2021\/03\/istock-1132448417-1500x650.jpg\">\n                    <source media=\"(max-width: 500px)\" srcset=\"https:\/\/lr-revision.se\/app\/uploads\/2021\/03\/istock-1132448417-500x300.jpg\">\n                <img decoding=\"async\" class=\"w-full h-full object-cover\" src=\"https:\/\/lr-revision.se\/app\/uploads\/2021\/03\/istock-1132448417-1500x650.jpg\" alt=\"\" loading=\"lazy\">\n    <\/picture>\n<\/div>\n            <\/div>\n            <\/div>\n<\/div>\n","protected":false},"excerpt":{"rendered":"<p>L\u00e4s mer om f\u00f6rdelarna med v\u00e5ra skattetj\u00e4nster: Kontakta mig s\u00e5 hj\u00e4lper jag dig vidare<\/p>\n","protected":false},"author":1,"featured_media":1740,"parent":41,"menu_order":0,"comment_status":"closed","ping_status":"closed","template":"","meta":{"_acf_changed":false,"inline_featured_image":false,"footnotes":""},"page-category":[],"class_list":["post-527","page","type-page","status-publish","has-post-thumbnail","hentry"],"acf":[],"publishpress_future_action":{"enabled":false,"date":"2026-04-11 03:49:16","action":"change-status","newStatus":"draft","terms":[],"taxonomy":"page-category","extraData":[]},"publishpress_future_workflow_manual_trigger":{"enabledWorkflows":[]},"_links":{"self":[{"href":"https:\/\/lr-revision.se\/lr-revision-falkenberg\/wp-json\/wp\/v2\/pages\/527","targetHints":{"allow":["GET"]}}],"collection":[{"href":"https:\/\/lr-revision.se\/lr-revision-falkenberg\/wp-json\/wp\/v2\/pages"}],"about":[{"href":"https:\/\/lr-revision.se\/lr-revision-falkenberg\/wp-json\/wp\/v2\/types\/page"}],"author":[{"embeddable":true,"href":"https:\/\/lr-revision.se\/lr-revision-falkenberg\/wp-json\/wp\/v2\/users\/1"}],"replies":[{"embeddable":true,"href":"https:\/\/lr-revision.se\/lr-revision-falkenberg\/wp-json\/wp\/v2\/comments?post=527"}],"version-history":[{"count":2,"href":"https:\/\/lr-revision.se\/lr-revision-falkenberg\/wp-json\/wp\/v2\/pages\/527\/revisions"}],"predecessor-version":[{"id":1741,"href":"https:\/\/lr-revision.se\/lr-revision-falkenberg\/wp-json\/wp\/v2\/pages\/527\/revisions\/1741"}],"up":[{"embeddable":true,"href":"https:\/\/lr-revision.se\/lr-revision-falkenberg\/wp-json\/wp\/v2\/pages\/41"}],"wp:featuredmedia":[{"embeddable":true,"href":"https:\/\/lr-revision.se\/lr-revision-falkenberg\/wp-json\/wp\/v2\/media\/1740"}],"wp:attachment":[{"href":"https:\/\/lr-revision.se\/lr-revision-falkenberg\/wp-json\/wp\/v2\/media?parent=527"}],"wp:term":[{"taxonomy":"page-category","embeddable":true,"href":"https:\/\/lr-revision.se\/lr-revision-falkenberg\/wp-json\/wp\/v2\/page-category?post=527"}],"curies":[{"name":"wp","href":"https:\/\/api.w.org\/{rel}","templated":true}]}}