{"id":495,"date":"2021-04-13T15:09:45","date_gmt":"2021-04-13T13:09:45","guid":{"rendered":"https:\/\/lr-revision.se\/lr-revision-falkenberg\/vara-tjanster\/redovisning\/deklaration-bokslut-arsredovisning-copy\/"},"modified":"2025-01-09T15:13:03","modified_gmt":"2025-01-09T14:13:03","slug":"oberoende-revision","status":"publish","type":"page","link":"https:\/\/lr-revision.se\/lr-revision-falkenberg\/vara-tjanster\/revision\/oberoende-revision\/","title":{"rendered":"Oberoende revision"},"content":{"rendered":"\n<div class=\"wp-block-columns is-layout-flex wp-container-core-columns-is-layout-9d6595d7 wp-block-columns-is-layout-flex\">\n<div class=\"wp-block-column is-layout-flow wp-block-column-is-layout-flow\" style=\"flex-basis:66.66%\"><div id=\"template-posts-block_605aef5373d9d\" class=\"acf-block template-posts\">\n    <div class=\"block__content\">\n        <!-- wp:paragraph {\"className\":\"is-style-thinn\"} -->\n<p class=\"is-style-thinn\">F\u00e5 hj\u00e4lp med Oberoende revision i Falkenberg: <\/p>\n<!-- \/wp:paragraph -->\n\n<!-- wp:heading {\"level\":1} -->\n<h1 class=\"title title--primary\">Granskning, analys och f\u00f6rb\u00e4ttringsf\u00f6rslag<\/h1>\n<!-- \/wp:heading -->\n\n<!-- wp:paragraph -->\n<p>V\u00e4lkommen till LR Revision Falkenberg AB&nbsp;i Falkenberg f\u00f6r revision p\u00e5 expertniv\u00e5!<\/p>\n<!-- \/wp:paragraph -->\n\n<!-- wp:paragraph -->\n<p>Revision inneb\u00e4r att en fr\u00e5n f\u00f6retaget frist\u00e5ende och sj\u00e4lvst\u00e4ndig revisor granskar ett f\u00f6retags ekonomiska redovisning och f\u00f6retagsledningens f\u00f6rvaltning f\u00f6r att kunna uttala sig om den information som l\u00e4mnas i \u00e5rsredovisningen \u00e4r riktig och om f\u00f6retaget f\u00f6ljer de regler som g\u00e4ller f\u00f6r redovisning och f\u00f6rvaltning i ett f\u00f6retag. Resultatet av arbetet avrapporteras b\u00e5de till f\u00f6retaget och i en offentlig revisionsber\u00e4ttelse. Nedan kan du l\u00e4sa mer om hur revision g\u00e5r till.<\/p>\n<!-- \/wp:paragraph -->\n\n<!-- wp:paragraph -->\n<p>Revision minskar risken f\u00f6r att \u00e5rsredovisningar inneh\u00e5ller fel och att olika intressenter d\u00e4rmed fattar beslut p\u00e5 felaktiga grunder. Genom att risken f\u00f6r fel \u00e4r l\u00e4gre minskar olika intressenters behov av kompletterande information och de beh\u00f6ver inte ta h\u00f6jd f\u00f6r risken f\u00f6r fel vilket kan inneb\u00e4ra b\u00e4ttre villkor f\u00f6r det reviderade f\u00f6retaget. D\u00e4rf\u00f6r f\u00e5r till exempel reviderade f\u00f6retag ofta b\u00e4ttre rating av kreditupplysningsf\u00f6retag \u00e4n oreviderade f\u00f6retag allt annat lika och r\u00e4ntor p\u00e5 bankl\u00e5n kan vara l\u00e4gre f\u00f6r reviderade f\u00f6retag \u00e4n oreviderade f\u00f6retag.<\/p>\n<!-- \/wp:paragraph -->\n\n<!-- wp:heading -->\n<h2 class=\"title title--primary\"><strong>B\u00e4ttre f\u00f6rberedda f\u00f6retag<\/strong><\/h2>\n<!-- \/wp:heading -->\n\n<!-- wp:paragraph -->\n<p>Ett viktigt syfte med revision \u00e4r att identifiera risker och uppt\u00e4cka fel och brister i ett tidigt skede s\u00e5 att de kan r\u00e4ttas innan \u00e5rsredovisningen \u00e4r klar eller att upplysningar l\u00e4ggs till s\u00e5 att det blir tydligare f\u00f6r l\u00e4saren vad som h\u00e4nt. Revisorn kommer ocks\u00e5 med olika f\u00f6rb\u00e4ttringsf\u00f6rslag och \u00e4r ett bollplank till f\u00f6retagsledningen. P\u00e5 s\u00e5 s\u00e4tt bidrar vi till seri\u00f6sa f\u00f6retag som \u00e4r b\u00e4ttre f\u00f6rberedda f\u00f6r att hantera f\u00f6r\u00e4ndringar och risker.<\/p>\n<!-- \/wp:paragraph -->\n\n<!-- wp:paragraph -->\n<p>I revisionsber\u00e4ttelsen bekr\u00e4ftar revisorn genom sina uttalanden om \u00e5rsredovisningen i alla v\u00e4sentliga avseenden \u00e4r uppr\u00e4ttad enligt g\u00e4llande regler och att f\u00f6rvaltning sk\u00f6tts enligt g\u00e4llande regler. Om det finns kvarst\u00e5ende brister eller begr\u00e4nsningar framg\u00e5r detta i form av avvikande uttalanden eller anm\u00e4rkningar i revisionsber\u00e4ttelsen. Det \u00e4r viktigt att l\u00e4sa vad det faktiskt st\u00e5r och bed\u00f6ma vad detta har f\u00f6r betydelse inf\u00f6r beslut som l\u00e4saren ska fatta.<\/p>\n<!-- \/wp:paragraph -->\n\n<!-- wp:heading -->\n<h2 class=\"title title--primary\"><strong>S\u00e5 g\u00e5r revisionen till<\/strong><\/h2>\n<!-- \/wp:heading -->\n\n<!-- wp:paragraph -->\n<p>En oberoende revision genomf\u00f6rs enligt internationella revisionsstandarder f\u00f6r att s\u00e4kerst\u00e4lla en h\u00f6g kvalitet. Syftet med revisionen \u00e4r att s\u00e4kerst\u00e4lla att \u00e5rsredovisningen har uppr\u00e4ttats enligt g\u00e4llande regler och inte inneh\u00e5ller n\u00e5gra v\u00e4sentliga fel. Det skapar trygghet och g\u00f6r att olika intressenter kan lita p\u00e5 den reviderade informationen som underlag f\u00f6r beslut. Dessutom revideras att bolaget sk\u00f6tt skatter och avgifter samt att styrelse och VD har f\u00f6ljt aktiebolagslagen och andra regler.<\/p>\n<!-- \/wp:paragraph -->\n\n<!-- wp:paragraph -->\n<p>Revision inleds med en riskbed\u00f6mning. Revisorn analyserar inte bara f\u00f6retaget utan ocks\u00e5 bransch och andra faktorer som p\u00e5verkar f\u00f6retaget f\u00f6r att hitta vad som kan bli fel i \u00e5rsredovisningen och f\u00f6rvaltningen. Revisorn unders\u00f6ker ocks\u00e5 vilka kontroller det finns i f\u00f6retaget f\u00f6r att f\u00f6rhindra att fel uppst\u00e5r och f\u00f6r att hitta svagheter och brister i rutiner. F\u00f6r att ytterligare minska risken f\u00f6r fel identifieras \u00e4ven andra v\u00e4sentliga poster f\u00f6r fortsatt granskning.<\/p>\n<!-- \/wp:paragraph -->\n\n<!-- wp:heading -->\n<h2 class=\"title title--primary\"><strong>V\u00e4sentliga omr\u00e5den ringas in<\/strong><\/h2>\n<!-- \/wp:heading -->\n\n<!-- wp:paragraph -->\n<p>D\u00e4refter granskas de omr\u00e5den som identifierats i risk och v\u00e4sentlighetsbed\u00f6mningen ytterligare f\u00f6r att s\u00e4kerst\u00e4lla att det inte finns v\u00e4sentliga fel eller brister i \u00e5rsredovisningen eller f\u00f6rvaltningen. Detta g\u00f6r revisorn genom olika analyser, j\u00e4mf\u00f6ra uppgifter i redovisningen med underlag, beg\u00e4ra in uppgifter och bes\u00f6k f\u00f6r att se att t.ex. ett v\u00e4sentligt lager verkligen existerar. Revisorn granskar inte allt men genom att koncentrera den fortsatta granskningen till v\u00e4sentliga omr\u00e5den d\u00e4r det \u00e4r st\u00f6rst risk f\u00f6r fel effektiviseras revisionen.<\/p>\n<!-- \/wp:paragraph -->\n\n<!-- wp:heading -->\n<h2 class=\"title title--primary\"><strong>Ett viktigt beslutsunderlag<\/strong><\/h2>\n<!-- \/wp:heading -->\n\n<!-- wp:paragraph -->\n<p>N\u00e4r granskningen \u00e4r klar avrapporteras revisionen. I den offentliga revisionsber\u00e4ttelsen rapporterar revisorn om resultatet av revisionen. Revisorn tar st\u00e4llning till om \u00e5rsredovisningen i alla v\u00e4sentliga avseenden ger en r\u00e4ttvisande bild av f\u00f6retagets finansiella st\u00e4llning och resultat. Om det kvarst\u00e5r n\u00e5gra v\u00e4sentliga brister eller fel efter revisionen framg\u00e5r det av revisionsber\u00e4ttelsen. Revisionsber\u00e4ttelsen kan ocks\u00e5 inneh\u00e5lla viktiga upplysningar som inte beror p\u00e5 brister eller fel i \u00e5rsredovisningen. Revisionsber\u00e4ttelsen \u00e4r ett viktigt beslutsunderlag f\u00f6r banker, leverant\u00f6rer, kunder med flera. <\/p>\n<!-- \/wp:paragraph -->\n\n<!-- wp:paragraph -->\n<p>Under revisionen rapporterar revisorn sina iakttagelser direkt till f\u00f6retagsledningen. Ofta kan eventuella fel och brister r\u00e4ttas till s\u00e5 att \u00e5rsredovisningen blir korrekt och revisorn kan l\u00e4mna f\u00f6rslag f\u00f6r att f\u00f6rb\u00e4ttra rutiner. Revisorn ger ocks\u00e5 andra f\u00f6rslag och tips till f\u00f6retagsledningen.<\/p>\n<!-- \/wp:paragraph -->\n\n<!-- wp:paragraph -->\n<p>    <a href=\"https:\/\/lr-revision.se\/lr-revision-falkenberg\/kontakt\" class='inline-block my-2'>Kontakta oss s\u00e5 hj\u00e4lper vi dig vidare!<\/a>\n<\/p>\n<!-- \/wp:paragraph -->    <\/div>\n<\/div>\n\n\n\n<p><\/p>\n<\/div>\n\n\n\n<div class=\"wp-block-column is-layout-flow wp-block-column-is-layout-flow\" style=\"flex-basis:33.33%\"><div id=\"template-posts-block_605de6795dca9\" class=\"acf-block template-posts\">\n    <div class=\"block__content\">\n        <!-- wp:group {\"backgroundColor\":\"blue\",\"textColor\":\"white\"} -->\n<div class=\"wp-block-group has-white-color has-blue-background-color has-text-color has-background\"><div class=\"wp-block-group__inner-container\"><!-- wp:paragraph -->\n<p><strong>Med oss p\u00e5 LR Revision Falkenberg AB i Falkenberg f\u00e5r du:<\/strong><\/p>\n<!-- \/wp:paragraph -->\n\n<!-- wp:list -->\n<ul class=\"list list--default\"><li>Professionella analyser<\/li><li>Kvalitetss\u00e4krade beslutsunderlag<\/li><li>F\u00f6rslag p\u00e5 f\u00f6rb\u00e4ttringar<\/li><li>Personlig kontakt<\/li><\/ul>\n<!-- \/wp:list --><\/div><\/div>\n<!-- \/wp:group -->\n\n<!-- wp:paragraph -->\n<p><\/p>\n<!-- \/wp:paragraph -->    <\/div>\n<\/div>\n\n\n\n<h3 class=\"title title--primary has-green-color has-text-color wp-block-heading\">Kontakta mig s\u00e5 hj\u00e4lper jag dig vidare<\/h3>\n\n\n<div id=\"employees-block_605af05c73d9f\" class=\"acf-block spacing-block employees\">\n    <div class=\"block__content\">\n                <div class=\"space-y-6 sm:space-y-0 grid-cols-1\">\n            \n<div class=\"card card--primary card--vertical card--contact hover:shadow-md transition-all duration-500 border-t-8 border-primary max-w-md mx-auto \">\n        <header class=\"card__image card--vertical__image card--contact__image overflow-hidden\">\n                    <div class=\"placeholder\"><\/div>\n            <\/header>\n        <div class=\"card__content card--secondary card--vertical__content card--contact__content\">\n        <div class=\"card__body\">\n                            <h2 class=\"card__title title title--primary text-xl my-0\">Roger Qvarnstr\u00f6m<\/h2>\n                                            <div class=\"flex flex-col mb-3\">\n                                                    <div class=\"card__work-title font-bold text-sm leading-5\">Auktoriserad revisor<\/div>\n                                            <\/div>\n                                                        <div class=\"phone flex items-start mb-1\">\n                    <i class=\"fas fa-phone-alt mr-4 mt-1\" style=\"width:1.1rem; height: 1.1rem;\"><\/i>\n                                            <div class=\"flex flex-col\">\n                                                            <a class=\"phone link leading-6\" href=\"tel:0346713910\">\n                                    0346-71 39 10                                <\/a>\n                                                            <a class=\"phone link leading-6\" href=\"tel:0708984323\">\n                                    0708-98 43 23                                <\/a>\n                                                    <\/div>\n                                    <\/div>\n                                        <div class=\"card__email card--vertical__email card--contact__email flex justify-start items-center mb-1\">\n                    <i class=\"fas fa-envelope mr-4\" style=\"width:1.1rem; height: 1.1rem;\"><\/i>\n                    <a class=\"link link--default link--no-padding\" href=\"mailto:&#x72;&#x6f;&#103;e&#x72;&#x2e;&#113;&#118;a&#x72;&#x6e;&#115;&#116;r&#x6f;&#x6d;&#064;lr&#x2d;&#x72;&#101;v&#x69;&#x73;&#105;&#111;n&#x2e;&#x73;&#101;\">\n                        &#x72;&#x6f;&#103;e&#x72;&#x2e;&#113;&#118;a&#x72;&#x6e;&#115;&#116;r&#x6f;&#x6d;&#064;lr&#x2d;&#x72;&#101;v&#x69;&#x73;&#105;&#111;n&#x2e;&#x73;&#101;                    <\/a>\n                <\/div>\n                                                        <\/div>\n    <\/div>\n<\/div>\n        <\/div>\n    <\/div>\n<\/div>\n<\/div>\n<\/div>\n\n\n<div id=\"template-posts-block_6065801689106\" class=\"acf-block template-posts\">\n    <div class=\"block__content\">\n        <!-- wp:media-text {\"mediaId\":788,\"mediaLink\":\"https:\/\/lr-revision.se\/business-executives-consulting-negotiation-meeting-in-office\/\",\"mediaType\":\"image\",\"mediaWidth\":27,\"backgroundColor\":\"white\"} -->\n<div class=\"wp-block-media-text is-stacked-on-mobile has-white-background-color has-background\" style=\"grid-template-columns:27% auto\"><figure class=\"wp-block-media-text__media\"><img decoding=\"async\" src=\"https:\/\/lr-revision.se\/app\/uploads\/2021\/03\/istock-1127489700-850x560.jpg\" alt=\"\" class=\"wp-image-788 size-full\" \/><\/figure><div class=\"wp-block-media-text__content\"><!-- wp:heading -->\n<h2 class=\"title title--primary\"><strong><strong>Auktoriserade och godk\u00e4nda revisorer: trygg kompetens f\u00f6r dig<\/strong><\/strong><\/h2>\n<!-- \/wp:heading -->\n\n<!-- wp:paragraph -->\n<p>Det \u00e4r skillnad p\u00e5 att kunna och kunna. Det finns mycket som du kan g\u00f6ra sj\u00e4lv och som n\u00e5gon med viss ekonomisk kompetens kan hj\u00e4lpa dig med. Sedan finns det andra omr\u00e5den d\u00e4r det kr\u00e4vs auktoriserad eller godk\u00e4nd kompetens. Revisorsomr\u00e5det \u00e4r ett s\u00e5dant.<\/p>\n<!-- \/wp:paragraph -->\n\n<!-- wp:paragraph -->\n<p>En auktoriserad och godk\u00e4nd revisor uppfyller kraven i revisorslagen vad g\u00e4ller utbildning, erfarenhet och redbarhet. Att arbetet g\u00f6rs \u201denligt god revisionssed\u201d betyder att det f\u00f6ljer en r\u00e4ttslig standard som st\u00e4ller krav p\u00e5 planering, bemanning och genomf\u00f6rande av de uppdrag vi f\u00e5r fr\u00e5n dig.<br><br>Allt handlar om trygghet och s\u00e4kerhet f\u00f6r dig och ditt f\u00f6retag. N\u00e4r du anlitar oss p\u00e5 LR Revision Falkenberg AB i Falkenberg\u00a0kan du vara s\u00e4ker p\u00e5 att du f\u00e5r kvalitetss\u00e4krad hj\u00e4lp av auktoriserade eller godk\u00e4nda revisorer.<\/p>\n<!-- \/wp:paragraph --><\/div><\/div>\n<!-- \/wp:media-text -->    <\/div>\n<\/div>\n\n\n<div id=\"block-cards-block_604f6cdccdd16\" class=\"acf-block spacing-block block-cards end-equalizer spacing-block-reset-top\">\n    <div class=\"block__content xl:grid xl:grid-cols-2 md:full-width\">\n                    <div class=\"card-even-odd\">\n                <div class=\"card card--primary card--blocks card--max-width items-start py-20\">\n    <div class=\"card__content w-full\">\n        <div class=\"typography mb-6\">\n            <h2 class=\"title title--neutral\">Kontakta oss<\/h2>\n        <\/div>\n        <div class=\"form\">\n    <div class=\"form__alerts mt-0 left-0 w-full z-10\">\n            <div class=\"alert alert--danger alert--inactive\" role=\"alert\">\n                    <i class=\"far fa-times\" title=\"Ett fel uppstod\"><\/i>\n        Meddelandet har inte skickats. V\u00e4nligen kontrollera f\u00e4lten.    <\/div>\n        <div class=\"alert alert--success alert--inactive\" role=\"alert\">\n                    <i class=\"far fa-check\" title=\"Succ\u00e9\"><\/i>\n        Meddelandet har skickats.    <\/div>\n        <\/div>\n    <form id=\"contact-form-block_604f6cdccdd16-1\" class=\"form contact-form mt-6\" class=\"w-full\" method=\"POST\">\n        <div class=\"form__row\">\n            <label class=\"sr-only\" for=\"name\">Namn<\/label>\n            <input class=\"form__cell--full\" type=\"text\" name=\"name\" id=\"name\" placeholder=\"Namn\" required>\n        <\/div>\n        <div class=\"form__row\">\n            <label class=\"sr-only\" for=\"email\">E-post<\/label>\n            <input class=\"form__cell--full\" type=\"email\" name=\"email\" id=\"email\" placeholder=\"E-post\" required>\n        <\/div>\n        <div class=\"form__row\">\n            <label class=\"sr-only\" for=\"message\">Meddelande<\/label>\n            <textarea class=\"form__cell--full\" type=\"text\" name=\"message\" id=\"message\" placeholder=\"Meddelande\" required><\/textarea>\n        <\/div>\n        <footer class=\"form-footer mt-6\">\n            <!-- GDPR -->\n<div class=\"form__row form__row--no-wrap\">\n    <input type=\"checkbox\" name=\"gdpr_consent\" id=\"nobox_gdpr_consent\" required>\n    <label for=\"nobox_gdpr_consent\">\n        Vi behandlar dina personuppgifter enligt v\u00e5r integritetspolicy. L\u00e4s v\u00e5r policy <a class='link link--neutral' href='https:\/\/lr-revision.se\/lr-revision-falkenberg\/integritetspolicy-2\/' target='_blank' rel='noreferrer noopener'>h\u00e4r<\/a>.    <\/label>\n<\/div>\n            <input type=\"hidden\" id=\"_wpnonce\" name=\"_wpnonce\" value=\"07c728e261\" \/><input type=\"hidden\" name=\"_wp_http_referer\" value=\"\/lr-revision-falkenberg\/wp-json\/wp\/v2\/pages\/495\" \/>            <input id=\"url\" name=\"url\" type=\"hidden\" value=\"https:\/\/lr-revision.se\/lr-revision-falkenberg\" \/>\n            <input class=\"button button--neutral uppercase disabled\" type=\"submit\" value=\"Skicka\">\n        <\/footer>\n    <\/form>\n<\/div>\n<script async defer src=\"https:\/\/www.google.com\/recaptcha\/api.js?render=6LfpvUwsAAAAAN9HlkBwrsP6no6IAiT58NSMuEkK\"><\/script>\n    <\/div>\n<\/div>\n            <\/div>\n                    <div class=\"card-even-odd\">\n                <div class=\"block-cards__img\">\n        <picture>\n                    <source media=\"(min-width: 1200px)\" srcset=\"https:\/\/lr-revision.se\/app\/uploads\/2021\/03\/istock-1132448417-1500x650.jpg\">\n                    <source media=\"(max-width: 500px)\" srcset=\"https:\/\/lr-revision.se\/app\/uploads\/2021\/03\/istock-1132448417-500x300.jpg\">\n                <img decoding=\"async\" class=\"w-full h-full object-cover\" src=\"https:\/\/lr-revision.se\/app\/uploads\/2021\/03\/istock-1132448417-1500x650.jpg\" alt=\"\" loading=\"lazy\">\n    <\/picture>\n<\/div>\n            <\/div>\n            <\/div>\n<\/div>\n","protected":false},"excerpt":{"rendered":"<p>Kontakta mig s\u00e5 hj\u00e4lper jag dig vidare<\/p>\n","protected":false},"author":1,"featured_media":1729,"parent":483,"menu_order":0,"comment_status":"closed","ping_status":"closed","template":"","meta":{"_acf_changed":false,"inline_featured_image":false,"footnotes":""},"page-category":[7],"class_list":["post-495","page","type-page","status-publish","has-post-thumbnail","hentry","page-category-revision"],"acf":[],"publishpress_future_action":{"enabled":false,"date":"2026-04-11 03:48:03","action":"change-status","newStatus":"draft","terms":[],"taxonomy":"page-category","extraData":[]},"publishpress_future_workflow_manual_trigger":{"enabledWorkflows":[]},"_links":{"self":[{"href":"https:\/\/lr-revision.se\/lr-revision-falkenberg\/wp-json\/wp\/v2\/pages\/495","targetHints":{"allow":["GET"]}}],"collection":[{"href":"https:\/\/lr-revision.se\/lr-revision-falkenberg\/wp-json\/wp\/v2\/pages"}],"about":[{"href":"https:\/\/lr-revision.se\/lr-revision-falkenberg\/wp-json\/wp\/v2\/types\/page"}],"author":[{"embeddable":true,"href":"https:\/\/lr-revision.se\/lr-revision-falkenberg\/wp-json\/wp\/v2\/users\/1"}],"replies":[{"embeddable":true,"href":"https:\/\/lr-revision.se\/lr-revision-falkenberg\/wp-json\/wp\/v2\/comments?post=495"}],"version-history":[{"count":2,"href":"https:\/\/lr-revision.se\/lr-revision-falkenberg\/wp-json\/wp\/v2\/pages\/495\/revisions"}],"predecessor-version":[{"id":1734,"href":"https:\/\/lr-revision.se\/lr-revision-falkenberg\/wp-json\/wp\/v2\/pages\/495\/revisions\/1734"}],"up":[{"embeddable":true,"href":"https:\/\/lr-revision.se\/lr-revision-falkenberg\/wp-json\/wp\/v2\/pages\/483"}],"wp:featuredmedia":[{"embeddable":true,"href":"https:\/\/lr-revision.se\/lr-revision-falkenberg\/wp-json\/wp\/v2\/media\/1729"}],"wp:attachment":[{"href":"https:\/\/lr-revision.se\/lr-revision-falkenberg\/wp-json\/wp\/v2\/media?parent=495"}],"wp:term":[{"taxonomy":"page-category","embeddable":true,"href":"https:\/\/lr-revision.se\/lr-revision-falkenberg\/wp-json\/wp\/v2\/page-category?post=495"}],"curies":[{"name":"wp","href":"https:\/\/api.w.org\/{rel}","templated":true}]}}