{"id":449,"date":"2021-04-01T10:00:01","date_gmt":"2021-04-01T08:00:01","guid":{"rendered":"https:\/\/lr-revision.se\/lr-revision-falkenberg\/vara-tjanster\/redovisning\/kundfakturor-copy\/"},"modified":"2025-01-09T10:46:38","modified_gmt":"2025-01-09T09:46:38","slug":"tidrapportering-kvitton-reserakning","status":"publish","type":"page","link":"https:\/\/lr-revision.se\/lr-revision-falkenberg\/vara-tjanster\/redovisning\/tidrapportering-kvitton-reserakning\/","title":{"rendered":"Tidrapportering, Kvitton &#038; Reser\u00e4kning"},"content":{"rendered":"\n<div class=\"wp-block-columns is-layout-flex wp-container-core-columns-is-layout-9d6595d7 wp-block-columns-is-layout-flex\">\n<div class=\"wp-block-column is-layout-flow wp-block-column-is-layout-flow\" style=\"flex-basis:66.66%\"><div id=\"template-posts-block_605aef5373d9d\" class=\"acf-block template-posts\">\n    <div class=\"block__content\">\n        <!-- wp:paragraph {\"className\":\"is-style-thinn\"} -->\n<p class=\"is-style-thinn\">F\u00e5 hj\u00e4lp med Tidrapportering, Kvitton &amp; Reser\u00e4kning i Falkenberg:<\/p>\n<!-- \/wp:paragraph -->\n\n<!-- wp:heading {\"level\":1} -->\n<h1 class=\"title title--primary\"><strong>Missa inga int\u00e4kter<\/strong><\/h1>\n<!-- \/wp:heading -->\n\n<!-- wp:paragraph -->\n<p>Effektiv och enkel registrering av arbetstimmar, kvitton och utl\u00e4gg f\u00f6r resor sparar pengar genom att spara tid \u2013&nbsp;men g\u00f6r ocks\u00e5 att fler utl\u00e4gg faktiskt blir fakturerade. Vi p\u00e5 LR Revision Falkenberg AB i Falkenberg hj\u00e4lper dig med l\u00f6sningarna!<\/p>\n<!-- \/wp:paragraph -->\n\n<!-- wp:paragraph -->\n<p>Tid \u00e4r ofta en stor del av ett f\u00f6retags int\u00e4kter, f\u00f6r vissa n\u00e4stan 100 procent. En missad halvtimme h\u00e4r och d\u00e4r blir fort stora pengar. V\u00e5r l\u00f6sning g\u00f6r tidrapporteringen enkel.<\/p>\n<!-- \/wp:paragraph -->\n\n<!-- wp:paragraph -->\n<p>Detsamma g\u00e4ller registrering av kvitton. Bjudit n\u00e5gon p\u00e5 lunch? Fota kvittot via appen och utgiften \u00e4r redovisad. Lika enkelt hanteras exempelvis tj\u00e4nsteresor med bil. \u00c4n s\u00e5 l\u00e4nge m\u00e5ste du spara kvittot.<\/p>\n<!-- \/wp:paragraph -->\n\n<!-- wp:paragraph -->\n<p>Risken f\u00f6r att kvitton saknas minskar. F\u00f6r dig som f\u00f6retagare betyder det att du f\u00e5r ers\u00e4ttning f\u00f6r dina utl\u00e4gg ist\u00e4llet f\u00f6r att de blir l\u00f6n.<\/p>\n<!-- \/wp:paragraph -->\n\n<!-- wp:paragraph -->\n<p>L\u00f6nsamt bara f\u00f6r stora f\u00f6retag? Nej, det handlar snarare om m\u00e4ngden utl\u00e4gg du har. Hur sk\u00f6nt \u00e4r det inte att slippa sitta och pussla ihop dina kvitton med kontokortsfakturan i slutet av m\u00e5naden?<\/p>\n<!-- \/wp:paragraph -->\n\n<!-- wp:paragraph -->\n<p>    <a href=\"https:\/\/lr-revision.se\/lr-revision-falkenberg\/kontakt\" class='inline-block my-2'>Kontakta oss s\u00e5 hj\u00e4lper vi dig vidare!<\/a>\n<\/p>\n<!-- \/wp:paragraph -->    <\/div>\n<\/div>\n\n\n\n<p><\/p>\n<\/div>\n\n\n\n<div class=\"wp-block-column is-layout-flow wp-block-column-is-layout-flow\" style=\"flex-basis:33.33%\"><div id=\"template-posts-block_605de6795dca9\" class=\"acf-block template-posts\">\n    <div class=\"block__content\">\n        <!-- wp:group {\"backgroundColor\":\"blue\",\"textColor\":\"white\"} -->\n<div class=\"wp-block-group has-white-color has-blue-background-color has-text-color has-background\"><div class=\"wp-block-group__inner-container\"><!-- wp:paragraph -->\n<p><strong><strong>Med oss p\u00e5 LR Revision Falkenberg AB<\/strong> <strong>i Falkenberg f\u00e5r du:<\/strong><\/strong><\/p>\n<!-- \/wp:paragraph -->\n\n<!-- wp:list -->\n<ul class=\"list list--default\"><li>Smarta digitala l\u00f6sningar<\/li><li>Tids- och kostnadseffektivitet<\/li><li>Alla int\u00e4kter blir fakturerade<\/li><li>Personlig kontakt<\/li><\/ul>\n<!-- \/wp:list --><\/div><\/div>\n<!-- \/wp:group -->    <\/div>\n<\/div>\n\n\n\n<h3 class=\"title title--primary has-green-color has-text-color wp-block-heading\">Kontakta mig s\u00e5 hj\u00e4lper jag dig vidare<\/h3>\n\n\n<div id=\"employees-block_605af05c73d9f\" class=\"acf-block spacing-block employees\">\n    <div class=\"block__content\">\n                <div class=\"space-y-6 sm:space-y-0 grid-cols-1\">\n            \n<div class=\"card card--primary card--vertical card--contact hover:shadow-md transition-all duration-500 border-t-8 border-primary max-w-md mx-auto \">\n        <header class=\"card__image card--vertical__image card--contact__image overflow-hidden\">\n                    <div class=\"placeholder\"><\/div>\n            <\/header>\n        <div class=\"card__content card--secondary card--vertical__content card--contact__content\">\n        <div class=\"card__body\">\n                            <h2 class=\"card__title title title--primary text-xl my-0\">Roger Qvarnstr\u00f6m<\/h2>\n                                            <div class=\"flex flex-col mb-3\">\n                                                    <div class=\"card__work-title font-bold text-sm leading-5\">Auktoriserad revisor<\/div>\n                                            <\/div>\n                                                        <div class=\"phone flex items-start mb-1\">\n                    <i class=\"fas fa-phone-alt mr-4 mt-1\" style=\"width:1.1rem; height: 1.1rem;\"><\/i>\n                                            <div class=\"flex flex-col\">\n                                                            <a class=\"phone link leading-6\" href=\"tel:0346713910\">\n                                    0346-71 39 10                                <\/a>\n                                                            <a class=\"phone link leading-6\" href=\"tel:0708984323\">\n                                    0708-98 43 23                                <\/a>\n                                                    <\/div>\n                                    <\/div>\n                                        <div class=\"card__email card--vertical__email card--contact__email flex justify-start items-center mb-1\">\n                    <i class=\"fas fa-envelope mr-4\" style=\"width:1.1rem; height: 1.1rem;\"><\/i>\n                    <a class=\"link link--default link--no-padding\" href=\"mailto:&#x72;&#111;g&#x65;&#114;&#046;&#x71;&#118;a&#x72;&#110;s&#x74;&#114;o&#x6d;&#x40;l&#x72;&#x2d;&#114;&#x65;&#x76;&#105;&#x73;&#x69;&#111;n&#x2e;&#115;e\">\n                        &#x72;&#111;g&#x65;&#114;&#046;&#x71;&#118;a&#x72;&#110;s&#x74;&#114;o&#x6d;&#x40;l&#x72;&#x2d;&#114;&#x65;&#x76;&#105;&#x73;&#x69;&#111;n&#x2e;&#115;e                    <\/a>\n                <\/div>\n                                                        <\/div>\n    <\/div>\n<\/div>\n        <\/div>\n    <\/div>\n<\/div>\n<\/div>\n<\/div>\n\n\n<div id=\"template-posts-block_605b690654edf\" class=\"acf-block template-posts\">\n    <div class=\"block__content\">\n        <!-- wp:media-text {\"mediaId\":1000001162,\"mediaLink\":\"https:\/\/lr-revision.se\/budget-planning-spreadsheet-on-laptop-screen-2\/\",\"mediaType\":\"image\",\"mediaWidth\":28,\"backgroundColor\":\"white\"} -->\n<div class=\"wp-block-media-text is-stacked-on-mobile has-white-background-color has-background\" style=\"grid-template-columns:28% auto\"><figure class=\"wp-block-media-text__media\"><img decoding=\"async\" src=\"https:\/\/lr-revision.se\/app\/uploads\/2021\/03\/istock-1181407201-850x560.jpg\" alt=\"\" class=\"wp-image-1000001162 size-full\" srcset=\"https:\/\/lr-revision.se\/app\/uploads\/2021\/03\/istock-1181407201-850x560.jpg 850w, https:\/\/lr-revision.se\/app\/uploads\/2021\/03\/istock-1181407201-120x80.jpg 120w\" sizes=\"(max-width: 850px) 100vw, 850px\" \/><\/figure><div class=\"wp-block-media-text__content\"><!-- wp:heading -->\n<h2 class=\"title title--primary\"><strong>LR Online: Smart och flexibelt<\/strong><\/h2>\n<!-- \/wp:heading -->\n\n<!-- wp:paragraph -->\n<p>LR Online integrerar fakturering och registrering av utl\u00e4gg. Du kan enkelt logga in fr\u00e5n din dator eller mobil, till exempel f\u00f6r att fakturera eller registrera utl\u00e4gg och reser\u00e4kningar.<\/p>\n<!-- \/wp:paragraph -->\n\n<!-- wp:paragraph -->\n<p>Med LR Online har du ocks\u00e5 alltid tillg\u00e5ng till redovisning, viktig administration och f\u00f6retagets ekonomi online \u2013 oavsett om du \u00e4r p\u00e5 jobbet, hemma eller p\u00e5 resande fot. Dessutom har du tillg\u00e5ng till ditt arkiv d\u00e4r du kan spara \u00e5rsredovisningar och beslutsdokumentation.<\/p>\n<!-- \/wp:paragraph -->\n\n<!-- wp:list -->\n<ul class=\"list list--default\"><li>Du best\u00e4mmer sj\u00e4lv vem som ska g\u00f6ra vilka arbetsuppgifter.<\/li><li>Du slipper programinstallationer och uppdateringar p\u00e5 egen utrustning.<\/li><li>Du kan vara trygg \u2013 s\u00e4kerhetskopiering sker automatiskt.<\/li><li>Du kan enkelt integrera LR Online med andra digitala tj\u00e4nster.<\/li><li>Du sparar tid!<\/li><\/ul>\n<!-- \/wp:list --><\/div><\/div>\n<!-- \/wp:media-text -->    <\/div>\n<\/div>\n\n\n<div id=\"template-posts-block_6061748f326e4\" class=\"acf-block template-posts\">\n    <div class=\"block__content\">\n        <!-- wp:media-text {\"mediaPosition\":\"right\",\"mediaId\":788,\"mediaLink\":\"https:\/\/lr-revision.se\/business-executives-consulting-negotiation-meeting-in-office\/\",\"mediaType\":\"image\",\"mediaWidth\":27,\"backgroundColor\":\"light-grey\"} -->\n<div class=\"wp-block-media-text has-media-on-the-right is-stacked-on-mobile has-light-grey-background-color has-background\" style=\"grid-template-columns:auto 27%\"><figure class=\"wp-block-media-text__media\"><img decoding=\"async\" src=\"https:\/\/lr-revision.se\/app\/uploads\/2021\/03\/istock-1127489700-850x560.jpg\" alt=\"\" class=\"wp-image-788 size-full\" \/><\/figure><div class=\"wp-block-media-text__content\"><!-- wp:heading -->\n<h2 class=\"title title--primary\"><strong>Kompetenta redovisningskonsulter: en kvalitetsgaranti<\/strong><\/h2>\n<!-- \/wp:heading -->\n\n<!-- wp:paragraph -->\n<p>V\u00e5ra redovisningskonsulter har erfarenhet och h\u00f6g kompetens och f\u00f6ljer alltid de branschstandarder som \u00e4r uppst\u00e4llda f\u00f6r auktoriserade konsulter. Det ger en trygghet i att f\u00e5 uppdaterad hj\u00e4lp enligt effektiva, kvalitetss\u00e4krade rutiner och g\u00e4llande lagar och regelverk.<\/p>\n<!-- \/wp:paragraph -->\n\n<!-- wp:paragraph -->\n<p>Auktorisation via SRF eller FAR \u00e4r ytterligare en bekr\u00e4ftelse p\u00e5 konsultens erfarenhet och kompetens, och hos oss i Falkenberg\u00a0\u00e4r alla konsulter auktoriserade.<\/p>\n<!-- \/wp:paragraph --><\/div><\/div>\n<!-- \/wp:media-text -->\n\n<!-- wp:paragraph -->\n<p><\/p>\n<!-- \/wp:paragraph -->    <\/div>\n<\/div>\n\n\n<div id=\"block-cards-block_604f6cdccdd16\" class=\"acf-block spacing-block block-cards end-equalizer\">\n    <div class=\"block__content xl:grid xl:grid-cols-2 md:full-width\">\n                    <div class=\"card-even-odd\">\n                <div class=\"card card--primary card--blocks card--max-width items-start py-20\">\n    <div class=\"card__content w-full\">\n        <div class=\"typography mb-6\">\n            <h2 class=\"title title--neutral\">Kontakta oss<\/h2>\n        <\/div>\n        <div class=\"form\">\n    <div class=\"form__alerts mt-0 left-0 w-full z-10\">\n            <div class=\"alert alert--danger alert--inactive\" role=\"alert\">\n                    <i class=\"far fa-times\" title=\"Ett fel uppstod\"><\/i>\n        Meddelandet har inte skickats. V\u00e4nligen kontrollera f\u00e4lten.    <\/div>\n        <div class=\"alert alert--success alert--inactive\" role=\"alert\">\n                    <i class=\"far fa-check\" title=\"Succ\u00e9\"><\/i>\n        Meddelandet har skickats.    <\/div>\n        <\/div>\n    <form id=\"contact-form-block_604f6cdccdd16-1\" class=\"form contact-form mt-6\" class=\"w-full\" method=\"POST\">\n        <div class=\"form__row\">\n            <label class=\"sr-only\" for=\"name\">Namn<\/label>\n            <input class=\"form__cell--full\" type=\"text\" name=\"name\" id=\"name\" placeholder=\"Namn\" required>\n        <\/div>\n        <div class=\"form__row\">\n            <label class=\"sr-only\" for=\"email\">E-post<\/label>\n            <input class=\"form__cell--full\" type=\"email\" name=\"email\" id=\"email\" placeholder=\"E-post\" required>\n        <\/div>\n        <div class=\"form__row\">\n            <label class=\"sr-only\" for=\"message\">Meddelande<\/label>\n            <textarea class=\"form__cell--full\" type=\"text\" name=\"message\" id=\"message\" placeholder=\"Meddelande\" required><\/textarea>\n        <\/div>\n        <footer class=\"form-footer mt-6\">\n            <!-- GDPR -->\n<div class=\"form__row form__row--no-wrap\">\n    <input type=\"checkbox\" name=\"gdpr_consent\" id=\"nobox_gdpr_consent\" required>\n    <label for=\"nobox_gdpr_consent\">\n        Vi behandlar dina personuppgifter enligt v\u00e5r integritetspolicy. L\u00e4s v\u00e5r policy <a class='link link--neutral' href='https:\/\/lr-revision.se\/lr-revision-falkenberg\/integritetspolicy-2\/' target='_blank' rel='noreferrer noopener'>h\u00e4r<\/a>.    <\/label>\n<\/div>\n            <input type=\"hidden\" id=\"_wpnonce\" name=\"_wpnonce\" value=\"07c728e261\" \/><input type=\"hidden\" name=\"_wp_http_referer\" value=\"\/lr-revision-falkenberg\/wp-json\/wp\/v2\/pages\/449\" \/>            <input id=\"url\" name=\"url\" type=\"hidden\" value=\"https:\/\/lr-revision.se\/lr-revision-falkenberg\" \/>\n            <input class=\"button button--neutral uppercase disabled\" type=\"submit\" value=\"Skicka\">\n        <\/footer>\n    <\/form>\n<\/div>\n<script async defer src=\"https:\/\/www.google.com\/recaptcha\/api.js?render=6LfpvUwsAAAAAN9HlkBwrsP6no6IAiT58NSMuEkK\"><\/script>\n    <\/div>\n<\/div>\n            <\/div>\n                    <div class=\"card-even-odd\">\n                <div class=\"block-cards__img\">\n        <picture>\n                    <source media=\"(min-width: 1200px)\" srcset=\"https:\/\/lr-revision.se\/app\/uploads\/2021\/03\/istock-1132448417-1500x650.jpg\">\n                    <source media=\"(max-width: 500px)\" srcset=\"https:\/\/lr-revision.se\/app\/uploads\/2021\/03\/istock-1132448417-500x300.jpg\">\n                <img decoding=\"async\" class=\"w-full h-full object-cover\" src=\"https:\/\/lr-revision.se\/app\/uploads\/2021\/03\/istock-1132448417-1500x650.jpg\" alt=\"\" loading=\"lazy\">\n    <\/picture>\n<\/div>\n            <\/div>\n            <\/div>\n<\/div>\n","protected":false},"excerpt":{"rendered":"<p>Kontakta mig s\u00e5 hj\u00e4lper jag dig vidare<\/p>\n","protected":false},"author":1,"featured_media":1617,"parent":408,"menu_order":0,"comment_status":"closed","ping_status":"closed","template":"","meta":{"_acf_changed":false,"inline_featured_image":false,"footnotes":""},"page-category":[6],"class_list":["post-449","page","type-page","status-publish","has-post-thumbnail","hentry","page-category-redovisning"],"acf":[],"publishpress_future_action":{"enabled":false,"date":"2026-04-11 03:47:45","action":"change-status","newStatus":"draft","terms":[],"taxonomy":"page-category","extraData":[]},"publishpress_future_workflow_manual_trigger":{"enabledWorkflows":[]},"_links":{"self":[{"href":"https:\/\/lr-revision.se\/lr-revision-falkenberg\/wp-json\/wp\/v2\/pages\/449","targetHints":{"allow":["GET"]}}],"collection":[{"href":"https:\/\/lr-revision.se\/lr-revision-falkenberg\/wp-json\/wp\/v2\/pages"}],"about":[{"href":"https:\/\/lr-revision.se\/lr-revision-falkenberg\/wp-json\/wp\/v2\/types\/page"}],"author":[{"embeddable":true,"href":"https:\/\/lr-revision.se\/lr-revision-falkenberg\/wp-json\/wp\/v2\/users\/1"}],"replies":[{"embeddable":true,"href":"https:\/\/lr-revision.se\/lr-revision-falkenberg\/wp-json\/wp\/v2\/comments?post=449"}],"version-history":[{"count":2,"href":"https:\/\/lr-revision.se\/lr-revision-falkenberg\/wp-json\/wp\/v2\/pages\/449\/revisions"}],"predecessor-version":[{"id":1723,"href":"https:\/\/lr-revision.se\/lr-revision-falkenberg\/wp-json\/wp\/v2\/pages\/449\/revisions\/1723"}],"up":[{"embeddable":true,"href":"https:\/\/lr-revision.se\/lr-revision-falkenberg\/wp-json\/wp\/v2\/pages\/408"}],"wp:featuredmedia":[{"embeddable":true,"href":"https:\/\/lr-revision.se\/lr-revision-falkenberg\/wp-json\/wp\/v2\/media\/1617"}],"wp:attachment":[{"href":"https:\/\/lr-revision.se\/lr-revision-falkenberg\/wp-json\/wp\/v2\/media?parent=449"}],"wp:term":[{"taxonomy":"page-category","embeddable":true,"href":"https:\/\/lr-revision.se\/lr-revision-falkenberg\/wp-json\/wp\/v2\/page-category?post=449"}],"curies":[{"name":"wp","href":"https:\/\/api.w.org\/{rel}","templated":true}]}}