{"id":408,"date":"2021-03-29T08:14:23","date_gmt":"2021-03-29T06:14:23","guid":{"rendered":"https:\/\/lr-revision.se\/lr-revision-falkenberg\/vara-tjanster\/bokforing-copy\/"},"modified":"2025-01-09T10:45:08","modified_gmt":"2025-01-09T09:45:08","slug":"redovisning","status":"publish","type":"page","link":"https:\/\/lr-revision.se\/lr-revision-falkenberg\/vara-tjanster\/redovisning\/","title":{"rendered":"Redovisning"},"content":{"rendered":"\n<div class=\"wp-block-columns is-layout-flex wp-container-core-columns-is-layout-9d6595d7 wp-block-columns-is-layout-flex\">\n<div class=\"wp-block-column is-layout-flow wp-block-column-is-layout-flow\" style=\"flex-basis:66.66%\"><div id=\"template-posts-block_605aef5373d9d\" class=\"acf-block template-posts\">\n    <div class=\"block__content\">\n        <!-- wp:heading {\"level\":1} -->\n<h1 class=\"title title--primary\"><strong><strong>Effektiva och personliga redovisningstj\u00e4nster<\/strong><\/strong><\/h1>\n<!-- \/wp:heading -->\n\n<!-- wp:paragraph -->\n<p>Ett nyckelord n\u00e4r det g\u00e4ller redovisning \u00e4r effektivitet. Vi p\u00e5 LR Revision Falkenberg AB i Falkenberg har l\u00f6sningarna som sparar dig b\u00e5de tid och pengar, vare sig du beh\u00f6ver hj\u00e4lp med helheten eller enstaka tj\u00e4nster.&nbsp;<\/p>\n<!-- \/wp:paragraph -->\n\n<!-- wp:paragraph -->\n<p>Med hj\u00e4lp av smarta digitala redskap kan vi underl\u00e4tta och hitta nya m\u00f6jligheter. Genom att jobba molnbaserat kan vi dela p\u00e5 arbetet och ta \u00f6ver s\u00e5 stor del av det som du vill. De digitala redskapen kan med f\u00f6rdel kombineras med dina redan befintliga rutiner f\u00f6r en effektiv l\u00f6sning.<\/p>\n<!-- \/wp:paragraph -->\n\n<!-- wp:paragraph -->\n<p>Ett annat nyckelbegrepp f\u00f6r hur vi arbetar \u00e4r personlig kontakt.&nbsp;Ring oss p\u00e5 LR Revision Falkenberg AB n\u00e4r&nbsp;du har fr\u00e5gor, eller kom f\u00f6rbi i Falkenberg f\u00f6r ett samtal. Vi finns h\u00e4r \u2013&nbsp;p\u00e5 riktigt. Ditt f\u00f6retag \u00e4r v\u00e4rt det engagemang och det fokus som ing\u00e5r i ett samarbete med oss p\u00e5 LR.<\/p>\n<!-- \/wp:paragraph -->\n\n<!-- wp:paragraph -->\n<p>    <a href=\"https:\/\/lr-revision.se\/lr-revision-falkenberg\/kontakt\" class='inline-block my-2'>Kontakta oss s\u00e5 hj\u00e4lper vi dig vidare!<\/a>\n<\/p>\n<!-- \/wp:paragraph -->    <\/div>\n<\/div>\n\n\n\n<p><\/p>\n<\/div>\n\n\n\n<div class=\"wp-block-column is-layout-flow wp-block-column-is-layout-flow\" style=\"flex-basis:33.33%\">\n<div class=\"wp-block-group has-white-color has-blue-background-color has-text-color has-background\"><div class=\"wp-block-group__inner-container is-layout-flow wp-block-group-is-layout-flow\">\n<p><strong>L\u00e4s mer om f\u00f6rdelarna med n\u00e5gra av v\u00e5ra redovisningstj\u00e4nster:<\/strong><\/p>\n\n\n<div id=\"page-categories-list-block_60b9e8f122cde\" class=\"acf-block page-categories-list\">\n    <div class=\"block__content\">\n        <ul class=\"list list--default\">\n            <li>\n    <a class=\"link link--inherit\" href=\"https:\/\/lr-revision.se\/lr-revision-falkenberg\/vara-tjanster\/redovisning\/bokforing\/\">Bokf\u00f6ring<\/a>\n<\/li>\n\n<li>\n    <a class=\"link link--inherit\" href=\"https:\/\/lr-revision.se\/lr-revision-falkenberg\/vara-tjanster\/redovisning\/deklaration-bokslut-arsredovisning\/\">Deklaration, Bokslut &#038; \u00c5rsredovisning<\/a>\n<\/li>\n\n<li>\n    <a class=\"link link--inherit\" href=\"https:\/\/lr-revision.se\/lr-revision-falkenberg\/vara-tjanster\/redovisning\/kalkyler-budget\/\">Kalkyler &#038; Budget<\/a>\n<\/li>\n\n<li>\n    <a class=\"link link--inherit\" href=\"https:\/\/lr-revision.se\/lr-revision-falkenberg\/vara-tjanster\/redovisning\/kundfakturor\/\">Kundfakturor<\/a>\n<\/li>\n\n<li>\n    <a class=\"link link--inherit\" href=\"https:\/\/lr-revision.se\/lr-revision-falkenberg\/vara-tjanster\/redovisning\/leverantorsfakturor\/\">Leverant\u00f6rsfakturor<\/a>\n<\/li>\n\n<li>\n    <a class=\"link link--inherit\" href=\"https:\/\/lr-revision.se\/lr-revision-falkenberg\/vara-tjanster\/redovisning\/loner-personal\/\">L\u00f6ner &#038; Personal<\/a>\n<\/li>\n\n<li>\n    <a class=\"link link--inherit\" href=\"https:\/\/lr-revision.se\/lr-revision-falkenberg\/vara-tjanster\/redovisning\/projektredovisning\/\">Projektredovisning<\/a>\n<\/li>\n\n<li>\n    <a class=\"link link--inherit\" href=\"https:\/\/lr-revision.se\/lr-revision-falkenberg\/vara-tjanster\/redovisning\/radgivning-kring-redovisning\/\">R\u00e5dgivning kring redovisning<\/a>\n<\/li>\n\n<li>\n    <a class=\"link link--inherit\" href=\"https:\/\/lr-revision.se\/lr-revision-falkenberg\/vara-tjanster\/redovisning\/rapportering-uppfoljning\/\">Rapportering &#038; Uppf\u00f6ljning<\/a>\n<\/li>\n\n<li>\n    <a class=\"link link--inherit\" href=\"https:\/\/lr-revision.se\/lr-revision-falkenberg\/vara-tjanster\/redovisning\/tidrapportering-kvitton-reserakning\/\">Tidrapportering, Kvitton &#038; Reser\u00e4kning<\/a>\n<\/li>\n\n        <\/ul>\n    <\/div>\n<\/div>\n<\/div><\/div>\n\n\n\n<h3 class=\"title title--primary has-green-color has-text-color wp-block-heading\">Kontakta mig s\u00e5 hj\u00e4lper jag dig vidare<\/h3>\n\n\n<div id=\"employees-block_605af05c73d9f\" class=\"acf-block spacing-block employees\">\n    <div class=\"block__content\">\n                <div class=\"space-y-6 sm:space-y-0 grid-cols-1\">\n            \n<div class=\"card card--primary card--vertical card--contact hover:shadow-md transition-all duration-500 border-t-8 border-primary max-w-md mx-auto \">\n        <header class=\"card__image card--vertical__image card--contact__image overflow-hidden\">\n                    <div class=\"placeholder\"><\/div>\n            <\/header>\n        <div class=\"card__content card--secondary card--vertical__content card--contact__content\">\n        <div class=\"card__body\">\n                            <h2 class=\"card__title title title--primary text-xl my-0\">Roger Qvarnstr\u00f6m<\/h2>\n                                            <div class=\"flex flex-col mb-3\">\n                                                    <div class=\"card__work-title font-bold text-sm leading-5\">Auktoriserad revisor<\/div>\n                                            <\/div>\n                                                        <div class=\"phone flex items-start mb-1\">\n                    <i class=\"fas fa-phone-alt mr-4 mt-1\" style=\"width:1.1rem; height: 1.1rem;\"><\/i>\n                                            <div class=\"flex flex-col\">\n                                                            <a class=\"phone link leading-6\" href=\"tel:0346713910\">\n                                    0346-71 39 10                                <\/a>\n                                                            <a class=\"phone link leading-6\" href=\"tel:0708984323\">\n                                    0708-98 43 23                                <\/a>\n                                                    <\/div>\n                                    <\/div>\n                                        <div class=\"card__email card--vertical__email card--contact__email flex justify-start items-center mb-1\">\n                    <i class=\"fas fa-envelope mr-4\" style=\"width:1.1rem; height: 1.1rem;\"><\/i>\n                    <a class=\"link link--default link--no-padding\" href=\"mailto:&#x72;&#x6f;&#103;&#101;r&#x2e;&#x71;&#x76;&#097;&#114;n&#x73;&#x74;&#x72;&#111;&#109;&#064;&#x6c;&#x72;&#x2d;&#114;&#101;v&#x69;&#x73;&#x69;&#111;n&#046;&#x73;&#x65;\">\n                        &#x72;&#x6f;&#103;&#101;r&#x2e;&#x71;&#x76;&#097;&#114;n&#x73;&#x74;&#x72;&#111;&#109;&#064;&#x6c;&#x72;&#x2d;&#114;&#101;v&#x69;&#x73;&#x69;&#111;n&#046;&#x73;&#x65;                    <\/a>\n                <\/div>\n                                                        <\/div>\n    <\/div>\n<\/div>\n        <\/div>\n    <\/div>\n<\/div>\n<\/div>\n<\/div>\n\n\n<div id=\"block-cards-block_604f6cdccdd16\" class=\"acf-block spacing-block block-cards end-equalizer\">\n    <div class=\"block__content xl:grid xl:grid-cols-2 md:full-width\">\n                    <div class=\"card-even-odd\">\n                <div class=\"card card--primary card--blocks card--max-width items-start py-20\">\n    <div class=\"card__content w-full\">\n        <div class=\"typography mb-6\">\n            <h2 class=\"title title--neutral\">Kontakta oss<\/h2>\n        <\/div>\n        <div class=\"form\">\n    <div class=\"form__alerts mt-0 left-0 w-full z-10\">\n            <div class=\"alert alert--danger alert--inactive\" role=\"alert\">\n                    <i class=\"far fa-times\" title=\"Ett fel uppstod\"><\/i>\n        Meddelandet har inte skickats. V\u00e4nligen kontrollera f\u00e4lten.    <\/div>\n        <div class=\"alert alert--success alert--inactive\" role=\"alert\">\n                    <i class=\"far fa-check\" title=\"Succ\u00e9\"><\/i>\n        Meddelandet har skickats.    <\/div>\n        <\/div>\n    <form id=\"contact-form-block_604f6cdccdd16-1\" class=\"form contact-form mt-6\" class=\"w-full\" method=\"POST\">\n        <div class=\"form__row\">\n            <label class=\"sr-only\" for=\"name\">Namn<\/label>\n            <input class=\"form__cell--full\" type=\"text\" name=\"name\" id=\"name\" placeholder=\"Namn\" required>\n        <\/div>\n        <div class=\"form__row\">\n            <label class=\"sr-only\" for=\"email\">E-post<\/label>\n            <input class=\"form__cell--full\" type=\"email\" name=\"email\" id=\"email\" placeholder=\"E-post\" required>\n        <\/div>\n        <div class=\"form__row\">\n            <label class=\"sr-only\" for=\"message\">Meddelande<\/label>\n            <textarea class=\"form__cell--full\" type=\"text\" name=\"message\" id=\"message\" placeholder=\"Meddelande\" required><\/textarea>\n        <\/div>\n        <footer class=\"form-footer mt-6\">\n            <!-- GDPR -->\n<div class=\"form__row form__row--no-wrap\">\n    <input type=\"checkbox\" name=\"gdpr_consent\" id=\"nobox_gdpr_consent\" required>\n    <label for=\"nobox_gdpr_consent\">\n        Vi behandlar dina personuppgifter enligt v\u00e5r integritetspolicy. L\u00e4s v\u00e5r policy <a class='link link--neutral' href='https:\/\/lr-revision.se\/lr-revision-falkenberg\/integritetspolicy-2\/' target='_blank' rel='noreferrer noopener'>h\u00e4r<\/a>.    <\/label>\n<\/div>\n            <input type=\"hidden\" id=\"_wpnonce\" name=\"_wpnonce\" value=\"07c728e261\" \/><input type=\"hidden\" name=\"_wp_http_referer\" value=\"\/lr-revision-falkenberg\/wp-json\/wp\/v2\/pages\/408\" \/>            <input id=\"url\" name=\"url\" type=\"hidden\" value=\"https:\/\/lr-revision.se\/lr-revision-falkenberg\" \/>\n            <input class=\"button button--neutral uppercase disabled\" type=\"submit\" value=\"Skicka\">\n        <\/footer>\n    <\/form>\n<\/div>\n<script async defer src=\"https:\/\/www.google.com\/recaptcha\/api.js?render=6LfpvUwsAAAAAN9HlkBwrsP6no6IAiT58NSMuEkK\"><\/script>\n    <\/div>\n<\/div>\n            <\/div>\n                    <div class=\"card-even-odd\">\n                <div class=\"block-cards__img\">\n        <picture>\n                    <source media=\"(min-width: 1200px)\" srcset=\"https:\/\/lr-revision.se\/app\/uploads\/2021\/03\/istock-1132448417-1500x650.jpg\">\n                    <source media=\"(max-width: 500px)\" srcset=\"https:\/\/lr-revision.se\/app\/uploads\/2021\/03\/istock-1132448417-500x300.jpg\">\n                <img decoding=\"async\" class=\"w-full h-full object-cover\" src=\"https:\/\/lr-revision.se\/app\/uploads\/2021\/03\/istock-1132448417-1500x650.jpg\" alt=\"\" loading=\"lazy\">\n    <\/picture>\n<\/div>\n            <\/div>\n            <\/div>\n<\/div>\n","protected":false},"excerpt":{"rendered":"<p>L\u00e4s mer om f\u00f6rdelarna med n\u00e5gra av v\u00e5ra redovisningstj\u00e4nster: Kontakta mig s\u00e5 hj\u00e4lper jag dig vidare<\/p>\n","protected":false},"author":1,"featured_media":1708,"parent":41,"menu_order":0,"comment_status":"closed","ping_status":"closed","template":"","meta":{"_acf_changed":false,"inline_featured_image":false,"footnotes":""},"page-category":[],"class_list":["post-408","page","type-page","status-publish","has-post-thumbnail","hentry"],"acf":[],"publishpress_future_action":{"enabled":false,"date":"2026-04-11 03:48:59","action":"change-status","newStatus":"draft","terms":[],"taxonomy":"page-category","extraData":[]},"publishpress_future_workflow_manual_trigger":{"enabledWorkflows":[]},"_links":{"self":[{"href":"https:\/\/lr-revision.se\/lr-revision-falkenberg\/wp-json\/wp\/v2\/pages\/408","targetHints":{"allow":["GET"]}}],"collection":[{"href":"https:\/\/lr-revision.se\/lr-revision-falkenberg\/wp-json\/wp\/v2\/pages"}],"about":[{"href":"https:\/\/lr-revision.se\/lr-revision-falkenberg\/wp-json\/wp\/v2\/types\/page"}],"author":[{"embeddable":true,"href":"https:\/\/lr-revision.se\/lr-revision-falkenberg\/wp-json\/wp\/v2\/users\/1"}],"replies":[{"embeddable":true,"href":"https:\/\/lr-revision.se\/lr-revision-falkenberg\/wp-json\/wp\/v2\/comments?post=408"}],"version-history":[{"count":2,"href":"https:\/\/lr-revision.se\/lr-revision-falkenberg\/wp-json\/wp\/v2\/pages\/408\/revisions"}],"predecessor-version":[{"id":1718,"href":"https:\/\/lr-revision.se\/lr-revision-falkenberg\/wp-json\/wp\/v2\/pages\/408\/revisions\/1718"}],"up":[{"embeddable":true,"href":"https:\/\/lr-revision.se\/lr-revision-falkenberg\/wp-json\/wp\/v2\/pages\/41"}],"wp:featuredmedia":[{"embeddable":true,"href":"https:\/\/lr-revision.se\/lr-revision-falkenberg\/wp-json\/wp\/v2\/media\/1708"}],"wp:attachment":[{"href":"https:\/\/lr-revision.se\/lr-revision-falkenberg\/wp-json\/wp\/v2\/media?parent=408"}],"wp:term":[{"taxonomy":"page-category","embeddable":true,"href":"https:\/\/lr-revision.se\/lr-revision-falkenberg\/wp-json\/wp\/v2\/page-category?post=408"}],"curies":[{"name":"wp","href":"https:\/\/api.w.org\/{rel}","templated":true}]}}