{"id":30,"date":"2021-03-05T16:10:54","date_gmt":"2021-03-05T15:10:54","guid":{"rendered":"https:\/\/lr-revision.se\/lr-revision-falkenberg\/?page_id=30"},"modified":"2024-09-23T14:22:55","modified_gmt":"2024-09-23T12:22:55","slug":"kontakt","status":"publish","type":"page","link":"https:\/\/lr-revision.se\/lr-revision-falkenberg\/kontakt\/","title":{"rendered":"Kontakt"},"content":{"rendered":"<div id=\"template-posts-block_60b6300903ce8\" class=\"acf-block template-posts\">\n    <div class=\"block__content\">\n        <!-- wp:heading {\"textAlign\":\"center\"} -->\n<h2 class=\"title title--primary has-text-align-center\">Du har alltid n\u00e4ra till r\u00e5den du beh\u00f6ver i Falkenberg<\/h2>\n<!-- \/wp:heading -->    <\/div>\n<\/div>\n\n\n<div id=\"employees-block_604249044ea11\" class=\"acf-block spacing-block employees\">\n    <div class=\"block__content\">\n                    <div class=\"typography text-max-width text-center mb-12\"><p style=\"text-align: center\">Vi samarbetar \u00e4ven med <a href=\"https:\/\/lr-revision.se\/varberg\/\" target=\"_blank\" rel=\"noopener\">LR Revision &amp; Redovisning Varberg AB<\/a><\/p>\n<\/div>\n                <div class=\"space-y-6 sm:space-y-0 item-grid item-grid--secondary\">\n            \n<div class=\"card card--primary card--vertical card--contact hover:shadow-md transition-all duration-500 border-t-8 border-primary max-w-md mx-auto \">\n        <header class=\"card__image card--vertical__image card--contact__image overflow-hidden\">\n                    <div class=\"placeholder\"><\/div>\n            <\/header>\n        <div class=\"card__content card--secondary card--vertical__content card--contact__content\">\n        <div class=\"card__body\">\n                            <h2 class=\"card__title title title--primary text-xl my-0\">Roger Qvarnstr\u00f6m<\/h2>\n                                            <div class=\"flex flex-col mb-3\">\n                                                    <div class=\"card__work-title font-bold text-sm leading-5\">Auktoriserad revisor<\/div>\n                                            <\/div>\n                                                        <div class=\"phone flex items-start mb-1\">\n                    <i class=\"fas fa-phone-alt mr-4 mt-1\" style=\"width:1.1rem; height: 1.1rem;\"><\/i>\n                                            <div class=\"flex flex-col\">\n                                                            <a class=\"phone link leading-6\" href=\"tel:0346713910\">\n                                    0346-71 39 10                                <\/a>\n                                                            <a class=\"phone link leading-6\" href=\"tel:0708984323\">\n                                    0708-98 43 23                                <\/a>\n                                                    <\/div>\n                                    <\/div>\n                                        <div class=\"card__email card--vertical__email card--contact__email flex justify-start items-center mb-1\">\n                    <i class=\"fas fa-envelope mr-4\" style=\"width:1.1rem; height: 1.1rem;\"><\/i>\n                    <a class=\"link link--default link--no-padding\" href=\"mailto:r&#111;&#103;&#x65;&#x72;&#046;q&#118;&#097;&#x72;&#x6e;st&#114;&#111;&#x6d;&#x40;lr&#045;&#x72;&#x65;&#x76;i&#115;&#105;&#x6f;&#x6e;&#x2e;s&#101;\">\n                        r&#111;&#103;&#x65;&#x72;&#046;q&#118;&#097;&#x72;&#x6e;st&#114;&#111;&#x6d;&#x40;lr&#045;&#x72;&#x65;&#x76;i&#115;&#105;&#x6f;&#x6e;&#x2e;s&#101;                    <\/a>\n                <\/div>\n                                                        <\/div>\n    <\/div>\n<\/div>\n\n<div class=\"card card--primary card--vertical card--contact hover:shadow-md transition-all duration-500 border-t-8 border-primary max-w-md mx-auto \">\n        <header class=\"card__image card--vertical__image card--contact__image overflow-hidden\">\n                    <div class=\"placeholder\"><\/div>\n            <\/header>\n        <div class=\"card__content card--secondary card--vertical__content card--contact__content\">\n        <div class=\"card__body\">\n                            <h2 class=\"card__title title title--primary text-xl my-0\">Jan-Ove Bengtsson<\/h2>\n                                            <div class=\"flex flex-col mb-3\">\n                                                    <div class=\"card__work-title font-bold text-sm leading-5\">Auktoriserad revisor<\/div>\n                                            <\/div>\n                                                        <div class=\"phone flex items-start mb-1\">\n                    <i class=\"fas fa-phone-alt mr-4 mt-1\" style=\"width:1.1rem; height: 1.1rem;\"><\/i>\n                                            <div class=\"flex flex-col\">\n                                                            <a class=\"phone link leading-6\" href=\"tel:0346713908\">\n                                    0346-71 39 08                                <\/a>\n                                                            <a class=\"phone link leading-6\" href=\"tel:0705290039\">\n                                    0705-29 00 39                                 <\/a>\n                                                    <\/div>\n                                    <\/div>\n                                        <div class=\"card__email card--vertical__email card--contact__email flex justify-start items-center mb-1\">\n                    <i class=\"fas fa-envelope mr-4\" style=\"width:1.1rem; height: 1.1rem;\"><\/i>\n                    <a class=\"link link--default link--no-padding\" href=\"mailto:&#x6a;&#x61;&#110;&#045;ov&#x65;&#x2e;&#x62;&#101;ng&#x74;&#x73;&#x73;&#111;&#110;&#064;&#x6c;&#x72;&#x2d;&#114;&#101;v&#x69;&#x73;&#x69;&#111;&#110;&#046;s&#x65;\">\n                        &#x6a;&#x61;&#110;&#045;ov&#x65;&#x2e;&#x62;&#101;ng&#x74;&#x73;&#x73;&#111;&#110;&#064;&#x6c;&#x72;&#x2d;&#114;&#101;v&#x69;&#x73;&#x69;&#111;&#110;&#046;s&#x65;                    <\/a>\n                <\/div>\n                                                        <\/div>\n    <\/div>\n<\/div>\n\n<div class=\"card card--primary card--vertical card--contact hover:shadow-md transition-all duration-500 border-t-8 border-primary max-w-md mx-auto \">\n        <header class=\"card__image card--vertical__image card--contact__image overflow-hidden\">\n                    <div class=\"placeholder\"><\/div>\n            <\/header>\n        <div class=\"card__content card--secondary card--vertical__content card--contact__content\">\n        <div class=\"card__body\">\n                            <h2 class=\"card__title title title--primary text-xl my-0\">Henrik Johansson<\/h2>\n                                            <div class=\"flex flex-col mb-3\">\n                                                    <div class=\"card__work-title font-bold text-sm leading-5\">Revisor<\/div>\n                                            <\/div>\n                                                        <div class=\"phone flex items-start mb-1\">\n                    <i class=\"fas fa-phone-alt mr-4 mt-1\" style=\"width:1.1rem; height: 1.1rem;\"><\/i>\n                                            <div class=\"flex flex-col\">\n                                                            <a class=\"phone link leading-6\" href=\"tel:0346713915\">\n                                    0346-71 39 15                                <\/a>\n                                                            <a class=\"phone link leading-6\" href=\"tel:0702451679\">\n                                    0702-45 16 79                                <\/a>\n                                                    <\/div>\n                                    <\/div>\n                                        <div class=\"card__email card--vertical__email card--contact__email flex justify-start items-center mb-1\">\n                    <i class=\"fas fa-envelope mr-4\" style=\"width:1.1rem; height: 1.1rem;\"><\/i>\n                    <a class=\"link link--default link--no-padding\" href=\"mailto:&#104;&#x65;&#110;&#x72;&#105;&#x6b;&#046;&#x6a;o&#x68;a&#110;&#x73;&#115;&#x6f;&#110;&#x40;&#108;&#x72;-&#x72;e&#x76;i&#115;&#x69;&#111;&#x6e;&#046;&#x73;&#101;\">\n                        &#104;&#x65;&#110;&#x72;&#105;&#x6b;&#046;&#x6a;o&#x68;a&#110;&#x73;&#115;&#x6f;&#110;&#x40;&#108;&#x72;-&#x72;e&#x76;i&#115;&#x69;&#111;&#x6e;&#046;&#x73;&#101;                    <\/a>\n                <\/div>\n                                                        <\/div>\n    <\/div>\n<\/div>\n\n<div class=\"card card--primary card--vertical card--contact hover:shadow-md transition-all duration-500 border-t-8 border-primary max-w-md mx-auto \">\n        <header class=\"card__image card--vertical__image card--contact__image overflow-hidden\">\n                    <div class=\"placeholder\"><\/div>\n            <\/header>\n        <div class=\"card__content card--secondary card--vertical__content card--contact__content\">\n        <div class=\"card__body\">\n                            <h2 class=\"card__title title title--primary text-xl my-0\">Jennie Qvarnstr\u00f6m<\/h2>\n                                            <div class=\"flex flex-col mb-3\">\n                                                    <div class=\"card__work-title font-bold text-sm leading-5\">Redovisningsekonom<\/div>\n                                            <\/div>\n                                                        <div class=\"phone flex items-start mb-1\">\n                    <i class=\"fas fa-phone-alt mr-4 mt-1\" style=\"width:1.1rem; height: 1.1rem;\"><\/i>\n                                            <div class=\"flex flex-col\">\n                                                            <a class=\"phone link leading-6\" href=\"tel:0730378075\">\n                                    0730-37 80 75                                <\/a>\n                                                    <\/div>\n                                    <\/div>\n                                        <div class=\"card__email card--vertical__email card--contact__email flex justify-start items-center mb-1\">\n                    <i class=\"fas fa-envelope mr-4\" style=\"width:1.1rem; height: 1.1rem;\"><\/i>\n                    <a class=\"link link--default link--no-padding\" href=\"mailto:&#x6a;&#x65;&#x6e;&#x6e;&#x69;&#x65;&#x2e;&#x71;&#x76;&#x61;&#x72;&#x6e;&#x73;&#x74;&#x72;&#x6f;&#x6d;&#x40;&#x6c;&#x72;&#x2d;&#x72;&#101;&#118;&#105;&#115;&#105;&#111;&#110;&#046;&#115;&#101;\">\n                        &#x6a;&#x65;&#x6e;&#x6e;&#x69;&#x65;&#x2e;&#x71;&#x76;&#x61;&#x72;&#x6e;&#x73;&#x74;&#x72;&#x6f;&#x6d;&#x40;&#x6c;&#x72;&#x2d;&#x72;&#101;&#118;&#105;&#115;&#105;&#111;&#110;&#046;&#115;&#101;                    <\/a>\n                <\/div>\n                                                        <\/div>\n    <\/div>\n<\/div>\n\n<div class=\"card card--primary card--vertical card--contact hover:shadow-md transition-all duration-500 border-t-8 border-primary max-w-md mx-auto \">\n        <header class=\"card__image card--vertical__image card--contact__image overflow-hidden\">\n                    <div class=\"placeholder\"><\/div>\n            <\/header>\n        <div class=\"card__content card--secondary card--vertical__content card--contact__content\">\n        <div class=\"card__body\">\n                            <h2 class=\"card__title title title--primary text-xl my-0\">Hel\u00e9n Johansson<\/h2>\n                                            <div class=\"flex flex-col mb-3\">\n                                                    <div class=\"card__work-title font-bold text-sm leading-5\">Redovisningsekonom<\/div>\n                                            <\/div>\n                                                        <div class=\"phone flex items-start mb-1\">\n                    <i class=\"fas fa-phone-alt mr-4 mt-1\" style=\"width:1.1rem; height: 1.1rem;\"><\/i>\n                                            <div class=\"flex flex-col\">\n                                                            <a class=\"phone link leading-6\" href=\"tel:0346713970\">\n                                    0346-71 39 70                                <\/a>\n                                                    <\/div>\n                                    <\/div>\n                                        <div class=\"card__email card--vertical__email card--contact__email flex justify-start items-center mb-1\">\n                    <i class=\"fas fa-envelope mr-4\" style=\"width:1.1rem; height: 1.1rem;\"><\/i>\n                    <a class=\"link link--default link--no-padding\" href=\"mailto:h&#101;&#x6c;&#x65;n&#046;&#106;&#x6f;&#x68;a&#110;&#x73;&#x73;o&#110;&#064;&#x6c;&#x72;-&#114;&#x65;&#x76;i&#115;&#105;&#x6f;&#x6e;&#046;&#115;&#x65;\">\n                        h&#101;&#x6c;&#x65;n&#046;&#106;&#x6f;&#x68;a&#110;&#x73;&#x73;o&#110;&#064;&#x6c;&#x72;-&#114;&#x65;&#x76;i&#115;&#105;&#x6f;&#x6e;&#046;&#115;&#x65;                    <\/a>\n                <\/div>\n                                                        <\/div>\n    <\/div>\n<\/div>\n\n<div class=\"card card--primary card--vertical card--contact hover:shadow-md transition-all duration-500 border-t-8 border-primary max-w-md mx-auto \">\n        <header class=\"card__image card--vertical__image card--contact__image overflow-hidden\">\n                    <div class=\"placeholder\"><\/div>\n            <\/header>\n        <div class=\"card__content card--secondary card--vertical__content card--contact__content\">\n        <div class=\"card__body\">\n                            <h2 class=\"card__title title title--primary text-xl my-0\">Nathalie Bj\u00f6rklund<\/h2>\n                                            <div class=\"flex flex-col mb-3\">\n                                                    <div class=\"card__work-title font-bold text-sm leading-5\">Redovisningsekonom<\/div>\n                                            <\/div>\n                                                                    <div class=\"card__email card--vertical__email card--contact__email flex justify-start items-center mb-1\">\n                    <i class=\"fas fa-envelope mr-4\" style=\"width:1.1rem; height: 1.1rem;\"><\/i>\n                    <a class=\"link link--default link--no-padding\" href=\"mailto:&#110;a&#x74;h&#x61;l&#x69;&#101;&#x2e;&#098;&#x6a;&#111;r&#x6b;l&#x75;n&#x64;&#064;&#x6c;&#114;&#x2d;&#114;&#x65;&#118;i&#x73;i&#x6f;n&#x2e;&#115;&#x65;\">\n                        &#110;a&#x74;h&#x61;l&#x69;&#101;&#x2e;&#098;&#x6a;&#111;r&#x6b;l&#x75;n&#x64;&#064;&#x6c;&#114;&#x2d;&#114;&#x65;&#118;i&#x73;i&#x6f;n&#x2e;&#115;&#x65;                    <\/a>\n                <\/div>\n                                                        <\/div>\n    <\/div>\n<\/div>\n\n<div class=\"card card--primary card--vertical card--contact hover:shadow-md transition-all duration-500 border-t-8 border-primary max-w-md mx-auto \">\n        <header class=\"card__image card--vertical__image card--contact__image overflow-hidden\">\n                    <div class=\"placeholder\"><\/div>\n            <\/header>\n        <div class=\"card__content card--secondary card--vertical__content card--contact__content\">\n        <div class=\"card__body\">\n                            <h2 class=\"card__title title title--primary text-xl my-0\">Tova Wahlberg<\/h2>\n                                            <div class=\"flex flex-col mb-3\">\n                                                    <div class=\"card__work-title font-bold text-sm leading-5\">Redovisningsekonom<\/div>\n                                            <\/div>\n                                                                    <div class=\"card__email card--vertical__email card--contact__email flex justify-start items-center mb-1\">\n                    <i class=\"fas fa-envelope mr-4\" style=\"width:1.1rem; height: 1.1rem;\"><\/i>\n                    <a class=\"link link--default link--no-padding\" href=\"mailto:tova&#046;wah&#108;&#098;&#101;&#114;&#103;&#064;&#108;&#114;&#045;&#114;&#x65;&#x76;&#x69;&#x73;&#x69;&#x6f;&#x6e;&#x2e;&#x73;&#x65;\">\n                        tova&#046;wah&#108;&#098;&#101;&#114;&#103;&#064;&#108;&#114;&#045;&#114;&#x65;&#x76;&#x69;&#x73;&#x69;&#x6f;&#x6e;&#x2e;&#x73;&#x65;                    <\/a>\n                <\/div>\n                                                        <\/div>\n    <\/div>\n<\/div>\n\n<div class=\"card card--primary card--vertical card--contact hover:shadow-md transition-all duration-500 border-t-8 border-primary max-w-md mx-auto \">\n        <header class=\"card__image card--vertical__image card--contact__image overflow-hidden\">\n                    <div class=\"placeholder\"><\/div>\n            <\/header>\n        <div class=\"card__content card--secondary card--vertical__content card--contact__content\">\n        <div class=\"card__body\">\n                            <h2 class=\"card__title title title--primary text-xl my-0\">Karin Pent\u00e9us<\/h2>\n                                            <div class=\"flex flex-col mb-3\">\n                                                    <div class=\"card__work-title font-bold text-sm leading-5\">Redovisningsekonom<\/div>\n                                            <\/div>\n                                                                    <div class=\"card__email card--vertical__email card--contact__email flex justify-start items-center mb-1\">\n                    <i class=\"fas fa-envelope mr-4\" style=\"width:1.1rem; height: 1.1rem;\"><\/i>\n                    <a class=\"link link--default link--no-padding\" href=\"mailto:k&#097;&#114;&#x69;&#x6e;&#046;&#112;&#101;&#x6e;&#x74;&#x65;u&#115;&#064;&#x6c;&#x72;-r&#101;&#x76;&#x69;&#x73;i&#111;&#110;&#x2e;&#x73;e\">\n                        k&#097;&#114;&#x69;&#x6e;&#046;&#112;&#101;&#x6e;&#x74;&#x65;u&#115;&#064;&#x6c;&#x72;-r&#101;&#x76;&#x69;&#x73;i&#111;&#110;&#x2e;&#x73;e                    <\/a>\n                <\/div>\n                                                        <\/div>\n    <\/div>\n<\/div>\n        <\/div>\n    <\/div>\n<\/div>\n\n\n<div id=\"map-block_6045d1e31abd8\" class=\"acf-block spacing-block map end-equalizer\">\n    <div class=\"block__content margin-fix\">\n                    <div class=\"typography text-max-width text-center mb-8\">\n                <h2 style=\"text-align: center\" class=\"title title--primary\">Hitta hit<\/h2>\n            <\/div>\n                <div class=\"members-map relative\">\n            <div class=\"members-map__map google-map\">\n                <div\n    class=\"marker\"\n    data-lat=\"56.9030581\"\n    data-lng=\"12.4901284\"\n>\n    <div class=\"marker__body\">\n        <h3 class=\"marker__title title title--primary title--hyphenate mt-0\">\n            LR Revision Falkenberg AB        <\/h3>\n        <div class=\"marker__content text-sm font-light\">\n                    <\/div>\n        <p class=\"address\">\n            Nygatan 37, 311 31 Falkenberg, Sverige        <\/p>\n    <\/div>\n<\/div>\n            <\/div>\n        <\/div>\n    <\/div>\n<\/div>\n","protected":false},"excerpt":{"rendered":"","protected":false},"author":1,"featured_media":0,"parent":0,"menu_order":0,"comment_status":"closed","ping_status":"closed","template":"","meta":{"_acf_changed":false,"inline_featured_image":false,"footnotes":""},"page-category":[],"class_list":["post-30","page","type-page","status-publish","hentry"],"acf":[],"publishpress_future_action":{"enabled":false,"date":"2026-04-11 03:47:54","action":"change-status","newStatus":"draft","terms":[],"taxonomy":"page-category","extraData":[]},"publishpress_future_workflow_manual_trigger":{"enabledWorkflows":[]},"_links":{"self":[{"href":"https:\/\/lr-revision.se\/lr-revision-falkenberg\/wp-json\/wp\/v2\/pages\/30","targetHints":{"allow":["GET"]}}],"collection":[{"href":"https:\/\/lr-revision.se\/lr-revision-falkenberg\/wp-json\/wp\/v2\/pages"}],"about":[{"href":"https:\/\/lr-revision.se\/lr-revision-falkenberg\/wp-json\/wp\/v2\/types\/page"}],"author":[{"embeddable":true,"href":"https:\/\/lr-revision.se\/lr-revision-falkenberg\/wp-json\/wp\/v2\/users\/1"}],"replies":[{"embeddable":true,"href":"https:\/\/lr-revision.se\/lr-revision-falkenberg\/wp-json\/wp\/v2\/comments?post=30"}],"version-history":[{"count":2,"href":"https:\/\/lr-revision.se\/lr-revision-falkenberg\/wp-json\/wp\/v2\/pages\/30\/revisions"}],"predecessor-version":[{"id":1621,"href":"https:\/\/lr-revision.se\/lr-revision-falkenberg\/wp-json\/wp\/v2\/pages\/30\/revisions\/1621"}],"wp:attachment":[{"href":"https:\/\/lr-revision.se\/lr-revision-falkenberg\/wp-json\/wp\/v2\/media?parent=30"}],"wp:term":[{"taxonomy":"page-category","embeddable":true,"href":"https:\/\/lr-revision.se\/lr-revision-falkenberg\/wp-json\/wp\/v2\/page-category?post=30"}],"curies":[{"name":"wp","href":"https:\/\/api.w.org\/{rel}","templated":true}]}}