{"id":178,"date":"2021-03-10T16:54:27","date_gmt":"2021-03-10T15:54:27","guid":{"rendered":"https:\/\/lr-revision.se\/lr-revision-falkenberg\/?page_id=178"},"modified":"2022-11-28T16:56:11","modified_gmt":"2022-11-28T15:56:11","slug":"anpassade-tjanster","status":"publish","type":"page","link":"https:\/\/lr-revision.se\/lr-revision-falkenberg\/anpassade-tjanster\/","title":{"rendered":"Anpassade tj\u00e4nster"},"content":{"rendered":"<div id=\"cards-block_60424a901728b\" class=\"acf-block spacing-block cards\">\n    <div class=\"block__content\">\n                <div class=\"space-y-6 md:space-y-0 item-grid md:gap-4 md:grid md:grid-cols-3 xl:grid-cols-5 small-padding\">\n            \n<div class=\"card card--primary card--vertical border-t-8 border-primary hover:shadow-md transition-all duration-500\">\n            <header class=\"card__image card--vertical__image overflow-hidden\">\n            <img loading=\"lazy\" decoding=\"async\" width=\"850\" height=\"560\" src=\"https:\/\/lr-revision.se\/app\/uploads\/2021\/03\/istock-1141621602-850x560.jpg\" class=\"h-full w-full object-cover\" alt=\"\" \/>        <\/header>\n        <div class=\"card__content card--secondary card--vertical__content\">\n        <div class=\"card__body\">\n            <div class=\"font-bold uppercase\">\n                            <\/div>\n            <h2 class=\"card__title title title--primary text-lg mt-0 line-clamp overflow-hidden overflow-ellipsis\">\u201dKan vi f\u00e5 l\u00f6pande hj\u00e4lp med valda delar av ekonomin?\u201d<\/h2>\n            <p>Kan ni sk\u00f6ta st\u00f6rre delar av ekonomin sj\u00e4lv? D\u00e5 kan vi komma till er n\u00e5gra g\u00e5nger om \u00e5ret och st\u00e4mma av att allt \u00e4r som det ska. Dessutom f\u00e5r du \u2026<\/p>\n        <\/div>\n        <div class=\"mt-auto\">\n                    <a class=\"link link--secondary inline-block pt-2\" href=\"https:\/\/lr-revision.se\/lr-revision-falkenberg\/anpassade-tjanster\/hjalp-med-lopande-ekonomi\/\" title=\"L\u00e4s mer\" >\n            L\u00e4s mer        <\/a>\n            <\/div>\n    <\/div>\n<\/div>\n\n<div class=\"card card--primary card--vertical border-t-8 border-primary hover:shadow-md transition-all duration-500\">\n            <header class=\"card__image card--vertical__image overflow-hidden\">\n            <img loading=\"lazy\" decoding=\"async\" width=\"850\" height=\"560\" src=\"https:\/\/lr-revision.se\/app\/uploads\/2021\/03\/istock-530931550-850x560.jpg\" class=\"h-full w-full object-cover\" alt=\"\" \/>        <\/header>\n        <div class=\"card__content card--secondary card--vertical__content\">\n        <div class=\"card__body\">\n            <div class=\"font-bold uppercase\">\n                            <\/div>\n            <h2 class=\"card__title title title--primary text-lg mt-0 line-clamp overflow-hidden overflow-ellipsis\">\u201dVi beh\u00f6ver en outsourcad och n\u00e4ra \u2019ekonomiavdelning\u2019.\u201d<\/h2>\n            <p>Beh\u00f6ver ni en extern ekonomiavdelning \u2013 eller att vi fyller en roll p\u00e5 plats hos er? F\u00f6r de lite st\u00f6rre f\u00f6retagen kan vi st\u00e4rka \u2026<\/p>\n        <\/div>\n        <div class=\"mt-auto\">\n                    <a class=\"link link--secondary inline-block pt-2\" href=\"https:\/\/lr-revision.se\/lr-revision-falkenberg\/anpassade-tjanster\/outsourcad-ekonomiavdelning\/\" title=\"L\u00e4s mer\" >\n            L\u00e4s mer        <\/a>\n            <\/div>\n    <\/div>\n<\/div>\n\n<div class=\"card card--primary card--vertical border-t-8 border-primary hover:shadow-md transition-all duration-500\">\n            <header class=\"card__image card--vertical__image overflow-hidden\">\n            <img loading=\"lazy\" decoding=\"async\" width=\"850\" height=\"560\" src=\"https:\/\/lr-revision.se\/app\/uploads\/2021\/03\/istock-973714826-850x560.jpg\" class=\"h-full w-full object-cover\" alt=\"\" \/>        <\/header>\n        <div class=\"card__content card--secondary card--vertical__content\">\n        <div class=\"card__body\">\n            <div class=\"font-bold uppercase\">\n                            <\/div>\n            <h2 class=\"card__title title title--primary text-lg mt-0 line-clamp overflow-hidden overflow-ellipsis\">\u201dKan ni optimera v\u00e5r deklaration och \u00e5rsredovisning?\u201d<\/h2>\n            <p>\u00c4r din \u00e5rsredovisning en f\u00f6rdel som underlag vid upphandlingar? Det \u00e4r bara en god anledning att f\u00e5 v\u00e5r professionella hj\u00e4lp med r\u00e4kenskaps\u00e5rets &#8230;<\/p>\n        <\/div>\n        <div class=\"mt-auto\">\n                    <a class=\"link link--secondary inline-block pt-2\" href=\"https:\/\/lr-revision.se\/lr-revision-falkenberg\/anpassade-tjanster\/optimera-deklaration-och-arsredovisning\/\" title=\"Vi hj\u00e4lper dig\" >\n            Vi hj\u00e4lper dig        <\/a>\n            <\/div>\n    <\/div>\n<\/div>\n\n<div class=\"card card--primary card--vertical border-t-8 border-primary hover:shadow-md transition-all duration-500\">\n            <header class=\"card__image card--vertical__image overflow-hidden\">\n            <img loading=\"lazy\" decoding=\"async\" width=\"850\" height=\"560\" src=\"https:\/\/lr-revision.se\/app\/uploads\/2021\/03\/istock-517672999-850x560.jpg\" class=\"h-full w-full object-cover\" alt=\"\" \/>        <\/header>\n        <div class=\"card__content card--secondary card--vertical__content\">\n        <div class=\"card__body\">\n            <div class=\"font-bold uppercase\">\n                            <\/div>\n            <h2 class=\"card__title title title--primary text-lg mt-0 line-clamp overflow-hidden overflow-ellipsis\">&#8221;Vi beh\u00f6ver r\u00e5dgivning och  ett bollplank f\u00f6r goda aff\u00e4rer&#8221;<\/h2>\n            <p>Vare sig du driver enmansbolag eller ansvarar f\u00f6r ett st\u00f6rre f\u00f6retag s\u00e5 kan r\u00e4tt r\u00e5d i r\u00e4tt tid g\u00f6ra stor skillnad f\u00f6r l\u00f6nsamhet, trygghet och effektivitet. V\u00e5ra r\u00e5dgivare&#8230;<\/p>\n        <\/div>\n        <div class=\"mt-auto\">\n                    <a class=\"link link--secondary inline-block pt-2\" href=\"https:\/\/lr-revision.se\/lr-revision-falkenberg\/anpassade-tjanster\/radgivning-och-bollplank\/\" title=\"Vi hj\u00e4lper dig\" >\n            Vi hj\u00e4lper dig        <\/a>\n            <\/div>\n    <\/div>\n<\/div>\n\n<div class=\"card card--primary card--vertical border-t-8 border-primary hover:shadow-md transition-all duration-500\">\n            <header class=\"card__image card--vertical__image overflow-hidden\">\n            <img loading=\"lazy\" decoding=\"async\" width=\"850\" height=\"560\" src=\"https:\/\/lr-revision.se\/app\/uploads\/2021\/03\/istock-1161412866-850x560.jpg\" class=\"h-full w-full object-cover\" alt=\"\" \/>        <\/header>\n        <div class=\"card__content card--secondary card--vertical__content\">\n        <div class=\"card__body\">\n            <div class=\"font-bold uppercase\">\n                            <\/div>\n            <h2 class=\"card__title title title--primary text-lg mt-0 line-clamp overflow-hidden overflow-ellipsis\">\u201dV\u00e5r l\u00f6nehantering \u00e4r f\u00f6r kr\u00e5nglig. Hj\u00e4lp!\u201d<\/h2>\n            <p>Vill du f\u00e5 hj\u00e4lp att hitta ett bra system f\u00f6r l\u00f6nehanteringen \u2013 eller helt enkelt hj\u00e4lp att g\u00f6ra det \u00e5t er? H\u00f6r av dig till oss! F\u00f6rdelarna med att sk\u00f6ta&#8230;<\/p>\n        <\/div>\n        <div class=\"mt-auto\">\n                    <a class=\"link link--secondary inline-block pt-2\" href=\"https:\/\/lr-revision.se\/lr-revision-falkenberg\/anpassade-tjanster\/lonehantering\/\" title=\"Vi hj\u00e4lper dig\" >\n            Vi hj\u00e4lper dig        <\/a>\n            <\/div>\n    <\/div>\n<\/div>\n        <\/div>\n    <\/div>\n<\/div>\n","protected":false},"excerpt":{"rendered":"","protected":false},"author":1,"featured_media":0,"parent":0,"menu_order":0,"comment_status":"closed","ping_status":"closed","template":"","meta":{"_acf_changed":false,"inline_featured_image":false,"footnotes":""},"page-category":[],"class_list":["post-178","page","type-page","status-publish","hentry"],"acf":[],"publishpress_future_action":{"enabled":false,"date":"2026-04-11 03:47:44","action":"change-status","newStatus":"draft","terms":[],"taxonomy":"page-category","extraData":[]},"publishpress_future_workflow_manual_trigger":{"enabledWorkflows":[]},"_links":{"self":[{"href":"https:\/\/lr-revision.se\/lr-revision-falkenberg\/wp-json\/wp\/v2\/pages\/178","targetHints":{"allow":["GET"]}}],"collection":[{"href":"https:\/\/lr-revision.se\/lr-revision-falkenberg\/wp-json\/wp\/v2\/pages"}],"about":[{"href":"https:\/\/lr-revision.se\/lr-revision-falkenberg\/wp-json\/wp\/v2\/types\/page"}],"author":[{"embeddable":true,"href":"https:\/\/lr-revision.se\/lr-revision-falkenberg\/wp-json\/wp\/v2\/users\/1"}],"replies":[{"embeddable":true,"href":"https:\/\/lr-revision.se\/lr-revision-falkenberg\/wp-json\/wp\/v2\/comments?post=178"}],"version-history":[{"count":2,"href":"https:\/\/lr-revision.se\/lr-revision-falkenberg\/wp-json\/wp\/v2\/pages\/178\/revisions"}],"predecessor-version":[{"id":1271,"href":"https:\/\/lr-revision.se\/lr-revision-falkenberg\/wp-json\/wp\/v2\/pages\/178\/revisions\/1271"}],"wp:attachment":[{"href":"https:\/\/lr-revision.se\/lr-revision-falkenberg\/wp-json\/wp\/v2\/media?parent=178"}],"wp:term":[{"taxonomy":"page-category","embeddable":true,"href":"https:\/\/lr-revision.se\/lr-revision-falkenberg\/wp-json\/wp\/v2\/page-category?post=178"}],"curies":[{"name":"wp","href":"https:\/\/api.w.org\/{rel}","templated":true}]}}