{"id":717,"date":"2021-04-16T12:21:36","date_gmt":"2021-04-16T10:21:36","guid":{"rendered":"https:\/\/lr-revision.se\/lr-orebro\/anpassade-tjanster\/startpaket-copy\/"},"modified":"2021-05-03T09:50:06","modified_gmt":"2021-05-03T07:50:06","slug":"smart-digital-losning-goda-rad","status":"publish","type":"page","link":"https:\/\/lr-revision.se\/lindesberg\/anpassade-tjanster\/smart-digital-losning-goda-rad\/","title":{"rendered":"Smart Digital l\u00f6sning &#038; goda r\u00e5d"},"content":{"rendered":"\n<div class=\"wp-block-columns is-layout-flex wp-container-core-columns-is-layout-9d6595d7 wp-block-columns-is-layout-flex\">\n<div class=\"wp-block-column is-layout-flow wp-block-column-is-layout-flow\" style=\"flex-basis:66.66%\"><div id=\"template-posts-block_605b6b895c99a\" class=\"acf-block template-posts\">\n    <div class=\"block__content\">\n        <!-- wp:heading {\"level\":1} -->\n<h1 class=\"title title--primary\"><strong>\u201dEn smart digital l\u00f6sning<\/strong> <strong>+ goda r\u00e5d ibland, tack!\u201d<\/strong><\/h1>\n<!-- \/wp:heading -->\n\n<!-- wp:paragraph -->\n<p>Med LR Online kan du sk\u00f6ta en hel del av ekonomin helt sj\u00e4lv. Men d\u00e5 och d\u00e5 blir saker mer komplicerade och d\u00e5 \u00e4r det viktigt att l\u00f6sa det p\u00e5 r\u00e4tt s\u00e4tt f\u00f6r att inte hamna fel vad g\u00e4ller skatter, moms eller annat.<\/p>\n<!-- \/wp:paragraph -->\n\n<!-- wp:paragraph -->\n<p>Ett vanligt uppl\u00e4gg hos oss f\u00f6r en- och f\u00e5mansbolag \u00e4r just kombinationen digital l\u00f6sning + r\u00e5dgivning vid behov. Du sk\u00f6ter fakturering, och om du vill hela eller delar av bokf\u00f6ringen, m&nbsp;m sj\u00e4lv online. Vi kan dessutom ge goda r\u00e5d och hj\u00e4lpa dig med l\u00f6nehantering, bokslut och deklaration. Utifr\u00e5n valt uppl\u00e4gg kommer \u00f6verens om ett fast pris per m\u00e5nad.<\/p>\n<!-- \/wp:paragraph -->\n\n<!-- wp:paragraph -->\n<p>Som kund hos oss kan du alltid enkelt ringa eller e-posta oss och f\u00e5 r\u00e5den som hj\u00e4lper dig att sk\u00f6ta ekonomin p\u00e5 ett tryggt, proffsigt och l\u00f6nsamt s\u00e4tt.<\/p>\n<!-- \/wp:paragraph -->\n\n<!-- wp:paragraph -->\n<p>    <a href=\"https:\/\/lr-revision.se\/lindesberg\/kontakt\" class='inline-block my-2'>Kontakta oss s\u00e5 hj\u00e4lper vi dig vidare!<\/a>\n<\/p>\n<!-- \/wp:paragraph -->    <\/div>\n<\/div>\n<\/div>\n\n\n\n<div class=\"wp-block-column is-layout-flow wp-block-column-is-layout-flow\" style=\"flex-basis:33.33%\"><div id=\"template-posts-block_605dedef5157c\" class=\"acf-block template-posts\">\n    <div class=\"block__content\">\n        <!-- wp:group -->\n<div class=\"wp-block-group\"><div class=\"wp-block-group__inner-container\"><!-- wp:group {\"backgroundColor\":\"green\",\"textColor\":\"white\"} -->\n<div class=\"wp-block-group has-white-color has-green-background-color has-text-color has-background\"><div class=\"wp-block-group__inner-container\"><!-- wp:paragraph -->\n<p><strong><strong>Med oss p\u00e5 LR Revision och Redovisning Lindesberg i Lindesberg f\u00e5r du:<\/strong><\/strong><\/p>\n<!-- \/wp:paragraph -->\n\n<!-- wp:list -->\n<ul class=\"list list--default\"><li>R\u00e4tt digitala l\u00f6sning f\u00f6r dig<\/li><li>OCH personliga r\u00e5d<\/li><li>Effektivitet \u2013 och trygghet<\/li><li>Ett l\u00f6nsamt uppl\u00e4gg<\/li><\/ul>\n<!-- \/wp:list --><\/div><\/div>\n<!-- \/wp:group --><\/div><\/div>\n<!-- \/wp:group -->\n\n<!-- wp:paragraph -->\n<p><\/p>\n<!-- \/wp:paragraph -->    <\/div>\n<\/div>\n\n\n\n<div style=\"height:10px\" aria-hidden=\"true\" class=\"wp-block-spacer\"><\/div>\n\n\n\n<h3 class=\"title title--primary has-green-color has-text-color wp-block-heading\">Kontakta mig s\u00e5 hj\u00e4lper jag dig vidare<\/h3>\n\n\n<div id=\"employees-block_60785f546654f\" class=\"acf-block spacing-block employees\">\n    <div class=\"block__content\">\n                <div class=\"space-y-6 sm:space-y-0 grid-cols-1\">\n                    <\/div>\n    <\/div>\n<\/div>\n\n\n<div id=\"share-block_6034c63d298cd\" class=\"acf-block share my-2\">\n    <div class=\"block__content\">\n        <div class=\"font-bold text-dark\">\n            Dela eller skriv ut        <\/div>\n        <div class=\"icons flex space-x-2 mt-1\">\n            <span class=\"link link--primary-icon\" style=\"height: 1.5rem;\">\n                <a class=\"flex items-end justify-center off\" href='https:\/\/www.linkedin.com\/sharing\/share-offsite\/?url=https:\/\/lr-revision.se\/lindesberg\/anpassade-tjanster\/smart-digital-losning-goda-rad\/' target='_blank' rel='noreferrer noopener' style=\"width: 1.5rem; height: 1.5rem;\">\n                    <i class=\"fab fa-linkedin\"><\/i>\n                <\/a>\n            <\/span>\n            <span class=\"link link--primary-icon\" style=\"height: 1.5rem;\">\n                <a class=\"flex items-end justify-center off\" href='https:\/\/www.facebook.com\/sharer\/sharer.php?u=https:\/\/lr-revision.se\/lindesberg\/anpassade-tjanster\/smart-digital-losning-goda-rad\/' target='_blank' rel='noreferrer noopener' style=\"width: 1.5rem; height: 1.5rem;\">\n                    <i class=\"fab fa-facebook-f\"><\/i>\n                <\/a>\n            <\/span>\n            <span class=\"link link--primary-icon\" style=\"height: 1.5rem;\">\n                <a class=\"flex items-end justify-center\" href='mailto:&#x6c;&#x69;&#110;&#100;e&#x73;&#x62;&#x65;&#114;&#103;&#64;&#x6c;&#x72;&#x2d;&#114;&#101;v&#x69;&#x73;&#x69;&#111;&#110;&#46;&#x73;&#x65;?body=https%3A%2F%2Flr-revision.se%2Flindesberg%2Fanpassade-tjanster%2Fsmart-digital-losning-goda-rad%2F' target='_blank' rel='noreferrer noopener' style=\"width: 1.5rem; height: 1.5rem;\">\n                    <i class=\"fas fa-envelope\"><\/i>\n                <\/a>\n            <\/span>\n            <span class=\"link link--primary-icon\" style=\"height: 1.5rem;\">\n                <a class=\"flex items-end justify-center\" href='javascript:;' onclick=\"window.print();return false;\" target='_blank' rel='noreferrer noopener' style=\"width: 1.5rem; height: 1.5rem;\">\n                    <i class=\"fas fa-print\"><\/i>\n                <\/a>\n            <\/span>\n        <\/div>\n    <\/div>\n<\/div>\n<\/div>\n<\/div>\n\n\n<div id=\"template-posts-block_605b6ba55c99b\" class=\"acf-block template-posts\">\n    <div class=\"block__content\">\n        <!-- wp:media-text {\"mediaId\":1000001162,\"mediaLink\":\"https:\/\/lr-revision.se\/budget-planning-spreadsheet-on-laptop-screen-2\/\",\"mediaType\":\"image\",\"mediaWidth\":28,\"backgroundColor\":\"white\"} -->\n<div class=\"wp-block-media-text is-stacked-on-mobile has-white-background-color has-background\" style=\"grid-template-columns:28% auto\"><figure class=\"wp-block-media-text__media\"><img decoding=\"async\" src=\"https:\/\/lr-revision.se\/app\/uploads\/2021\/03\/istock-1181407201-850x560.jpg\" alt=\"\" class=\"wp-image-1000001162 size-full\" srcset=\"https:\/\/lr-revision.se\/app\/uploads\/2021\/03\/istock-1181407201-850x560.jpg 850w, https:\/\/lr-revision.se\/app\/uploads\/2021\/03\/istock-1181407201-120x80.jpg 120w\" sizes=\"(max-width: 850px) 100vw, 850px\" \/><\/figure><div class=\"wp-block-media-text__content\"><!-- wp:heading -->\n<h2 class=\"title title--primary\"><strong>LR Online: Smart och flexibelt<\/strong><\/h2>\n<!-- \/wp:heading -->\n\n<!-- wp:paragraph -->\n<p>Med LR Online har du ocks\u00e5 alltid tillg\u00e5ng till redovisning, viktig administration och f\u00f6retagets ekonomi online \u2013 oavsett om du \u00e4r p\u00e5 jobbet, hemma eller p\u00e5 resande fot. Dessutom har du \u00e4ven tillg\u00e5ng till ditt arkiv d\u00e4r du kan spara \u00e5rsredovisningar och beslutsdokumentation.<\/p>\n<!-- \/wp:paragraph -->\n\n<!-- wp:list -->\n<ul class=\"list list--default\"><li>Du best\u00e4mmer sj\u00e4lv vem som ska g\u00f6ra vilka arbetsuppgifter.<\/li><li>Du slipper programinstallationer och uppdateringar p\u00e5 egen utrustning.<\/li><li>Du kan vara trygg \u2013 s\u00e4kerhetskopiering sker automatiskt.<\/li><li>Du kan enkelt integrera LR Online med andra digitala tj\u00e4nster.<\/li><li>Du sparar tid!<\/li><\/ul>\n<!-- \/wp:list --><\/div><\/div>\n<!-- \/wp:media-text -->    <\/div>\n<\/div>\n\n\n<div id=\"template-posts-block_60796496a96e7\" class=\"acf-block template-posts\">\n    <div class=\"block__content\">\n        <!-- wp:media-text {\"mediaPosition\":\"right\",\"mediaId\":788,\"mediaLink\":\"https:\/\/lr-revision.se\/business-executives-consulting-negotiation-meeting-in-office\/\",\"mediaType\":\"image\",\"mediaWidth\":27,\"backgroundColor\":\"light-grey\"} -->\n<div class=\"wp-block-media-text has-media-on-the-right is-stacked-on-mobile has-light-grey-background-color has-background\" style=\"grid-template-columns:auto 27%\"><figure class=\"wp-block-media-text__media\"><img decoding=\"async\" src=\"https:\/\/lr-revision.se\/app\/uploads\/2021\/03\/istock-1127489700-850x560.jpg\" alt=\"\" class=\"wp-image-788 size-full\" \/><\/figure><div class=\"wp-block-media-text__content\"><!-- wp:heading -->\n<h2 class=\"title title--primary\"><strong>Kompetenta redovisningskonsulter: en kvalitetsgaranti<\/strong><\/h2>\n<!-- \/wp:heading -->\n\n<!-- wp:paragraph -->\n<p>V\u00e5ra redovisningskonsulter har erfarenhet och h\u00f6g kompetens och f\u00f6ljer alltid de branschstandarder som \u00e4r uppst\u00e4llda f\u00f6r auktoriserade konsulter. Det ger en trygghet i att f\u00e5 uppdaterad hj\u00e4lp enligt effektiva, kvalitetss\u00e4krade rutiner och g\u00e4llande lagar och regelverk.<\/p>\n<!-- \/wp:paragraph -->\n\n<!-- wp:paragraph -->\n<p>Auktorisation via SRF eller FAR \u00e4r ytterligare en bekr\u00e4ftelse p\u00e5 konsultens erfarenhet och kompetens, och hos oss i Lindesberg\u00a0\u00e4r alla konsulter auktoriserade.<\/p>\n<!-- \/wp:paragraph --><\/div><\/div>\n<!-- \/wp:media-text -->\n\n<!-- wp:paragraph -->\n<p><\/p>\n<!-- \/wp:paragraph -->    <\/div>\n<\/div>\n\n\n<div id=\"block-cards-block_605b6bad5c99c\" class=\"acf-block spacing-block block-cards end-equalizer\">\n    <div class=\"block__content xl:grid xl:grid-cols-2 md:full-width\">\n                    <div class=\"card-even-odd\">\n                <div class=\"block-cards__img\">\n        <picture>\n                    <source media=\"(min-width: 1200px)\" srcset=\"https:\/\/lr-revision.se\/app\/uploads\/2021\/03\/istock-1132448417-1500x650.jpg\">\n                    <source media=\"(max-width: 500px)\" srcset=\"https:\/\/lr-revision.se\/app\/uploads\/2021\/03\/istock-1132448417-500x300.jpg\">\n                <img decoding=\"async\" class=\"w-full h-full object-cover\" src=\"https:\/\/lr-revision.se\/app\/uploads\/2021\/03\/istock-1132448417-1500x650.jpg\" alt=\"\" loading=\"lazy\">\n    <\/picture>\n<\/div>\n            <\/div>\n                    <div class=\"card-even-odd\">\n                <div class=\"card card--primary card--blocks card--max-width items-start py-20\">\n    <div class=\"card__content w-full\">\n        <div class=\"typography mb-6\">\n            <h2 class=\"title title--neutral\">Kontakta oss<\/h2>\n        <\/div>\n        <div class=\"form\">\n    <div class=\"form__alerts mt-0 left-0 w-full z-10\">\n            <div class=\"alert alert--danger alert--inactive\" role=\"alert\">\n                    <i class=\"far fa-times\" title=\"Ett fel uppstod\"><\/i>\n        Meddelandet har inte skickats. V\u00e4nligen kontrollera f\u00e4lten.    <\/div>\n        <div class=\"alert alert--success alert--inactive\" role=\"alert\">\n                    <i class=\"far fa-check\" title=\"Succ\u00e9\"><\/i>\n        Meddelandet har skickats.    <\/div>\n        <\/div>\n    <form id=\"contact-form-block_605b6bad5c99c-2\" class=\"form contact-form mt-6\" class=\"w-full\" method=\"POST\">\n        <div class=\"form__row\">\n            <label class=\"sr-only\" for=\"name\">Namn<\/label>\n            <input class=\"form__cell--full\" type=\"text\" name=\"name\" id=\"name\" placeholder=\"Namn\" required>\n        <\/div>\n        <div class=\"form__row\">\n            <label class=\"sr-only\" for=\"email\">E-post<\/label>\n            <input class=\"form__cell--full\" type=\"email\" name=\"email\" id=\"email\" placeholder=\"E-post\" required>\n        <\/div>\n        <div class=\"form__row\">\n            <label class=\"sr-only\" for=\"message\">Meddelande<\/label>\n            <textarea class=\"form__cell--full\" type=\"text\" name=\"message\" id=\"message\" placeholder=\"Meddelande\" required><\/textarea>\n        <\/div>\n        <footer class=\"form-footer mt-6\">\n            <!-- GDPR -->\n<div class=\"form__row form__row--no-wrap\">\n    <input type=\"checkbox\" name=\"gdpr_consent\" id=\"nobox_gdpr_consent\" required>\n    <label for=\"nobox_gdpr_consent\">\n        Vi behandlar dina personuppgifter enligt v\u00e5r integritetspolicy. L\u00e4s v\u00e5r policy <a class='link link--neutral' href='https:\/\/lr-revision.se\/lindesberg\/integritetspolicy\/' target='_blank' rel='noreferrer noopener'>h\u00e4r<\/a>.    <\/label>\n<\/div>\n            <input type=\"hidden\" id=\"_wpnonce\" name=\"_wpnonce\" value=\"706b27b3fa\" \/><input type=\"hidden\" name=\"_wp_http_referer\" value=\"\/lindesberg\/wp-json\/wp\/v2\/pages\/717\" \/>            <input id=\"url\" name=\"url\" type=\"hidden\" value=\"https:\/\/lr-revision.se\/lindesberg\" \/>\n            <input class=\"button button--neutral uppercase disabled\" type=\"submit\" value=\"Skicka\">\n        <\/footer>\n    <\/form>\n<\/div>\n<script async defer src=\"https:\/\/www.google.com\/recaptcha\/api.js?render=6LfpvUwsAAAAAN9HlkBwrsP6no6IAiT58NSMuEkK\"><\/script>\n    <\/div>\n<\/div>\n            <\/div>\n            <\/div>\n<\/div>\n","protected":false},"excerpt":{"rendered":"<p>Kontakta mig s\u00e5 hj\u00e4lper jag dig vidare<\/p>\n","protected":false},"author":1,"featured_media":1000001512,"parent":178,"menu_order":0,"comment_status":"closed","ping_status":"closed","template":"","meta":{"_acf_changed":false,"inline_featured_image":false,"footnotes":""},"page-category":[],"class_list":["post-717","page","type-page","status-publish","has-post-thumbnail","hentry"],"acf":[],"publishpress_future_action":{"enabled":false,"date":"2026-04-12 15:28:25","action":"change-status","newStatus":"draft","terms":[],"taxonomy":"page-category","extraData":[]},"publishpress_future_workflow_manual_trigger":{"enabledWorkflows":[]},"_links":{"self":[{"href":"https:\/\/lr-revision.se\/lindesberg\/wp-json\/wp\/v2\/pages\/717","targetHints":{"allow":["GET"]}}],"collection":[{"href":"https:\/\/lr-revision.se\/lindesberg\/wp-json\/wp\/v2\/pages"}],"about":[{"href":"https:\/\/lr-revision.se\/lindesberg\/wp-json\/wp\/v2\/types\/page"}],"author":[{"embeddable":true,"href":"https:\/\/lr-revision.se\/lindesberg\/wp-json\/wp\/v2\/users\/1"}],"replies":[{"embeddable":true,"href":"https:\/\/lr-revision.se\/lindesberg\/wp-json\/wp\/v2\/comments?post=717"}],"version-history":[{"count":3,"href":"https:\/\/lr-revision.se\/lindesberg\/wp-json\/wp\/v2\/pages\/717\/revisions"}],"predecessor-version":[{"id":1350,"href":"https:\/\/lr-revision.se\/lindesberg\/wp-json\/wp\/v2\/pages\/717\/revisions\/1350"}],"up":[{"embeddable":true,"href":"https:\/\/lr-revision.se\/lindesberg\/wp-json\/wp\/v2\/pages\/178"}],"wp:featuredmedia":[{"embeddable":true,"href":"https:\/\/lr-revision.se\/lindesberg\/wp-json\/"}],"wp:attachment":[{"href":"https:\/\/lr-revision.se\/lindesberg\/wp-json\/wp\/v2\/media?parent=717"}],"wp:term":[{"taxonomy":"page-category","embeddable":true,"href":"https:\/\/lr-revision.se\/lindesberg\/wp-json\/wp\/v2\/page-category?post=717"}],"curies":[{"name":"wp","href":"https:\/\/api.w.org\/{rel}","templated":true}]}}