{"id":3,"date":"2021-03-04T16:33:15","date_gmt":"2021-03-04T15:33:15","guid":{"rendered":"https:\/\/lr-revision.se\/kungalvsredovisning\/home\/"},"modified":"2024-01-31T11:12:43","modified_gmt":"2024-01-31T10:12:43","slug":"home","status":"publish","type":"page","link":"https:\/\/lr-revision.se\/kungalvsredovisning\/","title":{"rendered":"Hem"},"content":{"rendered":"<div id=\"cards-block_6094ee07380c7\" class=\"acf-block spacing-block cards\">\n    <div class=\"block__content\">\n                    <div class=\"typography text-max-width text-center mb-12 text-max-width\"><h2 style=\"text-align: center\" class=\"title title--primary\">S\u00e5 kan vi hj\u00e4lpa dig med f\u00f6retagets ekonomi<\/h2>\n<p style=\"text-align: center\">Expertis i kombination med smarta redskap \u2013 p\u00e5 r\u00e4tt niv\u00e5 utifr\u00e5n dina behov \u2013 f\u00f6r tryggt, enkelt och l\u00f6nsamt f\u00f6retagande.<\/p>\n<\/div>\n                <div class=\"space-y-6 md:space-y-0 item-grid md:gap-4 md:grid md:grid-cols-3 xl:grid-cols-5 small-padding\">\n            \n<div class=\"card card--primary card--vertical border-t-8 border-primary hover:shadow-md transition-all duration-500\">\n            <header class=\"card__image card--vertical__image overflow-hidden\">\n            <img loading=\"lazy\" decoding=\"async\" width=\"850\" height=\"560\" src=\"https:\/\/lr-revision.se\/app\/uploads\/2021\/03\/istock-1156408161-850x560.jpg\" class=\"h-full w-full object-cover\" alt=\"\" \/>        <\/header>\n        <div class=\"card__content card--secondary card--vertical__content\">\n        <div class=\"card__body\">\n            <div class=\"font-bold uppercase\">\n                            <\/div>\n            <h2 class=\"card__title title title--primary text-lg mt-0 line-clamp overflow-hidden overflow-ellipsis\">\u201dEn smart digital l\u00f6sning + goda r\u00e5d ibland, tack!\u201d<\/h2>\n            <p>Med LR Online kan du sk\u00f6ta en hel del av ekonomin helt sj\u00e4lv. Men d\u00e5 och d\u00e5 blir saker mer komplicerade och d\u00e5 \u2026<\/p>\n        <\/div>\n        <div class=\"mt-auto\">\n                    <a class=\"link link--secondary inline-block pt-2\" href=\"https:\/\/lr-revision.se\/kungalvsredovisning\/anpassade-tjanster\/smart-digital-losning-goda-rad\/\" title=\"Vi hj\u00e4lper dig\" >\n            Vi hj\u00e4lper dig        <\/a>\n            <\/div>\n    <\/div>\n<\/div>\n\n<div class=\"card card--primary card--vertical border-t-8 border-primary hover:shadow-md transition-all duration-500\">\n            <header class=\"card__image card--vertical__image overflow-hidden\">\n            <img loading=\"lazy\" decoding=\"async\" width=\"850\" height=\"560\" src=\"https:\/\/lr-revision.se\/app\/uploads\/2021\/03\/istock-1141621602-850x560.jpg\" class=\"h-full w-full object-cover\" alt=\"\" \/>        <\/header>\n        <div class=\"card__content card--secondary card--vertical__content\">\n        <div class=\"card__body\">\n            <div class=\"font-bold uppercase\">\n                            <\/div>\n            <h2 class=\"card__title title title--primary text-lg mt-0 line-clamp overflow-hidden overflow-ellipsis\">&#8221;Kan vi f\u00e5 l\u00f6pande hj\u00e4lp med valda delar av ekonomin?&#8221;<\/h2>\n            <p>Kan ni sk\u00f6ta st\u00f6rre delar av ekonomin sj\u00e4lv? D\u00e5 kan vi komma till er n\u00e5gra g\u00e5nger om \u00e5ret och st\u00e4mma av att allt \u00e4r som det ska. Dessutom f\u00e5r du \u2026<\/p>\n        <\/div>\n        <div class=\"mt-auto\">\n                    <a class=\"link link--secondary inline-block pt-2\" href=\"https:\/\/lr-revision.se\/kungalvsredovisning\/anpassade-tjanster\/hjalp-med-lopande-ekonomi\/\" title=\"Vi hj\u00e4lper dig\" >\n            Vi hj\u00e4lper dig        <\/a>\n            <\/div>\n    <\/div>\n<\/div>\n\n<div class=\"card card--primary card--vertical border-t-8 border-primary hover:shadow-md transition-all duration-500\">\n            <header class=\"card__image card--vertical__image overflow-hidden\">\n            <img loading=\"lazy\" decoding=\"async\" width=\"850\" height=\"560\" src=\"https:\/\/lr-revision.se\/app\/uploads\/2021\/03\/istock-530931550-850x560.jpg\" class=\"h-full w-full object-cover\" alt=\"\" \/>        <\/header>\n        <div class=\"card__content card--secondary card--vertical__content\">\n        <div class=\"card__body\">\n            <div class=\"font-bold uppercase\">\n                            <\/div>\n            <h2 class=\"card__title title title--primary text-lg mt-0 line-clamp overflow-hidden overflow-ellipsis\">\u201dVi beh\u00f6ver en outsourcad och n\u00e4ra \u2019ekonomiavdelning\u2019.\u201d<\/h2>\n            <p>Beh\u00f6ver ni en extern ekonomiavdelning \u2013 eller att vi fyller en roll p\u00e5 plats hos er? F\u00f6r de lite st\u00f6rre f\u00f6retagen kan vi st\u00e4rka \u2026<\/p>\n        <\/div>\n        <div class=\"mt-auto\">\n                    <a class=\"link link--secondary inline-block pt-2\" href=\"https:\/\/lr-revision.se\/kungalvsredovisning\/anpassade-tjanster\/outsourcad-ekonomiavdelning\/\" title=\"Vi hj\u00e4lper dig\" >\n            Vi hj\u00e4lper dig        <\/a>\n            <\/div>\n    <\/div>\n<\/div>\n\n<div class=\"card card--primary card--vertical border-t-8 border-primary hover:shadow-md transition-all duration-500\">\n            <header class=\"card__image card--vertical__image overflow-hidden\">\n            <img loading=\"lazy\" decoding=\"async\" width=\"850\" height=\"560\" src=\"https:\/\/lr-revision.se\/app\/uploads\/2021\/03\/istock-517672999-850x560.jpg\" class=\"h-full w-full object-cover\" alt=\"\" \/>        <\/header>\n        <div class=\"card__content card--secondary card--vertical__content\">\n        <div class=\"card__body\">\n            <div class=\"font-bold uppercase\">\n                            <\/div>\n            <h2 class=\"card__title title title--primary text-lg mt-0 line-clamp overflow-hidden overflow-ellipsis\">&#8221;Vi beh\u00f6ver r\u00e5dgivning och  ett bollplank f\u00f6r goda aff\u00e4rer&#8221;<\/h2>\n            <p>Vare sig du driver enmansbolag eller ansvarar f\u00f6r ett st\u00f6rre f\u00f6retag s\u00e5 kan r\u00e4tt r\u00e5d i r\u00e4tt tid g\u00f6ra stor skillnad f\u00f6r l\u00f6nsamhet, trygghet och effektivitet. V\u00e5ra r\u00e5dgivare&#8230;<\/p>\n        <\/div>\n        <div class=\"mt-auto\">\n                    <a class=\"link link--secondary inline-block pt-2\" href=\"https:\/\/lr-revision.se\/kungalvsredovisning\/anpassade-tjanster\/radgivning-och-bollplank\/\" title=\"Vi hj\u00e4lper dig\" >\n            Vi hj\u00e4lper dig        <\/a>\n            <\/div>\n    <\/div>\n<\/div>\n\n<div class=\"card card--primary card--vertical border-t-8 border-primary hover:shadow-md transition-all duration-500\">\n            <header class=\"card__image card--vertical__image overflow-hidden\">\n            <img loading=\"lazy\" decoding=\"async\" width=\"850\" height=\"560\" src=\"https:\/\/lr-revision.se\/app\/uploads\/2021\/03\/istock-1161412866-850x560.jpg\" class=\"h-full w-full object-cover\" alt=\"\" \/>        <\/header>\n        <div class=\"card__content card--secondary card--vertical__content\">\n        <div class=\"card__body\">\n            <div class=\"font-bold uppercase\">\n                            <\/div>\n            <h2 class=\"card__title title title--primary text-lg mt-0 line-clamp overflow-hidden overflow-ellipsis\">\u201dV\u00e5r l\u00f6nehantering \u00e4r f\u00f6r kr\u00e5nglig. Hj\u00e4lp!\u201d<\/h2>\n            <p>Vill du f\u00e5 hj\u00e4lp att hitta ett bra system f\u00f6r l\u00f6nehanteringen \u2013 eller helt enkelt hj\u00e4lp att g\u00f6ra det \u00e5t er? H\u00f6r av dig till oss! F\u00f6rdelarna med att sk\u00f6ta&#8230;<\/p>\n        <\/div>\n        <div class=\"mt-auto\">\n                    <a class=\"link link--secondary inline-block pt-2\" href=\"https:\/\/lr-revision.se\/kungalvsredovisning\/anpassade-tjanster\/lonehantering\/\" title=\"Vi hj\u00e4lper dig\" >\n            Vi hj\u00e4lper dig        <\/a>\n            <\/div>\n    <\/div>\n<\/div>\n        <\/div>\n    <\/div>\n<\/div>\n\n\n<div id=\"block-cards-block_60425902f90f1\" class=\"acf-block spacing-block block-cards end-equalizer spacing-block-reset-bottom\">\n    <div class=\"block__content xl:grid xl:grid-cols-2 md:full-width\">\n                    <div class=\"card-even-odd\">\n                <div class=\"card card--primary card--blocks card--max-width items-start py-20\">\n    <div class=\"card__content\">\n        <div class=\"typography\">\n            <h2 class=\"title title--neutral\">Belopp och procent<\/h2>\n<p>H\u00e4r finner Du aktuella uppgifter om olika belopp och procent som ofta anv\u00e4nds av f\u00f6retag.<\/p>\n<p><a class='link link--neutral' href=\"https:\/\/lr-revision.se\/kungalvsredovisning\/tips\/belopp-och-procent\/\">L\u00e4s mer<\/a><\/p>\n        <\/div>\n        <div class=\"mt-12\">\n                    <\/div>\n    <\/div>\n<\/div>\n            <\/div>\n                    <div class=\"card-even-odd\">\n                <div class=\"card card--secondary card--blocks card--max-width items-start py-20\">\n    <div class=\"card__content\">\n        <div class=\"typography\">\n            <div class=\"typography\">\n<div class=\"typography\">\n<h2 class=\"title title--primary\">Tj\u00e4nsterna som g\u00f6r skillnad<\/h2>\n<p>L\u00e4s mer om vad vi kan g\u00f6ra f\u00f6r dig inom<\/p>\n<p><a class=\"link link--primary\" href=\"https:\/\/lr-revision.se\/kungalvsredovisning\/vara-tjanster\/redovisning\/\">Redovisning<\/a><br \/>\n<a class=\"link link--primary\" href=\"https:\/\/lr-revision.se\/kungalvsredovisning\/vara-tjanster\/skatt\/\">Skatt<\/a><br \/>\n<a class=\"link link--primary\" href=\"https:\/\/lr-revision.se\/kungalvsredovisning\/vara-tjanster\/radgivning\/\">R\u00e5dgivning<\/a><\/p>\n<\/div>\n<\/div>\n        <\/div>\n        <div class=\"mt-12\">\n                    <\/div>\n    <\/div>\n<\/div>\n            <\/div>\n            <\/div>\n<\/div>\n\n\n<div id=\"display-block_60425a020d03c\" class=\"acf-block spacing-block display end-equalizer spacing-block-reset-top\">\n    <div class=\"block__content relative py-32\">\n        <!-- .background -->\n                    <div class=\"background full-width full-width--absolute full-width--maxed -z-10 bg-top bg-fixed bg-cover overlay\" style=\"background-image: url(https:\/\/lr-revision.se\/app\/uploads\/2021\/03\/masma19014-2500x1500.jpg\"><\/div>\n                <!-- \/.background -->\n        <div class=\"card card--tertiary text-neutral max-w-xl mx-auto p-12 shadow-xl\">\n            <h2 style=\"text-align: center\" class=\"title title title--neutral mt-0\">R\u00e5dgivning i stora och sm\u00e5 fr\u00e5gor<\/h2>\n<p style=\"text-align: center\">R\u00e4tt r\u00e5d i r\u00e4tt tid g\u00f6r stor skillnad f\u00f6r l\u00f6nsamhet, trygghet och effektivitet. <a class='link link--neutral' href=\"https:\/\/lr-revision.se\/kungalvsredovisning\/vara-tjanster\/radgivning\/\">L\u00e4s mer om f\u00f6rdelarna med v\u00e5r R\u00e5dgivning<\/a>.<\/p>\n        <\/div>\n    <\/div>\n<\/div>\n\n\n<div id=\"loop-posts-block_60425b69dfc5a\" class=\"acf-block spacing-block loop-posts relative\">\n        <div class=\"block__content\">\n                    <div class=\"typography text-max-width text-center mb-12\">\n                <h2 style=\"text-align: center\" class=\"title title--primary\">Nyheter och tips<\/h2>\n            <\/div>\n                <div class=\"loop-container space-y-6 sm:space-y-0 item-grid item-grid--secondary\">\n            \n<a href=\"https:\/\/lr-revision.se\/kungalvsredovisning\/tips\/belopp-och-procent-2026\/\" class=\"card card--vertical border-t-8 border-primary hover:shadow-md transition-all duration-500 post-2262 post type-post status-publish format-standard has-post-thumbnail hentry category-tips\">\n            <header class=\"card__image card--vertical__image overflow-hidden relative\">\n            <img loading=\"lazy\" decoding=\"async\" width=\"850\" height=\"560\" src=\"https:\/\/lr-revision.se\/app\/uploads\/sites\/13\/2022\/01\/istock-1181407201-scaled-850x560.jpg\" class=\"h-full w-full object-cover\" alt=\"\" \/>        <\/header>\n        <div class=\"card__content card--secondary card--vertical__content\">\n        <div class=\"card__body card--vertical__body\">\n            <div class=\"font-bold uppercase\">\n                Tips            <\/div>\n            <h2 class=\"card__title card--vertical__title title title--primary line-clamp overflow-hidden overflow-ellipsis\">Belopp och procent 2026<\/h2>\n            Belopp och procent 2026.\u00a0 H\u00e4r finner Du aktuella uppgifter om olika belopp och procent som ofta anv\u00e4nds av f\u00f6retag. Informationen \u00e4r kortfattad och det&#8230;        <\/div>\n        <footer class=\"card__footer card--vertical__footer\">\n            <span class=\"link link--primary uppercase\">L\u00e4s mer<\/span>\n\t\t\t                    <time class=\"text-primary font-bold\" datetime=\"2026-01-21T08:53:54+01:00\">2026-01-21<\/time>\n                        \n        <\/footer>\n    <\/div>\n<\/a>\n\n<a href=\"https:\/\/lr-revision.se\/kungalvsredovisning\/nyhet\/avskrivning-byggnad-naringsverksamhet\/\" class=\"card card--vertical border-t-8 border-primary hover:shadow-md transition-all duration-500 post-2303 post type-post status-publish format-standard has-post-thumbnail hentry category-nyhet\">\n            <header class=\"card__image card--vertical__image overflow-hidden relative\">\n            <img loading=\"lazy\" decoding=\"async\" width=\"850\" height=\"560\" src=\"https:\/\/lr-revision.se\/app\/uploads\/sites\/13\/2026\/03\/avskrivning-byggnad-850x560.jpg\" class=\"h-full w-full object-cover\" alt=\"\" \/>        <\/header>\n        <div class=\"card__content card--secondary card--vertical__content\">\n        <div class=\"card__body card--vertical__body\">\n            <div class=\"font-bold uppercase\">\n                Nyhet            <\/div>\n            <h2 class=\"card__title card--vertical__title title title--primary line-clamp overflow-hidden overflow-ellipsis\">Avskrivning p\u00e5 byggnad i n\u00e4ringsverksamhet<\/h2>\n            Det finns s\u00e4rskilda skatteregler, f\u00f6r avskrivning i deklarationen, f\u00f6r en byggnad som anv\u00e4nds i n\u00e4ringsverksamhet. H\u00f6gsta f\u00f6rvaltningsdomstolen har pr\u00f6vat fr\u00e5gan om ett aktiebolag som&#8230;        <\/div>\n        <footer class=\"card__footer card--vertical__footer\">\n            <span class=\"link link--primary uppercase\">L\u00e4s mer<\/span>\n\t\t\t                    <time class=\"text-primary font-bold\" datetime=\"2026-03-18T22:55:11+01:00\">2026-03-18<\/time>\n                        \n        <\/footer>\n    <\/div>\n<\/a>\n\n<a href=\"https:\/\/lr-revision.se\/kungalvsredovisning\/nyhet\/moms-kontorsmassage\/\" class=\"card card--vertical border-t-8 border-primary hover:shadow-md transition-all duration-500 post-2306 post type-post status-publish format-standard has-post-thumbnail hentry category-nyhet\">\n            <header class=\"card__image card--vertical__image overflow-hidden relative\">\n            <img loading=\"lazy\" decoding=\"async\" width=\"850\" height=\"560\" src=\"https:\/\/lr-revision.se\/app\/uploads\/sites\/13\/2026\/03\/massage-arbetsplats-850x560.jpg\" class=\"h-full w-full object-cover\" alt=\"\" \/>        <\/header>\n        <div class=\"card__content card--secondary card--vertical__content\">\n        <div class=\"card__body card--vertical__body\">\n            <div class=\"font-bold uppercase\">\n                Nyhet            <\/div>\n            <h2 class=\"card__title card--vertical__title title title--primary line-clamp overflow-hidden overflow-ellipsis\">Moms p\u00e5 kontorsmassage<\/h2>\n            N\u00e4r en arbetsgivare erbjuder anst\u00e4llda olika typer av personalf\u00f6rm\u00e5ner kan det uppst\u00e5 momsfr\u00e5gor. Detta g\u00e4ller s\u00e4rskilt om de anst\u00e4llda betalar f\u00f6r f\u00f6rm\u00e5nen genom l\u00f6neavdrag&#8230;.        <\/div>\n        <footer class=\"card__footer card--vertical__footer\">\n            <span class=\"link link--primary uppercase\">L\u00e4s mer<\/span>\n\t\t\t                    <time class=\"text-primary font-bold\" datetime=\"2026-03-18T22:50:22+01:00\">2026-03-18<\/time>\n                        \n        <\/footer>\n    <\/div>\n<\/a>\n        <\/div>\n                    <a class=\"button button--secondary button--center button--archive-link\" href=\"https:\/\/lr-revision.se\/kungalvsredovisning\/nyheter\/\">Nyheter och tips<\/a>\n            <\/div>\n<\/div>\n\n\n<div id=\"block-cards-block_60425ba6dfc5c\" class=\"acf-block spacing-block block-cards end-equalizer spacing-block-reset-bottom\">\n    <div class=\"block__content xl:grid xl:grid-cols-2 md:full-width\">\n                    <div class=\"card-even-odd\">\n                <div class=\"block-cards__img\">\n        <picture>\n                    <source media=\"(min-width: 1200px)\" srcset=\"https:\/\/lr-revision.se\/app\/uploads\/2021\/03\/ima135461-1500x650.jpg\">\n                    <source media=\"(max-width: 500px)\" srcset=\"https:\/\/lr-revision.se\/app\/uploads\/2021\/03\/ima135461-500x300.jpg\">\n                <img decoding=\"async\" class=\"w-full h-full object-cover\" src=\"https:\/\/lr-revision.se\/app\/uploads\/2021\/03\/ima135461-1500x650.jpg\" alt=\"\" loading=\"lazy\">\n    <\/picture>\n<\/div>\n            <\/div>\n                    <div class=\"card-even-odd\">\n                <div class=\"card card--primary card--blocks card--max-width items-start py-20\">\n    <div class=\"card__content\">\n        <div class=\"typography\">\n            <h2 class=\"title title--neutral\">Ett starkt, rikst\u00e4ckande n\u00e4tverk<\/h2>\n<p>LR \u00e4r ett n\u00e4tverk med \u00f6ver 70 samverkande kontor i Sverige. Det g\u00f6r oss n\u00e4ra och personliga, och stora och starka p\u00e5 samma g\u00e5ng. L\u00e4s mer om f\u00f6rdelarna med LR<\/p>\n<p><a class='link link--neutral' href=\"https:\/\/lr-revision.se\/kungalvsredovisning\/om-oss\/\">L\u00e4s mer<\/a><\/p>\n        <\/div>\n        <div class=\"mt-12\">\n                    <\/div>\n    <\/div>\n<\/div>\n            <\/div>\n            <\/div>\n<\/div>\n","protected":false},"excerpt":{"rendered":"","protected":false},"author":2,"featured_media":1308,"parent":0,"menu_order":0,"comment_status":"closed","ping_status":"closed","template":"","meta":{"_acf_changed":false,"inline_featured_image":false,"footnotes":""},"page-category":[],"class_list":["post-3","page","type-page","status-publish","has-post-thumbnail","hentry"],"acf":[],"publishpress_future_action":{"enabled":false,"date":"2026-04-13 20:03:31","action":"change-status","newStatus":"draft","terms":[],"taxonomy":"page-category","extraData":[]},"publishpress_future_workflow_manual_trigger":{"enabledWorkflows":[]},"_links":{"self":[{"href":"https:\/\/lr-revision.se\/kungalvsredovisning\/wp-json\/wp\/v2\/pages\/3","targetHints":{"allow":["GET"]}}],"collection":[{"href":"https:\/\/lr-revision.se\/kungalvsredovisning\/wp-json\/wp\/v2\/pages"}],"about":[{"href":"https:\/\/lr-revision.se\/kungalvsredovisning\/wp-json\/wp\/v2\/types\/page"}],"author":[{"embeddable":true,"href":"https:\/\/lr-revision.se\/kungalvsredovisning\/wp-json\/wp\/v2\/users\/2"}],"replies":[{"embeddable":true,"href":"https:\/\/lr-revision.se\/kungalvsredovisning\/wp-json\/wp\/v2\/comments?post=3"}],"version-history":[{"count":2,"href":"https:\/\/lr-revision.se\/kungalvsredovisning\/wp-json\/wp\/v2\/pages\/3\/revisions"}],"predecessor-version":[{"id":1770,"href":"https:\/\/lr-revision.se\/kungalvsredovisning\/wp-json\/wp\/v2\/pages\/3\/revisions\/1770"}],"wp:featuredmedia":[{"embeddable":true,"href":"https:\/\/lr-revision.se\/kungalvsredovisning\/wp-json\/wp\/v2\/media\/1308"}],"wp:attachment":[{"href":"https:\/\/lr-revision.se\/kungalvsredovisning\/wp-json\/wp\/v2\/media?parent=3"}],"wp:term":[{"taxonomy":"page-category","embeddable":true,"href":"https:\/\/lr-revision.se\/kungalvsredovisning\/wp-json\/wp\/v2\/page-category?post=3"}],"curies":[{"name":"wp","href":"https:\/\/api.w.org\/{rel}","templated":true}]}}