{"id":84,"date":"2021-03-08T15:24:57","date_gmt":"2021-03-08T14:24:57","guid":{"rendered":"https:\/\/lr-revision.se\/jg-revision\/?page_id=84"},"modified":"2024-01-18T22:17:39","modified_gmt":"2024-01-18T21:17:39","slug":"om-oss","status":"publish","type":"page","link":"https:\/\/lr-revision.se\/jg-revision\/om-oss\/","title":{"rendered":"Om oss"},"content":{"rendered":"\n<div class=\"wp-block-columns is-layout-flex wp-container-core-columns-is-layout-9d6595d7 wp-block-columns-is-layout-flex\">\n<div class=\"wp-block-column is-layout-flow wp-block-column-is-layout-flow\" style=\"flex-basis:66.66%\">\n<h2 class=\"title title--primary wp-block-heading\">Varmt v\u00e4lkommen till JG Revision &amp; R\u00e5dgivning i Bromma AB!<\/h2>\n\n\n\n<p>Sm\u00e5 och medelstora f\u00f6retag i Bromma med omnejd f\u00e5r hj\u00e4lp av oss i stort och sm\u00e5tt. Vi som jobbar h\u00e4r gillar sm\u00e5f\u00f6retagare och att jobba n\u00e4ra v\u00e5ra kunder och bidra till effektiva, smarta, l\u00f6nsamma l\u00f6sningar f\u00f6r dina aff\u00e4rer.<\/p>\n\n\n\n<p>Vi har i bolaget god kompetens inom revision och n\u00e4rliggande tj\u00e4nster. F\u00f6rutom v\u00e5ra huvudomr\u00e5den kan vi ge st\u00f6d och r\u00e5d inom en m\u00e4ngd omr\u00e5den som r\u00f6r ekonomi och f\u00f6retagande.<\/p>\n\n\n\n<p>Vi \u00e4r idag 2 anst\u00e4llda i bolaget och ytterligare 2 medarbetare med egna bolag i verksamheten som samarbetar som en byr\u00e5. Totalt 4 aktiva varav 2 kvinnor och 2 m\u00e4n.<\/p>\n\n\n\n<div style=\"height:30px\" aria-hidden=\"true\" class=\"wp-block-spacer\"><\/div>\n\n\n<div id=\"template-posts-block_604635538982e\" class=\"acf-block template-posts\">\n    <div class=\"block__content\">\n        <!-- wp:heading {\"className\":\"text-2xl\"} -->\n<h2 class=\"title title--primary wp-block-heading text-2xl\"><strong>Ett stort, rikst\u00e4ckande samarbete<\/strong><\/h2>\n<!-- \/wp:heading -->\n\n<!-- wp:paragraph -->\n<p>En av v\u00e5ra viktiga styrkor \u00e4r den lokala f\u00f6rankringen, men vi \u00e4r samtidigt stora och starka i och med v\u00e5rt samarbete med kontor runt om i Sverige.<\/p>\n<!-- \/wp:paragraph -->\n\n<!-- wp:paragraph -->\n<p>I en gemensam organisation satsar vi stort p\u00e5 teknisk utveckling, vidareutbildning, omv\u00e4rldsbevakning och annat som bidrar till att vi kan ge dig tj\u00e4nster och r\u00e5dgivning i framkant.<\/p>\n<!-- \/wp:paragraph -->\n\n<!-- wp:paragraph -->\n<p>Samarbete ger oss ocks\u00e5 tillg\u00e5ng till specialistkompetens inom en rad omr\u00e5den vilket g\u00f6r v\u00e5rt erbjudande \u00e4nnu vassare.<\/p>\n<!-- \/wp:paragraph -->\n\n<!-- wp:heading {\"className\":\"text-2xl\"} -->\n<h2 class=\"title title--primary wp-block-heading text-2xl\"><strong>Samarbete f\u00f6r internationella aff\u00e4rer<\/strong><\/h2>\n<!-- \/wp:heading -->\n\n<!-- wp:paragraph -->\n<p>Vi ing\u00e5r dessutom i Russel Bedford, ett internationellt samarbete som ger dig som \u00e4r kund hos oss tillg\u00e5ng till professionell aff\u00e4rsr\u00e5dgivning \u00f6ver gr\u00e4nserna. Perfekt f\u00f6r f\u00f6retag med kontor i flera l\u00e4nder, eller med import eller export av olika slag.<\/p>\n<!-- \/wp:paragraph -->\n\n<!-- wp:paragraph -->\n<p><\/p>\n<!-- \/wp:paragraph -->    <\/div>\n<\/div>\n<\/div>\n\n\n\n<div class=\"wp-block-column is-layout-flow wp-block-column-is-layout-flow\" style=\"flex-basis:33.33%\">\n<h2 class=\"title title--primary text-xl has-normal-font-size wp-block-heading\"><strong>Se filmen om LR Revision &amp; Redovisning<\/strong><\/h2>\n\n\n\n<figure class=\"wp-block-video\"><video controls src=\"https:\/\/lr-revision.se\/app\/uploads\/2021\/03\/LRFilm1.mp4\"><\/video><\/figure>\n\n\n<div id=\"share-block_6034c63d298cd\" class=\"acf-block share my-2\">\n    <div class=\"block__content\">\n        <div class=\"font-bold text-dark\">\n            Dela eller skriv ut        <\/div>\n        <div class=\"icons flex space-x-2 mt-1\">\n            <span class=\"link link--primary-icon\" style=\"height: 1.5rem;\">\n                <a class=\"flex items-end justify-center off\" href='https:\/\/www.linkedin.com\/sharing\/share-offsite\/?url=https:\/\/lr-revision.se\/jg-revision\/om-oss\/' target='_blank' rel='noreferrer noopener' style=\"width: 1.5rem; height: 1.5rem;\">\n                    <i class=\"fab fa-linkedin\"><\/i>\n                <\/a>\n            <\/span>\n            <span class=\"link link--primary-icon\" style=\"height: 1.5rem;\">\n                <a class=\"flex items-end justify-center off\" href='https:\/\/www.facebook.com\/sharer\/sharer.php?u=https:\/\/lr-revision.se\/jg-revision\/om-oss\/' target='_blank' rel='noreferrer noopener' style=\"width: 1.5rem; height: 1.5rem;\">\n                    <i class=\"fab fa-facebook-f\"><\/i>\n                <\/a>\n            <\/span>\n            <span class=\"link link--primary-icon\" style=\"height: 1.5rem;\">\n                <a class=\"flex items-end justify-center\" href='mailto:&#106;&#x6f;&#x6e;&#97;&#x73;&#x2e;g&#x6f;&#x72;a&#110;&#x73;s&#111;&#x6e;&#64;&#108;&#x72;-&#114;&#x65;v&#105;&#x73;&#x69;&#111;&#x6e;&#x2e;&#115;&#x65;?body=https%3A%2F%2Flr-revision.se%2Fjg-revision%2Fom-oss%2F' target='_blank' rel='noreferrer noopener' style=\"width: 1.5rem; height: 1.5rem;\">\n                    <i class=\"fas fa-envelope\"><\/i>\n                <\/a>\n            <\/span>\n            <span class=\"link link--primary-icon\" style=\"height: 1.5rem;\">\n                <a class=\"flex items-end justify-center\" href='javascript:;' onclick=\"window.print();return false;\" target='_blank' rel='noreferrer noopener' style=\"width: 1.5rem; height: 1.5rem;\">\n                    <i class=\"fas fa-print\"><\/i>\n                <\/a>\n            <\/span>\n        <\/div>\n    <\/div>\n<\/div>\n<\/div>\n<\/div>\n\n\n<div id=\"block-cards-block_604635d4d5963\" class=\"acf-block spacing-block block-cards end-equalizer\">\n    <div class=\"block__content xl:grid xl:grid-cols-2 md:full-width\">\n                    <div class=\"card-even-odd\">\n                <div class=\"card card--secondary card--blocks card--max-width items-start py-20\">\n    <div class=\"card__content\">\n        <div class=\"typography\">\n            <h2 class=\"title title--primary\"><strong>Tj\u00e4nsterna som g\u00f6r skillnad<\/strong><\/h2>\n<p>L\u00e4s mer om vad vi kan g\u00f6ra f\u00f6r dig inom<\/p>\n<p><a class='link link--primary' href=\"https:\/\/lr-revision.se\/kontor\/vara-tjanster\/redovisning\/\">Redovisning<\/a><br \/>\n<a class='link link--primary' href=\"https:\/\/lr-revision.se\/kontor\/vara-tjanster\/revision\/\">Revision<\/a><br \/>\n<a class='link link--primary' href=\"https:\/\/lr-revision.se\/kontor\/vara-tjanster\/skatt\/\">Skatt<\/a><br \/>\n<a class='link link--primary' href=\"https:\/\/lr-revision.se\/kontor\/vara-tjanster\/radgivning\/\">R\u00e5dgivning<\/a><\/p>\n        <\/div>\n        <div class=\"mt-12\">\n                    <\/div>\n    <\/div>\n<\/div>\n            <\/div>\n                    <div class=\"card-even-odd\">\n                <div class=\"card card--primary card--blocks card--max-width items-start py-20\">\n    <div class=\"card__content\">\n        <div class=\"typography\">\n            <h2 class=\"title title--neutral\"><strong>Vill du jobba hos oss?<\/strong><\/h2>\n<p>Vi s\u00f6ker intresserade medarbetare som vill arbeta med redovisning, r\u00e5dgivning och revision i sm\u00e5 och medelstora f\u00f6retag. F\u00f6r att arbeta hos oss \u00e4r r\u00e4tt kompetens en n\u00f6dv\u00e4ndighet, men \u00e4n viktigare \u00e4r ditt engagemang. Kontakta oss om du \u00e4r intresserad.<\/p>\n        <\/div>\n        <div class=\"mt-12\">\n                    <\/div>\n    <\/div>\n<\/div>\n            <\/div>\n            <\/div>\n<\/div>\n","protected":false},"excerpt":{"rendered":"<p>Varmt v\u00e4lkommen till JG Revision &amp; R\u00e5dgivning i Bromma AB! Sm\u00e5 och medelstora f\u00f6retag i Bromma med omnejd f\u00e5r hj\u00e4lp av oss i stort och&#8230;<\/p>\n","protected":false},"author":1,"featured_media":923,"parent":0,"menu_order":0,"comment_status":"closed","ping_status":"closed","template":"","meta":{"_acf_changed":false,"inline_featured_image":false,"footnotes":""},"page-category":[],"class_list":["post-84","page","type-page","status-publish","has-post-thumbnail","hentry"],"acf":[],"publishpress_future_action":{"enabled":false,"date":"2026-04-18 15:14:58","action":"change-status","newStatus":"draft","terms":[],"taxonomy":"page-category","extraData":[]},"publishpress_future_workflow_manual_trigger":{"enabledWorkflows":[]},"_links":{"self":[{"href":"https:\/\/lr-revision.se\/jg-revision\/wp-json\/wp\/v2\/pages\/84","targetHints":{"allow":["GET"]}}],"collection":[{"href":"https:\/\/lr-revision.se\/jg-revision\/wp-json\/wp\/v2\/pages"}],"about":[{"href":"https:\/\/lr-revision.se\/jg-revision\/wp-json\/wp\/v2\/types\/page"}],"author":[{"embeddable":true,"href":"https:\/\/lr-revision.se\/jg-revision\/wp-json\/wp\/v2\/users\/1"}],"replies":[{"embeddable":true,"href":"https:\/\/lr-revision.se\/jg-revision\/wp-json\/wp\/v2\/comments?post=84"}],"version-history":[{"count":2,"href":"https:\/\/lr-revision.se\/jg-revision\/wp-json\/wp\/v2\/pages\/84\/revisions"}],"predecessor-version":[{"id":1326,"href":"https:\/\/lr-revision.se\/jg-revision\/wp-json\/wp\/v2\/pages\/84\/revisions\/1326"}],"wp:featuredmedia":[{"embeddable":true,"href":"https:\/\/lr-revision.se\/jg-revision\/wp-json\/wp\/v2\/media\/923"}],"wp:attachment":[{"href":"https:\/\/lr-revision.se\/jg-revision\/wp-json\/wp\/v2\/media?parent=84"}],"wp:term":[{"taxonomy":"page-category","embeddable":true,"href":"https:\/\/lr-revision.se\/jg-revision\/wp-json\/wp\/v2\/page-category?post=84"}],"curies":[{"name":"wp","href":"https:\/\/api.w.org\/{rel}","templated":true}]}}