{"id":84,"date":"2021-03-08T15:24:57","date_gmt":"2021-03-08T14:24:57","guid":{"rendered":"https:\/\/lr-revision.se\/helsingborg\/?page_id=84"},"modified":"2025-02-06T15:29:13","modified_gmt":"2025-02-06T14:29:13","slug":"om-oss","status":"publish","type":"page","link":"https:\/\/lr-revision.se\/helsingborg\/om-oss\/","title":{"rendered":"Om oss"},"content":{"rendered":"\n<div class=\"wp-block-columns is-layout-flex wp-container-core-columns-is-layout-9d6595d7 wp-block-columns-is-layout-flex\">\n<div class=\"wp-block-column is-layout-flow wp-block-column-is-layout-flow\" style=\"flex-basis:66.66%\"><div id=\"template-posts-block_604633b23d7b3\" class=\"acf-block template-posts\">\n    <div class=\"block__content\">\n        <!-- wp:heading -->\n<h2 class=\"title title--primary\"><strong>Varmt v\u00e4lkommen till LR Revision &amp; Redovisning Helsingborg AB!<\/strong><\/h2>\n<!-- \/wp:heading -->\n\n<!-- wp:paragraph -->\n<p>Stora och sm\u00e5 f\u00f6retag i Helsingborg med omnejd f\u00e5r hj\u00e4lp av oss i stort och sm\u00e5tt. Vi som jobbar h\u00e4r tycker att vi har v\u00e4rldens mest intressanta jobb, och uppskattar att vi f\u00e5r jobba s\u00e5 n\u00e4ra v\u00e5ra kunder och bidra till effektiva, l\u00f6nsamma l\u00f6sningar och aff\u00e4rer.<\/p>\n<!-- \/wp:paragraph -->\n\n<!-- wp:paragraph -->\n<p>P\u00e5 kontoret finns kompetens som t\u00e4cker in en l\u00e5ng rad tj\u00e4nster. F\u00f6rutom v\u00e5ra huvudomr\u00e5den kan vi ge st\u00f6d och r\u00e5d inom en m\u00e4ngd omr\u00e5den som r\u00f6r ekonomi och f\u00f6retagande.<\/p>\n<!-- \/wp:paragraph -->    <\/div>\n<\/div>\n\n\n\n<div style=\"height:16px\" aria-hidden=\"true\" class=\"wp-block-spacer\"><\/div>\n\n\n\n<p>Idag \u00e4r vi 17 medarbetare p\u00e5 LR Revision &amp; Redovisning Helsingborg AB.<\/p>\n\n\n\n<div style=\"height:20px\" aria-hidden=\"true\" class=\"wp-block-spacer\"><\/div>\n\n\n<div id=\"template-posts-block_604635538982e\" class=\"acf-block template-posts\">\n    <div class=\"block__content\">\n        <!-- wp:heading {\"className\":\"text-2xl\"} -->\n<h2 class=\"title title--primary wp-block-heading text-2xl\"><strong>Ett stort, rikst\u00e4ckande samarbete<\/strong><\/h2>\n<!-- \/wp:heading -->\n\n<!-- wp:paragraph -->\n<p>En av v\u00e5ra viktiga styrkor \u00e4r den lokala f\u00f6rankringen, men vi \u00e4r samtidigt stora och starka i och med v\u00e5rt samarbete med kontor runt om i Sverige.<\/p>\n<!-- \/wp:paragraph -->\n\n<!-- wp:paragraph -->\n<p>I en gemensam organisation satsar vi stort p\u00e5 teknisk utveckling, vidareutbildning, omv\u00e4rldsbevakning och annat som bidrar till att vi kan ge dig tj\u00e4nster och r\u00e5dgivning i framkant.<\/p>\n<!-- \/wp:paragraph -->\n\n<!-- wp:paragraph -->\n<p>Samarbete ger oss ocks\u00e5 tillg\u00e5ng till specialistkompetens inom en rad omr\u00e5den vilket g\u00f6r v\u00e5rt erbjudande \u00e4nnu vassare.<\/p>\n<!-- \/wp:paragraph -->\n\n<!-- wp:heading {\"className\":\"text-2xl\"} -->\n<h2 class=\"title title--primary wp-block-heading text-2xl\"><strong>Samarbete f\u00f6r internationella aff\u00e4rer<\/strong><\/h2>\n<!-- \/wp:heading -->\n\n<!-- wp:paragraph -->\n<p>Vi ing\u00e5r dessutom i Russel Bedford, ett internationellt samarbete som ger dig som \u00e4r kund hos oss tillg\u00e5ng till professionell aff\u00e4rsr\u00e5dgivning \u00f6ver gr\u00e4nserna. Perfekt f\u00f6r f\u00f6retag med kontor i flera l\u00e4nder, eller med import eller export av olika slag.<\/p>\n<!-- \/wp:paragraph -->\n\n<!-- wp:paragraph -->\n<p><\/p>\n<!-- \/wp:paragraph -->    <\/div>\n<\/div>\n<\/div>\n\n\n\n<div class=\"wp-block-column is-layout-flow wp-block-column-is-layout-flow\" style=\"flex-basis:33.33%\">\n<h2 class=\"wp-block-heading title title--primary text-xl has-normal-font-size\"><strong>Se filmen om LR Revision &amp; Redovisning<\/strong><\/h2>\n\n\n\n<figure class=\"wp-block-video\"><video controls src=\"https:\/\/lr-revision.se\/app\/uploads\/2021\/03\/LRFilm1.mp4\"><\/video><\/figure>\n\n\n<div id=\"share-block_6034c63d298cd\" class=\"acf-block share my-2\">\n    <div class=\"block__content\">\n        <div class=\"font-bold text-dark\">\n            Dela eller skriv ut        <\/div>\n        <div class=\"icons flex space-x-2 mt-1\">\n            <span class=\"link link--primary-icon\" style=\"height: 1.5rem;\">\n                <a class=\"flex items-end justify-center off\" href='https:\/\/www.linkedin.com\/sharing\/share-offsite\/?url=https:\/\/lr-revision.se\/helsingborg\/om-oss\/' target='_blank' rel='noreferrer noopener' style=\"width: 1.5rem; height: 1.5rem;\">\n                    <i class=\"fab fa-linkedin\"><\/i>\n                <\/a>\n            <\/span>\n            <span class=\"link link--primary-icon\" style=\"height: 1.5rem;\">\n                <a class=\"flex items-end justify-center off\" href='https:\/\/www.facebook.com\/sharer\/sharer.php?u=https:\/\/lr-revision.se\/helsingborg\/om-oss\/' target='_blank' rel='noreferrer noopener' style=\"width: 1.5rem; height: 1.5rem;\">\n                    <i class=\"fab fa-facebook-f\"><\/i>\n                <\/a>\n            <\/span>\n            <span class=\"link link--primary-icon\" style=\"height: 1.5rem;\">\n                <a class=\"flex items-end justify-center\" href='mailto:&#x68;&#x65;&#x6c;&#x73;&#x69;&#x6e;&#x67;&#x62;&#x6f;&#x72;&#x67;&#x40;&#x6c;&#x72;&#x2d;&#x72;&#x65;&#x76;&#x69;&#x73;&#x69;&#x6f;&#x6e;&#x2e;&#x73;&#x65;?body=https%3A%2F%2Flr-revision.se%2Fhelsingborg%2Fom-oss%2F' target='_blank' rel='noreferrer noopener' style=\"width: 1.5rem; height: 1.5rem;\">\n                    <i class=\"fas fa-envelope\"><\/i>\n                <\/a>\n            <\/span>\n            <span class=\"link link--primary-icon\" style=\"height: 1.5rem;\">\n                <a class=\"flex items-end justify-center\" href='javascript:;' onclick=\"window.print();return false;\" target='_blank' rel='noreferrer noopener' style=\"width: 1.5rem; height: 1.5rem;\">\n                    <i class=\"fas fa-print\"><\/i>\n                <\/a>\n            <\/span>\n        <\/div>\n    <\/div>\n<\/div>\n<\/div>\n<\/div>\n\n\n<div id=\"loop-posts-block_60463dad0b6e9\" class=\"acf-block spacing-block loop-posts relative\">\n        <div class=\"block__content\">\n                <div class=\"loop-container space-y-6 sm:space-y-0 item-grid item-grid--secondary\">\n            \n<a href=\"https:\/\/lr-revision.se\/helsingborg\/tips\/belopp-och-procent-2026\/\" class=\"card card--vertical border-t-8 border-secondary hover:shadow-md transition-all duration-500 post-2112 post type-post status-publish format-standard has-post-thumbnail hentry category-tips\">\n            <header class=\"card__image card--vertical__image overflow-hidden relative\">\n            <img loading=\"lazy\" decoding=\"async\" width=\"850\" height=\"560\" src=\"https:\/\/lr-revision.se\/app\/uploads\/sites\/95\/2022\/11\/istock-1181407201-scaled-850x560.jpg\" class=\"h-full w-full object-cover\" alt=\"\" \/>        <\/header>\n        <div class=\"card__content card--secondary card--vertical__content ktest\">\n        <div class=\"card__body card--vertical__body\">\n            <div class=\"font-bold uppercase\">\n                Tips            <\/div>\n            <h2 class=\"card__title card--vertical__title title title--secondary line-clamp overflow-hidden overflow-ellipsis\">Belopp och procent 2026<\/h2>\n            Belopp och procent 2026.\u00a0 H\u00e4r finner Du aktuella uppgifter om olika belopp och procent som ofta anv\u00e4nds av f\u00f6retag. Informationen \u00e4r kortfattad och det&#8230;        <\/div>\n        <footer class=\"card__footer card--vertical__footer\">\n            <span class=\"link link--secondary uppercase\">L\u00e4s mer<\/span>\n            <!--time class=\"text-secondary font-bold\" datetime=\"2026-01-21T08:53:54+01:00\">2026-01-21<\/time-->\n        <\/footer>\n    <\/div>\n<\/a>\n\n<a href=\"https:\/\/lr-revision.se\/helsingborg\/nyhet\/avskrivning-byggnad-naringsverksamhet\/\" class=\"card card--vertical border-t-8 border-secondary hover:shadow-md transition-all duration-500 post-2149 post type-post status-publish format-standard has-post-thumbnail hentry category-nyhet\">\n            <header class=\"card__image card--vertical__image overflow-hidden relative\">\n            <img loading=\"lazy\" decoding=\"async\" width=\"850\" height=\"560\" src=\"https:\/\/lr-revision.se\/app\/uploads\/sites\/95\/2026\/03\/avskrivning-byggnad-850x560.jpg\" class=\"h-full w-full object-cover\" alt=\"\" \/>        <\/header>\n        <div class=\"card__content card--secondary card--vertical__content ktest\">\n        <div class=\"card__body card--vertical__body\">\n            <div class=\"font-bold uppercase\">\n                Nyhet            <\/div>\n            <h2 class=\"card__title card--vertical__title title title--secondary line-clamp overflow-hidden overflow-ellipsis\">Avskrivning p\u00e5 byggnad i n\u00e4ringsverksamhet<\/h2>\n            Det finns s\u00e4rskilda skatteregler, f\u00f6r avskrivning i deklarationen, f\u00f6r en byggnad som anv\u00e4nds i n\u00e4ringsverksamhet. H\u00f6gsta f\u00f6rvaltningsdomstolen har pr\u00f6vat fr\u00e5gan om ett aktiebolag som&#8230;        <\/div>\n        <footer class=\"card__footer card--vertical__footer\">\n            <span class=\"link link--secondary uppercase\">L\u00e4s mer<\/span>\n            <!--time class=\"text-secondary font-bold\" datetime=\"2026-03-18T22:55:11+01:00\">2026-03-18<\/time-->\n        <\/footer>\n    <\/div>\n<\/a>\n\n<a href=\"https:\/\/lr-revision.se\/helsingborg\/nyhet\/moms-kontorsmassage\/\" class=\"card card--vertical border-t-8 border-secondary hover:shadow-md transition-all duration-500 post-2152 post type-post status-publish format-standard has-post-thumbnail hentry category-nyhet\">\n            <header class=\"card__image card--vertical__image overflow-hidden relative\">\n            <img loading=\"lazy\" decoding=\"async\" width=\"850\" height=\"560\" src=\"https:\/\/lr-revision.se\/app\/uploads\/sites\/95\/2026\/03\/massage-arbetsplats-850x560.jpg\" class=\"h-full w-full object-cover\" alt=\"\" \/>        <\/header>\n        <div class=\"card__content card--secondary card--vertical__content ktest\">\n        <div class=\"card__body card--vertical__body\">\n            <div class=\"font-bold uppercase\">\n                Nyhet            <\/div>\n            <h2 class=\"card__title card--vertical__title title title--secondary line-clamp overflow-hidden overflow-ellipsis\">Moms p\u00e5 kontorsmassage<\/h2>\n            N\u00e4r en arbetsgivare erbjuder anst\u00e4llda olika typer av personalf\u00f6rm\u00e5ner kan det uppst\u00e5 momsfr\u00e5gor. Detta g\u00e4ller s\u00e4rskilt om de anst\u00e4llda betalar f\u00f6r f\u00f6rm\u00e5nen genom l\u00f6neavdrag&#8230;.        <\/div>\n        <footer class=\"card__footer card--vertical__footer\">\n            <span class=\"link link--secondary uppercase\">L\u00e4s mer<\/span>\n            <!--time class=\"text-secondary font-bold\" datetime=\"2026-03-18T22:50:22+01:00\">2026-03-18<\/time-->\n        <\/footer>\n    <\/div>\n<\/a>\n        <\/div>\n                    <a class=\"button button--secondary button--center button--archive-link\" href=\"https:\/\/lr-revision.se\/helsingborg\/nyheter\/\">Nyheter och tips<\/a>\n            <\/div>\n<\/div>\n\n\n<div id=\"block-cards-block_604635d4d5963\" class=\"acf-block spacing-block block-cards end-equalizer\">\n    <div class=\"block__content xl:grid xl:grid-cols-2 md:full-width\">\n                    <div class=\"card-even-odd\">\n                <div class=\"card card--secondary card--blocks card--max-width items-start py-20\">\n    <div class=\"card__content\">\n        <div class=\"typography\">\n            <h2 class=\"title title--primary\"><strong>Tj\u00e4nsterna som g\u00f6r skillnad<\/strong><\/h2>\n<p>L\u00e4s mer om vad vi kan g\u00f6ra f\u00f6r dig inom<\/p>\n<p><a class='link link--primary' href=\"https:\/\/lr-revision.se\/kontor\/vara-tjanster\/redovisning\/\">Redovisning<\/a><br \/>\n<a class='link link--primary' href=\"https:\/\/lr-revision.se\/kontor\/vara-tjanster\/revision\/\">Revision<\/a><br \/>\n<a class='link link--primary' href=\"https:\/\/lr-revision.se\/kontor\/vara-tjanster\/skatt\/\">Skatt<\/a><br \/>\n<a class='link link--primary' href=\"https:\/\/lr-revision.se\/kontor\/vara-tjanster\/radgivning\/\">R\u00e5dgivning<\/a><\/p>\n        <\/div>\n        <div class=\"mt-12\">\n                    <\/div>\n    <\/div>\n<\/div>\n            <\/div>\n                    <div class=\"card-even-odd\">\n                <div class=\"card card--primary card--blocks card--max-width items-start py-20\">\n    <div class=\"card__content\">\n        <div class=\"typography\">\n            <h2 class=\"title title--neutral\"><strong>Vill du jobba hos oss?<\/strong><\/h2>\n<p>Vi s\u00f6ker intresserade medarbetare som vill arbeta med redovisning, r\u00e5dgivning och revision i sm\u00e5 och medelstora f\u00f6retag. F\u00f6r att arbeta hos oss \u00e4r r\u00e4tt kompetens en n\u00f6dv\u00e4ndighet, men \u00e4n viktigare \u00e4r ditt engagemang. Kontakta oss om du \u00e4r intresserad.<\/p>\n        <\/div>\n        <div class=\"mt-12\">\n                    <\/div>\n    <\/div>\n<\/div>\n            <\/div>\n                    <div class=\"card-even-odd\">\n                <div class=\"card card--primary card--blocks card--max-width items-start py-20\">\n    <div class=\"card__content\">\n        <div class=\"typography\">\n            <h2 class=\"title title--neutral\">H\u00e5ll dig uppdaterad med nyheter och goda r\u00e5d kring f\u00f6retagets ekonomi<\/h2>\n<p><a class='link link--neutral' href=\"https:\/\/lr-revision.se\/helsingborg\/prenumeration\/\">Prenumerera h\u00e4r<\/a><\/p>\n        <\/div>\n        <div class=\"mt-12\">\n                    <\/div>\n    <\/div>\n<\/div>\n            <\/div>\n                    <div class=\"card-even-odd\">\n                <div class=\"block-cards__img\">\n        <picture>\n                    <source media=\"(min-width: 1200px)\" srcset=\"https:\/\/lr-revision.se\/app\/uploads\/2021\/03\/istock-939447574-1500x650.jpg\">\n                    <source media=\"(max-width: 500px)\" srcset=\"https:\/\/lr-revision.se\/app\/uploads\/2021\/03\/istock-939447574-500x300.jpg\">\n                <img decoding=\"async\" class=\"w-full h-full object-cover\" src=\"https:\/\/lr-revision.se\/app\/uploads\/2021\/03\/istock-939447574-1500x650.jpg\" alt=\"\" loading=\"lazy\">\n    <\/picture>\n<\/div>\n            <\/div>\n            <\/div>\n<\/div>\n","protected":false},"excerpt":{"rendered":"<p>Idag \u00e4r vi 17 medarbetare p\u00e5 LR Revision &amp; Redovisning Helsingborg AB. Se filmen om LR Revision &amp; Redovisning<\/p>\n","protected":false},"author":1,"featured_media":923,"parent":0,"menu_order":0,"comment_status":"closed","ping_status":"closed","template":"","meta":{"_acf_changed":false,"inline_featured_image":false,"footnotes":""},"page-category":[],"class_list":["post-84","page","type-page","status-publish","has-post-thumbnail","hentry"],"acf":[],"publishpress_future_action":{"enabled":false,"date":"2026-04-17 11:49:40","action":"change-status","newStatus":"draft","terms":[],"taxonomy":"page-category","extraData":[]},"publishpress_future_workflow_manual_trigger":{"enabledWorkflows":[]},"_links":{"self":[{"href":"https:\/\/lr-revision.se\/helsingborg\/wp-json\/wp\/v2\/pages\/84","targetHints":{"allow":["GET"]}}],"collection":[{"href":"https:\/\/lr-revision.se\/helsingborg\/wp-json\/wp\/v2\/pages"}],"about":[{"href":"https:\/\/lr-revision.se\/helsingborg\/wp-json\/wp\/v2\/types\/page"}],"author":[{"embeddable":true,"href":"https:\/\/lr-revision.se\/helsingborg\/wp-json\/wp\/v2\/users\/1"}],"replies":[{"embeddable":true,"href":"https:\/\/lr-revision.se\/helsingborg\/wp-json\/wp\/v2\/comments?post=84"}],"version-history":[{"count":2,"href":"https:\/\/lr-revision.se\/helsingborg\/wp-json\/wp\/v2\/pages\/84\/revisions"}],"predecessor-version":[{"id":1875,"href":"https:\/\/lr-revision.se\/helsingborg\/wp-json\/wp\/v2\/pages\/84\/revisions\/1875"}],"wp:featuredmedia":[{"embeddable":true,"href":"https:\/\/lr-revision.se\/helsingborg\/wp-json\/wp\/v2\/media\/923"}],"wp:attachment":[{"href":"https:\/\/lr-revision.se\/helsingborg\/wp-json\/wp\/v2\/media?parent=84"}],"wp:term":[{"taxonomy":"page-category","embeddable":true,"href":"https:\/\/lr-revision.se\/helsingborg\/wp-json\/wp\/v2\/page-category?post=84"}],"curies":[{"name":"wp","href":"https:\/\/api.w.org\/{rel}","templated":true}]}}