{"id":1075,"date":"2021-03-08T15:17:26","date_gmt":"2021-03-08T13:17:26","guid":{"rendered":"https:\/\/lr-revision.se\/helsingborg\/lediga-jobb\/"},"modified":"2021-09-17T10:14:05","modified_gmt":"2021-09-17T08:14:05","slug":"lediga-jobb","status":"publish","type":"page","link":"https:\/\/lr-revision.se\/helsingborg\/lediga-jobb\/","title":{"rendered":"Lediga jobb"},"content":{"rendered":"\n<div class=\"wp-block-columns is-layout-flex wp-container-core-columns-is-layout-9d6595d7 wp-block-columns-is-layout-flex\">\n<div class=\"wp-block-column is-layout-flow wp-block-column-is-layout-flow\" style=\"flex-basis:70%\">\n<h1 class=\"title title--primary wp-block-heading\">Lediga jobb<\/h1>\n\n\n\n<p>Vi \u00e4r intresserade av medarbetare som vill arbeta med redovisning, r\u00e5dgivning och revision i sm\u00e5 och medelstora f\u00f6retag. F\u00f6r att arbeta hos oss \u00e4r r\u00e4tt kompetens en n\u00f6dv\u00e4ndighet, men \u00e4n viktigare \u00e4r ditt engagemang. <a href=\"https:\/\/lr-revision.se\/helsingborg\/kontakt\" target=\"_blank\" rel=\"noreferrer noopener\">Kontakta oss<\/a> om du \u00e4r intresserad.<\/p>\n\n\n<div id=\"jobs-block_6058b0aa7c0ef\" class=\"acf-block jobs\">\n    <div class=\"block__content space-y-4 spacing-block\">\n        \n<div class=\"accordion max-w-5xl mx-auto slide-component bg-tertiary shadow-sm\">\n    <div class=\"slide-toggle flex font-bold justify-between items-center py-5 px-8\">\n        <div class=\"max-w-content pointer-events-none pr-4 mr-auto\">\n            <div class=\"text-md font-bold\">\n                Redovisningskonsult s\u00f6kes            <\/div>\n            <div class=\"text-sm font-light\">\n                            <\/div>\n        <\/div>\n        <i class='fas fa-chevron-down pointer-events-none'><\/i>\n    <\/div>\n    <div class=\"card__content typography hidden slide-content bg-neutral\">\n        <div class=\"md:flex\">\n            <div class=\"md:w-7\/12 p-8\">\n                <div class=\"max-w-4xl max-w-content\">\n                    <p>LR Revision &amp; Redovisning Helsingborg AB s\u00f6ker redovisningskonsult.<\/p>\n<p>LR Revision &amp; Redovisning Helsingborg AB v\u00e4xer och s\u00f6ker nu ytterligare en redovisningskonsult f\u00f6r anst\u00e4llning under sommaren\/h\u00f6sten 2025.<\/p>\n<p>Som redovisningskonsult kommer Du arbeta med sm\u00e5 och medelstora f\u00f6retag i flera olika branscher. M\u00e5nga av v\u00e5ra kundf\u00f6retag \u00e4r familje- och \u00e4garledda f\u00f6retag vilket inneb\u00e4r ett varierande arbete med n\u00e4ra kundkontakt.<\/p>\n<p>Du \u00e4r serviceinriktad, har f\u00f6rm\u00e5ga att f\u00f6rst\u00e5 olika kunders behov och \u00f6nskem\u00e5l, \u00e4r nyfiken och hungrig f\u00f6r personlig vidareutveckling.<\/p>\n<p><strong>Om f\u00f6retaget<br \/>\n<\/strong>LR Revision &amp; Redovisning Helsingborg AB \u00e4r en helt\u00e4ckande redovisnings- och revisionsbyr\u00e5 som med h\u00f6g kvalit\u00e9 och servicegrad alltid har v\u00e5ra kunder i fokus.<\/p>\n<p>Vi erbjuder effektiva l\u00f6sningar som \u00e4r individuellt anpassade f\u00f6r v\u00e5ra kunder som \u00e4r b\u00e5de det mindre liksom det stora f\u00f6retaget.<\/p>\n<p>LR Revision &amp; Redovisning Helsingborg AB tillhandah\u00e5ller bland annat l\u00f6pande redovisning, l\u00f6nehantering, bokslut, \u00e5rsredovisning, skatter\u00e5dgivning, annan f\u00f6retagsekonomisk service och r\u00e5dgivning samt revision.<\/p>\n<p>Vi \u00e4r idag 17 medarbetare d\u00e4r flera av oss har l\u00e5ng erfarenhet i branschen.<\/p>\n<p>LR Revision &amp; Redovisning Helsingborg AB ing\u00e5r i ett nationellt n\u00e4tverk inom LR Revision &amp; Redovisning Sverige med idag ca 75 kontor runt om i landet med \u00f6ver 400 medarbetare.<strong>\u00a0<\/strong><strong>Vad kan vi erbjuda Dig?<br \/>\n<\/strong>Vi erbjuder stora kompetensutvecklingsm\u00f6jligheter och ett positivt klimat d\u00e4r Du f\u00e5r arbeta p\u00e5 ett mindre kontor med god familj\u00e4r st\u00e4mning.<\/p>\n<p>Vi erbjuder Dig kontinuerlig utveckling och vidareutbildning. F\u00f6r att st\u00e4rka din kompetensutveckling har Du kompetenta kolleger med l\u00e5ng erfarenhet till Din hj\u00e4lp.<\/p>\n<p>\u00c4r Du en serviceinriktad person som trivs med att ha ett helhetsansvar f\u00f6r kunder samt vill ha m\u00f6jlighet att l\u00e4gga upp och planera Ditt eget arbete? D\u00e5 \u00e4r Du varmt v\u00e4lkommen att s\u00f6ka tj\u00e4nst hos oss p\u00e5 LR Revision &amp; Redovisning Helsingborg AB.<strong>\u00a0<\/strong><\/p>\n<p><strong>Kvalifikationer<br \/>\n<\/strong>Du har g\u00e4rna en akademisk ekonomieexamen fr\u00e5n gymnasium, h\u00f6gskola eller yrkesutbildning. Det \u00e4r meriterande om Du har erfarenhet fr\u00e5n ekonomiarbete, g\u00e4rna som ekonomiansvarig eller som redovisningskonsult men Du kan likv\u00e4l s\u00f6ka s\u00e5 snart Du \u00e4r klar med Dina akademiska studier.<\/p>\n<p>F\u00f6rutom Dina tidigare kunskaper och erfarenheter kommer vi att l\u00e4gga stor vikt vid Dina personliga egenskaper.<\/p>\n<p><strong>Anst\u00e4llningsprocessen<br \/>\n<\/strong>Urval kommer att ske l\u00f6pande och tj\u00e4nsten kan komma att tills\u00e4ttas innan ans\u00f6kningstidens slut.<\/p>\n<p>Vid fr\u00e5gor om tj\u00e4nsten kontakta Martin Bengtsson, Tel nr: 070-320 80 40 eller Rickard Julin, Tel nr: 070 &#8211; 824 01 80.<\/p>\n<p>V\u00e4lkommen med Din ans\u00f6kan senast 15 april innefattande CV, personligt brev och betyg. Ans\u00f6kan skickas till <a href=\"mailto:helsingborg@lr-revision.se\"><strong>helsingborg@lr-revision.se<\/strong><\/a><\/p>\n<p>&nbsp;<\/p>\n<p><strong>L\u00f6netyp:<\/strong>\u00a0M\u00e5nadsl\u00f6n<\/p>\n<p><strong>Omfattning<\/strong>:\u00a0Del- eller heltid<\/p>\n<p><strong>Anst\u00e4llningsform<\/strong>:\u00a0Tillsvidare<\/p>\n<p><strong>Anst\u00e4llningsort: <\/strong>Helsingborg<\/p>\n                <\/div>\n            <\/div>\n            <div class=\"md:w-5\/12 p-8\">\n                <div class=\"text-md font-bold mb-4\">\n                    Ans\u00f6kan                <\/div>\n                                    <div class=\"email-copy flex justify-between bg-tertiary mb-4\">\n                        <a href=\"mailto:helsingborg@lr-revision.se\" class=\"flex-1 p-4 link link--primary font-normal h-full\">\n                            helsingborg@lr-revision.se                        <\/a>\n                        <button class=\"button button--primary button--no-margin\" onClick=\"copyStringToClipboard('helsingborg@lr-revision.se')\" data-done=\"Kopierat!\">Kopiera<\/button>\n                    <\/div>\n                                                            <\/div>\n        <\/div>\n    <\/div>\n<\/div>\n<script>\n    function copyStringToClipboard(str) {\n        \/\/ Create new element\n        var el = document.createElement(\"textarea\");\n        \/\/ Set value (string to be copied)\n        el.value = str;\n        \/\/ Set non-editable to avoid focus and move outside of view\n        el.setAttribute(\"readonly\", \"\");\n        el.style = {\n            position: \"absolute\",\n            left: \"-9999px\"\n        };\n        document.body.appendChild(el);\n        \/\/ Select text inside element\n        el.select();\n        \/\/ Copy text to clipboard\n        document.execCommand(\"copy\");\n        \/\/ Remove temporary element\n        document.body.removeChild(el);\n\n        \/\/ change inner text to done state\n        event.target.innerText = event.target.dataset.done;\n    }\n<\/script>\n\n<div class=\"accordion max-w-5xl mx-auto slide-component bg-tertiary shadow-sm\">\n    <div class=\"slide-toggle flex font-bold justify-between items-center py-5 px-8\">\n        <div class=\"max-w-content pointer-events-none pr-4 mr-auto\">\n            <div class=\"text-md font-bold\">\n                Senior Redovisningskonsult s\u00f6kes            <\/div>\n            <div class=\"text-sm font-light\">\n                            <\/div>\n        <\/div>\n        <i class='fas fa-chevron-down pointer-events-none'><\/i>\n    <\/div>\n    <div class=\"card__content typography hidden slide-content bg-neutral\">\n        <div class=\"md:flex\">\n            <div class=\"md:w-7\/12 p-8\">\n                <div class=\"max-w-4xl max-w-content\">\n                    <p>LR Revision &amp; Redovisning Helsingborg AB v\u00e4xer och s\u00f6ker nu ytterligare en senior redovisningskonsult f\u00f6r anst\u00e4llning under sommaren\/h\u00f6sten 2025.<\/p>\n<p>Som redovisningskonsult kommer Du arbeta med sm\u00e5 och medelstora f\u00f6retag i flera olika branscher. M\u00e5nga av v\u00e5ra kundf\u00f6retag \u00e4r familje- och \u00e4garledda f\u00f6retag vilket inneb\u00e4r ett varierande arbete med n\u00e4ra kundkontakt.<\/p>\n<p>Du \u00e4r serviceinriktad, har f\u00f6rm\u00e5ga att f\u00f6rst\u00e5 olika kunders behov och \u00f6nskem\u00e5l, \u00e4r nyfiken och hungrig f\u00f6r personlig vidareutveckling.<\/p>\n<p><strong>Om f\u00f6retaget<br \/>\n<\/strong>LR Revision &amp; Redovisning Helsingborg AB \u00e4r en helt\u00e4ckande redovisnings- och revisionsbyr\u00e5 som med h\u00f6g kvalit\u00e9 och servicegrad alltid har v\u00e5ra kunder i fokus.<\/p>\n<p>Vi erbjuder effektiva l\u00f6sningar som \u00e4r individuellt anpassade f\u00f6r v\u00e5ra kunder som \u00e4r b\u00e5de det mindre liksom det stora f\u00f6retaget.<\/p>\n<p>LR Revision &amp; Redovisning Helsingborg AB tillhandah\u00e5ller bland annat l\u00f6pande redovisning, l\u00f6nehantering, bokslut, \u00e5rsredovisning, skatter\u00e5dgivning, annan f\u00f6retagsekonomisk service och r\u00e5dgivning samt revision.<\/p>\n<p>Vi \u00e4r idag 17 medarbetare d\u00e4r flera av oss har l\u00e5ng erfarenhet i branschen.<\/p>\n<p>LR Revision &amp; Redovisning Helsingborg AB ing\u00e5r i ett nationellt n\u00e4tverk inom LR Revision &amp; Redovisning Sverige med idag ca 75 kontor runt om i landet med \u00f6ver 400 medarbetare.<\/p>\n<p><strong>Vad kan vi erbjuda Dig?<br \/>\n<\/strong>Vi erbjuder stora kompetensutvecklingsm\u00f6jligheter och ett positivt klimat d\u00e4r Du f\u00e5r arbeta p\u00e5 ett mindre kontor med god familj\u00e4r st\u00e4mning.<\/p>\n<p>Vi erbjuder Dig kontinuerlig utveckling och vidareutbildning. F\u00f6r att st\u00e4rka din kompetensutveckling har Du kompetenta kolleger med l\u00e5ng erfarenhet till Din hj\u00e4lp.<\/p>\n<p>\u00c4r Du en serviceinriktad person som trivs med att ha ett helhetsansvar f\u00f6r kunder samt vill ha m\u00f6jlighet att l\u00e4gga upp och planera Ditt eget arbete? D\u00e5 \u00e4r Du varmt v\u00e4lkommen att s\u00f6ka tj\u00e4nst hos oss p\u00e5 LR Revision &amp; Redovisning Helsingborg AB.<\/p>\n<p><strong>Kvalifikationer<br \/>\n<\/strong>Du har minst 3 \u00e5rs erfarenhet som redovisningskonsult eller ekonomiansvarig.<br \/>\nDu har en akademisk ekonomieexamen fr\u00e5n gymnasium, h\u00f6gskola eller yrkesutbildning och Du har erfarenhet av l\u00f6pande redovisning, uppr\u00e4tta bokslut samt deklarationer. Det \u00e4r meriterande om Du har erfarenhet som redovisningskonsult p\u00e5 en redovisningsbyr\u00e5.<\/p>\n<p>F\u00f6rutom Dina tidigare kunskaper och erfarenheter kommer vi att l\u00e4gga stor vikt vid Dina personliga egenskaper.<\/p>\n<p><strong>Anst\u00e4llningsprocessen<br \/>\n<\/strong>Urval kommer att ske l\u00f6pande och tj\u00e4nsten kan komma att tills\u00e4ttas innan ans\u00f6kningstidens slut.<\/p>\n<p>Vid fr\u00e5gor om tj\u00e4nsten kontakta Martin Bengtsson, Tel nr: 070-320 80 40 eller Rickard Julin, Tel nr: 070 &#8211; 824 01 80.<\/p>\n<p>V\u00e4lkommen med Din ans\u00f6kan senast 15 april innefattande CV, personligt brev och betyg. Ans\u00f6kan skickas till <a href=\"mailto:helsingborg@lr-revision.se\"><strong>helsingborg@lr-revision.se<\/strong><\/a><\/p>\n<p>&nbsp;<\/p>\n<p><strong>L\u00f6netyp:<\/strong>\u00a0M\u00e5nadsl\u00f6n<\/p>\n<p><strong>Omfattning<\/strong>:\u00a0Del- eller heltid<\/p>\n<p><strong>Anst\u00e4llningsform<\/strong>:\u00a0Tillsvidare<\/p>\n<p><strong>Anst\u00e4llningsort: <\/strong>Helsingborg<\/p>\n                <\/div>\n            <\/div>\n            <div class=\"md:w-5\/12 p-8\">\n                <div class=\"text-md font-bold mb-4\">\n                    Ans\u00f6kan                <\/div>\n                                    <div class=\"email-copy flex justify-between bg-tertiary mb-4\">\n                        <a href=\"mailto:helsingborg@lr-revision.se\" class=\"flex-1 p-4 link link--primary font-normal h-full\">\n                            helsingborg@lr-revision.se                        <\/a>\n                        <button class=\"button button--primary button--no-margin\" onClick=\"copyStringToClipboard('helsingborg@lr-revision.se')\" data-done=\"Kopierat!\">Kopiera<\/button>\n                    <\/div>\n                                                <p><strong>\u00a0<\/strong><\/p>\n<p>&nbsp;<\/p>\n            <\/div>\n        <\/div>\n    <\/div>\n<\/div>\n<script>\n    function copyStringToClipboard(str) {\n        \/\/ Create new element\n        var el = document.createElement(\"textarea\");\n        \/\/ Set value (string to be copied)\n        el.value = str;\n        \/\/ Set non-editable to avoid focus and move outside of view\n        el.setAttribute(\"readonly\", \"\");\n        el.style = {\n            position: \"absolute\",\n            left: \"-9999px\"\n        };\n        document.body.appendChild(el);\n        \/\/ Select text inside element\n        el.select();\n        \/\/ Copy text to clipboard\n        document.execCommand(\"copy\");\n        \/\/ Remove temporary element\n        document.body.removeChild(el);\n\n        \/\/ change inner text to done state\n        event.target.innerText = event.target.dataset.done;\n    }\n<\/script>\n    <\/div>\n<\/div>\n<\/div>\n\n\n\n<div class=\"wp-block-column is-layout-flow wp-block-column-is-layout-flow\" style=\"flex-basis:33.33%\"><div id=\"share-block_604624f9025b7\" class=\"acf-block share my-2\">\n    <div class=\"block__content\">\n        <div class=\"font-bold text-dark\">\n            Dela eller skriv ut        <\/div>\n        <div class=\"icons flex space-x-2 mt-1\">\n            <span class=\"link link--primary-icon\" style=\"height: 1.5rem;\">\n                <a class=\"flex items-end justify-center off\" href='https:\/\/www.linkedin.com\/sharing\/share-offsite\/?url=https:\/\/lr-revision.se\/helsingborg\/lediga-jobb\/' target='_blank' rel='noreferrer noopener' style=\"width: 1.5rem; height: 1.5rem;\">\n                    <i class=\"fab fa-linkedin\"><\/i>\n                <\/a>\n            <\/span>\n            <span class=\"link link--primary-icon\" style=\"height: 1.5rem;\">\n                <a class=\"flex items-end justify-center off\" href='https:\/\/www.facebook.com\/sharer\/sharer.php?u=https:\/\/lr-revision.se\/helsingborg\/lediga-jobb\/' target='_blank' rel='noreferrer noopener' style=\"width: 1.5rem; height: 1.5rem;\">\n                    <i class=\"fab fa-facebook-f\"><\/i>\n                <\/a>\n            <\/span>\n            <span class=\"link link--primary-icon\" style=\"height: 1.5rem;\">\n                <a class=\"flex items-end justify-center\" href='mailto:helsingborg@lr-revision.se?body=https%3A%2F%2Flr-revision.se%2Fhelsingborg%2Flediga-jobb%2F' target='_blank' rel='noreferrer noopener' style=\"width: 1.5rem; height: 1.5rem;\">\n                    <i class=\"fas fa-envelope\"><\/i>\n                <\/a>\n            <\/span>\n            <span class=\"link link--primary-icon\" style=\"height: 1.5rem;\">\n                <a class=\"flex items-end justify-center\" href='javascript:;' onclick=\"window.print();return false;\" target='_blank' rel='noreferrer noopener' style=\"width: 1.5rem; height: 1.5rem;\">\n                    <i class=\"fas fa-print\"><\/i>\n                <\/a>\n            <\/span>\n        <\/div>\n    <\/div>\n<\/div>\n<\/div>\n<\/div>\n","protected":false},"excerpt":{"rendered":"<p>Lediga jobb Vi \u00e4r intresserade av medarbetare som vill arbeta med redovisning, r\u00e5dgivning och revision i sm\u00e5 och medelstora f\u00f6retag. F\u00f6r att arbeta hos oss&#8230;<\/p>\n","protected":false},"author":1,"featured_media":1000001158,"parent":0,"menu_order":0,"comment_status":"closed","ping_status":"closed","template":"","meta":{"_acf_changed":false,"inline_featured_image":false,"footnotes":""},"page-category":[],"class_list":["post-1075","page","type-page","status-publish","has-post-thumbnail","hentry"],"acf":[],"publishpress_future_action":{"enabled":false,"date":"2026-04-29 14:02:05","action":"change-status","newStatus":"draft","terms":[],"taxonomy":"page-category","extraData":[]},"publishpress_future_workflow_manual_trigger":{"enabledWorkflows":[]},"_links":{"self":[{"href":"https:\/\/lr-revision.se\/helsingborg\/wp-json\/wp\/v2\/pages\/1075","targetHints":{"allow":["GET"]}}],"collection":[{"href":"https:\/\/lr-revision.se\/helsingborg\/wp-json\/wp\/v2\/pages"}],"about":[{"href":"https:\/\/lr-revision.se\/helsingborg\/wp-json\/wp\/v2\/types\/page"}],"author":[{"embeddable":true,"href":"https:\/\/lr-revision.se\/helsingborg\/wp-json\/wp\/v2\/users\/1"}],"replies":[{"embeddable":true,"href":"https:\/\/lr-revision.se\/helsingborg\/wp-json\/wp\/v2\/comments?post=1075"}],"version-history":[{"count":2,"href":"https:\/\/lr-revision.se\/helsingborg\/wp-json\/wp\/v2\/pages\/1075\/revisions"}],"predecessor-version":[{"id":1115,"href":"https:\/\/lr-revision.se\/helsingborg\/wp-json\/wp\/v2\/pages\/1075\/revisions\/1115"}],"wp:featuredmedia":[{"embeddable":true,"href":"https:\/\/lr-revision.se\/helsingborg\/wp-json\/"}],"wp:attachment":[{"href":"https:\/\/lr-revision.se\/helsingborg\/wp-json\/wp\/v2\/media?parent=1075"}],"wp:term":[{"taxonomy":"page-category","embeddable":true,"href":"https:\/\/lr-revision.se\/helsingborg\/wp-json\/wp\/v2\/page-category?post=1075"}],"curies":[{"name":"wp","href":"https:\/\/api.w.org\/{rel}","templated":true}]}}