{"id":609,"date":"2021-04-14T16:13:43","date_gmt":"2021-04-14T14:13:43","guid":{"rendered":"https:\/\/lr-revision.se\/gorevision\/vara-tjanster\/radgivning\/agarskifte-copy\/"},"modified":"2022-03-28T12:48:23","modified_gmt":"2022-03-28T10:48:23","slug":"bakgrundskontroll","status":"publish","type":"page","link":"https:\/\/lr-revision.se\/gorevision\/vara-tjanster\/radgivning\/bakgrundskontroll\/","title":{"rendered":"Bakgrundskontroll"},"content":{"rendered":"\n<div class=\"wp-block-columns is-layout-flex wp-container-core-columns-is-layout-9d6595d7 wp-block-columns-is-layout-flex\">\n<div class=\"wp-block-column is-layout-flow wp-block-column-is-layout-flow\" style=\"flex-basis:66.66%\"><div id=\"template-posts-block_605aef5373d9d\" class=\"acf-block template-posts\">\n    <div class=\"block__content\">\n        <!-- wp:paragraph {\"className\":\"is-style-thinn\"} -->\n<p class=\"is-style-thinn\">F\u00e5 hj\u00e4lp med Bakgrundskontroll i Stockholm:<\/p>\n<!-- \/wp:paragraph -->\n\n<!-- wp:heading {\"level\":1} -->\n<h1 class=\"title title--primary\"><strong><strong><strong><strong><strong>F\u00f6r aff\u00e4rer p\u00e5 den s\u00e4kra sidan<\/strong><\/strong><\/strong><\/strong><\/strong><\/h1>\n<!-- \/wp:heading -->\n\n<!-- wp:paragraph -->\n<p>F\u00f6retagsf\u00f6rh\u00e5llandena och den ekonomiska utvecklingen f\u00f6r din nya kund eller leverant\u00f6r ser kanske bra ut vid f\u00f6rsta anblicken. Vi p\u00e5 Go Revision &amp; Consulting i Stockholm kan hj\u00e4lpa dig titta bakom fasaden.<\/p>\n<!-- \/wp:paragraph -->\n\n<!-- wp:paragraph -->\n<p>Det finns alltid en risk f\u00f6r att r\u00e5ka ut f\u00f6r oseri\u00f6sa akt\u00f6rer. F\u00f6r att vara p\u00e5 den s\u00e4kra sidan g\u00f6r vi en grundlig bakgrundskontroll och analyserar varningssignaler i \u00e4garstrukturen, historik och redovisningar av olika slag.&nbsp;<\/p>\n<!-- \/wp:paragraph -->\n\n<!-- wp:paragraph -->\n<p>Detta g\u00e4ller inte bara vid \u00f6verl\u00e5telse av verksamheten. Minst lika viktigt \u00e4r att l\u00f6pande ha kontroll p\u00e5 sina kunder och leverant\u00f6rer \u2013 de oseri\u00f6sa akt\u00f6rerna kan ju finnas d\u00e4r exempelvis om en kund byter \u00e4gare, eller en seri\u00f6s kund kan f\u00e5 ekonomiska problem. Vi har verktyg f\u00f6r att f\u00f6lja upp f\u00f6r\u00e4ndringar i f\u00f6retag och kontrollera de personer som \u00e4r aktiva i f\u00f6retagen.&nbsp;<\/p>\n<!-- \/wp:paragraph -->\n\n<!-- wp:paragraph -->\n<p><strong>Varningslista<\/strong><br>H\u00e4r har du en lista d\u00e4r du snabbt och enkelt kan se efter om f\u00f6retaget som kontaktar dig f\u00f6rs\u00f6ker uts\u00e4tta dig f\u00f6r en bluff. <br>Listan varnar f\u00f6r f\u00f6retag med oseri\u00f6sa f\u00f6rs\u00e4ljningsmetoder, bluffakturor och f\u00f6r erbjudanden eller utskick som kan uppfattas som vilseledande. Att ett namn saknas p\u00e5 listan \u00e4r dock ingen garanti f\u00f6r att verksamheten \u00e4r seri\u00f6s.<\/p>\n<!-- \/wp:paragraph -->\n\n<!-- wp:paragraph -->\n<p><a href=\"https:\/\/analys.bisnis.se\/external\/warninglist\" data-type=\"URL\" data-id=\"https:\/\/analys.bisnis.se\/external\/warninglist\" target=\"_blank\" rel=\"noreferrer noopener\">H\u00e4r kan du g\u00e5 till varningslistan!<\/a><\/p>\n<!-- \/wp:paragraph -->\n\n<!-- wp:paragraph -->\n<p>    <a href=\"https:\/\/lr-revision.se\/gorevision\/kontakt\" class='inline-block my-2'>Kontakta oss s\u00e5 hj\u00e4lper vi dig vidare!<\/a>\n<\/p>\n<!-- \/wp:paragraph -->    <\/div>\n<\/div>\n\n\n\n<p><\/p>\n<\/div>\n\n\n\n<div class=\"wp-block-column is-layout-flow wp-block-column-is-layout-flow\" style=\"flex-basis:33.33%\"><div id=\"template-posts-block_605de6795dca9\" class=\"acf-block template-posts\">\n    <div class=\"block__content\">\n        <!-- wp:group {\"backgroundColor\":\"blue\",\"textColor\":\"white\"} -->\n<div class=\"wp-block-group has-white-color has-blue-background-color has-text-color has-background\"><div class=\"wp-block-group__inner-container\"><!-- wp:paragraph -->\n<p><strong><strong><strong>Med oss p\u00e5 Go Revision &amp; Consulting i Stockholm f\u00e5r du:<\/strong><\/strong><\/strong><\/p>\n<!-- \/wp:paragraph -->\n\n<!-- wp:list -->\n<ul class=\"list list--default\"><li>Hj\u00e4lp med bakgrundskontroll<\/li><li>Analyser av varningssignaler<\/li><li>Goda r\u00e5d i f\u00f6retagandet<\/li><li>Personlig kontakt<\/li><\/ul>\n<!-- \/wp:list --><\/div><\/div>\n<!-- \/wp:group -->\n\n<!-- wp:paragraph -->\n<p><\/p>\n<!-- \/wp:paragraph -->    <\/div>\n<\/div>\n\n\n\n<h3 class=\"title title--primary has-green-color has-text-color wp-block-heading\" id=\"kontakta-mig-sa-hjalper-jag-dig-vidare\">Kontakta mig s\u00e5 hj\u00e4lper jag dig vidare<\/h3>\n\n\n<div id=\"employees-block_605af05c73d9f\" class=\"acf-block spacing-block employees\">\n    <div class=\"block__content\">\n                <div class=\"space-y-6 sm:space-y-0 grid-cols-1\">\n                    <\/div>\n    <\/div>\n<\/div>\n<\/div>\n<\/div>\n\n\n<div id=\"template-posts-block_6076f2e79a352\" class=\"acf-block template-posts\">\n    <div class=\"block__content\">\n        <!-- wp:media-text {\"mediaPosition\":\"right\",\"mediaId\":788,\"mediaLink\":\"https:\/\/lr-revision.se\/business-executives-consulting-negotiation-meeting-in-office\/\",\"mediaType\":\"image\",\"mediaWidth\":27,\"backgroundColor\":\"white\"} -->\n<div class=\"wp-block-media-text has-media-on-the-right is-stacked-on-mobile has-white-background-color has-background\" style=\"grid-template-columns:auto 27%\"><figure class=\"wp-block-media-text__media\"><img decoding=\"async\" src=\"https:\/\/lr-revision.se\/app\/uploads\/2021\/03\/istock-1127489700-850x560.jpg\" alt=\"\" class=\"wp-image-788 size-full\" \/><\/figure><div class=\"wp-block-media-text__content\"><!-- wp:heading -->\n<h2 class=\"title title--primary\"><strong><strong>Utbildade och erfarna aff\u00e4rsr\u00e5dgivare<\/strong><\/strong><\/h2>\n<!-- \/wp:heading -->\n\n<!-- wp:paragraph -->\n<p>R\u00e5dgivning ing\u00e5r som en naturlig del i rollen som redovisningskonsult eller revisor. R\u00e5dgivningen t\u00e4cker in ett stort spann fr\u00e5n enklare fr\u00e5gor kring regler och system till mer \u00f6vergripande r\u00e5dgivning kring ekonomin och aff\u00e4rerna.&nbsp;<\/p>\n<!-- \/wp:paragraph -->\n\n<!-- wp:paragraph -->\n<p>Vi p\u00e5 Go Revision &amp; Consulting i Stockholm har best\u00e4mt oss om att ligga i framkant n\u00e4r det g\u00e4ller vidareutbildning och kompetensutveckling f\u00f6r v\u00e5ra r\u00e5dgivare. Vi deltar i interna utbildningar inom v\u00e5rt n\u00e4tverk och i externa utbildningar. <\/p>\n<!-- \/wp:paragraph -->\n\n<!-- wp:paragraph -->\n<p>Det som dessutom bidrar stort till v\u00e5r kompetens i rollen som aff\u00e4rsr\u00e5dgivare \u00e4r den ackumulerade erfarenheten som vi delar. Vi har erfarenhet fr\u00e5n m\u00e5nga branscher och verksamheter som kan benchmarkas mot din. I v\u00e5rt rikst\u00e4ckande n\u00e4tverk finns experter p\u00e5 en l\u00e5ng rad omr\u00e5den vars kunskap blir tillg\u00e4nglig \u00e4ven f\u00f6r dig.<\/p>\n<!-- \/wp:paragraph -->\n\n<!-- wp:paragraph -->\n<p>Hos oss i Stockholm har vi dessutom aff\u00e4rsr\u00e5dgivare som \u00e4r certifierade av FAR\/SRF som en ytterligare garanti f\u00f6r att du f\u00e5r r\u00e4tt hj\u00e4lp.<\/p>\n<!-- \/wp:paragraph --><\/div><\/div>\n<!-- \/wp:media-text -->    <\/div>\n<\/div>\n\n\n<div id=\"block-cards-block_604f6cdccdd16\" class=\"acf-block spacing-block block-cards end-equalizer spacing-block-reset-top\">\n    <div class=\"block__content xl:grid xl:grid-cols-2 md:full-width\">\n                    <div class=\"card-even-odd\">\n                <div class=\"card card--primary card--blocks card--max-width items-start py-20\">\n    <div class=\"card__content w-full\">\n        <div class=\"typography mb-6\">\n            <h2 class=\"title title--neutral\">Kontakta oss<\/h2>\n        <\/div>\n        <div class=\"form\">\n    <div class=\"form__alerts mt-0 left-0 w-full z-10\">\n            <div class=\"alert alert--danger alert--inactive\" role=\"alert\">\n                    <i class=\"far fa-times\" title=\"Ett fel uppstod\"><\/i>\n        Meddelandet har inte skickats. V\u00e4nligen kontrollera f\u00e4lten.    <\/div>\n        <div class=\"alert alert--success alert--inactive\" role=\"alert\">\n                    <i class=\"far fa-check\" title=\"Succ\u00e9\"><\/i>\n        Meddelandet har skickats.    <\/div>\n        <\/div>\n    <form id=\"contact-form-block_604f6cdccdd16-1\" class=\"form contact-form mt-6\" class=\"w-full\" method=\"POST\">\n        <div class=\"form__row\">\n            <label class=\"sr-only\" for=\"name\">Namn<\/label>\n            <input class=\"form__cell--full\" type=\"text\" name=\"name\" id=\"name\" placeholder=\"Namn\" required>\n        <\/div>\n        <div class=\"form__row\">\n            <label class=\"sr-only\" for=\"email\">E-post<\/label>\n            <input class=\"form__cell--full\" type=\"email\" name=\"email\" id=\"email\" placeholder=\"E-post\" required>\n        <\/div>\n        <div class=\"form__row\">\n            <label class=\"sr-only\" for=\"message\">Meddelande<\/label>\n            <textarea class=\"form__cell--full\" type=\"text\" name=\"message\" id=\"message\" placeholder=\"Meddelande\" required><\/textarea>\n        <\/div>\n        <footer class=\"form-footer mt-6\">\n            <!-- GDPR -->\n<div class=\"form__row form__row--no-wrap\">\n    <input type=\"checkbox\" name=\"gdpr_consent\" id=\"nobox_gdpr_consent\" required>\n    <label for=\"nobox_gdpr_consent\">\n        Vi behandlar dina personuppgifter enligt v\u00e5r integritetspolicy. L\u00e4s v\u00e5r policy <a class='link link--neutral' href='https:\/\/lr-revision.se\/gorevision\/integritetspolicy\/' target='_blank' rel='noreferrer noopener'>h\u00e4r<\/a>.    <\/label>\n<\/div>\n            <input type=\"hidden\" id=\"_wpnonce\" name=\"_wpnonce\" value=\"706b27b3fa\" \/><input type=\"hidden\" name=\"_wp_http_referer\" value=\"\/gorevision\/wp-json\/wp\/v2\/pages\/609\" \/>            <input id=\"url\" name=\"url\" type=\"hidden\" value=\"https:\/\/lr-revision.se\/gorevision\" \/>\n            <input class=\"button button--neutral uppercase disabled\" type=\"submit\" value=\"Skicka\">\n        <\/footer>\n    <\/form>\n<\/div>\n<script async defer src=\"https:\/\/www.google.com\/recaptcha\/api.js?render=6LfpvUwsAAAAAN9HlkBwrsP6no6IAiT58NSMuEkK\"><\/script>\n    <\/div>\n<\/div>\n            <\/div>\n                    <div class=\"card-even-odd\">\n                <div class=\"block-cards__img\">\n        <picture>\n                    <source media=\"(min-width: 1200px)\" srcset=\"https:\/\/lr-revision.se\/app\/uploads\/2021\/03\/istock-1132448417-1500x650.jpg\">\n                    <source media=\"(max-width: 500px)\" srcset=\"https:\/\/lr-revision.se\/app\/uploads\/2021\/03\/istock-1132448417-500x300.jpg\">\n                <img decoding=\"async\" class=\"w-full h-full object-cover\" src=\"https:\/\/lr-revision.se\/app\/uploads\/2021\/03\/istock-1132448417-1500x650.jpg\" alt=\"\" loading=\"lazy\">\n    <\/picture>\n<\/div>\n            <\/div>\n            <\/div>\n<\/div>\n","protected":false},"excerpt":{"rendered":"<p>Kontakta mig s\u00e5 hj\u00e4lper jag dig vidare<\/p>\n","protected":false},"author":1,"featured_media":1000001496,"parent":567,"menu_order":0,"comment_status":"closed","ping_status":"closed","template":"","meta":{"_acf_changed":false,"inline_featured_image":false,"footnotes":""},"page-category":[9],"class_list":["post-609","page","type-page","status-publish","has-post-thumbnail","hentry","page-category-radgivning"],"acf":[],"publishpress_future_action":{"enabled":false,"date":"2026-04-12 15:37:11","action":"change-status","newStatus":"draft","terms":[],"taxonomy":"page-category","extraData":[]},"publishpress_future_workflow_manual_trigger":{"enabledWorkflows":[]},"_links":{"self":[{"href":"https:\/\/lr-revision.se\/gorevision\/wp-json\/wp\/v2\/pages\/609","targetHints":{"allow":["GET"]}}],"collection":[{"href":"https:\/\/lr-revision.se\/gorevision\/wp-json\/wp\/v2\/pages"}],"about":[{"href":"https:\/\/lr-revision.se\/gorevision\/wp-json\/wp\/v2\/types\/page"}],"author":[{"embeddable":true,"href":"https:\/\/lr-revision.se\/gorevision\/wp-json\/wp\/v2\/users\/1"}],"replies":[{"embeddable":true,"href":"https:\/\/lr-revision.se\/gorevision\/wp-json\/wp\/v2\/comments?post=609"}],"version-history":[{"count":2,"href":"https:\/\/lr-revision.se\/gorevision\/wp-json\/wp\/v2\/pages\/609\/revisions"}],"predecessor-version":[{"id":1449,"href":"https:\/\/lr-revision.se\/gorevision\/wp-json\/wp\/v2\/pages\/609\/revisions\/1449"}],"up":[{"embeddable":true,"href":"https:\/\/lr-revision.se\/gorevision\/wp-json\/wp\/v2\/pages\/567"}],"wp:featuredmedia":[{"embeddable":true,"href":"https:\/\/lr-revision.se\/gorevision\/wp-json\/"}],"wp:attachment":[{"href":"https:\/\/lr-revision.se\/gorevision\/wp-json\/wp\/v2\/media?parent=609"}],"wp:term":[{"taxonomy":"page-category","embeddable":true,"href":"https:\/\/lr-revision.se\/gorevision\/wp-json\/wp\/v2\/page-category?post=609"}],"curies":[{"name":"wp","href":"https:\/\/api.w.org\/{rel}","templated":true}]}}