{"id":535,"date":"2021-04-14T14:19:08","date_gmt":"2021-04-14T12:19:08","guid":{"rendered":"https:\/\/lr-revision.se\/gorevision\/vara-tjanster\/revision-copy\/"},"modified":"2022-03-28T12:51:11","modified_gmt":"2022-03-28T10:51:11","slug":"agarledda-foretag","status":"publish","type":"page","link":"https:\/\/lr-revision.se\/gorevision\/vara-tjanster\/skatt\/agarledda-foretag\/","title":{"rendered":"\u00c4garledda f\u00f6retag"},"content":{"rendered":"\n<div class=\"wp-block-columns is-layout-flex wp-container-core-columns-is-layout-9d6595d7 wp-block-columns-is-layout-flex\">\n<div class=\"wp-block-column is-layout-flow wp-block-column-is-layout-flow\" style=\"flex-basis:66.66%\"><div id=\"template-posts-block_605aef5373d9d\" class=\"acf-block template-posts\">\n    <div class=\"block__content\">\n        <!-- wp:paragraph {\"className\":\"is-style-thinn\"} -->\n<p class=\"is-style-thinn\">F\u00e5 hj\u00e4lp med \u00c4garledda f\u00f6retag i Stockholm:<\/p>\n<!-- \/wp:paragraph -->\n\n<!-- wp:heading {\"level\":1} -->\n<h1 class=\"title title--primary\"><strong><strong><strong>Beskattning och f\u00f6rm\u00e5ner<\/strong><\/strong><\/strong><\/h1>\n<!-- \/wp:heading -->\n\n<!-- wp:paragraph -->\n<p>Det ska egentligen inte spela n\u00e5gon roll i vilken form man bedriver f\u00f6retag n\u00e4r det g\u00e4ller beskattning \u2013&nbsp;men det finns skillnader, och det finns stora f\u00f6rdelar med att ha koll p\u00e5 dem. V\u00e4lkommen till Go Revision &amp; Consulting i Stockholm&nbsp;f\u00f6r goda r\u00e5d.<\/p>\n<!-- \/wp:paragraph -->\n\n<!-- wp:paragraph -->\n<p>I ett aktiebolag kan man v\u00e4lja att ta ut \u00f6verskottet som l\u00f6n eller utdelning, och en kombination av de b\u00e5da \u00e4r oftast att f\u00f6redra. Viktigt \u00e4r att inte missa den pension och sjukpenning som uttag som l\u00f6n ger, men bara upp till vissa niv\u00e5er. Ett viktigt skyddsn\u00e4t v\u00e4rt de h\u00f6gre procent i skatt som uttagsformen ger.\u00a0<\/p>\n<!-- \/wp:paragraph -->\n\n<!-- wp:paragraph -->\n<p>I ett aktiebolag finns ocks\u00e5 m\u00f6jlighet att ge sig sj\u00e4lv som arbetsgivare olika f\u00f6rm\u00e5ner, som exempelvis friskv\u00e5rdsbidrag, eller presenter vid j\u00e4mna f\u00f6delsedagar om upp till 15 000 kronor.<\/p>\n<!-- \/wp:paragraph -->\n\n<!-- wp:paragraph -->\n<p>Driver man enskild firma eller handelsbolag s\u00e5 \u00e4r de sociala avgifterna lite l\u00e4gre, men man beskattas man inte efter vad man faktiskt tar ut utan efter vilken vinst bolaget g\u00f6r. H\u00e4r finns&nbsp;&nbsp;ocks\u00e5 olika typer av m\u00f6jligheter att skjuta p\u00e5 beskattningen vilket kan vara f\u00f6rdelaktigt om det planeras v\u00e4l. T\u00e4nk p\u00e5 att en uppskjuten skatt ska betalas l\u00e4ngre fram.&nbsp;<\/p>\n<!-- \/wp:paragraph -->\n\n<!-- wp:heading -->\n<h2 class=\"title title--primary\">L\u00f6n eller utdelning \u2013&nbsp;ett r\u00e4kneexempel:<\/h2>\n<!-- \/wp:heading -->\n\n<!-- wp:paragraph -->\n<p>Som f\u00f6retagsledare i ett aktiebolag kan man v\u00e4lja att ta ut \u00f6verskottet som l\u00f6n eller utdelning. Hur ska man t\u00e4nka?&nbsp;<\/p>\n<!-- \/wp:paragraph -->\n\n<!-- wp:paragraph -->\n<p>Upp till en kontant l\u00f6n inklusive skattepliktiga f\u00f6rm\u00e5ner p\u00e5 cirka 42&nbsp;000 kr per m\u00e5nad betalar man inte statlig inkomstskatt och l\u00f6n ger f\u00f6rm\u00e5ner i form av sjukpenning och pension. Tumregeln \u00e4r d\u00e4rf\u00f6r att ta ut l\u00f6n ist\u00e4llet f\u00f6r utdelning upp till niv\u00e5n f\u00f6r statlig inkomstskatt alternativt h\u00f6gsta pensionsgrundande inkomst (cirka 550&nbsp;000 kr).<\/p>\n<!-- \/wp:paragraph -->\n\n<!-- wp:paragraph -->\n<p>Vid h\u00f6gre l\u00f6neuttag \u00f6kar skatten p\u00e5 l\u00f6n. F\u00f6r de \u00f6verskjutande beloppen blir d\u00e4rf\u00f6r den totala skatten l\u00e4gre vid utdelning j\u00e4mf\u00f6rt med beskattning av l\u00f6n. Det finns d\u00e4rf\u00f6r begr\u00e4nsningar hur mycket utdelning en del\u00e4gare i ett f\u00e5mansf\u00f6retag f\u00e5r ta. Enligt f\u00f6renklingsregeln \u00e4r det m\u00f6jligt att ut drygt 180&nbsp;000 kr som utdelning.&nbsp;<\/p>\n<!-- \/wp:paragraph -->\n\n<!-- wp:paragraph -->\n<p>Det \u00e4r dock i regel f\u00f6rm\u00e5nligare att ber\u00e4kna utdelningsutrymme enligt huvudregeln som inneb\u00e4r att man utg\u00e5r fr\u00e5n aktiernas anskaffningsv\u00e4rde och f\u00e5r l\u00e4gga till 50 procent av kontanta l\u00f6ner f\u00f6rutsatt att del\u00e4garna har tagit ut tillr\u00e4ckligt h\u00f6g kontant l\u00f6n.&nbsp;<\/p>\n<!-- \/wp:paragraph -->\n\n<!-- wp:paragraph -->\n<p>Det finns en rad detaljregler och ber\u00e4kningarna \u00e4r komplicerade. De belopp som g\u00e4ller i \u00e5r finns under belopp och procent.<\/p>\n<!-- \/wp:paragraph -->\n\n<!-- wp:paragraph -->\n<p>    <a href=\"https:\/\/lr-revision.se\/gorevision\/kontakt\" class='inline-block my-2'>Kontakta oss s\u00e5 hj\u00e4lper vi dig vidare!<\/a>\n<\/p>\n<!-- \/wp:paragraph -->    <\/div>\n<\/div>\n\n\n\n<p><\/p>\n<\/div>\n\n\n\n<div class=\"wp-block-column is-layout-flow wp-block-column-is-layout-flow\" style=\"flex-basis:33.33%\"><div id=\"template-posts-block_605de6795dca9\" class=\"acf-block template-posts\">\n    <div class=\"block__content\">\n        <!-- wp:group {\"backgroundColor\":\"blue\",\"textColor\":\"white\"} -->\n<div class=\"wp-block-group has-white-color has-blue-background-color has-text-color has-background\"><div class=\"wp-block-group__inner-container\"><!-- wp:paragraph -->\n<p><strong>Med oss p\u00e5 Go Revision &amp; Consulting i Stockholm f\u00e5r du:<\/strong><\/p>\n<!-- \/wp:paragraph -->\n\n<!-- wp:list -->\n<ul class=\"list list--default\"><li>Uppdaterade detaljkunskaper<\/li><li>R\u00e5dgivning utifr\u00e5n l\u00e5ng erfarenhet<\/li><li>L\u00f6nsamma, effektiva l\u00f6sningar<\/li><li>Personlig kontakt<\/li><\/ul>\n<!-- \/wp:list --><\/div><\/div>\n<!-- \/wp:group -->\n\n<!-- wp:paragraph -->\n<p><\/p>\n<!-- \/wp:paragraph -->    <\/div>\n<\/div>\n\n\n\n<h3 class=\"title title--primary has-green-color has-text-color wp-block-heading\" id=\"kontakta-mig-sa-hjalper-jag-dig-vidare\">Kontakta mig s\u00e5 hj\u00e4lper jag dig vidare<\/h3>\n\n\n<div id=\"employees-block_605af05c73d9f\" class=\"acf-block spacing-block employees\">\n    <div class=\"block__content\">\n                <div class=\"space-y-6 sm:space-y-0 grid-cols-1\">\n                    <\/div>\n    <\/div>\n<\/div>\n<\/div>\n<\/div>\n\n\n<div id=\"template-posts-block_6077fd6a7d833\" class=\"acf-block template-posts\">\n    <div class=\"block__content\">\n        <!-- wp:media-text {\"mediaId\":788,\"mediaLink\":\"https:\/\/lr-revision.se\/business-executives-consulting-negotiation-meeting-in-office\/\",\"mediaType\":\"image\",\"mediaWidth\":27,\"backgroundColor\":\"white\"} -->\n<div class=\"wp-block-media-text is-stacked-on-mobile has-white-background-color has-background\" style=\"grid-template-columns:27% auto\"><figure class=\"wp-block-media-text__media\"><img decoding=\"async\" src=\"https:\/\/lr-revision.se\/app\/uploads\/2021\/03\/istock-1127489700-850x560.jpg\" alt=\"\" class=\"wp-image-788 size-full\" \/><\/figure><div class=\"wp-block-media-text__content\"><!-- wp:heading -->\n<h2 class=\"title title--primary\"><strong><strong>Auktoriserade och godk\u00e4nda revisorer: trygg kompetens f\u00f6r dig<\/strong><\/strong><\/h2>\n<!-- \/wp:heading -->\n\n<!-- wp:paragraph -->\n<p>Det \u00e4r skillnad p\u00e5 att kunna och kunna. Det finns mycket som du kan g\u00f6ra sj\u00e4lv och som n\u00e5gon med viss ekonomisk kompetens kan hj\u00e4lpa dig med. Sedan finns det andra omr\u00e5den d\u00e4r det kr\u00e4vs auktoriserad eller godk\u00e4nd kompetens. Revisorsomr\u00e5det \u00e4r ett s\u00e5dant.<\/p>\n<!-- \/wp:paragraph -->\n\n<!-- wp:paragraph -->\n<p>En auktoriserad och godk\u00e4nd revisor uppfyller kraven i revisorslagen vad g\u00e4ller utbildning, erfarenhet och redbarhet. Att arbetet g\u00f6rs \u201denligt god revisionssed\u201d betyder att det f\u00f6ljer en r\u00e4ttslig standard som st\u00e4ller krav p\u00e5 planering, bemanning och genomf\u00f6rande av de uppdrag vi f\u00e5r fr\u00e5n dig.<br><br>Allt handlar om trygghet och s\u00e4kerhet f\u00f6r dig och ditt f\u00f6retag. N\u00e4r du anlitar oss p\u00e5 Go Revision &amp; Consulting i Stockholm\u00a0kan du vara s\u00e4ker p\u00e5 att du f\u00e5r kvalitetss\u00e4krad hj\u00e4lp av auktoriserade eller godk\u00e4nda revisorer.<\/p>\n<!-- \/wp:paragraph --><\/div><\/div>\n<!-- \/wp:media-text -->    <\/div>\n<\/div>\n\n\n<div id=\"block-cards-block_604f6cdccdd16\" class=\"acf-block spacing-block block-cards end-equalizer spacing-block-reset-top\">\n    <div class=\"block__content xl:grid xl:grid-cols-2 md:full-width\">\n                    <div class=\"card-even-odd\">\n                <div class=\"card card--primary card--blocks card--max-width items-start py-20\">\n    <div class=\"card__content w-full\">\n        <div class=\"typography mb-6\">\n            <h2 class=\"title title--neutral\">Kontakta oss<\/h2>\n        <\/div>\n        <div class=\"form\">\n    <div class=\"form__alerts mt-0 left-0 w-full z-10\">\n            <div class=\"alert alert--danger alert--inactive\" role=\"alert\">\n                    <i class=\"far fa-times\" title=\"Ett fel uppstod\"><\/i>\n        Meddelandet har inte skickats. V\u00e4nligen kontrollera f\u00e4lten.    <\/div>\n        <div class=\"alert alert--success alert--inactive\" role=\"alert\">\n                    <i class=\"far fa-check\" title=\"Succ\u00e9\"><\/i>\n        Meddelandet har skickats.    <\/div>\n        <\/div>\n    <form id=\"contact-form-block_604f6cdccdd16-1\" class=\"form contact-form mt-6\" class=\"w-full\" method=\"POST\">\n        <div class=\"form__row\">\n            <label class=\"sr-only\" for=\"name\">Namn<\/label>\n            <input class=\"form__cell--full\" type=\"text\" name=\"name\" id=\"name\" placeholder=\"Namn\" required>\n        <\/div>\n        <div class=\"form__row\">\n            <label class=\"sr-only\" for=\"email\">E-post<\/label>\n            <input class=\"form__cell--full\" type=\"email\" name=\"email\" id=\"email\" placeholder=\"E-post\" required>\n        <\/div>\n        <div class=\"form__row\">\n            <label class=\"sr-only\" for=\"message\">Meddelande<\/label>\n            <textarea class=\"form__cell--full\" type=\"text\" name=\"message\" id=\"message\" placeholder=\"Meddelande\" required><\/textarea>\n        <\/div>\n        <footer class=\"form-footer mt-6\">\n            <!-- GDPR -->\n<div class=\"form__row form__row--no-wrap\">\n    <input type=\"checkbox\" name=\"gdpr_consent\" id=\"nobox_gdpr_consent\" required>\n    <label for=\"nobox_gdpr_consent\">\n        Vi behandlar dina personuppgifter enligt v\u00e5r integritetspolicy. L\u00e4s v\u00e5r policy <a class='link link--neutral' href='https:\/\/lr-revision.se\/gorevision\/integritetspolicy\/' target='_blank' rel='noreferrer noopener'>h\u00e4r<\/a>.    <\/label>\n<\/div>\n            <input type=\"hidden\" id=\"_wpnonce\" name=\"_wpnonce\" value=\"706b27b3fa\" \/><input type=\"hidden\" name=\"_wp_http_referer\" value=\"\/gorevision\/wp-json\/wp\/v2\/pages\/535\" \/>            <input id=\"url\" name=\"url\" type=\"hidden\" value=\"https:\/\/lr-revision.se\/gorevision\" \/>\n            <input class=\"button button--neutral uppercase disabled\" type=\"submit\" value=\"Skicka\">\n        <\/footer>\n    <\/form>\n<\/div>\n<script async defer src=\"https:\/\/www.google.com\/recaptcha\/api.js?render=6LfpvUwsAAAAAN9HlkBwrsP6no6IAiT58NSMuEkK\"><\/script>\n    <\/div>\n<\/div>\n            <\/div>\n                    <div class=\"card-even-odd\">\n                <div class=\"block-cards__img\">\n        <picture>\n                    <source media=\"(min-width: 1200px)\" srcset=\"https:\/\/lr-revision.se\/app\/uploads\/2021\/03\/istock-1132448417-1500x650.jpg\">\n                    <source media=\"(max-width: 500px)\" srcset=\"https:\/\/lr-revision.se\/app\/uploads\/2021\/03\/istock-1132448417-500x300.jpg\">\n                <img decoding=\"async\" class=\"w-full h-full object-cover\" src=\"https:\/\/lr-revision.se\/app\/uploads\/2021\/03\/istock-1132448417-1500x650.jpg\" alt=\"\" loading=\"lazy\">\n    <\/picture>\n<\/div>\n            <\/div>\n            <\/div>\n<\/div>\n","protected":false},"excerpt":{"rendered":"<p>Kontakta mig s\u00e5 hj\u00e4lper jag dig vidare<\/p>\n","protected":false},"author":1,"featured_media":1000001488,"parent":527,"menu_order":0,"comment_status":"closed","ping_status":"closed","template":"","meta":{"_acf_changed":false,"inline_featured_image":false,"footnotes":""},"page-category":[8],"class_list":["post-535","page","type-page","status-publish","has-post-thumbnail","hentry","page-category-skatt"],"acf":[],"publishpress_future_action":{"enabled":false,"date":"2026-04-12 15:37:10","action":"change-status","newStatus":"draft","terms":[],"taxonomy":"page-category","extraData":[]},"publishpress_future_workflow_manual_trigger":{"enabledWorkflows":[]},"_links":{"self":[{"href":"https:\/\/lr-revision.se\/gorevision\/wp-json\/wp\/v2\/pages\/535","targetHints":{"allow":["GET"]}}],"collection":[{"href":"https:\/\/lr-revision.se\/gorevision\/wp-json\/wp\/v2\/pages"}],"about":[{"href":"https:\/\/lr-revision.se\/gorevision\/wp-json\/wp\/v2\/types\/page"}],"author":[{"embeddable":true,"href":"https:\/\/lr-revision.se\/gorevision\/wp-json\/wp\/v2\/users\/1"}],"replies":[{"embeddable":true,"href":"https:\/\/lr-revision.se\/gorevision\/wp-json\/wp\/v2\/comments?post=535"}],"version-history":[{"count":2,"href":"https:\/\/lr-revision.se\/gorevision\/wp-json\/wp\/v2\/pages\/535\/revisions"}],"predecessor-version":[{"id":1463,"href":"https:\/\/lr-revision.se\/gorevision\/wp-json\/wp\/v2\/pages\/535\/revisions\/1463"}],"up":[{"embeddable":true,"href":"https:\/\/lr-revision.se\/gorevision\/wp-json\/wp\/v2\/pages\/527"}],"wp:featuredmedia":[{"embeddable":true,"href":"https:\/\/lr-revision.se\/gorevision\/wp-json\/"}],"wp:attachment":[{"href":"https:\/\/lr-revision.se\/gorevision\/wp-json\/wp\/v2\/media?parent=535"}],"wp:term":[{"taxonomy":"page-category","embeddable":true,"href":"https:\/\/lr-revision.se\/gorevision\/wp-json\/wp\/v2\/page-category?post=535"}],"curies":[{"name":"wp","href":"https:\/\/api.w.org\/{rel}","templated":true}]}}