{"id":30,"date":"2021-03-05T16:10:54","date_gmt":"2021-03-05T15:10:54","guid":{"rendered":"https:\/\/lr-revision.se\/gorevision\/?page_id=30"},"modified":"2025-04-15T16:58:22","modified_gmt":"2025-04-15T14:58:22","slug":"kontakt","status":"publish","type":"page","link":"https:\/\/lr-revision.se\/gorevision\/kontakt\/","title":{"rendered":"Kontakt"},"content":{"rendered":"<div id=\"template-posts-block_60b6300903ce8\" class=\"acf-block template-posts\">\n    <div class=\"block__content\">\n        <!-- wp:heading {\"textAlign\":\"center\"} -->\n<h2 class=\"title title--primary has-text-align-center\">Du har alltid n\u00e4ra till r\u00e5den du beh\u00f6ver i Stockholm<\/h2>\n<!-- \/wp:heading -->    <\/div>\n<\/div>\n\n\n<div id=\"employees-block_604249044ea11\" class=\"acf-block spacing-block employees\">\n    <div class=\"block__content\">\n                <div class=\"space-y-6 sm:space-y-0 item-grid item-grid--secondary\">\n            \n<div class=\"card card--primary card--vertical card--contact hover:shadow-md transition-all duration-500 border-t-8 border-primary max-w-md mx-auto \">\n        <header class=\"card__image card--vertical__image card--contact__image overflow-hidden\">\n        <img loading=\"lazy\" decoding=\"async\" width=\"560\" height=\"420\" src=\"https:\/\/lr-revision.se\/app\/uploads\/sites\/20\/2021\/03\/5ds3932-redigera-560x420.jpg\" class=\"h-full w-full object-contain\" alt=\"\" srcset=\"https:\/\/lr-revision.se\/app\/uploads\/sites\/20\/2021\/03\/5ds3932-redigera-560x420.jpg 560w, https:\/\/lr-revision.se\/app\/uploads\/sites\/20\/2021\/03\/5ds3932-redigera-768x576.jpg 768w, https:\/\/lr-revision.se\/app\/uploads\/sites\/20\/2021\/03\/5ds3932-redigera-1536x1152.jpg 1536w, https:\/\/lr-revision.se\/app\/uploads\/sites\/20\/2021\/03\/5ds3932-redigera-1320x990.jpg 1320w, https:\/\/lr-revision.se\/app\/uploads\/sites\/20\/2021\/03\/5ds3932-redigera.jpg 2000w\" sizes=\"auto, (max-width: 560px) 100vw, 560px\" \/>    <\/header>\n        <div class=\"card__content card--secondary card--vertical__content card--contact__content\">\n        <div class=\"card__body\">\n                            <h2 class=\"card__title title title--primary text-xl my-0\">Johan Isbrand<\/h2>\n                                            <div class=\"flex flex-col mb-3\">\n                                                    <div class=\"card__work-title font-bold text-sm leading-5\">Auktoriserad Revisor<\/div>\n                                            <\/div>\n                                                        <div class=\"phone flex items-start mb-1\">\n                    <i class=\"fas fa-phone-alt mr-4 mt-1\" style=\"width:1.1rem; height: 1.1rem;\"><\/i>\n                                            <div class=\"flex flex-col\">\n                                                            <a class=\"phone link leading-6\" href=\"tel:0706923747\">\n                                    070 692 37 47                                <\/a>\n                                                    <\/div>\n                                    <\/div>\n                                        <div class=\"card__email card--vertical__email card--contact__email flex justify-start items-center mb-1\">\n                    <i class=\"fas fa-envelope mr-4\" style=\"width:1.1rem; height: 1.1rem;\"><\/i>\n                    <a class=\"link link--default link--no-padding\" href=\"mailto:&#106;&#x6f;&#104;&#x61;n&#x2e;i&#115;&#x62;&#114;&#x61;&#110;&#x64;&#064;&#x6c;r&#045;&#x72;&#101;&#x76;i&#x73;i&#x6f;&#x6e;&#046;&#x73;&#101;\">\n                        &#106;&#x6f;&#104;&#x61;n&#x2e;i&#115;&#x62;&#114;&#x61;&#110;&#x64;&#064;&#x6c;r&#045;&#x72;&#101;&#x76;i&#x73;i&#x6f;&#x6e;&#046;&#x73;&#101;                    <\/a>\n                <\/div>\n                                                        <\/div>\n    <\/div>\n<\/div>\n\n<div class=\"card card--primary card--vertical card--contact hover:shadow-md transition-all duration-500 border-t-8 border-primary max-w-md mx-auto \">\n        <header class=\"card__image card--vertical__image card--contact__image overflow-hidden\">\n        <img loading=\"lazy\" decoding=\"async\" width=\"560\" height=\"420\" src=\"https:\/\/lr-revision.se\/app\/uploads\/sites\/20\/2021\/08\/5ds4007-redigera-560x420.jpg\" class=\"h-full w-full object-contain\" alt=\"\" srcset=\"https:\/\/lr-revision.se\/app\/uploads\/sites\/20\/2021\/08\/5ds4007-redigera-560x420.jpg 560w, https:\/\/lr-revision.se\/app\/uploads\/sites\/20\/2021\/08\/5ds4007-redigera-768x576.jpg 768w, https:\/\/lr-revision.se\/app\/uploads\/sites\/20\/2021\/08\/5ds4007-redigera-1536x1152.jpg 1536w, https:\/\/lr-revision.se\/app\/uploads\/sites\/20\/2021\/08\/5ds4007-redigera-1320x990.jpg 1320w, https:\/\/lr-revision.se\/app\/uploads\/sites\/20\/2021\/08\/5ds4007-redigera.jpg 2000w\" sizes=\"auto, (max-width: 560px) 100vw, 560px\" \/>    <\/header>\n        <div class=\"card__content card--secondary card--vertical__content card--contact__content\">\n        <div class=\"card__body\">\n                            <h2 class=\"card__title title title--primary text-xl my-0\">Joakim Nyman<\/h2>\n                                            <div class=\"flex flex-col mb-3\">\n                                                    <div class=\"card__work-title font-bold text-sm leading-5\">Auktoriserad Revisor<\/div>\n                                            <\/div>\n                                                        <div class=\"phone flex items-start mb-1\">\n                    <i class=\"fas fa-phone-alt mr-4 mt-1\" style=\"width:1.1rem; height: 1.1rem;\"><\/i>\n                                            <div class=\"flex flex-col\">\n                                                            <a class=\"phone link leading-6\" href=\"tel:0735312160\">\n                                    073 531 21 60                                <\/a>\n                                                    <\/div>\n                                    <\/div>\n                                        <div class=\"card__email card--vertical__email card--contact__email flex justify-start items-center mb-1\">\n                    <i class=\"fas fa-envelope mr-4\" style=\"width:1.1rem; height: 1.1rem;\"><\/i>\n                    <a class=\"link link--default link--no-padding\" href=\"mailto:&#x6a;&#x6f;&#097;&#107;i&#x6d;&#x2e;&#x6e;&#121;&#109;a&#x6e;&#x40;&#x6c;&#114;&#045;r&#x65;&#x76;&#x69;&#115;&#105;o&#x6e;&#x2e;&#x73;&#101;\">\n                        &#x6a;&#x6f;&#097;&#107;i&#x6d;&#x2e;&#x6e;&#121;&#109;a&#x6e;&#x40;&#x6c;&#114;&#045;r&#x65;&#x76;&#x69;&#115;&#105;o&#x6e;&#x2e;&#x73;&#101;                    <\/a>\n                <\/div>\n                                                        <\/div>\n    <\/div>\n<\/div>\n\n<div class=\"card card--primary card--vertical card--contact hover:shadow-md transition-all duration-500 border-t-8 border-primary max-w-md mx-auto \">\n        <header class=\"card__image card--vertical__image card--contact__image overflow-hidden\">\n        <img loading=\"lazy\" decoding=\"async\" width=\"560\" height=\"420\" src=\"https:\/\/lr-revision.se\/app\/uploads\/sites\/20\/2021\/09\/5ds3912-redigera-560x420.jpg\" class=\"h-full w-full object-contain\" alt=\"\" srcset=\"https:\/\/lr-revision.se\/app\/uploads\/sites\/20\/2021\/09\/5ds3912-redigera-560x420.jpg 560w, https:\/\/lr-revision.se\/app\/uploads\/sites\/20\/2021\/09\/5ds3912-redigera-768x576.jpg 768w, https:\/\/lr-revision.se\/app\/uploads\/sites\/20\/2021\/09\/5ds3912-redigera-1536x1152.jpg 1536w, https:\/\/lr-revision.se\/app\/uploads\/sites\/20\/2021\/09\/5ds3912-redigera-1320x990.jpg 1320w, https:\/\/lr-revision.se\/app\/uploads\/sites\/20\/2021\/09\/5ds3912-redigera.jpg 2048w\" sizes=\"auto, (max-width: 560px) 100vw, 560px\" \/>    <\/header>\n        <div class=\"card__content card--secondary card--vertical__content card--contact__content\">\n        <div class=\"card__body\">\n                            <h2 class=\"card__title title title--primary text-xl my-0\">Nils Appelqvist<\/h2>\n                                            <div class=\"flex flex-col mb-3\">\n                                                    <div class=\"card__work-title font-bold text-sm leading-5\">Auktoriserad Revisor<\/div>\n                                            <\/div>\n                                                        <div class=\"phone flex items-start mb-1\">\n                    <i class=\"fas fa-phone-alt mr-4 mt-1\" style=\"width:1.1rem; height: 1.1rem;\"><\/i>\n                                            <div class=\"flex flex-col\">\n                                                            <a class=\"phone link leading-6\" href=\"tel:0705100091\">\n                                    070 510 00 91                                <\/a>\n                                                    <\/div>\n                                    <\/div>\n                                        <div class=\"card__email card--vertical__email card--contact__email flex justify-start items-center mb-1\">\n                    <i class=\"fas fa-envelope mr-4\" style=\"width:1.1rem; height: 1.1rem;\"><\/i>\n                    <a class=\"link link--default link--no-padding\" href=\"mailto:n&#105;&#x6c;&#x73;&#046;&#097;&#x70;&#x70;e&#108;&#x71;&#x76;i&#115;&#x74;&#x40;l&#114;&#x2d;&#x72;e&#118;&#105;&#x73;&#x69;o&#110;&#x2e;&#x73;e\">\n                        n&#105;&#x6c;&#x73;&#046;&#097;&#x70;&#x70;e&#108;&#x71;&#x76;i&#115;&#x74;&#x40;l&#114;&#x2d;&#x72;e&#118;&#105;&#x73;&#x69;o&#110;&#x2e;&#x73;e                    <\/a>\n                <\/div>\n                                                        <\/div>\n    <\/div>\n<\/div>\n\n<div class=\"card card--primary card--vertical card--contact hover:shadow-md transition-all duration-500 border-t-8 border-primary max-w-md mx-auto \">\n        <header class=\"card__image card--vertical__image card--contact__image overflow-hidden\">\n        <img loading=\"lazy\" decoding=\"async\" width=\"469\" height=\"420\" src=\"https:\/\/lr-revision.se\/app\/uploads\/sites\/20\/2025\/04\/shan-2-469x420.jpg\" class=\"h-full w-full object-contain\" alt=\"\" \/>    <\/header>\n        <div class=\"card__content card--secondary card--vertical__content card--contact__content\">\n        <div class=\"card__body\">\n                            <h2 class=\"card__title title title--primary text-xl my-0\">Shan Kosari<\/h2>\n                                            <div class=\"flex flex-col mb-3\">\n                                                    <div class=\"card__work-title font-bold text-sm leading-5\">Auktoriserad Revisor<\/div>\n                                            <\/div>\n                                                        <div class=\"phone flex items-start mb-1\">\n                    <i class=\"fas fa-phone-alt mr-4 mt-1\" style=\"width:1.1rem; height: 1.1rem;\"><\/i>\n                                            <div class=\"flex flex-col\">\n                                                            <a class=\"phone link leading-6\" href=\"tel:0702027573\">\n                                    070-202 75 73                                <\/a>\n                                                    <\/div>\n                                    <\/div>\n                                        <div class=\"card__email card--vertical__email card--contact__email flex justify-start items-center mb-1\">\n                    <i class=\"fas fa-envelope mr-4\" style=\"width:1.1rem; height: 1.1rem;\"><\/i>\n                    <a class=\"link link--default link--no-padding\" href=\"mailto:&#115;&#x68;&#x61;n&#046;&#x6b;o&#115;&#x61;r&#105;&#x40;l&#114;&#x2d;&#x72;&#101;&#x76;&#x69;s&#105;&#x6f;n&#046;&#x73;e\">\n                        &#115;&#x68;&#x61;n&#046;&#x6b;o&#115;&#x61;r&#105;&#x40;l&#114;&#x2d;&#x72;&#101;&#x76;&#x69;s&#105;&#x6f;n&#046;&#x73;e                    <\/a>\n                <\/div>\n                                                        <\/div>\n    <\/div>\n<\/div>\n\n<div class=\"card card--primary card--vertical card--contact hover:shadow-md transition-all duration-500 border-t-8 border-primary max-w-md mx-auto \">\n        <header class=\"card__image card--vertical__image card--contact__image overflow-hidden\">\n        <img loading=\"lazy\" decoding=\"async\" width=\"560\" height=\"420\" src=\"https:\/\/lr-revision.se\/app\/uploads\/sites\/20\/2025\/04\/mohammed-1-e1744728655911-560x420.jpg\" class=\"h-full w-full object-contain\" alt=\"\" \/>    <\/header>\n        <div class=\"card__content card--secondary card--vertical__content card--contact__content\">\n        <div class=\"card__body\">\n                            <h2 class=\"card__title title title--primary text-xl my-0\">Mohammed Saad<\/h2>\n                                            <div class=\"flex flex-col mb-3\">\n                                                    <div class=\"card__work-title font-bold text-sm leading-5\">Revisor<\/div>\n                                            <\/div>\n                                                        <div class=\"phone flex items-start mb-1\">\n                    <i class=\"fas fa-phone-alt mr-4 mt-1\" style=\"width:1.1rem; height: 1.1rem;\"><\/i>\n                                            <div class=\"flex flex-col\">\n                                                            <a class=\"phone link leading-6\" href=\"tel:0763145620\">\n                                    076-314 56 20                                <\/a>\n                                                    <\/div>\n                                    <\/div>\n                                        <div class=\"card__email card--vertical__email card--contact__email flex justify-start items-center mb-1\">\n                    <i class=\"fas fa-envelope mr-4\" style=\"width:1.1rem; height: 1.1rem;\"><\/i>\n                    <a class=\"link link--default link--no-padding\" href=\"mailto:&#x6d;&#x6f;&#x68;&#x61;&#109;&#109;&#101;d&#046;&#x73;&#x61;&#x61;&#x64;&#x40;&#108;&#114;&#045;re&#x76;&#x69;&#x73;&#x69;&#x6f;&#110;&#046;&#115;e\">\n                        &#x6d;&#x6f;&#x68;&#x61;&#109;&#109;&#101;d&#046;&#x73;&#x61;&#x61;&#x64;&#x40;&#108;&#114;&#045;re&#x76;&#x69;&#x73;&#x69;&#x6f;&#110;&#046;&#115;e                    <\/a>\n                <\/div>\n                                                        <\/div>\n    <\/div>\n<\/div>\n\n<div class=\"card card--primary card--vertical card--contact hover:shadow-md transition-all duration-500 border-t-8 border-primary max-w-md mx-auto \">\n        <header class=\"card__image card--vertical__image card--contact__image overflow-hidden\">\n        <img loading=\"lazy\" decoding=\"async\" width=\"560\" height=\"420\" src=\"https:\/\/lr-revision.se\/app\/uploads\/sites\/20\/2025\/04\/dino-1-560x420.jpg\" class=\"h-full w-full object-contain\" alt=\"\" \/>    <\/header>\n        <div class=\"card__content card--secondary card--vertical__content card--contact__content\">\n        <div class=\"card__body\">\n                            <h2 class=\"card__title title title--primary text-xl my-0\">Dino Hasecic<\/h2>\n                                            <div class=\"flex flex-col mb-3\">\n                                                    <div class=\"card__work-title font-bold text-sm leading-5\">Revisor<\/div>\n                                            <\/div>\n                                                        <div class=\"phone flex items-start mb-1\">\n                    <i class=\"fas fa-phone-alt mr-4 mt-1\" style=\"width:1.1rem; height: 1.1rem;\"><\/i>\n                                            <div class=\"flex flex-col\">\n                                                            <a class=\"phone link leading-6\" href=\"tel:0707506132\">\n                                    070-750 61 32                                <\/a>\n                                                    <\/div>\n                                    <\/div>\n                                        <div class=\"card__email card--vertical__email card--contact__email flex justify-start items-center mb-1\">\n                    <i class=\"fas fa-envelope mr-4\" style=\"width:1.1rem; height: 1.1rem;\"><\/i>\n                    <a class=\"link link--default link--no-padding\" href=\"mailto:&#100;&#x69;n&#x6f;&#046;&#104;&#x61;&#115;&#x65;c&#105;&#x63;&#064;&#x6c;r&#x2d;&#x72;&#101;&#x76;i&#x73;i&#111;&#x6e;&#046;&#x73;e\">\n                        &#100;&#x69;n&#x6f;&#046;&#104;&#x61;&#115;&#x65;c&#105;&#x63;&#064;&#x6c;r&#x2d;&#x72;&#101;&#x76;i&#x73;i&#111;&#x6e;&#046;&#x73;e                    <\/a>\n                <\/div>\n                                                        <\/div>\n    <\/div>\n<\/div>\n\n<div class=\"card card--primary card--vertical card--contact hover:shadow-md transition-all duration-500 border-t-8 border-primary max-w-md mx-auto \">\n        <header class=\"card__image card--vertical__image card--contact__image overflow-hidden\">\n                    <div class=\"placeholder\"><\/div>\n            <\/header>\n        <div class=\"card__content card--secondary card--vertical__content card--contact__content\">\n        <div class=\"card__body\">\n                            <h2 class=\"card__title title title--primary text-xl my-0\">Robert Norin<\/h2>\n                                            <div class=\"flex flex-col mb-3\">\n                                                    <div class=\"card__work-title font-bold text-sm leading-5\">Revisor<\/div>\n                                            <\/div>\n                                                        <div class=\"phone flex items-start mb-1\">\n                    <i class=\"fas fa-phone-alt mr-4 mt-1\" style=\"width:1.1rem; height: 1.1rem;\"><\/i>\n                                            <div class=\"flex flex-col\">\n                                                            <a class=\"phone link leading-6\" href=\"tel:0737251631\">\n                                    073-725 16 31                                <\/a>\n                                                    <\/div>\n                                    <\/div>\n                                        <div class=\"card__email card--vertical__email card--contact__email flex justify-start items-center mb-1\">\n                    <i class=\"fas fa-envelope mr-4\" style=\"width:1.1rem; height: 1.1rem;\"><\/i>\n                    <a class=\"link link--default link--no-padding\" href=\"mailto:&#x72;o&#x62;&#101;&#x72;&#x74;&#046;&#x6e;&#111;&#x72;&#x69;n&#x40;&#108;&#x72;&#x2d;r&#x65;&#118;&#x69;&#x73;i&#x6f;&#110;&#x2e;&#x73;e\">\n                        &#x72;o&#x62;&#101;&#x72;&#x74;&#046;&#x6e;&#111;&#x72;&#x69;n&#x40;&#108;&#x72;&#x2d;r&#x65;&#118;&#x69;&#x73;i&#x6f;&#110;&#x2e;&#x73;e                    <\/a>\n                <\/div>\n                                                        <\/div>\n    <\/div>\n<\/div>\n\n<div class=\"card card--primary card--vertical card--contact hover:shadow-md transition-all duration-500 border-t-8 border-primary max-w-md mx-auto \">\n        <header class=\"card__image card--vertical__image card--contact__image overflow-hidden\">\n                    <div class=\"placeholder\"><\/div>\n            <\/header>\n        <div class=\"card__content card--secondary card--vertical__content card--contact__content\">\n        <div class=\"card__body\">\n                            <h2 class=\"card__title title title--primary text-xl my-0\">Malin Ringblom<\/h2>\n                                            <div class=\"flex flex-col mb-3\">\n                                                    <div class=\"card__work-title font-bold text-sm leading-5\">Revisor<\/div>\n                                            <\/div>\n                                                        <div class=\"phone flex items-start mb-1\">\n                    <i class=\"fas fa-phone-alt mr-4 mt-1\" style=\"width:1.1rem; height: 1.1rem;\"><\/i>\n                                            <div class=\"flex flex-col\">\n                                                            <a class=\"phone link leading-6\" href=\"tel:0704186843\">\n                                    070-418 68 43                                <\/a>\n                                                    <\/div>\n                                    <\/div>\n                                        <div class=\"card__email card--vertical__email card--contact__email flex justify-start items-center mb-1\">\n                    <i class=\"fas fa-envelope mr-4\" style=\"width:1.1rem; height: 1.1rem;\"><\/i>\n                    <a class=\"link link--default link--no-padding\" href=\"mailto:&#109;&#x61;l&#105;&#x6e;&#046;&#114;&#x69;n&#x67;&#x62;&#108;&#x6f;m&#064;&#x6c;r&#045;&#x72;e&#x76;&#x69;&#115;&#x69;&#x6f;&#110;&#x2e;s&#101;\">\n                        &#109;&#x61;l&#105;&#x6e;&#046;&#114;&#x69;n&#x67;&#x62;&#108;&#x6f;m&#064;&#x6c;r&#045;&#x72;e&#x76;&#x69;&#115;&#x69;&#x6f;&#110;&#x2e;s&#101;                    <\/a>\n                <\/div>\n                                                        <\/div>\n    <\/div>\n<\/div>\n        <\/div>\n    <\/div>\n<\/div>\n\n\n<div id=\"map-block_6045d1e31abd8\" class=\"acf-block spacing-block map end-equalizer\">\n    <div class=\"block__content margin-fix\">\n                    <div class=\"typography text-max-width text-center mb-8\">\n                <h2 style=\"text-align: center\" class=\"title title--primary\">Hitta hit<\/h2>\n            <\/div>\n                <div class=\"members-map relative\">\n            <div class=\"members-map__map google-map\">\n                <div\n    class=\"marker\"\n    data-lat=\"59.3392583\"\n    data-lng=\"18.0580692\"\n>\n    <div class=\"marker__body\">\n        <h3 class=\"marker__title title title--primary title--hyphenate mt-0\">\n            Go Revision &amp; Consulting        <\/h3>\n        <div class=\"marker__content text-sm font-light\">\n                    <\/div>\n        <p class=\"address\">\n            Holl\u00e4ndargatan 22, 113 59 Stockholm, Sverige        <\/p>\n    <\/div>\n<\/div>\n            <\/div>\n        <\/div>\n    <\/div>\n<\/div>\n\n\n\n<p><\/p>\n","protected":false},"excerpt":{"rendered":"","protected":false},"author":1,"featured_media":0,"parent":0,"menu_order":0,"comment_status":"closed","ping_status":"closed","template":"","meta":{"_acf_changed":false,"inline_featured_image":false,"footnotes":""},"page-category":[],"class_list":["post-30","page","type-page","status-publish","hentry"],"acf":[],"publishpress_future_action":{"enabled":false,"date":"2026-04-12 15:36:48","action":"change-status","newStatus":"draft","terms":[],"taxonomy":"page-category","extraData":[]},"publishpress_future_workflow_manual_trigger":{"enabledWorkflows":[]},"_links":{"self":[{"href":"https:\/\/lr-revision.se\/gorevision\/wp-json\/wp\/v2\/pages\/30","targetHints":{"allow":["GET"]}}],"collection":[{"href":"https:\/\/lr-revision.se\/gorevision\/wp-json\/wp\/v2\/pages"}],"about":[{"href":"https:\/\/lr-revision.se\/gorevision\/wp-json\/wp\/v2\/types\/page"}],"author":[{"embeddable":true,"href":"https:\/\/lr-revision.se\/gorevision\/wp-json\/wp\/v2\/users\/1"}],"replies":[{"embeddable":true,"href":"https:\/\/lr-revision.se\/gorevision\/wp-json\/wp\/v2\/comments?post=30"}],"version-history":[{"count":2,"href":"https:\/\/lr-revision.se\/gorevision\/wp-json\/wp\/v2\/pages\/30\/revisions"}],"predecessor-version":[{"id":2112,"href":"https:\/\/lr-revision.se\/gorevision\/wp-json\/wp\/v2\/pages\/30\/revisions\/2112"}],"wp:attachment":[{"href":"https:\/\/lr-revision.se\/gorevision\/wp-json\/wp\/v2\/media?parent=30"}],"wp:term":[{"taxonomy":"page-category","embeddable":true,"href":"https:\/\/lr-revision.se\/gorevision\/wp-json\/wp\/v2\/page-category?post=30"}],"curies":[{"name":"wp","href":"https:\/\/api.w.org\/{rel}","templated":true}]}}