{"id":178,"date":"2021-03-10T16:54:27","date_gmt":"2021-03-10T15:54:27","guid":{"rendered":"https:\/\/lr-revision.se\/gorevision\/?page_id=178"},"modified":"2021-09-16T09:17:08","modified_gmt":"2021-09-16T07:17:08","slug":"anpassade-tjanster","status":"publish","type":"page","link":"https:\/\/lr-revision.se\/gorevision\/anpassade-tjanster\/","title":{"rendered":"Anpassade tj\u00e4nster"},"content":{"rendered":"<div id=\"cards-block_60424a901728b\" class=\"acf-block spacing-block cards\">\n    <div class=\"block__content\">\n                <div class=\"space-y-6 md:space-y-0 item-grid md:gap-4 md:grid md:grid-cols-3\">\n            \n<div class=\"card card--primary card--vertical border-t-8 border-primary hover:shadow-md transition-all duration-500\">\n            <header class=\"card__image card--vertical__image overflow-hidden\">\n            <img loading=\"lazy\" decoding=\"async\" width=\"850\" height=\"560\" src=\"https:\/\/lr-revision.se\/app\/uploads\/2021\/03\/istock-1088251008-850x560.jpg\" class=\"h-full w-full object-cover\" alt=\"\" \/>        <\/header>\n        <div class=\"card__content card--secondary card--vertical__content\">\n        <div class=\"card__body\">\n            <div class=\"font-bold uppercase\">\n                            <\/div>\n            <h2 class=\"card__title title title--primary text-lg mt-0 line-clamp overflow-hidden overflow-ellipsis\">\u201dVi beh\u00f6ver hj\u00e4lp med revision NU.\u201d<\/h2>\n            <p>F\u00f6r m\u00e5nga f\u00f6retag \u00e4r revision ett m\u00e5ste \u2013 och f\u00f6r de flesta andra \u00e4r det en valm\u00f6jlighet som ger stora f\u00f6rdelar i f\u00f6retagandet. Vi hj\u00e4lper dig ..<\/p>\n        <\/div>\n        <div class=\"mt-auto\">\n                    <a class=\"link link--secondary inline-block pt-2\" href=\"https:\/\/lr-revision.se\/gorevision\/anpassade-tjanster\/hjalp-med-revision\/\" title=\"Vi hj\u00e4lper dig\" >\n            Vi hj\u00e4lper dig        <\/a>\n            <\/div>\n    <\/div>\n<\/div>\n\n<div class=\"card card--primary card--vertical border-t-8 border-primary hover:shadow-md transition-all duration-500\">\n            <header class=\"card__image card--vertical__image overflow-hidden\">\n            <img loading=\"lazy\" decoding=\"async\" width=\"850\" height=\"560\" src=\"https:\/\/lr-revision.se\/app\/uploads\/2021\/03\/istock-973714826-850x560.jpg\" class=\"h-full w-full object-cover\" alt=\"\" \/>        <\/header>\n        <div class=\"card__content card--secondary card--vertical__content\">\n        <div class=\"card__body\">\n            <div class=\"font-bold uppercase\">\n                            <\/div>\n            <h2 class=\"card__title title title--primary text-lg mt-0 line-clamp overflow-hidden overflow-ellipsis\">\u201dKan ni optimera v\u00e5r deklaration och \u00e5rsredovisning?\u201d<\/h2>\n            <p>\u00c4r din \u00e5rsredovisning en f\u00f6rdel som underlag vid upphandlingar? Det \u00e4r bara en god anledning att f\u00e5 v\u00e5r professionella hj\u00e4lp med r\u00e4kenskaps\u00e5rets &#8230;<\/p>\n        <\/div>\n        <div class=\"mt-auto\">\n                    <a class=\"link link--secondary inline-block pt-2\" href=\"https:\/\/lr-revision.se\/gorevision\/anpassade-tjanster\/optimera-deklaration-och-arsredovisning\/\" title=\"Vi hj\u00e4lper dig\" >\n            Vi hj\u00e4lper dig        <\/a>\n            <\/div>\n    <\/div>\n<\/div>\n        <\/div>\n    <\/div>\n<\/div>\n","protected":false},"excerpt":{"rendered":"","protected":false},"author":1,"featured_media":0,"parent":0,"menu_order":0,"comment_status":"closed","ping_status":"closed","template":"","meta":{"_acf_changed":false,"inline_featured_image":false,"footnotes":""},"page-category":[],"class_list":["post-178","page","type-page","status-publish","hentry"],"acf":[],"publishpress_future_action":{"enabled":false,"date":"2026-04-12 15:25:42","action":"change-status","newStatus":"draft","terms":[],"taxonomy":"page-category","extraData":[]},"publishpress_future_workflow_manual_trigger":{"enabledWorkflows":[]},"_links":{"self":[{"href":"https:\/\/lr-revision.se\/gorevision\/wp-json\/wp\/v2\/pages\/178","targetHints":{"allow":["GET"]}}],"collection":[{"href":"https:\/\/lr-revision.se\/gorevision\/wp-json\/wp\/v2\/pages"}],"about":[{"href":"https:\/\/lr-revision.se\/gorevision\/wp-json\/wp\/v2\/types\/page"}],"author":[{"embeddable":true,"href":"https:\/\/lr-revision.se\/gorevision\/wp-json\/wp\/v2\/users\/1"}],"replies":[{"embeddable":true,"href":"https:\/\/lr-revision.se\/gorevision\/wp-json\/wp\/v2\/comments?post=178"}],"version-history":[{"count":2,"href":"https:\/\/lr-revision.se\/gorevision\/wp-json\/wp\/v2\/pages\/178\/revisions"}],"predecessor-version":[{"id":1212,"href":"https:\/\/lr-revision.se\/gorevision\/wp-json\/wp\/v2\/pages\/178\/revisions\/1212"}],"wp:attachment":[{"href":"https:\/\/lr-revision.se\/gorevision\/wp-json\/wp\/v2\/media?parent=178"}],"wp:term":[{"taxonomy":"page-category","embeddable":true,"href":"https:\/\/lr-revision.se\/gorevision\/wp-json\/wp\/v2\/page-category?post=178"}],"curies":[{"name":"wp","href":"https:\/\/api.w.org\/{rel}","templated":true}]}}