{"id":1148,"date":"2021-03-08T15:17:26","date_gmt":"2021-03-08T13:17:26","guid":{"rendered":"https:\/\/lr-revision.se\/gorevision\/lediga-jobb\/"},"modified":"2021-09-17T10:14:05","modified_gmt":"2021-09-17T08:14:05","slug":"lediga-jobb","status":"publish","type":"page","link":"https:\/\/lr-revision.se\/gorevision\/lediga-jobb\/","title":{"rendered":"Lediga jobb"},"content":{"rendered":"\n<div class=\"wp-block-columns is-layout-flex wp-container-core-columns-is-layout-9d6595d7 wp-block-columns-is-layout-flex\">\n<div class=\"wp-block-column is-layout-flow wp-block-column-is-layout-flow\" style=\"flex-basis:70%\">\n<h1 class=\"title title--primary wp-block-heading\">Lediga jobb<\/h1>\n\n\n\n<p>Vi \u00e4r intresserade av medarbetare som vill arbeta med redovisning, r\u00e5dgivning och revision i sm\u00e5 och medelstora f\u00f6retag. F\u00f6r att arbeta hos oss \u00e4r r\u00e4tt kompetens en n\u00f6dv\u00e4ndighet, men \u00e4n viktigare \u00e4r ditt engagemang. <a href=\"https:\/\/lr-revision.se\/gorevision\/kontakt\" target=\"_blank\" rel=\"noreferrer noopener\">Kontakta oss<\/a> om du \u00e4r intresserad.<\/p>\n\n\n<div id=\"jobs-block_6058b0aa7c0ef\" class=\"acf-block jobs\">\n    <div class=\"block__content space-y-4 spacing-block\">\n            <div class=\"alert alert--info\" role=\"alert\">\n                    <i class=\"far fa-info-circle\" title=\"Information\"><\/i>\n        Det finns inga publicerade jobbannonser f\u00f6r tillf\u00e4llet    <\/div>\n        <\/div>\n<\/div>\n<\/div>\n\n\n\n<div class=\"wp-block-column is-layout-flow wp-block-column-is-layout-flow\" style=\"flex-basis:33.33%\"><div id=\"share-block_604624f9025b7\" class=\"acf-block share my-2\">\n    <div class=\"block__content\">\n        <div class=\"font-bold text-dark\">\n            Dela eller skriv ut        <\/div>\n        <div class=\"icons flex space-x-2 mt-1\">\n            <span class=\"link link--primary-icon\" style=\"height: 1.5rem;\">\n                <a class=\"flex items-end justify-center off\" href='https:\/\/www.linkedin.com\/sharing\/share-offsite\/?url=https:\/\/lr-revision.se\/gorevision\/lediga-jobb\/' target='_blank' rel='noreferrer noopener' style=\"width: 1.5rem; height: 1.5rem;\">\n                    <i class=\"fab fa-linkedin\"><\/i>\n                <\/a>\n            <\/span>\n            <span class=\"link link--primary-icon\" style=\"height: 1.5rem;\">\n                <a class=\"flex items-end justify-center off\" href='https:\/\/www.facebook.com\/sharer\/sharer.php?u=https:\/\/lr-revision.se\/gorevision\/lediga-jobb\/' target='_blank' rel='noreferrer noopener' style=\"width: 1.5rem; height: 1.5rem;\">\n                    <i class=\"fab fa-facebook-f\"><\/i>\n                <\/a>\n            <\/span>\n            <span class=\"link link--primary-icon\" style=\"height: 1.5rem;\">\n                <a class=\"flex items-end justify-center\" href='mailto:&#106;&#x6f;&#x68;a&#110;&#x2e;i&#115;&#x62;&#x72;&#97;&#x6e;&#x64;&#64;&#108;&#x72;-&#114;&#x65;&#x76;&#105;&#x73;&#x69;o&#110;&#x2e;s&#101;?body=https%3A%2F%2Flr-revision.se%2Fgorevision%2Flediga-jobb%2F' target='_blank' rel='noreferrer noopener' style=\"width: 1.5rem; height: 1.5rem;\">\n                    <i class=\"fas fa-envelope\"><\/i>\n                <\/a>\n            <\/span>\n            <span class=\"link link--primary-icon\" style=\"height: 1.5rem;\">\n                <a class=\"flex items-end justify-center\" href='javascript:;' onclick=\"window.print();return false;\" target='_blank' rel='noreferrer noopener' style=\"width: 1.5rem; height: 1.5rem;\">\n                    <i class=\"fas fa-print\"><\/i>\n                <\/a>\n            <\/span>\n        <\/div>\n    <\/div>\n<\/div>\n<\/div>\n<\/div>\n","protected":false},"excerpt":{"rendered":"<p>Lediga jobb Vi \u00e4r intresserade av medarbetare som vill arbeta med redovisning, r\u00e5dgivning och revision i sm\u00e5 och medelstora f\u00f6retag. F\u00f6r att arbeta hos oss&#8230;<\/p>\n","protected":false},"author":1,"featured_media":1000001158,"parent":0,"menu_order":0,"comment_status":"closed","ping_status":"closed","template":"","meta":{"_acf_changed":false,"inline_featured_image":false,"footnotes":""},"page-category":[],"class_list":["post-1148","page","type-page","status-publish","has-post-thumbnail","hentry"],"acf":[],"publishpress_future_action":{"enabled":false,"date":"2026-04-12 15:44:56","action":"change-status","newStatus":"draft","terms":[],"taxonomy":"page-category","extraData":[]},"publishpress_future_workflow_manual_trigger":{"enabledWorkflows":[]},"_links":{"self":[{"href":"https:\/\/lr-revision.se\/gorevision\/wp-json\/wp\/v2\/pages\/1148","targetHints":{"allow":["GET"]}}],"collection":[{"href":"https:\/\/lr-revision.se\/gorevision\/wp-json\/wp\/v2\/pages"}],"about":[{"href":"https:\/\/lr-revision.se\/gorevision\/wp-json\/wp\/v2\/types\/page"}],"author":[{"embeddable":true,"href":"https:\/\/lr-revision.se\/gorevision\/wp-json\/wp\/v2\/users\/1"}],"replies":[{"embeddable":true,"href":"https:\/\/lr-revision.se\/gorevision\/wp-json\/wp\/v2\/comments?post=1148"}],"version-history":[{"count":2,"href":"https:\/\/lr-revision.se\/gorevision\/wp-json\/wp\/v2\/pages\/1148\/revisions"}],"predecessor-version":[{"id":1245,"href":"https:\/\/lr-revision.se\/gorevision\/wp-json\/wp\/v2\/pages\/1148\/revisions\/1245"}],"wp:featuredmedia":[{"embeddable":true,"href":"https:\/\/lr-revision.se\/gorevision\/wp-json\/"}],"wp:attachment":[{"href":"https:\/\/lr-revision.se\/gorevision\/wp-json\/wp\/v2\/media?parent=1148"}],"wp:term":[{"taxonomy":"page-category","embeddable":true,"href":"https:\/\/lr-revision.se\/gorevision\/wp-json\/wp\/v2\/page-category?post=1148"}],"curies":[{"name":"wp","href":"https:\/\/api.w.org\/{rel}","templated":true}]}}