{"id":560,"date":"2021-04-14T14:49:25","date_gmt":"2021-04-14T12:49:25","guid":{"rendered":"https:\/\/lr-revision.se\/alvesta\/vara-tjanster\/skatt\/moms-punktskatt-copy\/"},"modified":"2024-06-12T10:16:43","modified_gmt":"2024-06-12T08:16:43","slug":"deklarationer","status":"publish","type":"page","link":"https:\/\/lr-revision.se\/alvesta\/vara-tjanster\/skatt\/deklarationer\/","title":{"rendered":"Deklarationer"},"content":{"rendered":"\n<div class=\"wp-block-columns is-layout-flex wp-container-core-columns-is-layout-9d6595d7 wp-block-columns-is-layout-flex\">\n<div class=\"wp-block-column is-layout-flow wp-block-column-is-layout-flow\" style=\"flex-basis:66.66%\"><div id=\"template-posts-block_605aef5373d9d\" class=\"acf-block template-posts\">\n    <div class=\"block__content\">\n        <!-- wp:paragraph {\"className\":\"is-style-thinn\"} -->\n<p class=\"is-style-thinn\">F\u00e5 hj\u00e4lp med Deklarationer i Alvesta:<\/p>\n<!-- \/wp:paragraph -->\n\n<!-- wp:heading {\"level\":1} -->\n<h1 class=\"title title--primary\"><strong><strong><strong><strong><strong><strong>En viktig slutprodukt<\/strong><\/strong><\/strong><\/strong><\/strong><\/strong><\/h1>\n<!-- \/wp:heading -->\n\n<!-- wp:paragraph -->\n<p>Deklarationen \u00e4r, tillsammans med bokslutet, en del av \u201dslutprodukten\u201d i v\u00e5rt l\u00f6pande arbete f\u00f6r dig. I deklarationen g\u00f6rs avdragen som tas h\u00e4nsyn till i bokslutet och allt samordnas med f\u00f6rdel i de program vi jobbar i.<\/p>\n<!-- \/wp:paragraph -->\n\n<!-- wp:paragraph -->\n<p>F\u00f6r alla typer av f\u00f6retagsformer \u00e4r det av stor vikt att resultatet blir r\u00e4tt, men f\u00f6r dig med enskild firma \u00e4r det extra viktigt att ta hj\u00e4lp fr\u00e5n n\u00e5gon som kan \u2013&nbsp;som oss h\u00e4r p\u00e5 Alvesta Revisionsbyr\u00e5 i Alvesta. F\u00f6r jord- och skogsbruk \u00e4r reglerna dessutom extra komplicerade.<\/p>\n<!-- \/wp:paragraph -->\n\n<!-- wp:paragraph -->\n<p>N\u00e4r man kommer fram till sj\u00e4lva deklarationen \u00e4r m\u00f6jligheten att p\u00e5verka \u00e5rets skatt begr\u00e4nsad. Ett tips \u00e4r att g\u00f6ra en ber\u00e4knad deklaration innan r\u00e4kenskaps\u00e5ret och kalender\u00e5ret g\u00e5r till \u00e4nda. Detta \u00e4r s\u00e4rskilt viktigt f\u00f6r del\u00e4gare i mindre aktiebolag f\u00f6r att till exempel s\u00e4kerst\u00e4lla att f\u00f6retagsledaren tar ut tillr\u00e4ckligt h\u00f6g kontant l\u00f6n f\u00f6r att kunna utnyttja regler om utdelning.&nbsp;<\/p>\n<!-- \/wp:paragraph -->\n\n<!-- wp:paragraph -->\n<p>Vi som jobbar med det h\u00e4r professionellt f\u00f6ljer hela tiden med i de f\u00f6r\u00e4ndringar som g\u00f6rs och utbildar oss f\u00f6r att kunna g\u00f6ra jobbet p\u00e5 b\u00e4sta s\u00e4tt f\u00f6r dig.\u00a0<\/p>\n<!-- \/wp:paragraph -->\n\n<!-- wp:paragraph -->\n<p>    <a href=\"https:\/\/lr-revision.se\/alvesta\/kontakt\" class='inline-block my-2'>Kontakta oss s\u00e5 hj\u00e4lper vi dig vidare!<\/a>\n<\/p>\n<!-- \/wp:paragraph -->    <\/div>\n<\/div>\n\n\n\n<p><\/p>\n<\/div>\n\n\n\n<div class=\"wp-block-column is-layout-flow wp-block-column-is-layout-flow\" style=\"flex-basis:33.33%\"><div id=\"template-posts-block_605de6795dca9\" class=\"acf-block template-posts\">\n    <div class=\"block__content\">\n        <!-- wp:group {\"backgroundColor\":\"blue\",\"textColor\":\"white\"} -->\n<div class=\"wp-block-group has-white-color has-blue-background-color has-text-color has-background\"><div class=\"wp-block-group__inner-container\"><!-- wp:paragraph -->\n<p><strong>Med oss p\u00e5 Alvesta Revisionsbyr\u00e5 i Alvesta f\u00e5r du:<\/strong><\/p>\n<!-- \/wp:paragraph -->\n\n<!-- wp:list -->\n<ul class=\"list list--default\"><li>Smarta digitala l\u00f6sningar<\/li><li>Kvalitetss\u00e4krade rutiner<\/li><li>Specialistkunskaper<\/li><li>Personlig kontakt<\/li><\/ul>\n<!-- \/wp:list --><\/div><\/div>\n<!-- \/wp:group -->\n\n<!-- wp:paragraph -->\n<p><\/p>\n<!-- \/wp:paragraph -->    <\/div>\n<\/div>\n<\/div>\n<\/div>\n\n\n<div id=\"block-cards-block_6076df2262ad8\" class=\"acf-block spacing-block block-cards end-equalizer\">\n    <div class=\"block__content xl:grid xl:grid-cols-2 md:full-width\">\n            <\/div>\n<\/div>\n\n\n<div id=\"template-posts-block_6076df3862ad9\" class=\"acf-block template-posts\">\n    <div class=\"block__content\">\n        <!-- wp:media-text {\"mediaPosition\":\"right\",\"mediaId\":788,\"mediaLink\":\"https:\/\/lr-revision.se\/business-executives-consulting-negotiation-meeting-in-office\/\",\"mediaType\":\"image\",\"mediaWidth\":27,\"backgroundColor\":\"light-grey\"} -->\n<div class=\"wp-block-media-text has-media-on-the-right is-stacked-on-mobile has-light-grey-background-color has-background\" style=\"grid-template-columns:auto 27%\"><figure class=\"wp-block-media-text__media\"><img decoding=\"async\" src=\"https:\/\/lr-revision.se\/app\/uploads\/2021\/03\/istock-1127489700-850x560.jpg\" alt=\"\" class=\"wp-image-788 size-full\" \/><\/figure><div class=\"wp-block-media-text__content\"><!-- wp:heading -->\n<h2 class=\"title title--primary\"><strong>Kompetenta redovisningskonsulter: en kvalitetsgaranti<\/strong><\/h2>\n<!-- \/wp:heading -->\n\n<!-- wp:paragraph -->\n<p>V\u00e5ra redovisningskonsulter har erfarenhet och h\u00f6g kompetens och f\u00f6ljer alltid de branschstandarder som \u00e4r uppst\u00e4llda f\u00f6r auktoriserade konsulter. Det ger en trygghet i att f\u00e5 uppdaterad hj\u00e4lp enligt effektiva, kvalitetss\u00e4krade rutiner och g\u00e4llande lagar och regelverk.<\/p>\n<!-- \/wp:paragraph -->\n\n<!-- wp:paragraph -->\n<p>Auktorisation via SRF eller FAR \u00e4r ytterligare en bekr\u00e4ftelse p\u00e5 konsultens erfarenhet och kompetens, och hos oss i Alvesta&nbsp;\u00e4r flera av v\u00e5ra konsulter auktoriserade.<\/p>\n<!-- \/wp:paragraph --><\/div><\/div>\n<!-- \/wp:media-text -->\n\n<!-- wp:paragraph -->\n<p><\/p>\n<!-- \/wp:paragraph -->    <\/div>\n<\/div>\n\n\n<div id=\"block-cards-block_604f6cdccdd16\" class=\"acf-block spacing-block block-cards end-equalizer\">\n    <div class=\"block__content xl:grid xl:grid-cols-2 md:full-width\">\n                    <div class=\"card-even-odd\">\n                <div class=\"card card--primary card--blocks card--max-width items-start py-20\">\n    <div class=\"card__content w-full\">\n        <div class=\"typography mb-6\">\n            <h2 class=\"title title--neutral\">Kontakta oss<\/h2>\n        <\/div>\n        <div class=\"form\">\n    <div class=\"form__alerts mt-0 left-0 w-full z-10\">\n            <div class=\"alert alert--danger alert--inactive\" role=\"alert\">\n                    <i class=\"far fa-times\" title=\"Ett fel uppstod\"><\/i>\n        Meddelandet har inte skickats. V\u00e4nligen kontrollera f\u00e4lten.    <\/div>\n        <div class=\"alert alert--success alert--inactive\" role=\"alert\">\n                    <i class=\"far fa-check\" title=\"Succ\u00e9\"><\/i>\n        Meddelandet har skickats.    <\/div>\n        <\/div>\n    <form id=\"contact-form-block_604f6cdccdd16-1\" class=\"form contact-form mt-6\" class=\"w-full\" method=\"POST\">\n        <div class=\"form__row\">\n            <label class=\"sr-only\" for=\"name\">Namn<\/label>\n            <input class=\"form__cell--full\" type=\"text\" name=\"name\" id=\"name\" placeholder=\"Namn\" required>\n        <\/div>\n        <div class=\"form__row\">\n            <label class=\"sr-only\" for=\"email\">E-post<\/label>\n            <input class=\"form__cell--full\" type=\"email\" name=\"email\" id=\"email\" placeholder=\"E-post\" required>\n        <\/div>\n        <div class=\"form__row\">\n            <label class=\"sr-only\" for=\"message\">Meddelande<\/label>\n            <textarea class=\"form__cell--full\" type=\"text\" name=\"message\" id=\"message\" placeholder=\"Meddelande\" required><\/textarea>\n        <\/div>\n        <footer class=\"form-footer mt-6\">\n            <!-- GDPR -->\n<div class=\"form__row form__row--no-wrap\">\n    <input type=\"checkbox\" name=\"gdpr_consent\" id=\"nobox_gdpr_consent\" required>\n    <label for=\"nobox_gdpr_consent\">\n        Vi behandlar dina personuppgifter enligt v\u00e5r integritetspolicy. L\u00e4s v\u00e5r policy <a class='link link--neutral' href='https:\/\/lr-revision.se\/alvesta\/integritetspolicy\/' target='_blank' rel='noreferrer noopener'>h\u00e4r<\/a>.    <\/label>\n<\/div>\n            <input type=\"hidden\" id=\"_wpnonce\" name=\"_wpnonce\" value=\"d872cf1e92\" \/><input type=\"hidden\" name=\"_wp_http_referer\" value=\"\/alvesta\/wp-json\/wp\/v2\/pages\/560\" \/>            <input id=\"url\" name=\"url\" type=\"hidden\" value=\"https:\/\/lr-revision.se\/alvesta\" \/>\n            <input class=\"button button--neutral uppercase disabled\" type=\"submit\" value=\"Skicka\">\n        <\/footer>\n    <\/form>\n<\/div>\n<script async defer src=\"https:\/\/www.google.com\/recaptcha\/api.js?render=6LfpvUwsAAAAAN9HlkBwrsP6no6IAiT58NSMuEkK\"><\/script>\n    <\/div>\n<\/div>\n            <\/div>\n                    <div class=\"card-even-odd\">\n                <div class=\"block-cards__img\">\n        <picture>\n                    <source media=\"(min-width: 1200px)\" srcset=\"https:\/\/lr-revision.se\/app\/uploads\/2021\/03\/istock-1132448417-1500x650.jpg\">\n                    <source media=\"(max-width: 500px)\" srcset=\"https:\/\/lr-revision.se\/app\/uploads\/2021\/03\/istock-1132448417-500x300.jpg\">\n                <img decoding=\"async\" class=\"w-full h-full object-cover\" src=\"https:\/\/lr-revision.se\/app\/uploads\/2021\/03\/istock-1132448417-1500x650.jpg\" alt=\"\" loading=\"lazy\">\n    <\/picture>\n<\/div>\n            <\/div>\n            <\/div>\n<\/div>\n","protected":false},"excerpt":{"rendered":"","protected":false},"author":1,"featured_media":1867,"parent":527,"menu_order":0,"comment_status":"closed","ping_status":"closed","template":"","meta":{"_acf_changed":false,"inline_featured_image":false,"footnotes":""},"page-category":[8],"class_list":["post-560","page","type-page","status-publish","has-post-thumbnail","hentry","page-category-skatt"],"acf":[],"publishpress_future_action":{"enabled":false,"date":"2026-05-12 11:30:51","action":"change-status","newStatus":"draft","terms":[],"taxonomy":"page-category","extraData":[]},"publishpress_future_workflow_manual_trigger":{"enabledWorkflows":[]},"_links":{"self":[{"href":"https:\/\/lr-revision.se\/alvesta\/wp-json\/wp\/v2\/pages\/560","targetHints":{"allow":["GET"]}}],"collection":[{"href":"https:\/\/lr-revision.se\/alvesta\/wp-json\/wp\/v2\/pages"}],"about":[{"href":"https:\/\/lr-revision.se\/alvesta\/wp-json\/wp\/v2\/types\/page"}],"author":[{"embeddable":true,"href":"https:\/\/lr-revision.se\/alvesta\/wp-json\/wp\/v2\/users\/1"}],"replies":[{"embeddable":true,"href":"https:\/\/lr-revision.se\/alvesta\/wp-json\/wp\/v2\/comments?post=560"}],"version-history":[{"count":2,"href":"https:\/\/lr-revision.se\/alvesta\/wp-json\/wp\/v2\/pages\/560\/revisions"}],"predecessor-version":[{"id":1875,"href":"https:\/\/lr-revision.se\/alvesta\/wp-json\/wp\/v2\/pages\/560\/revisions\/1875"}],"up":[{"embeddable":true,"href":"https:\/\/lr-revision.se\/alvesta\/wp-json\/wp\/v2\/pages\/527"}],"wp:featuredmedia":[{"embeddable":true,"href":"https:\/\/lr-revision.se\/alvesta\/wp-json\/wp\/v2\/media\/1867"}],"wp:attachment":[{"href":"https:\/\/lr-revision.se\/alvesta\/wp-json\/wp\/v2\/media?parent=560"}],"wp:term":[{"taxonomy":"page-category","embeddable":true,"href":"https:\/\/lr-revision.se\/alvesta\/wp-json\/wp\/v2\/page-category?post=560"}],"curies":[{"name":"wp","href":"https:\/\/api.w.org\/{rel}","templated":true}]}}