{"id":468,"date":"2021-04-01T10:13:41","date_gmt":"2021-04-01T08:13:41","guid":{"rendered":"https:\/\/lr-revision.se\/alvesta\/vara-tjanster\/redovisning\/kundfakturor-copy-copy-2-copy\/"},"modified":"2024-06-12T10:04:37","modified_gmt":"2024-06-12T08:04:37","slug":"rapportering-uppfoljning","status":"publish","type":"page","link":"https:\/\/lr-revision.se\/alvesta\/vara-tjanster\/redovisning\/rapportering-uppfoljning\/","title":{"rendered":"Rapportering &#038; Uppf\u00f6ljning"},"content":{"rendered":"\n<div class=\"wp-block-columns is-layout-flex wp-container-core-columns-is-layout-9d6595d7 wp-block-columns-is-layout-flex\">\n<div class=\"wp-block-column is-layout-flow wp-block-column-is-layout-flow\" style=\"flex-basis:66.66%\"><div id=\"template-posts-block_605aef5373d9d\" class=\"acf-block template-posts\">\n    <div class=\"block__content\">\n        <!-- wp:paragraph {\"className\":\"is-style-thinn\"} -->\n<p class=\"is-style-thinn\">F\u00e5 hj\u00e4lp med Rapportering &amp; Uppf\u00f6ljning i Alvesta:<\/p>\n<!-- \/wp:paragraph -->\n\n<!-- wp:heading {\"level\":1} -->\n<h1 class=\"title title--primary\"><strong>L\u00e4rdomar ur er historia<\/strong><\/h1>\n<!-- \/wp:heading -->\n\n<!-- wp:paragraph -->\n<p>Varit med om att f\u00e5 f\u00f6retagets resultat- och balansrapport \u00f6vers\u00e4nd \u2013&nbsp;kanske med h\u00e4lsningen \u201dRing om du har n\u00e5gra fr\u00e5gor\u201d? Vi p\u00e5 Alvesta Revisionsbyr\u00e5 i Alvesta hj\u00e4lper dig ist\u00e4llet att tolka rapporterna och lyfta fram det som \u00e4r viktigt f\u00f6r just er.<\/p>\n<!-- \/wp:paragraph -->\n\n<!-- wp:paragraph -->\n<p>Vilka nyckeltal \u00e4r intressanta f\u00f6r att styra er verksamhet? Personalkostnader i f\u00f6rh\u00e5llande till oms\u00e4ttning kanske? Vi lyfter ut och visualiserar det av vikt. Rapporteringen blir ett v\u00e4ldigt bra beslutsunderlag f\u00f6r verksamheten och ju mer aktuell rapporteringen \u00e4r desto mer relevant blir den f\u00f6r dina \u00e5tg\u00e4rder och beslut.<\/p>\n<!-- \/wp:paragraph -->\n\n<!-- wp:paragraph -->\n<p>Resultatet \u00e4r ocks\u00e5 ett bra underlag f\u00f6r den r\u00e5dgivning som vi erbjuder h\u00e4r i Alvesta.<\/p>\n<!-- \/wp:paragraph -->\n\n<!-- wp:paragraph -->\n<p>    <a href=\"https:\/\/lr-revision.se\/alvesta\/kontakt\" class='inline-block my-2'>Kontakta oss s\u00e5 hj\u00e4lper vi dig vidare!<\/a>\n<\/p>\n<!-- \/wp:paragraph -->    <\/div>\n<\/div>\n\n\n\n<p><\/p>\n<\/div>\n\n\n\n<div class=\"wp-block-column is-layout-flow wp-block-column-is-layout-flow\" style=\"flex-basis:33.33%\"><div id=\"template-posts-block_605de6795dca9\" class=\"acf-block template-posts\">\n    <div class=\"block__content\">\n        <!-- wp:group {\"backgroundColor\":\"blue\",\"textColor\":\"white\"} -->\n<div class=\"wp-block-group has-white-color has-blue-background-color has-text-color has-background\"><div class=\"wp-block-group__inner-container\"><!-- wp:paragraph -->\n<p><strong><strong>Med oss p\u00e5 Alvesta Revisionsbyr\u00e5<\/strong> <strong>i Alvesta f\u00e5r du:<\/strong><\/strong><\/p>\n<!-- \/wp:paragraph -->\n\n<!-- wp:list -->\n<ul class=\"list list--default\"><li>Smarta digitala l\u00f6sningar<\/li><li>Nyckeltal och rapporter<\/li><li>Effektiva uppf\u00f6ljningar<\/li><li>Personlig kontakt<\/li><\/ul>\n<!-- \/wp:list --><\/div><\/div>\n<!-- \/wp:group -->    <\/div>\n<\/div>\n<\/div>\n<\/div>\n\n\n<div id=\"template-posts-block_605b690654edf\" class=\"acf-block template-posts\">\n    <div class=\"block__content\">\n        <!-- wp:media-text {\"mediaId\":1000001162,\"mediaLink\":\"https:\/\/lr-revision.se\/budget-planning-spreadsheet-on-laptop-screen-2\/\",\"mediaType\":\"image\",\"mediaWidth\":28,\"backgroundColor\":\"white\"} -->\n<div class=\"wp-block-media-text is-stacked-on-mobile has-white-background-color has-background\" style=\"grid-template-columns:28% auto\"><figure class=\"wp-block-media-text__media\"><img decoding=\"async\" src=\"https:\/\/lr-revision.se\/app\/uploads\/2021\/03\/istock-1181407201-850x560.jpg\" alt=\"\" class=\"wp-image-1000001162 size-full\" srcset=\"https:\/\/lr-revision.se\/app\/uploads\/2021\/03\/istock-1181407201-850x560.jpg 850w, https:\/\/lr-revision.se\/app\/uploads\/2021\/03\/istock-1181407201-120x80.jpg 120w\" sizes=\"(max-width: 850px) 100vw, 850px\" \/><\/figure><div class=\"wp-block-media-text__content\"><!-- wp:heading -->\n<h2 class=\"title title--primary\"><strong>LR Online: Smart och flexibelt<\/strong><\/h2>\n<!-- \/wp:heading -->\n\n<!-- wp:paragraph -->\n<p>Med LR Online har du ocks\u00e5 alltid tillg\u00e5ng till redovisning, viktig administration och f\u00f6retagets ekonomi online \u2013 oavsett om du \u00e4r p\u00e5 jobbet, hemma eller p\u00e5 resande fot. Dessutom har du \u00e4ven tillg\u00e5ng till ditt arkiv d\u00e4r du kan spara \u00e5rsredovisningar och beslutsdokumentation.<\/p>\n<!-- \/wp:paragraph -->\n\n<!-- wp:list -->\n<ul class=\"list list--default\"><li>Du best\u00e4mmer sj\u00e4lv vem som ska g\u00f6ra vilka arbetsuppgifter.<\/li><li>Du slipper programinstallationer och uppdateringar p\u00e5 egen utrustning.<\/li><li>Du kan vara trygg \u2013 s\u00e4kerhetskopiering sker automatiskt.<\/li><li>Du kan enkelt integrera LR Online med andra digitala tj\u00e4nster.<\/li><li>Du sparar tid!<\/li><\/ul>\n<!-- \/wp:list --><\/div><\/div>\n<!-- \/wp:media-text -->    <\/div>\n<\/div>\n\n\n<div id=\"template-posts-block_6061748f326e4\" class=\"acf-block template-posts\">\n    <div class=\"block__content\">\n        <!-- wp:media-text {\"mediaPosition\":\"right\",\"mediaId\":788,\"mediaLink\":\"https:\/\/lr-revision.se\/business-executives-consulting-negotiation-meeting-in-office\/\",\"mediaType\":\"image\",\"mediaWidth\":27,\"backgroundColor\":\"light-grey\"} -->\n<div class=\"wp-block-media-text has-media-on-the-right is-stacked-on-mobile has-light-grey-background-color has-background\" style=\"grid-template-columns:auto 27%\"><figure class=\"wp-block-media-text__media\"><img decoding=\"async\" src=\"https:\/\/lr-revision.se\/app\/uploads\/2021\/03\/istock-1127489700-850x560.jpg\" alt=\"\" class=\"wp-image-788 size-full\" \/><\/figure><div class=\"wp-block-media-text__content\"><!-- wp:heading -->\n<h2 class=\"title title--primary\"><strong>Kompetenta redovisningskonsulter: en kvalitetsgaranti<\/strong><\/h2>\n<!-- \/wp:heading -->\n\n<!-- wp:paragraph -->\n<p>V\u00e5ra redovisningskonsulter har erfarenhet och h\u00f6g kompetens och f\u00f6ljer alltid de branschstandarder som \u00e4r uppst\u00e4llda f\u00f6r auktoriserade konsulter. Det ger en trygghet i att f\u00e5 uppdaterad hj\u00e4lp enligt effektiva, kvalitetss\u00e4krade rutiner och g\u00e4llande lagar och regelverk.<\/p>\n<!-- \/wp:paragraph -->\n\n<!-- wp:paragraph -->\n<p>Auktorisation via SRF eller FAR \u00e4r ytterligare en bekr\u00e4ftelse p\u00e5 konsultens erfarenhet och kompetens, och hos oss i Alvesta&nbsp;\u00e4r flera av v\u00e5ra konsulter auktoriserade.<\/p>\n<!-- \/wp:paragraph --><\/div><\/div>\n<!-- \/wp:media-text -->\n\n<!-- wp:paragraph -->\n<p><\/p>\n<!-- \/wp:paragraph -->    <\/div>\n<\/div>\n\n\n<div id=\"block-cards-block_604f6cdccdd16\" class=\"acf-block spacing-block block-cards end-equalizer spacing-block-reset-top\">\n    <div class=\"block__content xl:grid xl:grid-cols-2 md:full-width\">\n                    <div class=\"card-even-odd\">\n                <div class=\"card card--primary card--blocks card--max-width items-start py-20\">\n    <div class=\"card__content w-full\">\n        <div class=\"typography mb-6\">\n            <h2 class=\"title title--neutral\">Kontakta oss<\/h2>\n        <\/div>\n        <div class=\"form\">\n    <div class=\"form__alerts mt-0 left-0 w-full z-10\">\n            <div class=\"alert alert--danger alert--inactive\" role=\"alert\">\n                    <i class=\"far fa-times\" title=\"Ett fel uppstod\"><\/i>\n        Meddelandet har inte skickats. V\u00e4nligen kontrollera f\u00e4lten.    <\/div>\n        <div class=\"alert alert--success alert--inactive\" role=\"alert\">\n                    <i class=\"far fa-check\" title=\"Succ\u00e9\"><\/i>\n        Meddelandet har skickats.    <\/div>\n        <\/div>\n    <form id=\"contact-form-block_604f6cdccdd16-1\" class=\"form contact-form mt-6\" class=\"w-full\" method=\"POST\">\n        <div class=\"form__row\">\n            <label class=\"sr-only\" for=\"name\">Namn<\/label>\n            <input class=\"form__cell--full\" type=\"text\" name=\"name\" id=\"name\" placeholder=\"Namn\" required>\n        <\/div>\n        <div class=\"form__row\">\n            <label class=\"sr-only\" for=\"email\">E-post<\/label>\n            <input class=\"form__cell--full\" type=\"email\" name=\"email\" id=\"email\" placeholder=\"E-post\" required>\n        <\/div>\n        <div class=\"form__row\">\n            <label class=\"sr-only\" for=\"message\">Meddelande<\/label>\n            <textarea class=\"form__cell--full\" type=\"text\" name=\"message\" id=\"message\" placeholder=\"Meddelande\" required><\/textarea>\n        <\/div>\n        <footer class=\"form-footer mt-6\">\n            <!-- GDPR -->\n<div class=\"form__row form__row--no-wrap\">\n    <input type=\"checkbox\" name=\"gdpr_consent\" id=\"nobox_gdpr_consent\" required>\n    <label for=\"nobox_gdpr_consent\">\n        Vi behandlar dina personuppgifter enligt v\u00e5r integritetspolicy. L\u00e4s v\u00e5r policy <a class='link link--neutral' href='https:\/\/lr-revision.se\/alvesta\/integritetspolicy\/' target='_blank' rel='noreferrer noopener'>h\u00e4r<\/a>.    <\/label>\n<\/div>\n            <input type=\"hidden\" id=\"_wpnonce\" name=\"_wpnonce\" value=\"d872cf1e92\" \/><input type=\"hidden\" name=\"_wp_http_referer\" value=\"\/alvesta\/wp-json\/wp\/v2\/pages\/468\" \/>            <input id=\"url\" name=\"url\" type=\"hidden\" value=\"https:\/\/lr-revision.se\/alvesta\" \/>\n            <input class=\"button button--neutral uppercase disabled\" type=\"submit\" value=\"Skicka\">\n        <\/footer>\n    <\/form>\n<\/div>\n<script async defer src=\"https:\/\/www.google.com\/recaptcha\/api.js?render=6LfpvUwsAAAAAN9HlkBwrsP6no6IAiT58NSMuEkK\"><\/script>\n    <\/div>\n<\/div>\n            <\/div>\n                    <div class=\"card-even-odd\">\n                <div class=\"block-cards__img\">\n        <picture>\n                    <source media=\"(min-width: 1200px)\" srcset=\"https:\/\/lr-revision.se\/app\/uploads\/2021\/03\/istock-1132448417-1500x650.jpg\">\n                    <source media=\"(max-width: 500px)\" srcset=\"https:\/\/lr-revision.se\/app\/uploads\/2021\/03\/istock-1132448417-500x300.jpg\">\n                <img decoding=\"async\" class=\"w-full h-full object-cover\" src=\"https:\/\/lr-revision.se\/app\/uploads\/2021\/03\/istock-1132448417-1500x650.jpg\" alt=\"\" loading=\"lazy\">\n    <\/picture>\n<\/div>\n            <\/div>\n            <\/div>\n<\/div>\n","protected":false},"excerpt":{"rendered":"","protected":false},"author":1,"featured_media":1857,"parent":408,"menu_order":0,"comment_status":"closed","ping_status":"closed","template":"","meta":{"_acf_changed":false,"inline_featured_image":false,"footnotes":""},"page-category":[6],"class_list":["post-468","page","type-page","status-publish","has-post-thumbnail","hentry","page-category-redovisning"],"acf":[],"publishpress_future_action":{"enabled":false,"date":"2026-05-12 11:38:26","action":"change-status","newStatus":"draft","terms":[],"taxonomy":"page-category","extraData":[]},"publishpress_future_workflow_manual_trigger":{"enabledWorkflows":[]},"_links":{"self":[{"href":"https:\/\/lr-revision.se\/alvesta\/wp-json\/wp\/v2\/pages\/468","targetHints":{"allow":["GET"]}}],"collection":[{"href":"https:\/\/lr-revision.se\/alvesta\/wp-json\/wp\/v2\/pages"}],"about":[{"href":"https:\/\/lr-revision.se\/alvesta\/wp-json\/wp\/v2\/types\/page"}],"author":[{"embeddable":true,"href":"https:\/\/lr-revision.se\/alvesta\/wp-json\/wp\/v2\/users\/1"}],"replies":[{"embeddable":true,"href":"https:\/\/lr-revision.se\/alvesta\/wp-json\/wp\/v2\/comments?post=468"}],"version-history":[{"count":2,"href":"https:\/\/lr-revision.se\/alvesta\/wp-json\/wp\/v2\/pages\/468\/revisions"}],"predecessor-version":[{"id":1864,"href":"https:\/\/lr-revision.se\/alvesta\/wp-json\/wp\/v2\/pages\/468\/revisions\/1864"}],"up":[{"embeddable":true,"href":"https:\/\/lr-revision.se\/alvesta\/wp-json\/wp\/v2\/pages\/408"}],"wp:featuredmedia":[{"embeddable":true,"href":"https:\/\/lr-revision.se\/alvesta\/wp-json\/wp\/v2\/media\/1857"}],"wp:attachment":[{"href":"https:\/\/lr-revision.se\/alvesta\/wp-json\/wp\/v2\/media?parent=468"}],"wp:term":[{"taxonomy":"page-category","embeddable":true,"href":"https:\/\/lr-revision.se\/alvesta\/wp-json\/wp\/v2\/page-category?post=468"}],"curies":[{"name":"wp","href":"https:\/\/api.w.org\/{rel}","templated":true}]}}