{"id":1155,"date":"2021-03-08T15:17:26","date_gmt":"2021-03-08T13:17:26","guid":{"rendered":"https:\/\/lr-revision.se\/alvesta\/lediga-jobb\/"},"modified":"2023-02-08T15:55:47","modified_gmt":"2023-02-08T14:55:47","slug":"lediga-jobb","status":"publish","type":"page","link":"https:\/\/lr-revision.se\/alvesta\/lediga-jobb\/","title":{"rendered":"Lediga jobb"},"content":{"rendered":"\n<div class=\"wp-block-columns is-layout-flex wp-container-core-columns-is-layout-9d6595d7 wp-block-columns-is-layout-flex\">\n<div class=\"wp-block-column is-layout-flow wp-block-column-is-layout-flow\" style=\"flex-basis:70%\">\n<h1 class=\"title title--primary wp-block-heading\">Lediga jobb<\/h1>\n\n\n\n<p>Vi \u00e4r intresserade av medarbetare som vill arbeta med redovisning, r\u00e5dgivning och revision i sm\u00e5 och medelstora f\u00f6retag. F\u00f6r att arbeta hos oss \u00e4r r\u00e4tt kompetens en n\u00f6dv\u00e4ndighet, men \u00e4n viktigare \u00e4r ditt engagemang. <a href=\"https:\/\/lr-revision.se\/alvesta\/kontakt\" target=\"_blank\" rel=\"noreferrer noopener\">Kontakta oss<\/a> om du \u00e4r intresserad.<\/p>\n\n\n<div id=\"jobs-block_6058b0aa7c0ef\" class=\"acf-block jobs\">\n    <div class=\"block__content space-y-4 spacing-block\">\n        \n<div class=\"accordion max-w-5xl mx-auto slide-component bg-tertiary shadow-sm\">\n    <div class=\"slide-toggle flex font-bold justify-between items-center py-5 px-8\">\n        <div class=\"max-w-content pointer-events-none pr-4 mr-auto\">\n            <div class=\"text-md font-bold\">\n                Redovisningskonsult s\u00f6kes            <\/div>\n            <div class=\"text-sm font-light\">\n                            <\/div>\n        <\/div>\n        <i class='fas fa-chevron-down pointer-events-none'><\/i>\n    <\/div>\n    <div class=\"card__content typography hidden slide-content bg-neutral\">\n        <div class=\"md:flex\">\n            <div class=\"md:w-7\/12 p-8\">\n                <div class=\"max-w-4xl max-w-content\">\n                    <p>Alvesta Revisionsbyr\u00e5 AB erbjuder tj\u00e4nster inom\u00a0redovisning och r\u00e5dgivning inom det f\u00f6retagsekonomiska omr\u00e5det. Revision och tj\u00e4nster inom andra kompetensomr\u00e5den har vi tillg\u00e5ng till genom n\u00e4tverket LR Revision &amp; Redovisning som vi \u00e4r den del av. R\u00e5dgivningsomr\u00e5det \u00f6kar och h\u00e4r fokuserar vi bl.a. p\u00e5 bolagsfr\u00e5gor, skatter, st\u00f6d till styrelser, digitalisering mm. P\u00e5 byr\u00e5n \u00e4r vi fyra medarbetar var av tv\u00e5 \u00e4r auktoriserade redovisningskonsulter av FAR. Vi \u00e4r en byr\u00e5 som kontinuerligt jobbar med att utveckla v\u00e5ra medarbetare och v\u00e5rt tj\u00e4nsteutbud. V\u00e5r verksamhet styrs utifr\u00e5n v\u00e5ra kunders behov och vi ger v\u00e5ra medarbetare stort f\u00f6rtroende och eget ansvar.<\/p>\n<p><strong>\u00a0<\/strong><strong><em>Tj\u00e4nsten inneb\u00e4r<br \/>\n<\/em><\/strong>Vi p\u00e5 Alvesta Revisionsbyr\u00e5 AB arbetar framf\u00f6r allt med sm\u00e5 och medelstora \u00e4garledda f\u00f6retag. Goda relationer \u00e4r k\u00e4rnan i f\u00f6retagets aff\u00e4rer och arbetet \u00e4r d\u00e4rf\u00f6r inriktat p\u00e5 helhetsansvar och l\u00e5ngsiktigt arbete. Som medarbetare f\u00e5r du d\u00e4rf\u00f6r ett st\u00f6rre ansvar och en st\u00f6rre roll.<\/p>\n<p>I denna roll arbetar du bland annat med l\u00f6pande bokf\u00f6ring, rapportering, bokslut, \u00e5rsredovisningar och inkomstdeklarationer. M\u00e5let \u00e4r att s\u00e5 sm\u00e5ningom ansvara f\u00f6r ett antal egna kunder. Du kommer att arbeta med s\u00e5v\u00e4l bolagskunder som f\u00f6retag om bedrivs som enskild n\u00e4ringsverksamhet. Du har en konsultativ roll och fungerar som r\u00e5dgivare i hela kundens ekonomiprocess. D\u00e5 varje f\u00f6retag har olika behov anpassar du arbetet s\u00e5 att varje kund f\u00e5r det ekonomiska st\u00f6d som den \u00e4r i behov av.<\/p>\n<p>Det h\u00e4nder mycket inom omr\u00e5det digitalisering i v\u00e5r bransch. Vi ser g\u00e4rna att du \u00e4r med och utvecklar detta omr\u00e5de hos oss.<\/p>\n<p>Vi t\u00e4nker oss detta som en heltidstj\u00e4nst men kan ocks\u00e5 t\u00e4nka oss att diskutera olika former av deltidsanst\u00e4llningar. Ange i din ans\u00f6kan \u00f6nskad tj\u00e4nsteomfattning.<\/p>\n<p><strong><em>\u00a0<\/em><\/strong><strong><em>Vem \u00e4r du ?<br \/>\n<\/em><\/strong>Du vet vad det inneb\u00e4r att h\u00e5lla deadlines och har en h\u00f6g arbetsmoral. Du \u00e4r en ambiti\u00f6s, drivande och flexibel person som kan strukturera och effektivisera ditt arbete. Eftersom vi arbetar i n\u00e4ra kontakt med v\u00e5ra kunder f\u00f6ruts\u00e4tter vi att du har en god kommunikations-och social f\u00f6rm\u00e5ga, \u00e4r serviceinriktad och kan hantera m\u00e5nga uppdrag samtidigt. Du trivs med att ta eget ansvar f\u00f6r din planering och dina arbetsuppgifter.<\/p>\n<p><strong><em>Din utbildning och erfarenhets profil<br \/>\n<\/em><\/strong>F\u00f6r att klara rollen p\u00e5 b\u00e4sta s\u00e4tt kr\u00e4vs att du har l\u00e4mplig utbildning s\u00e5 som gymnasieekonom med p\u00e5byggnadsutbildning inom redovisning alternativt motsvarande utbildning fr\u00e5n yrkesh\u00f6gskola eller universitet.<br \/>\nErfarenheter fr\u00e5n tidigare arbete som redovisningskonsult eller fr\u00e5n f\u00f6retags ekonomiavdelning d\u00e4r du varit aktiv i bokslutsarbetet \u00e4r betydelsefulla meriter.<\/p>\n<p><strong><em>Ans\u00f6kan<br \/>\n<\/em><\/strong>Vi vill ha din ans\u00f6kan s\u00e5 snart som m\u00f6jligt. d\u00e5 rekrytering sker fortl\u00f6pande. Sista ans\u00f6kningsdag \u00e4r den 28 februari 2023. Ans\u00f6kningshandlingarna skickar du till Alvesta Revisionsbyr\u00e5 AB, Box 28, 342 21 Alvesta eller <a href=\"mailto:info@alvestarevision.se\">info@alvestarevision.se<\/a>.<br \/>\nHar du fr\u00e5gor \u00e4r du v\u00e4lkommen att kontakta Anders Th\u00f6rnblad 0472-13016 eller Elisabeth Karlsson 0472-13017.<\/p>\n                <\/div>\n            <\/div>\n            <div class=\"md:w-5\/12 p-8\">\n                <div class=\"text-md font-bold mb-4\">\n                    Ans\u00f6kan                <\/div>\n                                    <div class=\"email-copy flex justify-between bg-tertiary mb-4\">\n                        <a href=\"mailto:info@alvestarevision.se\" class=\"flex-1 p-4 link link--primary font-normal h-full\">\n                            info@alvestarevision.se                        <\/a>\n                        <button class=\"button button--primary button--no-margin\" onClick=\"copyStringToClipboard('info@alvestarevision.se')\" data-done=\"Kopierat!\">Kopiera<\/button>\n                    <\/div>\n                                                            <\/div>\n        <\/div>\n    <\/div>\n<\/div>\n<script>\n    function copyStringToClipboard(str) {\n        \/\/ Create new element\n        var el = document.createElement(\"textarea\");\n        \/\/ Set value (string to be copied)\n        el.value = str;\n        \/\/ Set non-editable to avoid focus and move outside of view\n        el.setAttribute(\"readonly\", \"\");\n        el.style = {\n            position: \"absolute\",\n            left: \"-9999px\"\n        };\n        document.body.appendChild(el);\n        \/\/ Select text inside element\n        el.select();\n        \/\/ Copy text to clipboard\n        document.execCommand(\"copy\");\n        \/\/ Remove temporary element\n        document.body.removeChild(el);\n\n        \/\/ change inner text to done state\n        event.target.innerText = event.target.dataset.done;\n    }\n<\/script>\n    <\/div>\n<\/div>\n<\/div>\n\n\n\n<div class=\"wp-block-column is-layout-flow wp-block-column-is-layout-flow\" style=\"flex-basis:33.33%\"><div id=\"share-block_604624f9025b7\" class=\"acf-block share my-2\">\n    <div class=\"block__content\">\n        <div class=\"font-bold text-dark\">\n            Dela eller skriv ut        <\/div>\n        <div class=\"icons flex space-x-2 mt-1\">\n            <span class=\"link link--primary-icon\" style=\"height: 1.5rem;\">\n                <a class=\"flex items-end justify-center off\" href='https:\/\/www.linkedin.com\/sharing\/share-offsite\/?url=https:\/\/lr-revision.se\/alvesta\/lediga-jobb\/' target='_blank' rel='noreferrer noopener' style=\"width: 1.5rem; height: 1.5rem;\">\n                    <i class=\"fab fa-linkedin\"><\/i>\n                <\/a>\n            <\/span>\n            <span class=\"link link--primary-icon\" style=\"height: 1.5rem;\">\n                <a class=\"flex items-end justify-center off\" href='https:\/\/www.facebook.com\/sharer\/sharer.php?u=https:\/\/lr-revision.se\/alvesta\/lediga-jobb\/' target='_blank' rel='noreferrer noopener' style=\"width: 1.5rem; height: 1.5rem;\">\n                    <i class=\"fab fa-facebook-f\"><\/i>\n                <\/a>\n            <\/span>\n            <span class=\"link link--primary-icon\" style=\"height: 1.5rem;\">\n                <a class=\"flex items-end justify-center\" href='mailto:anders@alvestarevision.se?body=https%3A%2F%2Flr-revision.se%2Falvesta%2Flediga-jobb%2F' target='_blank' rel='noreferrer noopener' style=\"width: 1.5rem; height: 1.5rem;\">\n                    <i class=\"fas fa-envelope\"><\/i>\n                <\/a>\n            <\/span>\n            <span class=\"link link--primary-icon\" style=\"height: 1.5rem;\">\n                <a class=\"flex items-end justify-center\" href='javascript:;' onclick=\"window.print();return false;\" target='_blank' rel='noreferrer noopener' style=\"width: 1.5rem; height: 1.5rem;\">\n                    <i class=\"fas fa-print\"><\/i>\n                <\/a>\n            <\/span>\n        <\/div>\n    <\/div>\n<\/div>\n<\/div>\n<\/div>\n","protected":false},"excerpt":{"rendered":"<p>Lediga jobb Vi \u00e4r intresserade av medarbetare som vill arbeta med redovisning, r\u00e5dgivning och revision i sm\u00e5 och medelstora f\u00f6retag. F\u00f6r att arbeta hos oss&#8230;<\/p>\n","protected":false},"author":1,"featured_media":1461,"parent":0,"menu_order":0,"comment_status":"closed","ping_status":"closed","template":"","meta":{"_acf_changed":false,"inline_featured_image":false,"footnotes":""},"page-category":[],"class_list":["post-1155","page","type-page","status-publish","has-post-thumbnail","hentry"],"acf":[],"publishpress_future_action":{"enabled":false,"date":"2026-05-11 09:56:48","action":"change-status","newStatus":"draft","terms":[],"taxonomy":"page-category","extraData":[]},"publishpress_future_workflow_manual_trigger":{"enabledWorkflows":[]},"_links":{"self":[{"href":"https:\/\/lr-revision.se\/alvesta\/wp-json\/wp\/v2\/pages\/1155","targetHints":{"allow":["GET"]}}],"collection":[{"href":"https:\/\/lr-revision.se\/alvesta\/wp-json\/wp\/v2\/pages"}],"about":[{"href":"https:\/\/lr-revision.se\/alvesta\/wp-json\/wp\/v2\/types\/page"}],"author":[{"embeddable":true,"href":"https:\/\/lr-revision.se\/alvesta\/wp-json\/wp\/v2\/users\/1"}],"replies":[{"embeddable":true,"href":"https:\/\/lr-revision.se\/alvesta\/wp-json\/wp\/v2\/comments?post=1155"}],"version-history":[{"count":2,"href":"https:\/\/lr-revision.se\/alvesta\/wp-json\/wp\/v2\/pages\/1155\/revisions"}],"predecessor-version":[{"id":1581,"href":"https:\/\/lr-revision.se\/alvesta\/wp-json\/wp\/v2\/pages\/1155\/revisions\/1581"}],"wp:featuredmedia":[{"embeddable":true,"href":"https:\/\/lr-revision.se\/alvesta\/wp-json\/wp\/v2\/media\/1461"}],"wp:attachment":[{"href":"https:\/\/lr-revision.se\/alvesta\/wp-json\/wp\/v2\/media?parent=1155"}],"wp:term":[{"taxonomy":"page-category","embeddable":true,"href":"https:\/\/lr-revision.se\/alvesta\/wp-json\/wp\/v2\/page-category?post=1155"}],"curies":[{"name":"wp","href":"https:\/\/api.w.org\/{rel}","templated":true}]}}